{"id":30015,"date":"2024-08-09T14:02:13","date_gmt":"2024-08-09T14:02:13","guid":{"rendered":"https:\/\/lacasadelamedicina.es\/product\/kaufen-sie-bolivien-kokain-online\/"},"modified":"2024-08-09T14:02:13","modified_gmt":"2024-08-09T14:02:13","slug":"kaufen-sie-bolivien-kokain-online","status":"publish","type":"product","link":"https:\/\/lacasadelamedicina.es\/de\/produkt\/kaufen-sie-bolivien-kokain-online\/","title":{"rendered":"Kaufen Sie Bolivien-Kokain online"},"content":{"rendered":"<h3><strong>Kaufen Sie bolivianisches Kokain online.<\/strong><\/h3>\n<p> Bolivien ist einer der gr\u00f6\u00dften Produzenten von Koka, einer der am h\u00e4ufigsten konsumierten Drogen der Welt. Suchen Sie nach dem besten Online-Shop, um Kokain aus Bolivien zu kaufen? Dr. Lawsons Pharmacy ist die einzige M\u00f6glichkeit! Zum g\u00fcnstigsten Preis bieten wir das beste bolivianische Kokain online an.    <a href=\"https:\/\/drlawsonspharmacy\/contact-us\/\">KONTAKT<\/a> Kaufen Sie Bolivien-Kokain online <\/p>\n<h3>Wie wird Kokain in Bolivien hergestellt?<\/h3>\n<p> Bolivianisches Kokain wird aus der Kokapflanze hergestellt und gr\u00f6\u00dftenteils illegal verkauft. Die Herstellung von Kokain f\u00fcr den Verkauf in Bolivien erfordert mehrere Prozesse, darunter chemische Verarbeitung und Mischung. Kokabl\u00e4tter werden zun\u00e4chst zerkleinert und getrocknet. Diese Bl\u00e4tter werden dann zu Kokainpulver extrahiert, das dann oft auf dem Schwarzmarkt verkauft wird. Bolivianisches Kokain von seri\u00f6sen H\u00e4ndlern wie Dr. Lawsons Pharmacy kann injiziert oder geschnupft werden und unterliegt normalerweise staatlichen Vorschriften. Kaufen Sie bolivianisches Kokain online      <\/p>\n<h3>Vorteile von bolivianischem Kokain \u2013 Kaufen Sie bolivianisches Kokain online.<\/h3>\n<p> Wenn Sie auf der Suche nach einem High sind, das Ihnen ein Gef\u00fchl von Gl\u00fcck und Energie gibt, ist bolivianisches Kokain Ihre beste Wahl. Bolivianisches Kokain ist f\u00fcr viele Menschen eine hilfreiche Therapieoption, da es hilft, die Symptome von Erkrankungen wie ADHS, anhaltenden Schmerzen, Angstzust\u00e4nden und Depressionen zu lindern. Neben dem Schnupfen, Rauchen oder Spritzen in den K\u00f6rper, um die Wirkung zu sp\u00fcren, k\u00f6nnen Sie Kokain auf viele andere Arten konsumieren. Die Kombination von Bier und Kokain kann beispielsweise zu einem intensiven Abend f\u00fchren, der Sie am n\u00e4chsten Tag nicht schl\u00e4frig macht. Nur Bolivien produziert diese starke Droge, die online bei Dr. Lawsons Pharmacy verkauft wird. Bolivianisches Kokain ist nicht nur rein und unverf\u00e4lscht, sondern auch preiswert \u2013 sogar billiger als bestimmte illegale Substanzen. Dar\u00fcber hinaus gibt es internationale Versandoptionen, sodass <strong>Sie bolivianisches Kokain online von \u00fcberall kaufen k\u00f6nnen<\/strong>. Kaufen Sie bolivianisches Kokain online        <\/p>\n<h3><strong>Bolivianisches Kokain bestellen<\/strong><\/h3>\n<p> Bolivianisches Kokain kann die Systeme und Funktionen des K\u00f6rpers auf verschiedene Weise beeintr\u00e4chtigen. Diese Nebenwirkungen k\u00f6nnen jederzeit w\u00e4hrend des Konsums oder nach Absetzen auftreten und von geringf\u00fcgig bis potenziell t\u00f6dlich reichen. Erh\u00f6hte Angstzust\u00e4nde, Panikattacken, Herzrasen, Paranoia, Halluzinationen, Krampfanf\u00e4lle, Schlaganfallrisiko, Bluthochdruck und Sucht sind einige der h\u00e4ufigsten negativen Auswirkungen des Kokainkonsums in Bolivien. Dies sind nicht die einzigen Gefahren, die mit dem Konsum dieser Substanz verbunden sind, obwohl es sich um schwerwiegende Auswirkungen handelt, die nicht auf die leichte Schulter genommen werden sollten. Bei h\u00e4ufigem und langfristigem Konsum birgt bolivianisches Kokain auch das Risiko einer Sucht und langfristiger k\u00f6rperlicher und kognitiver Beeintr\u00e4chtigungen.     <\/p>\n<h3>Wo kann man in Bolivien online Kokain kaufen?<\/h3>\n<p> Wenn Sie bolivianisches Kokain online kaufen m\u00f6chten, bietet die Wahl von Dr. Lawsons Pharmacy als Lieferant viele Vorteile. Wir sind bestrebt, qualitativ hochwertige Kokainprodukte zu wettbewerbsf\u00e4higen Preisen anzubieten. Niemand darf Ihre Drogen unterwegs stehlen, da alle Produkte auf unserer Website sicher und zuverl\u00e4ssig geliefert werden. Dar\u00fcber hinaus bieten wir eine Reihe anderer hochwertiger Kokainprodukte an, wie Crack, Pulver, mexikanisches Kokain und mehr.    &nbsp;<\/p>\n","protected":false},"excerpt":{"rendered":"<p>Kaufen Sie bolivianisches Kokain online. Bolivien ist einer der gr\u00f6\u00dften Produzenten von Koka, einer der am h\u00e4ufigsten konsumierten Drogen der Welt. Suchen Sie nach dem besten Online-Shop, um Kokain aus Bolivien zu kaufen? Dr. Lawsons Pharmacy ist die einzige M\u00f6glichkeit! Zum g\u00fcnstigsten Preis bieten wir das beste bolivianische Kokain online an. KONTAKT Kaufen Sie Bolivien-Kokain [&hellip;]<\/p>\n","protected":false},"featured_media":18351,"comment_status":"closed","ping_status":"closed","template":"","meta":{"om_disable_all_campaigns":false,"_sitemap_exclude":false,"_sitemap_priority":"","_sitemap_frequency":"","_monsterinsights_skip_tracking":false,"_monsterinsights_sitenote_active":false,"_monsterinsights_sitenote_note":"","_monsterinsights_sitenote_category":0},"product_cat":[23865],"product_tag":[24084,24099,24089,24081,24094,24088,24095,24101,24100,24098,24097,24096,24092,24093,24090,24085,24080,24082,24087,24086,24083,24091],"class_list":{"0":"post-30015","1":"product","2":"type-product","3":"status-publish","4":"has-post-thumbnail","6":"product_cat-kokain-de","7":"product_tag-auswirkungen-von-bolivien-kokain","8":"product_tag-authentisches-bolivien-kokain-europa","9":"product_tag-bestellen-sie-bolivien-kokain-eu","10":"product_tag-bestellen-sie-bolivien-kokain-online","11":"product_tag-billiges-bolivien-kokain-europa","12":"product_tag-bolivien-kokain-bester-preis-europa","13":"product_tag-bolivien-kokain-europa-angebote","14":"product_tag-bolivien-kokain-europa-bericht","15":"product_tag-bolivien-kokain-europa-lieferanten","16":"product_tag-bolivien-kokain-europa-lieferung","17":"product_tag-bolivien-kokain-europa-rabatt","18":"product_tag-bolivien-kokain-europa-shop","19":"product_tag-bolivien-kokain-europa-verkauf","20":"product_tag-bolivien-kokain-online-shop-europa","21":"product_tag-bolivien-kokain-versandkostenfrei-nach-europa","22":"product_tag-bolivien-kokain-onlineverkauf","23":"product_tag-kaufen-sie-bolivien-kokain","24":"product_tag-kaufen-sie-bolivien-kokain-online","25":"product_tag-kaufen-sie-bolivien-kokain-online-in-europa","26":"product_tag-wie-viel-kostet-bolivien-kokain","27":"product_tag-wo-kann-man-bolivianisches-kokain-online-kaufen","28":"product_tag-wo-kann-man-in-europa-bolivien-kokain-kaufen","30":"first","31":"instock","32":"shipping-taxable","33":"purchasable","34":"product-type-variable","35":"farmacie-col"},"aioseo_notices":[],"_links":{"self":[{"href":"https:\/\/lacasadelamedicina.es\/de\/wp-json\/wp\/v2\/product\/30015"}],"collection":[{"href":"https:\/\/lacasadelamedicina.es\/de\/wp-json\/wp\/v2\/product"}],"about":[{"href":"https:\/\/lacasadelamedicina.es\/de\/wp-json\/wp\/v2\/types\/product"}],"replies":[{"embeddable":true,"href":"https:\/\/lacasadelamedicina.es\/de\/wp-json\/wp\/v2\/comments?post=30015"}],"wp:featuredmedia":[{"embeddable":true,"href":"https:\/\/lacasadelamedicina.es\/de\/wp-json\/wp\/v2\/media\/18351"}],"wp:attachment":[{"href":"https:\/\/lacasadelamedicina.es\/de\/wp-json\/wp\/v2\/media?parent=30015"}],"wp:term":[{"taxonomy":"product_cat","embeddable":true,"href":"https:\/\/lacasadelamedicina.es\/de\/wp-json\/wp\/v2\/product_cat?post=30015"},{"taxonomy":"product_tag","embeddable":true,"href":"https:\/\/lacasadelamedicina.es\/de\/wp-json\/wp\/v2\/product_tag?post=30015"}],"curies":[{"name":"wp","href":"https:\/\/api.w.org\/{rel}","templated":true}]}}