{"id":30005,"date":"2024-08-09T14:02:13","date_gmt":"2024-08-09T14:02:13","guid":{"rendered":"https:\/\/lacasadelamedicina.es\/product\/kaufen-sie-peruanisches-kokain-online\/"},"modified":"2024-08-09T14:02:13","modified_gmt":"2024-08-09T14:02:13","slug":"kaufen-sie-peruanisches-kokain-online","status":"publish","type":"product","link":"https:\/\/lacasadelamedicina.es\/de\/produkt\/kaufen-sie-peruanisches-kokain-online\/","title":{"rendered":"Kaufen Sie peruanisches Kokain online"},"content":{"rendered":"<h3>Peruanisches Kokain online kaufen.<\/h3>\n<p> Sind Sie auf der Suche nach einem echten, starken Rausch? Dr. Lawsons Pharmacy bietet die <a href=\"https:\/\/dieapotheke247.com\/\">O<\/a>nline-Bestellung von peruanischem Kokain an. Mit einem Produktionsverfahren, das durchweg hochwertiges Kokain produziert, sind wir darauf spezialisiert, nur das beste peruanische Kokain online zu verkaufen. Peruanisches Kokain online    <a href=\"https:\/\/drlawsonspharmacy\/contact-us\/\"><a href=\"https:\/\/drlawsonspharmacy\/contact-us\/\">kaufen<\/a><\/a>  &#8211;  <a href=\"https:\/\/dieapotheke247.com\/\"><a href=\"https:\/\/dieapotheke247.com\/\">KONTAKT<\/a><\/a><\/p>\n<p><em>Berlin, Hamburg, Munich, Munich, Cologne, Cologne, Frankfurt, Stuttgart, D\u00fcsseldorf, Dortmund, Essen, Leipzig, Bremen, Dresden, Hanover, Hanover, Nuremberg, Nuremberg, Duisburg, Bochum, Wuppertal, Bonn, Mannheim, Karlsruhe, Augsburg, Wiesbaden, M\u00fcnster, Gelsenkirchen, Aachen, Chemnitz, Braunschweig, Kiel, Krefeld, Halle, Saale,<\/em><\/p>\n<h3>Wie wird peruanisches Kokain hergestellt?<\/h3>\n<p> Beim Versuch, Kokain zu kaufen, ist es wichtig, die Prozesse zu verstehen, die bei der Entstehung von Kokain ablaufen. Peruanisches Kokain wird auf verschiedene Weise hergestellt. Peruanisches Kokain entsteht am h\u00e4ufigsten durch Fermentation. Kokabl\u00e4tter werden w\u00e4hrend des Fermentationsprozesses in Wasser eingeweicht, wodurch kristallisiertes Kokainhydrochlorid entsteht. Diese Methode ergibt ein qualitativ hochwertiges Produkt, das einfach zu dosieren ist und keine speziellen Werkzeuge oder F\u00e4higkeiten erfordert. Die Gewinnung von Kokain mithilfe von Ether ist ein weiterer typischer Prozess in Peru. Kokabl\u00e4tter werden zu Kristallen aus Kokainhydrochlorid verarbeitet, nachdem sie w\u00e4hrend des Extraktionsprozesses in eine Etherl\u00f6sung getaucht wurden. Die Extraktionsbedingungen k\u00f6nnen variieren, wodurch dieses Verfahren hinsichtlich der Qualit\u00e4tskonstanz weniger zuverl\u00e4ssig ist als die Fermentation.        <\/p>\n<h3>Peruanisches Kokain online kaufen<\/h3>\n<p> Nicht zuletzt wird in Peru auch die subkritische Wassertauchtechnik (SWIM) zur Gewinnung von Kokain eingesetzt. Beim SWIM-Verfahren werden Kokabl\u00e4tter bei einem Druck unterhalb des Atmosph\u00e4rendrucks in Wasser eingeweicht, bis sie sich in Fl\u00fcssigkeit aufl\u00f6sen, und die gel\u00f6sten Feststoffe werden anschlie\u00dfend mit herk\u00f6mmlichen L\u00f6sungsmittelextraktionsverfahren wie Destillation oder Kristallisation extrahiert. Wenn Sie peruanisches Kokain bei Dr. Lawsons Pharmacy online bestellen, k\u00f6nnen Sie sicher sein, dass Sie ein hochwertiges Produkt erhalten, das Ihren Anforderungen entspricht.   <\/p>\n<h3>Vorteile von peruanischem Kokain<\/h3>\n<p> Ohne Zweifel ist peruanisches Kokain eines der weltweit am h\u00e4ufigsten verwendeten Bet\u00e4ubungsmittel. Und das aus gutem Grund \u2013 es ist ein starkes Stimulans, das Ihnen helfen kann, sich energiegeladener und fr\u00f6hlicher zu f\u00fchlen. Peruanische Kokainkonsumenten geben h\u00e4ufig an, dass sie sich nach dem Konsum der Substanz energiegeladener und wacher f\u00fchlen. Erh\u00f6hte Energie kann die Produktivit\u00e4t, Konzentration und Probleml\u00f6sung unterst\u00fctzen. Dr. Lawsons Pharmacy bietet peruanisches Kokain in gro\u00dfen Mengen an, das dazu beitragen kann, dass sich Konsumenten fr\u00f6hlicher f\u00fchlen und gesellige Zusammenk\u00fcnfte, k\u00fcnstlerische Unternehmungen und Freizeitaktivit\u00e4ten mehr genie\u00dfen, als sie es ohne die Droge tun w\u00fcrden.     <\/p>\n<h3>Was sind die Nebenwirkungen der Einnahme von peruanischem Kokain?<\/h3>\n<p> Crack-Kokain aus Peru ist eine Sorte, die h\u00e4ufig eine h\u00f6here Potenz aufweist als andere Crack-Sorten. Dies weist darauf hin, dass peruanisches Kokain im Vergleich zu anderen Formen von Crack-Kokain m\u00f6glicherweise st\u00e4rkere k\u00f6rperliche Nebenwirkungen hat. Erh\u00f6hte Herzfrequenz und erh\u00f6hter Blutdruck, ein h\u00f6heres Risiko f\u00fcr Atemwegserkrankungen, Sucht und Verhaltens\u00e4nderungen, psychische Nebenwirkungen wie Depressionen, Angstzust\u00e4nde und paranoide Gedanken, Entzugserscheinungen, langfristige Sch\u00e4den an inneren Organen, Schwangerschaftsrisiken und andere gesundheitliche Probleme sind die Folge einige Beispiele f\u00fcr m\u00f6gliche k\u00f6rperliche Nebenwirkungen des peruanischen Kokainkonsums.   <\/p>\n<h3>Wo kann ich authentisches peruanisches Kokain online kaufen?<\/h3>\n<p> Suchen Sie nach einer M\u00f6glichkeit, peruanisches Kokain in vollem Umfang zu konsumieren, ohne Gefahr zu laufen, verhaftet zu werden?LA CASA DE LA MEDICINA ist die einzige Option. Hier k\u00f6nnen Sie hochwertiges peruanisches Kokain im Gro\u00dfhandel sicher online kaufen. Da unsere Produkte st\u00e4rker sind als andere auf dem Markt erh\u00e4ltliche Kokainsorten, sind sie unverwechselbar. Geben Sie Ihren Einkauf gleich ab!     &nbsp;<\/p>\n","protected":false},"excerpt":{"rendered":"<p>Peruanisches Kokain online kaufen. Sind Sie auf der Suche nach einem echten, starken Rausch? Dr. Lawsons Pharmacy bietet die Online-Bestellung von peruanischem Kokain an. Mit einem Produktionsverfahren, das durchweg hochwertiges Kokain produziert, sind wir darauf spezialisiert, nur das beste peruanische Kokain online zu verkaufen. Peruanisches Kokain online kaufen &#8211; KONTAKT Berlin, Hamburg, Munich, Munich, Cologne, [&hellip;]<\/p>\n","protected":false},"featured_media":18336,"comment_status":"closed","ping_status":"closed","template":"","meta":{"om_disable_all_campaigns":false,"_sitemap_exclude":false,"_sitemap_priority":"","_sitemap_frequency":"","_monsterinsights_skip_tracking":false,"_monsterinsights_sitenote_active":false,"_monsterinsights_sitenote_note":"","_monsterinsights_sitenote_category":0},"product_cat":[23865],"product_tag":[24062,24077,24072,24073,24078,24071,24074,24070,24063,24067,24079,24076,24075,24059,24058,24060,24065,24068,24066,24064,24069,24061],"class_list":{"0":"post-30005","1":"product","2":"type-product","3":"status-publish","4":"has-post-thumbnail","6":"product_cat-kokain-de","7":"product_tag-auswirkungen-von-peruanischem-kokain","8":"product_tag-authentisches-peruanisches-kokain-europa","9":"product_tag-billiges-peruanisches-kokain-europa","10":"product_tag-peruanische-kokain-europa-deals","11":"product_tag-peruanische-kokainlieferanten-in-europa","12":"product_tag-peruanischer-kokain-online-shop-europa","13":"product_tag-peruanischer-kokain-shop-in-europa","14":"product_tag-peruanischer-kokainverkauf-in-europa","15":"product_tag-peruanischer-kokainverkauf-online","16":"product_tag-peruanisches-kokain-bestellen-eu","17":"product_tag-peruanisches-kokain-europa-bewertung","18":"product_tag-peruanisches-kokain-europa-lieferung","19":"product_tag-peruanisches-kokain-europa-rabatt","20":"product_tag-peruanisches-kokain-kaufen","21":"product_tag-peruanisches-kokain-online-bestellen","22":"product_tag-peruanisches-kokain-online-kaufen","23":"product_tag-peruanisches-kokain-online-kaufen-europa","24":"product_tag-peruanisches-kokain-versandkostenfrei-nach-europa","25":"product_tag-peruanisches-kokain-zum-besten-preis-in-europa","26":"product_tag-wie-viel-kostet-peruanisches-kokain","27":"product_tag-wo-kann-man-in-europa-peruanisches-kokain-kaufen","28":"product_tag-wo-kann-man-peruanisches-kokain-online-kaufen","30":"first","31":"instock","32":"shipping-taxable","33":"purchasable","34":"product-type-variable","35":"farmacie-col"},"aioseo_notices":[],"_links":{"self":[{"href":"https:\/\/lacasadelamedicina.es\/de\/wp-json\/wp\/v2\/product\/30005"}],"collection":[{"href":"https:\/\/lacasadelamedicina.es\/de\/wp-json\/wp\/v2\/product"}],"about":[{"href":"https:\/\/lacasadelamedicina.es\/de\/wp-json\/wp\/v2\/types\/product"}],"replies":[{"embeddable":true,"href":"https:\/\/lacasadelamedicina.es\/de\/wp-json\/wp\/v2\/comments?post=30005"}],"wp:featuredmedia":[{"embeddable":true,"href":"https:\/\/lacasadelamedicina.es\/de\/wp-json\/wp\/v2\/media\/18336"}],"wp:attachment":[{"href":"https:\/\/lacasadelamedicina.es\/de\/wp-json\/wp\/v2\/media?parent=30005"}],"wp:term":[{"taxonomy":"product_cat","embeddable":true,"href":"https:\/\/lacasadelamedicina.es\/de\/wp-json\/wp\/v2\/product_cat?post=30005"},{"taxonomy":"product_tag","embeddable":true,"href":"https:\/\/lacasadelamedicina.es\/de\/wp-json\/wp\/v2\/product_tag?post=30005"}],"curies":[{"name":"wp","href":"https:\/\/api.w.org\/{rel}","templated":true}]}}