{"id":29995,"date":"2024-08-09T14:02:13","date_gmt":"2024-08-09T14:02:13","guid":{"rendered":"https:\/\/lacasadelamedicina.es\/product\/kaufen-sie-mexikanisches-kokain-online\/"},"modified":"2024-08-09T14:02:13","modified_gmt":"2024-08-09T14:02:13","slug":"kaufen-sie-mexikanisches-kokain-online","status":"publish","type":"product","link":"https:\/\/lacasadelamedicina.es\/de\/produkt\/kaufen-sie-mexikanisches-kokain-online\/","title":{"rendered":"Kaufen Sie mexikanisches Kokain online"},"content":{"rendered":"<h3>Kaufen Sie mexikanisches Kokain online.<\/h3>\n<p> Der Online-Kauf von mexikanischem Kokain kann eine schnelle und sichere M\u00f6glichkeit sein, an die Droge zu kommen, ohne sich mit Dealern oder dem Schwarzmarkt in Ihrer Nachbarschaft herumschlagen zu m\u00fcssen. Wenn Sie also mexikanisches Kokain kaufen m\u00f6chten, aber nicht wissen, wo Sie anfangen sollen, geben Sie einfach eine Bestellung bei Narco Powders auf und lassen Sie es sich nach Hause liefern. Kaufen Sie mexikanisches Kokain online &#8211;   <a href=\"https:\/\/drlawsonspharmacy\/contact-us\/\">KONTAKT<\/a><\/p>\n<h3>Wie wird mexikanisches Kokain hergestellt?<\/h3>\n<p> Es gibt zwei Hauptarten von Kokain: mexikanisches und kolumbianisches. W\u00e4hrend kolumbianisches Kokain aus den Bl\u00e4ttern des afrikanischen Kokastrauchs gewonnen wird, wird mexikanisches Kokain entweder aus Kokabl\u00e4ttern oder Mohnsamen hergestellt. Mexikanisches Kokain wird auf etwas komplexere Weise hergestellt als kolumbianisches Kokain. Die Kokabl\u00e4tter werden zun\u00e4chst getrocknet, bevor sie zu Pulver gemahlen werden. Um einen Brei herzustellen, wird dieses Pulver mit Wasser und zus\u00e4tzlichen Substanzen wie Zucker und Salz vermischt. Die Mischung wird dann erhitzt, um eine dicke Paste zu erzeugen, die zu Tabletten oder Bl\u00f6cken geformt werden kann.      <\/p>\n<h3>Kaufen Sie mexikanisches Kokain online<\/h3>\n<p> Es gibt viele alternative Methoden zur Verarbeitung von mexikanischem Kokain. Bevor es injiziert oder geraucht wird, kann mexikanisches Kokain in verschiedenen L\u00f6sungsmitteln aufgel\u00f6st werden. Wenn Sie mexikanisches Kokain online bei Dr. Lawsons Pharmacy kaufen m\u00f6chten, sollten Sie die Sicherheitshinweise auf der Website beachten. Verwenden Sie nach M\u00f6glichkeit saubere Nadeln und spritzen Sie das Medikament nicht in offene Wunden, da dies zu Infektionen und anderen Gesundheitsproblemen f\u00fchren kann. Seien Sie auch immer vorsichtig, wenn Sie Sex mit jemandem haben, der gerade online gekauftes mexikanisches Kokain konsumiert hat. Kaufen Sie mexikanisches Kokain online      <\/p>\n<h3>Vorteile von mexikanischem Kokain<\/h3>\n<p> Eine der am h\u00e4ufigsten konsumierten Kokainarten ist das mexikanische Kokain. Es hat eine starke und lang anhaltende Wirkung, ist von h\u00f6chster Qualit\u00e4t und hat den idealen Schnitt. Au\u00dferdem ist die Wahrscheinlichkeit, dass mexikanisches Kokain verf\u00e4lscht wird oder Verunreinigungen enth\u00e4lt, im Vergleich zu anderen Kokainarten geringer. Dies bedeutet, dass es schneller herzustellen und einfacher zu konsumieren ist. Schlie\u00dflich ist mexikanisches Kokain die beste Wahl f\u00fcr diejenigen, die Drogen unterwegs ben\u00f6tigen, weil es lange gelagert werden kann, ohne dass es sich verschlechtert oder seine Verwendbarkeit verliert. *** \u00dcbersetzt mit www.DeepL.com\/Translator (kostenlose Version) ***     <\/p>\n<h3>Nebenwirkungen von mexikanischem Kokain<\/h3>\n<p> Mexikanisches Kokain ist eine s\u00fcchtig machende, starke Substanz, die negative Nebenwirkungen haben kann. Regelm\u00e4\u00dfiger Konsum von mexikanischem Kokain kann wie jede andere Sucht zu erh\u00f6htem Herzschlag, Schwitzen und erweiterten Pupillen f\u00fchren. In schweren F\u00e4llen sind Krampfanf\u00e4lle, Angstzust\u00e4nde, Mundgeschw\u00fcre und \u00dcbelkeit m\u00f6glich. Die Einnahme dieses Medikaments birgt das Risiko einer k\u00f6rperlichen Abh\u00e4ngigkeit, daher sollten Sie die Dosierungsanweisungen sorgf\u00e4ltig befolgen.    <\/p>\n<h3>Wo kann man mexikanisches Kokain online kaufen?<\/h3>\n<p> Wenn Sie hochwertiges mexikanisches Kokain kaufen m\u00f6chten, gibt es keinen besseren Ort als die Dr. Lawsons Pharmacy. Von wei\u00dfem Pulver bis hin zu Crack erhalten Sie hier alle Arten von mexikanischem Kokain. Sie k\u00f6nnen sicher sein, dass Sie in unserem gro\u00dfen Sortiment die richtige Sorte und Art von Kokain f\u00fcr Ihre Bed\u00fcrfnisse finden. Dar\u00fcber hinaus bieten wir eine Vielzahl von Zahlungsmethoden an, darunter Bitcoin und Bank\u00fcberweisung, sodass Sie Medikamente mit vollem Vertrauen kaufen k\u00f6nnen.    &nbsp;<\/p>\n","protected":false},"excerpt":{"rendered":"<p>Kaufen Sie mexikanisches Kokain online. Der Online-Kauf von mexikanischem Kokain kann eine schnelle und sichere M\u00f6glichkeit sein, an die Droge zu kommen, ohne sich mit Dealern oder dem Schwarzmarkt in Ihrer Nachbarschaft herumschlagen zu m\u00fcssen. Wenn Sie also mexikanisches Kokain kaufen m\u00f6chten, aber nicht wissen, wo Sie anfangen sollen, geben Sie einfach eine Bestellung bei [&hellip;]<\/p>\n","protected":false},"featured_media":18741,"comment_status":"closed","ping_status":"closed","template":"","meta":{"om_disable_all_campaigns":false,"_sitemap_exclude":false,"_sitemap_priority":"","_sitemap_frequency":"","_monsterinsights_skip_tracking":false,"_monsterinsights_sitenote_active":false,"_monsterinsights_sitenote_note":"","_monsterinsights_sitenote_category":0},"product_cat":[23865],"product_tag":[24036,24051,24046,24039,24052,24045,24048,24044,24037,24047,24053,24041,24050,24049,24032,24033,24034,24042,24040,24038,24043,24035],"class_list":{"0":"post-29995","1":"product","2":"type-product","3":"status-publish","4":"has-post-thumbnail","6":"product_cat-kokain-de","7":"product_tag-auswirkungen-von-mexikanischem-kokain","8":"product_tag-authentisches-mexikanisches-kokain-europa","9":"product_tag-billiges-mexikanisches-kokain-europa","10":"product_tag-kaufen-sie-mexikanisches-kokain-online-in-europa","11":"product_tag-mexikanische-kokainlieferanten-in-europa","12":"product_tag-mexikanischer-kokain-onlineshop-europa","13":"product_tag-mexikanischer-kokain-shop-in-europa","14":"product_tag-mexikanischer-kokainverkauf-in-europa","15":"product_tag-mexikanischer-kokainverkauf-online","16":"product_tag-mexikanisches-kokain-europa-deals","17":"product_tag-mexikanisches-kokain-europa-uberprufung","18":"product_tag-mexikanisches-kokain-bestellen-eu","19":"product_tag-mexikanisches-kokain-europa-lieferung","20":"product_tag-mexikanisches-kokain-europa-rabatt","21":"product_tag-mexikanisches-kokain-kaufen-de","22":"product_tag-mexikanisches-kokain-online-bestellen-de","23":"product_tag-mexikanisches-kokain-online-kaufen-de","24":"product_tag-mexikanisches-kokain-versandkostenfrei-nach-europa","25":"product_tag-mexikanisches-kokain-zum-besten-preis-in-europa","26":"product_tag-wie-viel-kostet-mexikanisches-kokain","27":"product_tag-wo-kann-man-in-europa-mexikanisches-kokain-kaufen","28":"product_tag-wo-kann-man-mexikanisches-kokain-online-kaufen","30":"first","31":"instock","32":"shipping-taxable","33":"purchasable","34":"product-type-variable","35":"farmacie-col"},"aioseo_notices":[],"_links":{"self":[{"href":"https:\/\/lacasadelamedicina.es\/de\/wp-json\/wp\/v2\/product\/29995"}],"collection":[{"href":"https:\/\/lacasadelamedicina.es\/de\/wp-json\/wp\/v2\/product"}],"about":[{"href":"https:\/\/lacasadelamedicina.es\/de\/wp-json\/wp\/v2\/types\/product"}],"replies":[{"embeddable":true,"href":"https:\/\/lacasadelamedicina.es\/de\/wp-json\/wp\/v2\/comments?post=29995"}],"wp:featuredmedia":[{"embeddable":true,"href":"https:\/\/lacasadelamedicina.es\/de\/wp-json\/wp\/v2\/media\/18741"}],"wp:attachment":[{"href":"https:\/\/lacasadelamedicina.es\/de\/wp-json\/wp\/v2\/media?parent=29995"}],"wp:term":[{"taxonomy":"product_cat","embeddable":true,"href":"https:\/\/lacasadelamedicina.es\/de\/wp-json\/wp\/v2\/product_cat?post=29995"},{"taxonomy":"product_tag","embeddable":true,"href":"https:\/\/lacasadelamedicina.es\/de\/wp-json\/wp\/v2\/product_tag?post=29995"}],"curies":[{"name":"wp","href":"https:\/\/api.w.org\/{rel}","templated":true}]}}