{"id":29972,"date":"2024-08-09T14:02:16","date_gmt":"2024-08-09T14:02:16","guid":{"rendered":"https:\/\/lacasadelamedicina.es\/product\/kaufen-sie-crack-kokain-online\/"},"modified":"2024-08-09T14:02:16","modified_gmt":"2024-08-09T14:02:16","slug":"kaufen-sie-crack-kokain-online","status":"publish","type":"product","link":"https:\/\/lacasadelamedicina.es\/de\/produkt\/kaufen-sie-crack-kokain-online\/","title":{"rendered":"Kaufen Sie Crack-Kokain online"},"content":{"rendered":"<h3>Kaufen Sie Crack-Kokain online.<\/h3>\n<p> Crack ist die richtige Droge f\u00fcr Sie, wenn Sie auf der Suche nach einem High sind, das Ihnen einen kr\u00e4ftigen Energieschub gibt. Die Kokapflanze ist die Quelle von Crack, einem starken Stimulans. Es hat eine starke, unmittelbare Wirkung, die unter anderem Freude und einen Energieschub hervorruft. Planen Sie, Crack-Kokain online zu kaufen? Wenn ja, ist Dr. Lawsons Pharmacy Ihr One-Stop-Shop f\u00fcr alles, was Sie online \u00fcber Crack kaufen m\u00f6chten. Crack-Kokain online kaufen &#8211;      <a href=\"https:\/\/drlawsonspharmacy\/contact-us\/\">KONTAKT<\/a><\/p>\n<h3>Woraus besteht Crack-Kokain?<\/h3>\n<p> Aus den Bl\u00e4ttern der Kokapflanze wird das Stimulans Kokain hergestellt. Es wird oft als \u201eCrack-Kokain\u201c vermarktet, eine Kombination aus Kokain und Wasser. Dr. Lawsons Pharmacy ist die beste Wahl f\u00fcr alle, die diese starke Substanz sicher kaufen m\u00f6chten, dank ihrer gro\u00dfen Auswahl an hochwertigem Crack in gro\u00dfen Mengen, sicheren Zahlungsmethoden und diskreter Lieferung.   <\/p>\n<h3>Vorteile von Crack-Kokain<\/h3>\n<p> Eines der am h\u00e4ufigsten verwendeten Bet\u00e4ubungsmittel auf dem Markt ist Crack, und das aus gutem Grund. Es ist eine einfache und schnelle M\u00f6glichkeit, einen starken Rausch zu bekommen, der l\u00e4nger anh\u00e4lt als bei anderen Drogen. Im Gegensatz zu anderen Bet\u00e4ubungsmitteln, die manchmal Stunden brauchen, um zu wirken, wirkt Crack sofort. Sie k\u00f6nnen Ihren Rausch sofort genie\u00dfen, da Sie die Wirkung bereits nach wenigen Minuten sp\u00fcren k\u00f6nnen. Crack soll auch die Kreativit\u00e4t und emotionale Intensit\u00e4t im Vergleich zu anderen Drogen wie Marihuana oder Ecstasy steigern. Kaufen Sie Crack-Kokain online bei Dr. Bei Lawsons Pharmacy bieten wir Verbrauchern in allen L\u00e4ndern erschwinglichen Zugang zu erstklassigem Crack-Kokain, das online erh\u00e4ltlich ist. Sie k\u00f6nnen sicher sein, dass Sie die bestm\u00f6glichen Ergebnisse erzielen, da unser Crack nach den h\u00f6chsten Reinheitsstandards hergestellt wird.       <\/p>\n<h3>Nebenwirkungen von Crack-Kokain<\/h3>\n<p> Crack ist eine extrem s\u00fcchtig machende und sch\u00e4dliche Substanz, die Ihre Gesundheit ernsthaft sch\u00e4digen kann. Die negativen Auswirkungen von Crack k\u00f6nnen t\u00f6dlich und s\u00fcchtig machend sein und sich negativ auf die geistige Gesundheit auswirken. Dar\u00fcber hinaus kann Crack unmittelbare k\u00f6rperliche Nebenwirkungen wie Herzklopfen, Aggression und Psychosen haben. Es ist wichtig, sich vor dem Konsum von Crack \u00fcber die Risiken zu informieren, da langfristige negative Auswirkungen m\u00f6glicherweise erst Jahre nach dem Konsum sichtbar werden.    <\/p>\n<h3>Kaufen Sie Crack-Kokain online \u2013 Kaufen Sie Crack-Kokain online bei Dr. Lawsons Pharmacy<\/h3>\n<p> Suchen Sie nach einer M\u00f6glichkeit, high zu werden? Besuchen Sie Dr. Lawsons Pharmacy, die Website, auf der Sie Crack in gro\u00dfen Mengen kaufen k\u00f6nnen, das auf Qualit\u00e4t gepr\u00fcft ist. Wir bieten eine gro\u00dfe Auswahl an Waren, darunter Crack in Gr\u00f6\u00dfen von einem Kilogramm bis hin zu kleinen Mengen. Sie werden nirgendwo anders ein besseres Angebot als unseren hervorragenden Crack-Preis finden. Wir verpacken unsere Artikel mit gro\u00dfer Sorgfalt, damit sie diskret und sicher ankommen, denn wir wissen, wie wichtig Privatsph\u00e4re ist. Wir hoffen aufrichtig, dass Sie Dr. Lawsons Pharmacy als Ihre prim\u00e4re Internetquelle f\u00fcr den Kauf von Crack in Betracht ziehen.      &nbsp;<\/p>\n","protected":false},"excerpt":{"rendered":"<p>Kaufen Sie Crack-Kokain online. Crack ist die richtige Droge f\u00fcr Sie, wenn Sie auf der Suche nach einem High sind, das Ihnen einen kr\u00e4ftigen Energieschub gibt. Die Kokapflanze ist die Quelle von Crack, einem starken Stimulans. Es hat eine starke, unmittelbare Wirkung, die unter anderem Freude und einen Energieschub hervorruft. Planen Sie, Crack-Kokain online zu [&hellip;]<\/p>\n","protected":false},"featured_media":18756,"comment_status":"closed","ping_status":"closed","template":"","meta":{"om_disable_all_campaigns":false,"_sitemap_exclude":false,"_sitemap_priority":"","_sitemap_frequency":"","_monsterinsights_skip_tracking":false,"_monsterinsights_sitenote_active":false,"_monsterinsights_sitenote_note":"","_monsterinsights_sitenote_category":0},"product_cat":[23865],"product_tag":[23974,23989,23984,23987,23982,23979,23988,23970,23980,23971,23972,23978,23985,23991,23990,23983,23986,23975,23977,23976,23973,23981],"class_list":{"0":"post-29972","1":"product","2":"type-product","3":"status-publish","4":"has-post-thumbnail","6":"product_cat-kokain-de","7":"product_tag-auswirkungen-von-crack-kokain","8":"product_tag-authentisches-crack-kokain-europa","9":"product_tag-billiges-crack-kokain-in-europa","10":"product_tag-crack-kokain-europa-rabatt","11":"product_tag-crack-kokain-europa-verkauf","12":"product_tag-crack-kokain-bestellen-eu","13":"product_tag-crack-kokain-europa-lieferung","14":"product_tag-crack-kokain-kaufen","15":"product_tag-crack-kokain-kostenloser-versand-europa","16":"product_tag-crack-kokain-online-bestellen","17":"product_tag-crack-kokain-online-kaufen","18":"product_tag-crack-kokain-zum-besten-preis-in-europa","19":"product_tag-crack-kokain-angebote-in-europa","20":"product_tag-crack-kokain-europa-bericht","21":"product_tag-crack-kokain-lieferanten-in-europa","22":"product_tag-crack-kokain-onlineshop-europa","23":"product_tag-crack-kokain-shop-in-europa","24":"product_tag-crack-kokain-verkauf-online","25":"product_tag-kaufen-sie-crack-kokain-online-in-europa","26":"product_tag-wie-viel-kostet-crack-kokain","27":"product_tag-wo-kann-man-crack-kokain-online-kaufen","28":"product_tag-wo-kann-man-in-europa-crack-kokain-kaufen","30":"first","31":"instock","32":"shipping-taxable","33":"purchasable","34":"product-type-variable","35":"farmacie-col"},"aioseo_notices":[],"_links":{"self":[{"href":"https:\/\/lacasadelamedicina.es\/de\/wp-json\/wp\/v2\/product\/29972"}],"collection":[{"href":"https:\/\/lacasadelamedicina.es\/de\/wp-json\/wp\/v2\/product"}],"about":[{"href":"https:\/\/lacasadelamedicina.es\/de\/wp-json\/wp\/v2\/types\/product"}],"replies":[{"embeddable":true,"href":"https:\/\/lacasadelamedicina.es\/de\/wp-json\/wp\/v2\/comments?post=29972"}],"wp:featuredmedia":[{"embeddable":true,"href":"https:\/\/lacasadelamedicina.es\/de\/wp-json\/wp\/v2\/media\/18756"}],"wp:attachment":[{"href":"https:\/\/lacasadelamedicina.es\/de\/wp-json\/wp\/v2\/media?parent=29972"}],"wp:term":[{"taxonomy":"product_cat","embeddable":true,"href":"https:\/\/lacasadelamedicina.es\/de\/wp-json\/wp\/v2\/product_cat?post=29972"},{"taxonomy":"product_tag","embeddable":true,"href":"https:\/\/lacasadelamedicina.es\/de\/wp-json\/wp\/v2\/product_tag?post=29972"}],"curies":[{"name":"wp","href":"https:\/\/api.w.org\/{rel}","templated":true}]}}