{"id":29964,"date":"2024-08-09T14:02:16","date_gmt":"2024-08-09T14:02:16","guid":{"rendered":"https:\/\/lacasadelamedicina.es\/product\/kaufen-sie-kolumbianisches-kokain-online\/"},"modified":"2024-08-09T14:02:16","modified_gmt":"2024-08-09T14:02:16","slug":"kaufen-sie-kolumbianisches-kokain-online","status":"publish","type":"product","link":"https:\/\/lacasadelamedicina.es\/de\/produkt\/kaufen-sie-kolumbianisches-kokain-online\/","title":{"rendered":"Kaufen Sie kolumbianisches Kokain online"},"content":{"rendered":"<h3>Kaufen Sie kolumbianisches Kokain online.<\/h3>\n<p> M\u00f6chten Sie kolumbianisches Kokain online kaufen? Dann ist die Dr. Lawsons Pharmacy genau das Richtige f\u00fcr Sie. Hier erhalten Sie eine gro\u00dfe Auswahl an hochwertigen Kokainprodukten aus kolumbianischen Kokabl\u00e4ttern. Kaufen Sie kolumbianisches Kokain online &#8211;    <a href=\"https:\/\/drlawsonspharmacy\/contact-us\/\">KONTAKT<\/a><\/p>\n<h3>Wie wird kolumbianisches Kokain hergestellt?<\/h3>\n<p> Eines der heute am weitesten verbreiteten Rauschmittel auf dem Markt ist kolumbianisches Kokain. Es ist ein starkes Stimulans, das Energie und Konzentration steigern kann. Um kolumbianisches Kokain herzustellen, m\u00fcssen die Bauern zun\u00e4chst Kokabl\u00e4tter in den Anden ernten. Sobald die Kokabl\u00e4tter reif sind, werden sie gepfl\u00fcckt und in Kokainhydrochloridkristalle verwandelt. Bei diesem Verfahren werden die Bl\u00e4tter mithilfe verschiedener chemischer Verfahren wie S\u00e4urew\u00e4sche und Etherextraktion destilliert. Schlie\u00dflich wird das Kokain ins Ausland transportiert und auf dem Schwarzmarkt verkauft.      <\/p>\n<h3>Kaufen Sie kolumbianisches Kokain online<\/h3>\n<p> Da kolumbianisches Kokain in Europa und anderen Teilen der Welt lukrativer ist als andere Drogen, nutzen Drogenhandelsorganisationen unterschiedliche Routen und H\u00e4fen, um es dorthin zu bringen. Aufgrund dieser Eigenschaften gibt es oft gro\u00dfe Preisunterschiede zwischen kolumbianischem Kokain und anderen auf dem Markt erh\u00e4ltlichen Drogen.  <\/p>\n<h3>Vorteile von kolumbianischem Kokain<\/h3>\n<p> Wenn Sie ein intensiveres Euphoriegef\u00fchl erleben oder <a href=\"https:\/\/dieapotheke247.com\/\">kolumbianisches<\/a> Kokain als Teil Ihrer Suchtbehandlung einnehmen m\u00f6chten, bietet dies eine Reihe von Vorteilen. Kolumbianisches Kokain hat eine h\u00f6here Wirksamkeit als andere Kokainarten, sodass Benutzer die Vorteile mit einer viel geringeren Menge erleben und gleichzeitig ein st\u00e4rkeres Gef\u00fchl von Vergn\u00fcgen und Wachheit versp\u00fcren. Aufgrund seiner Reinheit und der fehlenden Kreuzkontamination mit anderen Substanzen wird online gekauftes kolumbianisches Kokain oft als attraktiver angesehen. Wir haben das ideale kolumbianische Kokain zum Verkauf, egal ob Sie es schnupfen oder rauchen m\u00f6chten. Probieren Sie es doch gleich bei Dr. Lawsons Pharmacy aus. Sie werden nicht entt\u00e4uscht sein!      <\/p>\n<h3>Nebenwirkungen von kolumbianischem Kokain<\/h3>\n<p> Zu den kurzfristigen Nebenwirkungen des Kokainkonsums geh\u00f6ren Hochgef\u00fchle oder ein High sowie gesteigerte Energie und Motivation. Je nachdem, wie viel Kokain jemand konsumiert hat, halten diese unerw\u00fcnschten Wirkungen normalerweise etwa eine Stunde an. Konzentrations- und Aufmerksamkeitsprobleme, erh\u00f6hter Herzschlag und Blutdruck, Schlaflosigkeit, schnelle Gewichtsabnahme oder -zunahme, Sucht, Krampfanf\u00e4lle, Lebersch\u00e4den und sogar Tod sind alles m\u00f6gliche langfristige negative Auswirkungen des Kokainkonsums.   <\/p>\n<h3>Wo kann man kolumbianisches Kokain online bestellen?<\/h3>\n<p> Die Onlinebestellung von Kokain bei Dr. Lawsons Pharmacy ist aus mehreren Gr\u00fcnden sinnvoll. Einer davon ist, dass die verschiedenen Beh\u00f6rden weiterhin uneins dar\u00fcber sind, ob der Online-Kauf von Kokain legal ist. Sie k\u00f6nnen jedoch kolumbianisches Kokain online kaufen, ohne Angst vor einer Verhaftung haben zu m\u00fcssen. Die Bequemlichkeit des Online-Kaufs von Kokain ist ein weiterer Grund. Dr. Lawsons Pharmacy macht es einfach und bequem, kolumbianisches Kokain in gro\u00dfen Mengen zu kaufen, ohne Ihr Zuhause oder Ihren Arbeitsplatz verlassen zu m\u00fcssen. Und nicht zuletzt bietet Dr. Lawsons Pharmacy eine Vielzahl von Kokainprodukten zum Verkauf an, von Pulver bis hin zu Crack-Steinen.      &nbsp;<\/p>\n","protected":false},"excerpt":{"rendered":"<p>&nbsp;<\/p>\n","protected":false},"featured_media":18366,"comment_status":"closed","ping_status":"closed","template":"","meta":{"om_disable_all_campaigns":false,"_sitemap_exclude":false,"_sitemap_priority":"","_sitemap_frequency":"","_monsterinsights_skip_tracking":false,"_monsterinsights_sitenote_active":false,"_monsterinsights_sitenote_note":"","_monsterinsights_sitenote_category":0},"product_cat":[23865],"product_tag":[23945,23960,23955,23948,23961,23954,23957,23946,23962,23949,23956,23950,23959,23958,23953,23941,23942,23943,23951,23947,23952,23944],"class_list":{"0":"post-29964","1":"product","2":"type-product","3":"status-publish","4":"has-post-thumbnail","6":"product_cat-kokain-de","7":"product_tag-auswirkungen-von-kolumbianischem-kokain","8":"product_tag-authentisches-kolumbianisches-kokain-europa","9":"product_tag-billiges-kolumbianisches-kokain-europa","10":"product_tag-kaufen-sie-kolumbianisches-kokain-online-in-europa","11":"product_tag-kolumbianische-kokainlieferanten-in-europa","12":"product_tag-kolumbianischer-kokain-onlineshop-europa","13":"product_tag-kolumbianischer-kokain-shop-in-europa","14":"product_tag-kolumbianischer-kokainverkauf-online","15":"product_tag-kolumbianisches-kokain-europa-uberblick","16":"product_tag-kolumbianisches-kokain-bester-preis-in-europa","17":"product_tag-kolumbianisches-kokain-europa-deals","18":"product_tag-kolumbianisches-kokain-bestellen-eu","19":"product_tag-kolumbianisches-kokain-europa-lieferung","20":"product_tag-kolumbianisches-kokain-europa-rabatt","21":"product_tag-kolumbianisches-kokain-in-europa-verkauft","22":"product_tag-kolumbianisches-kokain-kaufen-de","23":"product_tag-kolumbianisches-kokain-online-bestellen-de","24":"product_tag-kolumbianisches-kokain-online-kaufen-de","25":"product_tag-kolumbianisches-kokain-versandkostenfrei-nach-europa","26":"product_tag-wie-viel-kostet-kolumbianisches-kokain","27":"product_tag-wo-kann-man-kolumbianisches-kokain-in-europa-kaufen","28":"product_tag-wo-kann-man-kolumbianisches-kokain-online-kaufen","30":"first","31":"instock","32":"shipping-taxable","33":"purchasable","34":"product-type-variable","35":"farmacie-col"},"aioseo_notices":[],"_links":{"self":[{"href":"https:\/\/lacasadelamedicina.es\/de\/wp-json\/wp\/v2\/product\/29964"}],"collection":[{"href":"https:\/\/lacasadelamedicina.es\/de\/wp-json\/wp\/v2\/product"}],"about":[{"href":"https:\/\/lacasadelamedicina.es\/de\/wp-json\/wp\/v2\/types\/product"}],"replies":[{"embeddable":true,"href":"https:\/\/lacasadelamedicina.es\/de\/wp-json\/wp\/v2\/comments?post=29964"}],"wp:featuredmedia":[{"embeddable":true,"href":"https:\/\/lacasadelamedicina.es\/de\/wp-json\/wp\/v2\/media\/18366"}],"wp:attachment":[{"href":"https:\/\/lacasadelamedicina.es\/de\/wp-json\/wp\/v2\/media?parent=29964"}],"wp:term":[{"taxonomy":"product_cat","embeddable":true,"href":"https:\/\/lacasadelamedicina.es\/de\/wp-json\/wp\/v2\/product_cat?post=29964"},{"taxonomy":"product_tag","embeddable":true,"href":"https:\/\/lacasadelamedicina.es\/de\/wp-json\/wp\/v2\/product_tag?post=29964"}],"curies":[{"name":"wp","href":"https:\/\/api.w.org\/{rel}","templated":true}]}}