{"id":29946,"date":"2024-08-09T14:02:17","date_gmt":"2024-08-09T14:02:17","guid":{"rendered":"https:\/\/lacasadelamedicina.es\/product\/bio-kokain-86-online-kaufen\/"},"modified":"2024-08-09T14:02:17","modified_gmt":"2024-08-09T14:02:17","slug":"bio-kokain-86-online-kaufen","status":"publish","type":"product","link":"https:\/\/lacasadelamedicina.es\/de\/produkt\/bio-kokain-86-online-kaufen\/","title":{"rendered":"Bio Kokain 86% online kaufen"},"content":{"rendered":"<h3>Kaufen Sie Bio-Kokain 86 % online.<\/h3>\n<p> Kokain ist ein sehr starkes Stimulans, das verwendet wird, um bei Menschen eine einzigartige und verf\u00fchrerische mentale Struktur zu schaffen. Der menschliche Geist wird <a href=\"https:\/\/dieapotheke247.com\/\">unterst\u00fctzt<\/a> durch organisches Kokain bei der Wahrnehmung typischer \u00e4u\u00dferer Ereignisse. Wie andere Stimulanzien wirkt organisches Kokain direkt auf das zentrale Nervensystem. Kaufen Sie Bio-Kokain 86 % online &#8211; <a href=\"https:\/\/drlawsonspharmacy\/contact-us\/\">KONTAKT<\/a> Einige Verbindungen werden durch dieses Stimulans verst\u00e4rkt. Auf dem Planeten wird Bio-Kokain auch unter dem Markennamen Coke angeboten und gekauft. Es wird nicht nur als Droge verwendet, sondern auch zur Herstellung verschiedener Medikamente. Diese Medikamente sind \u00e4u\u00dferst n\u00fctzlich f\u00fcr die menschliche Gesundheit. Unter den beliebtesten Drogen steht Kokain an zweiter Stelle.        <\/p>\n<h3>Bio Kokain 86% online kaufen<\/h3>\n<p> Eine der reinsten Kokainsorten, die sowohl k\u00fcnstlich als auch nat\u00fcrlich hergestellt wird, hei\u00dft Bio Cocaine-86. Aufgrund seiner besonderen Eigenschaften, wie der F\u00e4higkeit, sofort zu wirken, wird Bio Cocaine h\u00e4ufig in pharmazeutischen Produkten verwendet. Es ist ein \u00e4u\u00dferst wirksames Medikament, das die Auswirkungen von Schocks auf die menschliche Psyche abmildern soll. Mit anderen Worten, Bio Cocaine-86 wird verwendet, um dem menschlichen Geist zu helfen, starke Emotionen wie Gl\u00fcck oder Traurigkeit zu kontrollieren. Unter diesen Umst\u00e4nden funktioniert der menschliche Geist auch normal. Es wird auch verwendet, um einen gesunden und ungest\u00f6rten Schlaf zu f\u00f6rdern. Nach dem Konsum dieses Kokains berichten Benutzer, dass sie sich entspannt und energiegeladen f\u00fchlen. Um diese Festlichkeiten in vollen Z\u00fcgen genie\u00dfen zu k\u00f6nnen, wird Bio Cocaine-86 auch ohne \u00e4rztliches Rezept in Tanzlokalen und Bars konsumiert. Menschen verwenden diese Substanz, um sich von ihren t\u00e4glichen Aufgaben zu erholen. F\u00fcr einen kurzen Zeitraum wird es auch verwendet, um Depressionen zu lindern oder zu beseitigen. Aufgrund der genannten Eigenschaften steht es auf Platz zwei der Liste der am h\u00e4ufigsten verwendeten Medikamente. Kaufen Sie Bio Cocaine 86 % online            <\/p>\n<h3><strong>Bio Kokain 86% bestellen<\/strong><\/h3>\n<p> Zweifellos ist Bio Cocaine-86 in einer Vielzahl von Situationen sehr n\u00fctzlich f\u00fcr den menschlichen K\u00f6rper, aber \u00fcberm\u00e4\u00dfiger Konsum kann sowohl der k\u00f6rperlichen als auch der geistigen Gesundheit des Konsumenten schaden. Aufgrund seines h\u00e4ufigen Konsums kann es Schlaflosigkeit verursachen. Daher sollte es nur verwendet werden, wenn der menschliche K\u00f6rper es braucht. Bio Cocaine-86 kann entweder direkt in eine Vene gespritzt oder geschnupft werden. Jeder kann es problemlos \u00fcber den Webshop beziehen. Unser Onlineshop bietet Bio Cocaine-86 auch zu sehr g\u00fcnstigen Preisen an. Durch unseren Online-Lieferservice erhalten Sie Ihren Artikel extrem schnell. Kaufen Sie Bio Cocaine 86% online        &nbsp;<\/p>\n","protected":false},"excerpt":{"rendered":"<p>Kaufen Sie bei uns Bio-Kokain 86 % und profitieren Sie von unserer diskreten Verpackung. F\u00fcr Gro\u00dfbestellungen sind Sonderrabatte verf\u00fcgbar. Kaufen Sie Kokain online \u2013 Legaler Kokainlieferant \u2013 Kaufen Sie Kokain online in den USA. Online-Apotheken bieten unglaubliche Gro\u00dfhandelsrabatte!    &nbsp;<\/p>\n","protected":false},"featured_media":18396,"comment_status":"closed","ping_status":"closed","template":"","meta":{"om_disable_all_campaigns":false,"_sitemap_exclude":false,"_sitemap_priority":"","_sitemap_frequency":"","_monsterinsights_skip_tracking":false,"_monsterinsights_sitenote_active":false,"_monsterinsights_sitenote_note":"","_monsterinsights_sitenote_category":0},"product_cat":[23865],"product_tag":[23870,23885,23880,23875,23871,23874,23881,23887,23886,23884,23878,23883,23882,23867,23868,23879,23876,23866,23873,23872,23869,23877],"class_list":{"0":"post-29946","1":"product","2":"type-product","3":"status-publish","4":"has-post-thumbnail","6":"product_cat-kokain-de","7":"product_tag-auswirkungen-von-bio-kokain-86","8":"product_tag-authentisches-bio-kokain-86-europa","9":"product_tag-billiges-bio-kokain-86-europa","10":"product_tag-bio-kokain-86-eu-bestellen","11":"product_tag-bio-kokain-86-online-umsatz","12":"product_tag-bio-kokain-86-bestpreis-europa","13":"product_tag-bio-kokain-86-europa-angebote","14":"product_tag-bio-kokain-86-europa-bewertung","15":"product_tag-bio-kokain-86-europa-lieferanten","16":"product_tag-bio-kokain-86-europa-lieferung","17":"product_tag-bio-kokain-86-europa-verkauf","18":"product_tag-bio-kokain-86-europa-rabatt","19":"product_tag-bio-kokain-86-europa-shop","20":"product_tag-bio-kokain-86-online-bestellen","21":"product_tag-bio-kokain-86-online-kaufen","22":"product_tag-bio-kokain-86-online-shop-europa","23":"product_tag-bio-kokain-86-versandkostenfrei-europa","24":"product_tag-bio-kokain-kaufen-86","25":"product_tag-kaufen-sie-bio-kokain-86-online-in-europa","26":"product_tag-wie-viel-kostet-bio-kokain-86","27":"product_tag-wo-kann-man-86-bio-kokain-online-kaufen","28":"product_tag-wo-kann-man-bio-kokain-86-kaufen-europa","30":"first","31":"instock","32":"shipping-taxable","33":"purchasable","34":"product-type-variable","35":"farmacie-col"},"aioseo_notices":[],"_links":{"self":[{"href":"https:\/\/lacasadelamedicina.es\/de\/wp-json\/wp\/v2\/product\/29946"}],"collection":[{"href":"https:\/\/lacasadelamedicina.es\/de\/wp-json\/wp\/v2\/product"}],"about":[{"href":"https:\/\/lacasadelamedicina.es\/de\/wp-json\/wp\/v2\/types\/product"}],"replies":[{"embeddable":true,"href":"https:\/\/lacasadelamedicina.es\/de\/wp-json\/wp\/v2\/comments?post=29946"}],"wp:featuredmedia":[{"embeddable":true,"href":"https:\/\/lacasadelamedicina.es\/de\/wp-json\/wp\/v2\/media\/18396"}],"wp:attachment":[{"href":"https:\/\/lacasadelamedicina.es\/de\/wp-json\/wp\/v2\/media?parent=29946"}],"wp:term":[{"taxonomy":"product_cat","embeddable":true,"href":"https:\/\/lacasadelamedicina.es\/de\/wp-json\/wp\/v2\/product_cat?post=29946"},{"taxonomy":"product_tag","embeddable":true,"href":"https:\/\/lacasadelamedicina.es\/de\/wp-json\/wp\/v2\/product_tag?post=29946"}],"curies":[{"name":"wp","href":"https:\/\/api.w.org\/{rel}","templated":true}]}}