{"id":29943,"date":"2024-08-09T14:02:20","date_gmt":"2024-08-09T14:02:20","guid":{"rendered":"https:\/\/lacasadelamedicina.es\/product\/benzylmethylketon-b-m-k-online-kaufen\/"},"modified":"2024-08-09T14:02:20","modified_gmt":"2024-08-09T14:02:20","slug":"benzylmethylketon-b-m-k-online-kaufen","status":"publish","type":"product","link":"https:\/\/lacasadelamedicina.es\/de\/produkt\/benzylmethylketon-b-m-k-online-kaufen\/","title":{"rendered":"Benzylmethylketon (B-M-K) online kaufen"},"content":{"rendered":"<h3>Benzylmethylketon-b-m-k zu verkaufen \u2013 Benzylmethylketon-b-m-k online kaufen<\/h3>\n<p> Wir sind Ihre beste Quelle und Ihr bester H\u00e4ndler f\u00fcr den Kauf von Benzylmethylketon und haben auch Benzylmethylketon zum Verkauf. Sie k\u00f6nnen Benzylmethylketon einfach und legal online bei uns kaufen. Kaufen Sie Benzylmethylketon (B-M-K) online \u2013 <a href=\"https:\/\/drlawsonspharmacy\/contact-us\/\">KONTAKT<\/a> BMK ist eine nat\u00fcrlich vorkommende Chemikalie mit einem breiten Anwendungsspektrum. Es ist ein einstufiger Prozess bei der Synthese der Droge Ecstasy. Es ist eine mischbare Fl\u00fcssigkeit, die sich in Wasser aufl\u00f6st und geschmacks- und farblos sowie entflammbar ist. Das beste BMK-\u00d6l ist in unserem Online-Shop erh\u00e4ltlich. Benzylmethylketon online zu kaufen ist einfach. Befolgen Sie diese Richtlinien: W\u00e4hlen Sie Ihr gew\u00fcnschtes Produkt aus dem Dropdown-Men\u00fc unten. Klicken Sie auf \u201eIn den Warenkorb\u201c, um den Kauf des Artikels abzuschlie\u00dfen. Geben Sie die Bestellung auf, sobald der Artikel geliefert wurde.          <\/p>\n<h3>Vorteile von Benzylmethylketon<\/h3>\n<p> Aufgrund seiner Alkohol- und Ketonzusammensetzung kann Benzoylmethylketon harntreibende und entgiftende Wirkungen haben. <\/p>\n<ul>\n<li>Einige Forscher haben BMK als hilfreiches Mittel zum Stressabbau vorgeschlagen.<\/li>\n<li>Manche sagen, es senke den Cortisolspiegel, ein Stresshormon, obwohl es einige Zeit dauern kann, bis die Wirkung sp\u00fcrbar wird.<\/li>\n<li>Ein weiterer m\u00f6glicher Nutzen von <strong>Benzylmethylketon-b-m-k<\/strong> ist, dass es das Risiko einer Alzheimer-Erkrankung senken kann.<\/li>\n<li>Man geht davon aus, dass die Verbindung Entz\u00fcndungen im Gehirn bek\u00e4mpft und so vor Alzheimer-bedingten Nervensch\u00e4den sch\u00fctzen kann.<\/li>\n<\/ul>\n<h3>Wo kann man Benzylmethylketon kaufen?<\/h3>\n<p> Benzylmethylketon oder Phenylaceton ist eine chemische Substanz. \u00d6l ist transparent und hat einen Brechungsindex von 1,5168. Da es ein Rohstoff oder Zwischenprodukt bei der Herstellung von Methamphetamin und Amphetamin ist, wird es oft als P2P bezeichnet. Das Zeug riecht gut und ist ungef\u00e4hr so \u200b\u200bdicht wie Wasser. BMK wird als illegale Chemikalie bei der illegalen Herstellung von Amphetamin verwendet, obwohl es einige legale Verwendungen hat, beispielsweise bei der Entwicklung von Propylhexedrin. Kaufen Sie Benzylmethylketon (B-M-K) online.<\/p>\n","protected":false},"excerpt":{"rendered":"<p>Benzylmethylketon-b-m-k zu verkaufen \u2013 Benzylmethylketon-b-m-k online kaufen Wir sind Ihre beste Quelle und Ihr bester H\u00e4ndler f\u00fcr den Kauf von Benzylmethylketon und haben auch Benzylmethylketon zum Verkauf. Sie k\u00f6nnen Benzylmethylketon einfach und legal online bei uns kaufen. Kaufen Sie Benzylmethylketon (B-M-K) online \u2013 KONTAKT BMK ist eine nat\u00fcrlich vorkommende Chemikalie mit einem breiten Anwendungsspektrum. Es [&hellip;]<\/p>\n","protected":false},"featured_media":18651,"comment_status":"closed","ping_status":"closed","template":"","meta":{"om_disable_all_campaigns":false,"_sitemap_exclude":false,"_sitemap_priority":"","_sitemap_frequency":"","_monsterinsights_skip_tracking":false,"_monsterinsights_sitenote_active":false,"_monsterinsights_sitenote_note":"","_monsterinsights_sitenote_category":0},"product_cat":[23549],"product_tag":[23862,23851,23852,23863,23860,23859,23855,23858,23864,23843,23853,23861,23844,23850,23845,23856,23848,23857,23849,23847,23854,23846],"class_list":{"0":"post-29943","1":"product","2":"type-product","3":"status-publish","4":"has-post-thumbnail","6":"product_cat-forschungschemikalien-und-psychedelika","7":"product_tag-authentisches-benzylmethylketon-b-m-k-europa","8":"product_tag-benzylmethylketon-b-m-k-bester-preis-europa","9":"product_tag-benzylmethylketon-b-m-k-eu-bestellen","10":"product_tag-benzylmethylketon-b-m-k-europa-lieferanten","11":"product_tag-benzylmethylketon-b-m-k-europa-rabatt","12":"product_tag-benzylmethylketon-b-m-k-europa-shop","13":"product_tag-benzylmethylketon-b-m-k-europa-verkauf","14":"product_tag-benzylmethylketon-b-m-k-europa-angebote","15":"product_tag-benzylmethylketon-b-m-k-europa-bewertung","16":"product_tag-benzylmethylketon-b-m-k-kaufen","17":"product_tag-benzylmethylketon-b-m-k-kostenloser-versand-europa","18":"product_tag-benzylmethylketon-b-m-k-lieferung-in-europa","19":"product_tag-benzylmethylketon-b-m-k-online-bestellen","20":"product_tag-benzylmethylketon-b-m-k-online-in-europa-kaufen","21":"product_tag-benzylmethylketon-b-m-k-online-kaufen","22":"product_tag-benzylmethylketon-b-m-k-online-shop-europa","23":"product_tag-benzylmethylketon-b-m-k-online-verkauf","24":"product_tag-gunstiges-benzylmethylketon-b-m-k-europa","25":"product_tag-wie-viel-kostet-benzylmethylketon-b-m-k","26":"product_tag-wirkungen-von-benzylmethylketon-b-m-k","27":"product_tag-wo-kann-man-benzylmethylketon-b-m-k-in-europa-kaufen","28":"product_tag-wo-kann-man-benzylmethylketon-b-m-k-online-kaufen","30":"first","31":"instock","32":"shipping-taxable","33":"purchasable","34":"product-type-variable","35":"has-default-attributes","36":"farmacie-col"},"aioseo_notices":[],"_links":{"self":[{"href":"https:\/\/lacasadelamedicina.es\/de\/wp-json\/wp\/v2\/product\/29943"}],"collection":[{"href":"https:\/\/lacasadelamedicina.es\/de\/wp-json\/wp\/v2\/product"}],"about":[{"href":"https:\/\/lacasadelamedicina.es\/de\/wp-json\/wp\/v2\/types\/product"}],"replies":[{"embeddable":true,"href":"https:\/\/lacasadelamedicina.es\/de\/wp-json\/wp\/v2\/comments?post=29943"}],"wp:featuredmedia":[{"embeddable":true,"href":"https:\/\/lacasadelamedicina.es\/de\/wp-json\/wp\/v2\/media\/18651"}],"wp:attachment":[{"href":"https:\/\/lacasadelamedicina.es\/de\/wp-json\/wp\/v2\/media?parent=29943"}],"wp:term":[{"taxonomy":"product_cat","embeddable":true,"href":"https:\/\/lacasadelamedicina.es\/de\/wp-json\/wp\/v2\/product_cat?post=29943"},{"taxonomy":"product_tag","embeddable":true,"href":"https:\/\/lacasadelamedicina.es\/de\/wp-json\/wp\/v2\/product_tag?post=29943"}],"curies":[{"name":"wp","href":"https:\/\/api.w.org\/{rel}","templated":true}]}}