{"id":29931,"date":"2024-08-09T14:02:20","date_gmt":"2024-08-09T14:02:20","guid":{"rendered":"https:\/\/lacasadelamedicina.es\/product\/kaufen-sie-diazepam-pulver-online\/"},"modified":"2024-08-09T14:02:20","modified_gmt":"2024-08-09T14:02:20","slug":"kaufen-sie-diazepam-pulver-online","status":"publish","type":"product","link":"https:\/\/lacasadelamedicina.es\/de\/produkt\/kaufen-sie-diazepam-pulver-online\/","title":{"rendered":"Kaufen Sie Diazepam-Pulver online"},"content":{"rendered":"<h3>Diazepam Pulver &#8211; Kaufen Sie Diazepam online,<\/h3>\n<p> Kaufen Sie Diazepam-Pulver online, um hochwertige Medikamente zu einem reduzierten Preis zu erhalten. Die beste Quelle, um Diazepam online zu kaufen und zu erhalten, ist <strong>Dr. Lawsons Pharmacy<\/strong>. Kaufen Sie Diazepam-Pulver online. Unser Internetshop verkauft hochwertige chemische Produkte, wobei Cannabinoide die wichtigsten sind. Da Sie weitere Produkte im Zusammenhang mit Designerdrogen finden, sind wir Experten in den USA. Aufgrund seiner hohen Qualit\u00e4t und wirksamen Formulierung ist unser Diazepam-Pulver-Online-Verkauf in DEUTSCHLAND<a href=\"https:\/\/dieapotheke247.com\/\">D<\/a> in einer Vielzahl von Branchen beliebt. Unsere Fachleute sind st\u00e4ndig bestrebt, die bestm\u00f6glichen Medikamente herzustellen, die den Menschen auf geeignete Weise helfen. Wenn Ihre Branche dieses Diazepam-Pulver ben\u00f6tigt, k\u00f6nnen Sie uns kontaktieren oder uns einfach eine Nachricht senden, um eine Online-Bestellung aufzugeben.       <a href=\"https:\/\/drlawsonspharmacy\/contact-us\/\">KONTAKT<\/a><\/p>\n<h3>Diazepam-Pulver zu verkaufen<\/h3>\n<p> Dank der langj\u00e4hrigen Erfahrung unserer Organisation erhalten Sie Diazepam-Pulver in den verschiedenen Mengen, die Sie ben\u00f6tigen. Sie k\u00f6nnen die Waren zum richtigen Zeitpunkt in kleinen oder sogar gro\u00dfen Mengen kaufen. Wir liefern die bestellten Waren in der entsprechenden Menge und sie sind rein und bringen die Pharmaindustrie und andere Branchen voran. Wie unsere anderen Waren, die eher f\u00fcr den pers\u00f6nlichen Gebrauch geeignet sind, ist auch unser Produkt Diazepam-Pulver preisg\u00fcnstig. Dieses Produkt ist im Gegensatz zu den meisten anderen nur f\u00fcr den pers\u00f6nlichen Gebrauch bestimmt. Bevor wir das Produkt liefern k\u00f6nnen, m\u00fcssen Sie das richtige Rezept und die richtige Erkl\u00e4rung vorlegen.      <\/p>\n<h3>Wie verwenden Sie unser Diazepam-Pulverprodukt?<\/h3>\n<p> Wenn Verbraucher dieses Produkt nicht wie angegeben einnehmen, kann es sch\u00e4dlich sein. Menschen profitieren mehr von unserem Diazepam-Pulver, das online in den USA zum Verkauf angeboten wird, da es ihre Angstzust\u00e4nde, Alkoholentzugserscheinungen, Krampfanf\u00e4lle und Panikattacken behandeln kann. Bei Verwendung gem\u00e4\u00df \u00e4rztlicher Anweisung und in der richtigen Dosierung ist es f\u00fcr Menschen sicherer. Es ist eine kluge Idee, Dinge wie Alkohol, Rauchen, Traubensaft und andere Dinge zu vermeiden, die schwerwiegende negative Auswirkungen haben. Wir sind nicht bereit, dieses Produkt an Kunden unter 18 Jahren abzugeben, und wir haften nicht f\u00fcr Verbraucher, die eine \u00fcberm\u00e4\u00dfige Menge einnehmen. Unser Unternehmen bietet Diazepam-Pulver online zum Verkauf in verschiedenen Dosierungen an, darunter 10 mg, 50 mg und sogar 1 Kilogramm. Je nach der von Ihnen ben\u00f6tigten Menge \u00e4ndert sich der Preis des Pulvers. Wir sind hervorragend darin, das Medikament in gro\u00dfen Mengen f\u00fcr den Einsatz in Industrie und Forschung anzubieten. Daher ist unser Internetshop die beste Wahl f\u00fcr Sie, wenn Sie reines Pulver mit pr\u00e4ziser Rezeptur und Qualit\u00e4t w\u00fcnschen.<\/p>\n","protected":false},"excerpt":{"rendered":"<p>Diazepam ist ein lang wirkendes, schnell einsetzendes Benzodiazepin, das zur Behandlung von Krampfanf\u00e4llen, Alkoholentzug, Panikattacken und Angstzust\u00e4nden eingesetzt wird. Diazepam in der St\u00e4rke zum Verkauf wird in Dr. Lawsons Apotheke angeboten.  &nbsp;<\/p>\n","protected":false},"featured_media":18771,"comment_status":"closed","ping_status":"closed","template":"","meta":{"om_disable_all_campaigns":false,"_sitemap_exclude":false,"_sitemap_priority":"","_sitemap_frequency":"","_monsterinsights_skip_tracking":false,"_monsterinsights_sitenote_active":false,"_monsterinsights_sitenote_note":"","_monsterinsights_sitenote_category":0},"product_cat":[23549],"product_tag":[23818,23807,23814,23820,23817,23816,23815,23811,23809,23812,23808,23819,23799,23800,23801,23804,23813,23806,23805,23803,23810,23802],"class_list":{"0":"post-29931","1":"product","2":"type-product","3":"status-publish","4":"has-post-thumbnail","6":"product_cat-forschungschemikalien-und-psychedelika","7":"product_tag-authentisches-diazepam-pulver-europa","8":"product_tag-diazepam-pulver-bester-preis-europa","9":"product_tag-diazepam-pulver-europa-angebote","10":"product_tag-diazepam-pulver-europa-bewertung","11":"product_tag-diazepam-pulver-europa-lieferung","12":"product_tag-diazepam-pulver-europa-rabatt","13":"product_tag-diazepam-pulver-europa-shop","14":"product_tag-diazepam-pulver-europa-verkauf","15":"product_tag-diazepam-pulver-kostenloser-versand-europa","16":"product_tag-diazepam-pulver-online-shop-europa","17":"product_tag-diazepam-pulver-eu-bestellen","18":"product_tag-diazepam-pulver-europa-lieferanten","19":"product_tag-diazepam-pulver-kaufen-de","20":"product_tag-diazepam-pulver-online-bestellen-de","21":"product_tag-diazepam-pulver-online-kaufen-de","22":"product_tag-diazepam-pulververkauf-online","23":"product_tag-gunstiges-diazepam-pulver-europa","24":"product_tag-kaufen-sie-diazepam-pulver-online-in-europa","25":"product_tag-wie-viel-kostet-diazepam-pulver","26":"product_tag-wirkungen-von-diazepampulver","27":"product_tag-wo-kann-man-diazepam-pulver-in-europa-kaufen","28":"product_tag-wo-kann-man-diazepam-pulver-online-kaufen","30":"first","31":"instock","32":"shipping-taxable","33":"purchasable","34":"product-type-variable","35":"farmacie-col"},"aioseo_notices":[],"_links":{"self":[{"href":"https:\/\/lacasadelamedicina.es\/de\/wp-json\/wp\/v2\/product\/29931"}],"collection":[{"href":"https:\/\/lacasadelamedicina.es\/de\/wp-json\/wp\/v2\/product"}],"about":[{"href":"https:\/\/lacasadelamedicina.es\/de\/wp-json\/wp\/v2\/types\/product"}],"replies":[{"embeddable":true,"href":"https:\/\/lacasadelamedicina.es\/de\/wp-json\/wp\/v2\/comments?post=29931"}],"wp:featuredmedia":[{"embeddable":true,"href":"https:\/\/lacasadelamedicina.es\/de\/wp-json\/wp\/v2\/media\/18771"}],"wp:attachment":[{"href":"https:\/\/lacasadelamedicina.es\/de\/wp-json\/wp\/v2\/media?parent=29931"}],"wp:term":[{"taxonomy":"product_cat","embeddable":true,"href":"https:\/\/lacasadelamedicina.es\/de\/wp-json\/wp\/v2\/product_cat?post=29931"},{"taxonomy":"product_tag","embeddable":true,"href":"https:\/\/lacasadelamedicina.es\/de\/wp-json\/wp\/v2\/product_tag?post=29931"}],"curies":[{"name":"wp","href":"https:\/\/api.w.org\/{rel}","templated":true}]}}