{"id":29924,"date":"2024-08-09T14:02:20","date_gmt":"2024-08-09T14:02:20","guid":{"rendered":"https:\/\/lacasadelamedicina.es\/product\/kaufen-sie-fluessiges-quecksilber-von-virgin-silver-online\/"},"modified":"2024-08-09T14:02:20","modified_gmt":"2024-08-09T14:02:20","slug":"kaufen-sie-fluessiges-quecksilber-von-virgin-silver-online","status":"publish","type":"product","link":"https:\/\/lacasadelamedicina.es\/de\/produkt\/kaufen-sie-fluessiges-quecksilber-von-virgin-silver-online\/","title":{"rendered":"Kaufen Sie fl\u00fcssiges Quecksilber von Virgin Silver online"},"content":{"rendered":"<h3><span lang=\"EN-US\">Virgin Silver Fl\u00fcssiges Quecksilber zu verkaufen \u2013 Kaufen Sie Virgin Silver Fl\u00fcssiges Quecksilber online<\/span><\/h3>\n<p> Kaufen Sie Virgin Silver Liquid Mercury online \u2013 Wir bieten reines Silber-Fl\u00fcssigquecksilber in gro\u00dfen Mengen zum Online-Verkauf zu den niedrigsten Preisen an, weil wir der beste Cannabinoid-H\u00e4ndler sind. In reinem Silber gel\u00f6stes Quecksilber kann bei uns legal online f\u00fcr Forschungszwecke gekauft werden. Kaufen Sie Virgin Silver Liquid Mercury online \u2013 Kaufen Sie Virgin Silver Liquid Mercury online Der vorliegende 34,5 kg-Beh\u00e4lter enth\u00e4lt reines Fl\u00fcssigsilber, das f\u00fcr industrielle Zwecke verwendet werden kann. Diese Flasche enth\u00e4lt reines Fl\u00fcssigsilber, das mit Hilfe hochmoderner Maschinen und von Spezialisten entwickelten Rezepturen hergestellt wurde. Dar\u00fcber hinaus ist der Kauf von reinem Silber-Fl\u00fcssigquecksilber \u00fcber die Website dieses Unternehmens ganz einfach. Diese Plattform ist einfach zu verwenden und liefert bei Bedarf ein qualitativ hochwertiges Produkt.      <a href=\"https:\/\/drlawsonspharmacy\/contact-us\/\">KONTAKT<\/a><\/p>\n<h3><span lang=\"EN-US\">Was ist fl\u00fcssiges Quecksilber von Virgin Silver?<\/span><\/h3>\n<p> Dieser bekannte Rohstoff findet sich in vielen Gegenst\u00e4nden, wie Quecksilberschaltern, Leuchtstoffr\u00f6hren, Thermometern und Barometern. Reines fl\u00fcssiges Quecksilber aus Silber ist daher einzigartig f\u00fcr die Verwendung bei der Herstellung anderer Materialien oder Chemikalien, da es als Katalysator f\u00fcr nachfolgende chemische Reaktionen fungiert. Etwa 99,9 % dieses Quecksilbers sind in reiner Form erh\u00e4ltlich. Daher wird das Programm auch andere Rohstoffe wie Gold und Silber umfassen. Sie werden daher vor ihrer Verwendung gr\u00fcndlichen Tests unterzogen. Kaufen Sie Virgin Silver Liquid Mercury online      <\/p>\n<h3><span lang=\"EN-US\">Wo kann man Virgin Silver Liquid Mercury kaufen?<\/span><\/h3>\n<p> Benutzer k\u00f6nnen Beh\u00e4lter mit diesem fl\u00fcssigen Quecksilber zu einem angemessenen Preis erwerben. Die Substanz enth\u00e4lt keine Schwermetalle. Der Kauf von fl\u00fcssigem Silberquecksilber zum richtigen Preis und in der erforderlichen Menge ist f\u00fcr Kunden bequemer. Wenn Sie nicht wissen, wie Sie die ben\u00f6tigte Quecksilbermenge richtig messen oder berechnen, wenden Sie sich an die Experten der Agentur, die Ihnen bei der Ermittlung der ben\u00f6tigten Menge helfen. <a href=\"https:\/\/dieapotheke247.com\/\">Dieses<\/a> Produkt wird nur f\u00fcr Forschungschemikalien verwendet, wird jedoch in hochwertiger, reiner Form geliefert.    &nbsp;<\/p>\n","protected":false},"excerpt":{"rendered":"<p>Virgin Silver Fl\u00fcssiges Quecksilber zu verkaufen \u2013 Kaufen Sie Virgin Silver Fl\u00fcssiges Quecksilber online Kaufen Sie Virgin Silver Liquid Mercury online \u2013 Wir bieten reines Silber-Fl\u00fcssigquecksilber in gro\u00dfen Mengen zum Online-Verkauf zu den niedrigsten Preisen an, weil wir der beste Cannabinoid-H\u00e4ndler sind. In reinem Silber gel\u00f6stes Quecksilber kann bei uns legal online f\u00fcr Forschungszwecke gekauft [&hellip;]<\/p>\n","protected":false},"featured_media":18726,"comment_status":"closed","ping_status":"closed","template":"","meta":{"om_disable_all_campaigns":false,"_sitemap_exclude":false,"_sitemap_priority":"","_sitemap_frequency":"","_monsterinsights_skip_tracking":false,"_monsterinsights_sitenote_active":false,"_monsterinsights_sitenote_note":"","_monsterinsights_sitenote_category":0},"product_cat":[23549],"product_tag":[23679,23668,23683,23673,23678,23665,23666,23671,23672,23681,23680,23676,23674,23664,23669,23677,23682,23684,23685,23670,23675,23667],"class_list":{"0":"post-29924","1":"product","2":"type-product","3":"status-publish","4":"has-post-thumbnail","6":"product_cat-forschungschemikalien-und-psychedelika","7":"product_tag-angebote-fur-flussiges-quecksilber-von-virgin-silver-in-europa","8":"product_tag-auswirkungen-von-flussigem-quecksilber-von-virgin-silver","9":"product_tag-authentisches-virgin-silver-flussiges-quecksilber-europa","10":"product_tag-bestellung-von-virgin-silver-flussigem-quecksilber-eu","11":"product_tag-gunstiges-flussiges-quecksilber-aus-virgin-silver-in-europa","12":"product_tag-kaufen-sie-flussiges-quecksilber-von-virgin-silver","13":"product_tag-kaufen-sie-flussiges-quecksilber-von-virgin-silver-online","14":"product_tag-kaufen-sie-virgin-silver-flussiges-quecksilber-online-in-europa","15":"product_tag-virgin-silver-flussiges-quecksilber-bester-preis-europa","16":"product_tag-virgin-silver-flussiges-quecksilber-europa-rabatt","17":"product_tag-virgin-silver-flussiges-quecksilber-europa-shop","18":"product_tag-virgin-silver-flussiges-quecksilber-europa-verkauf","19":"product_tag-virgin-silver-flussiges-quecksilber-kostenloser-versand-europa","20":"product_tag-virgin-silver-flussiges-quecksilber-online-bestellen","21":"product_tag-virgin-silver-flussiges-quecksilber-online-kaufen-de","22":"product_tag-virgin-silver-flussiges-quecksilber-online-shop-europa","23":"product_tag-virgin-silver-flussigquecksilber-lieferung-europa","24":"product_tag-virgin-silver-flussigquecksilberlieferanten-in-europa","25":"product_tag-virgin-silver-liquid-mercury-europa-bewertung","26":"product_tag-wie-viel-ist-virgin-silver-flussiges-quecksilber","27":"product_tag-wo-kann-man-virgin-silver-flussiges-quecksilber-kaufen-europa","28":"product_tag-wo-kann-man-virgin-silver-flussiges-quecksilber-online-kaufen","30":"first","31":"instock","32":"shipping-taxable","33":"purchasable","34":"product-type-variable","35":"farmacie-col"},"aioseo_notices":[],"_links":{"self":[{"href":"https:\/\/lacasadelamedicina.es\/de\/wp-json\/wp\/v2\/product\/29924"}],"collection":[{"href":"https:\/\/lacasadelamedicina.es\/de\/wp-json\/wp\/v2\/product"}],"about":[{"href":"https:\/\/lacasadelamedicina.es\/de\/wp-json\/wp\/v2\/types\/product"}],"replies":[{"embeddable":true,"href":"https:\/\/lacasadelamedicina.es\/de\/wp-json\/wp\/v2\/comments?post=29924"}],"wp:featuredmedia":[{"embeddable":true,"href":"https:\/\/lacasadelamedicina.es\/de\/wp-json\/wp\/v2\/media\/18726"}],"wp:attachment":[{"href":"https:\/\/lacasadelamedicina.es\/de\/wp-json\/wp\/v2\/media?parent=29924"}],"wp:term":[{"taxonomy":"product_cat","embeddable":true,"href":"https:\/\/lacasadelamedicina.es\/de\/wp-json\/wp\/v2\/product_cat?post=29924"},{"taxonomy":"product_tag","embeddable":true,"href":"https:\/\/lacasadelamedicina.es\/de\/wp-json\/wp\/v2\/product_tag?post=29924"}],"curies":[{"name":"wp","href":"https:\/\/api.w.org\/{rel}","templated":true}]}}