{"id":29916,"date":"2024-08-09T14:02:21","date_gmt":"2024-08-09T14:02:21","guid":{"rendered":"https:\/\/lacasadelamedicina.es\/product\/4f-bca-online-kaufen\/"},"modified":"2024-08-09T14:02:21","modified_gmt":"2024-08-09T14:02:21","slug":"4f-bca-online-kaufen","status":"publish","type":"product","link":"https:\/\/lacasadelamedicina.es\/de\/produkt\/4f-bca-online-kaufen\/","title":{"rendered":"4F BCA online kaufen"},"content":{"rendered":"<h3>4F BCA &#8211; 4f-bca zu verkaufen &#8211; 4f bca online kaufen DEUTSCHLAND Research Chemical<\/h3>\n<p> Kaufen Sie 4F BCA online \u2013 Da es sich um den entscheidenden Substanztyp mit steigender Marktnachfrage handelt, ist unser Unternehmen, Ultimate Online Pharmacy, hier, um diese Erwartungen mit einer hochwirksamen Produktlinie zu erf\u00fcllen. Wenn Sie 4F <a href=\"https:\/\/dieapotheke247.com\/\">B<\/a>CA online kaufen m\u00f6chten, kontaktieren Sie uns sofort. Dr. Lawsons Pharmacy ist f\u00fcr seine erstklassigen Waren und kompetente Unterst\u00fctzung bekannt. Wir sind ein seri\u00f6ser 4F-BCA-Verk\u00e4ufer und -Lieferant in der Online-Branche. Es ist als 4-Fluor-BCA bekannt und in fl\u00fcssiger und fester Form erh\u00e4ltlich. Fr\u00fcher als Stimulans verkauft; es geh\u00f6rt zur Indazol-Klasse der Cannabinoide. Kaufen Sie 4F BCA online-       <a href=\"https:\/\/drlawsonspharmacy\/contact-us\/\">KONTAKT<\/a><\/p>\n<p>&nbsp;<\/p>\n<h3>Was ist 4F BCA?<\/h3>\n<p> Neu in der Cannabis-Familie der Forschungschemikalien ist 4F-BCA. Das Medikament ist gelb und zu 99,6 % rein. Die Person muss die Chemikalie an einem k\u00fchlen, trockenen Ort aufbewahren. Das Medikament wirkt \u00e4hnlich wie 4ADB und 5ADB. Es ist eine starke Forschungschemikalie, aber nicht f\u00fcr die Einnahme durch Menschen geeignet. 4F-BCA scheint in seiner Wirkung mit anderen Cannabinoiden vergleichbar zu sein. Zur Verwendung in der Forensik, Forschung und zu Testzwecken k\u00f6nnen Chemiker und Forscher 4F-BCA in den USA kaufen. Diese Medikamente werden von Chemikern, Wissenschaftlern und Forschern als allgemeine Forschungsreferenzmaterialien gekauft. Andere Verwendungen sind nicht zugelassen. Sie k\u00f6nnen 4F-BCA f\u00fcr Forschungszwecke und zum Verkauf erhalten. In vielen L\u00e4ndern sind diese Bet\u00e4ubungsmittel eingeschr\u00e4nkt oder kontrolliert, und mehrere US-Bundesstaaten haben sie verboten.           &nbsp;<\/p>\n<h3>4F BCA online kaufen<\/h3>\n<p> Es gibt keine Belege, die insbesondere die Verwendung von 4F-BCA unterst\u00fctzen. Diese Medikamente helfen \u00e4ngstlichen und mittellosen Menschen, die sie einnehmen, sich zu entspannen. Sie sind online erh\u00e4ltlich. Kaufen Sie 4F-BCA mit Rabatt. Wir verf\u00fcgen \u00fcber umfangreiche Branchenkenntnisse und verstehen die Verbraucherpsychologie.     <strong>Es kann haupts\u00e4chlich inhaliert oder oral eingenommen werden.<\/strong><\/p>\n<p><strong>Die genaue Menge und Menge der Droge ist hingegen umstritten.<\/strong><\/p>\n<p><strong>Die meisten Menschen sind sich der genauen Dosis und Zusammensetzung, die sie einnehmen, nicht bewusst.<\/strong> Medizinische Untersuchungen zeigen, dass diese Medikamente, wie beispielsweise 4F-BCA von Chemical Frog mit einer Reinheit von 99,9 %, keinen industriellen, kommerziellen oder medizinischen Nutzen haben. \u00dcbersetzt mit www.DeepL.com\/Translator (kostenlose Version)  &nbsp;<\/p>\n<h3><strong>4F BCA bestellen<\/strong> \u2013 Wie w\u00e4hlt man die richtige Plattform aus?<\/h3>\n<p> Die hohe Qualit\u00e4t des 4F-BCA zum Verkauf, die einwandfreie chemische Kennzeichnung, die diskrete Verpackung, die p\u00fcnktliche Lieferung, der sichere Transport und andere von unserem Unternehmen angebotene Dienstleistungen heben uns von der Konkurrenz ab. Es ist einfach und sicher, 4F-BCA-Forschungschemikalien online von unserer Website zu beziehen. Alle Kundendaten sind normalerweise in unserem System gesch\u00fctzt. Unsere Zahlungsprozesse sind ebenfalls sicher. Es ist eine sehr starke und aktive Substanz. Indem es sich an die CB1-Rezeptoren im Gehirn bindet, verlangsamt es diese. Bei l\u00e4ngerer Einnahme ist das menschliche Zentralnervensystem sehr anf\u00e4llig. Einige Chemiehersteller stellen die Medikamente in Kr\u00e4uterform her und vermarkten sie lokal als sichere und legale Substanzen.        &nbsp;<\/p>\n","protected":false},"excerpt":{"rendered":"<p>&nbsp;<\/p>\n","protected":false},"featured_media":18666,"comment_status":"closed","ping_status":"closed","template":"","meta":{"om_disable_all_campaigns":false,"_sitemap_exclude":false,"_sitemap_priority":"","_sitemap_frequency":"","_monsterinsights_skip_tracking":false,"_monsterinsights_sitenote_active":false,"_monsterinsights_sitenote_note":"","_monsterinsights_sitenote_category":0},"product_cat":[23549],"product_tag":[23628,23629,23638,23635,23641,23640,23637,23636,23632,23620,23630,23621,23622,23627,23633,23625,23624,23639,23634,23626,23623,23631],"class_list":{"0":"post-29916","1":"product","2":"type-product","3":"status-publish","4":"has-post-thumbnail","6":"product_cat-forschungschemikalien-und-psychedelika","7":"product_tag-4f-bca-bester-preis-europa","8":"product_tag-4f-bca-eu-bestellen","9":"product_tag-4f-bca-europa-lieferung","10":"product_tag-4f-bca-europe-angebote","11":"product_tag-4f-bca-europe-bewertung","12":"product_tag-4f-bca-europe-lieferanten","13":"product_tag-4f-bca-europe-rabatt","14":"product_tag-4f-bca-europe-shop-de","15":"product_tag-4f-bca-europe-verkauf","16":"product_tag-4f-bca-kaufen-de","17":"product_tag-4f-bca-kostenloser-versand-europa","18":"product_tag-4f-bca-online-bestellen-de","19":"product_tag-4f-bca-online-kaufen-de","20":"product_tag-4f-bca-online-kaufen-europa","21":"product_tag-4f-bca-online-shop-europa","22":"product_tag-4f-bca-verkaufe-online","23":"product_tag-auswirkungen-von-4f-bca","24":"product_tag-authentisches-4f-bca-europe","25":"product_tag-gunstige-4f-bca-europe","26":"product_tag-wie-viel-kostet-4f-bca","27":"product_tag-wo-kann-man-4f-bca-online-kaufen","28":"product_tag-wo-sie-4f-bca-europe-kaufen-konnen","30":"first","31":"instock","32":"shipping-taxable","33":"purchasable","34":"product-type-variable","35":"farmacie-col"},"aioseo_notices":[],"_links":{"self":[{"href":"https:\/\/lacasadelamedicina.es\/de\/wp-json\/wp\/v2\/product\/29916"}],"collection":[{"href":"https:\/\/lacasadelamedicina.es\/de\/wp-json\/wp\/v2\/product"}],"about":[{"href":"https:\/\/lacasadelamedicina.es\/de\/wp-json\/wp\/v2\/types\/product"}],"replies":[{"embeddable":true,"href":"https:\/\/lacasadelamedicina.es\/de\/wp-json\/wp\/v2\/comments?post=29916"}],"wp:featuredmedia":[{"embeddable":true,"href":"https:\/\/lacasadelamedicina.es\/de\/wp-json\/wp\/v2\/media\/18666"}],"wp:attachment":[{"href":"https:\/\/lacasadelamedicina.es\/de\/wp-json\/wp\/v2\/media?parent=29916"}],"wp:term":[{"taxonomy":"product_cat","embeddable":true,"href":"https:\/\/lacasadelamedicina.es\/de\/wp-json\/wp\/v2\/product_cat?post=29916"},{"taxonomy":"product_tag","embeddable":true,"href":"https:\/\/lacasadelamedicina.es\/de\/wp-json\/wp\/v2\/product_tag?post=29916"}],"curies":[{"name":"wp","href":"https:\/\/api.w.org\/{rel}","templated":true}]}}