{"id":29911,"date":"2024-08-09T14:02:30","date_gmt":"2024-08-09T14:02:30","guid":{"rendered":"https:\/\/lacasadelamedicina.es\/product\/ibogain-pulver-online-kaufen\/"},"modified":"2024-08-09T14:02:30","modified_gmt":"2024-08-09T14:02:30","slug":"ibogain-pulver-online-kaufen","status":"publish","type":"product","link":"https:\/\/lacasadelamedicina.es\/de\/produkt\/ibogain-pulver-online-kaufen\/","title":{"rendered":"Ibogain Pulver online kaufen"},"content":{"rendered":"<h3 class=\"product_title entry-title\">Kaufen Sie Ibogainpulver online.<\/h3>\n<p> Kaufen Sie Ibogainpulver online. Online erh\u00e4ltlich ist auch Kokain. Ein Busch ist Iboga. In mehreren afrikanischen Gemeinschaften wird er stilisiert und f\u00fcr allgemeine Zwecke verwendet. Die Wurzelrinde dieser Pflanze wird auch in der Medizin verwendet. Der Bestandteil von Ibogai, der in <a href=\"https:\/\/dieapotheke247.com\/\">Deutschland<\/a> verboten ist, ist Ibogain. Iboga wird von Menschen zur Behandlung von Heuschnupfen, saisonaler Grippe, Schweinegrippe, Bluthochdruck, Drogensucht, HIV\/AIDS und Nervenproblemen verwendet. Es wird auch als allgemeines St\u00e4rkungsmittel, zur Steigerung des sexuellen Verlangens, zur Bek\u00e4mpfung von Drogenmissbrauch und -abh\u00e4ngigkeit und zur Vorbeugung von M\u00fcdigkeit und Schl\u00e4frigkeit verwendet.        <\/p>\n<h3>Kaufen Sie Ibogainpulver online. Kokain ist ebenfalls online erh\u00e4ltlich. <\/h3>\n<p> Einf\u00fchrung Das nat\u00fcrliche Alkaloid Ibogapulver, das aus der Ibogapflanze Tabernanthe gewonnen wird, ist f\u00fcr sein au\u00dfergew\u00f6hnliches Potenzial bekannt, tiefgreifende Heilung und Transformation zu f\u00f6rdern. Dieses saubere und wirksame Pulver ist ein vielversprechendes Heilmittel f\u00fcr Menschen, die einen neuen Weg zum Wohlbefinden suchen, und bietet einen ganzheitlichen Ansatz zur Behandlung verschiedener k\u00f6rperlicher, geistiger und emotionaler Probleme. Wir w\u00e4hlen unsere vertrauensw\u00fcrdigen Lieferanten sorgf\u00e4ltig aus, um die h\u00f6chste Qualit\u00e4t und Reinheit unseres Ibogainpulvers sicherzustellen. Wir f\u00fchren an jeder Charge gr\u00fcndliche Tests durch, um ihre Wirksamkeit zu best\u00e4tigen, damit Sie Ihre Reise mit Zuversicht und Seelenfrieden beginnen k\u00f6nnen.    <\/p>\n<h3><strong>Ibogain Pulver bestellen<\/strong><\/h3>\n<p> Ibogain ist bekannt f\u00fcr seine au\u00dfergew\u00f6hnliche F\u00e4higkeit, den Kreislauf der Substanzabh\u00e4ngigkeit zu durchbrechen, was es f\u00fcr diejenigen attraktiv macht, die sich von der Sucht befreien m\u00f6chten. Es wirkt auf die Rezeptoren des Gehirns und schafft eine lebensver\u00e4ndernde Erfahrung, die hilft, die Fesseln der Sucht zu brechen und uns einen Neuanfang auf dem Weg der Genesung erm\u00f6glicht. Ibogain hat sich als vielversprechend erwiesen, um neben der Suchtbehandlung das geistige und emotionale Wohlbefinden zu f\u00f6rdern. Viele berichten von einer erh\u00f6hten Reflexion, die ihnen geholfen hat, tief verwurzelte emotionale Traumata, \u00c4ngste und Traurigkeit zu verarbeiten und zu heilen. Die vision\u00e4re Komponente der Ibogain-Erfahrung bietet einen heiligen Raum f\u00fcr Selbstbeobachtung und Selbstfindung, was oft zur St\u00e4rkung spiritueller Bindungen und pers\u00f6nlicher Entwicklung f\u00fchrt.<\/p>\n","protected":false},"excerpt":{"rendered":"<p>Zur Pflanzenfamilie der Apocynaceae geh\u00f6ren Arten wie Tabernanthe iboga, Voacanga africana und Tabernaemontana undulata, die den nat\u00fcrlich vorkommenden halluzinogenen Stoff Ibogain enthalten. Eine psychedelische Droge mit dissoziativer Wirkung.  <\/p>\n","protected":false},"featured_media":18816,"comment_status":"closed","ping_status":"closed","template":"","meta":{"om_disable_all_campaigns":false,"_sitemap_exclude":false,"_sitemap_priority":"","_sitemap_frequency":"","_monsterinsights_skip_tracking":false,"_monsterinsights_sitenote_active":false,"_monsterinsights_sitenote_note":"","_monsterinsights_sitenote_category":0},"product_cat":[23549],"product_tag":[23617,23612,23606,23607,23613,23619,23618,23616,23615,23614,23610,23608,23599,23600,23611,23603,23598,23605,23604,23602,23609,23601],"class_list":{"0":"post-29911","1":"product","2":"type-product","3":"status-publish","4":"has-post-thumbnail","6":"product_cat-forschungschemikalien-und-psychedelika","7":"product_tag-authentisches-ibogainpulver-europa","8":"product_tag-gunstiges-ibogainpulver-europa","9":"product_tag-ibogain-pulver-bester-preis-europa","10":"product_tag-ibogain-pulver-eu-bestellen","11":"product_tag-ibogain-pulver-europa-angebote","12":"product_tag-ibogain-pulver-europa-erfahrungsbericht","13":"product_tag-ibogain-pulver-europa-lieferanten","14":"product_tag-ibogain-pulver-europa-lieferung","15":"product_tag-ibogain-pulver-europa-rabatt","16":"product_tag-ibogain-pulver-europa-shop","17":"product_tag-ibogain-pulver-europa-verkauf","18":"product_tag-ibogain-pulver-kostenloser-versand-europa","19":"product_tag-ibogain-pulver-online-bestellen","20":"product_tag-ibogain-pulver-online-kaufen","21":"product_tag-ibogain-pulver-online-shop-europa","22":"product_tag-ibogain-pulver-verkauf-online","23":"product_tag-ibogainpulver-kaufen","24":"product_tag-kaufen-sie-ibogainpulver-online-in-europa","25":"product_tag-wie-viel-kostet-ibogainpulver","26":"product_tag-wirkungen-von-ibogainpulver","27":"product_tag-wo-kann-man-ibogainpulver-in-europa-kaufen","28":"product_tag-wo-kann-man-ibogainpulver-online-kaufen","30":"first","31":"instock","32":"shipping-taxable","33":"purchasable","34":"product-type-variable","35":"farmacie-col"},"aioseo_notices":[],"_links":{"self":[{"href":"https:\/\/lacasadelamedicina.es\/de\/wp-json\/wp\/v2\/product\/29911"}],"collection":[{"href":"https:\/\/lacasadelamedicina.es\/de\/wp-json\/wp\/v2\/product"}],"about":[{"href":"https:\/\/lacasadelamedicina.es\/de\/wp-json\/wp\/v2\/types\/product"}],"replies":[{"embeddable":true,"href":"https:\/\/lacasadelamedicina.es\/de\/wp-json\/wp\/v2\/comments?post=29911"}],"wp:featuredmedia":[{"embeddable":true,"href":"https:\/\/lacasadelamedicina.es\/de\/wp-json\/wp\/v2\/media\/18816"}],"wp:attachment":[{"href":"https:\/\/lacasadelamedicina.es\/de\/wp-json\/wp\/v2\/media?parent=29911"}],"wp:term":[{"taxonomy":"product_cat","embeddable":true,"href":"https:\/\/lacasadelamedicina.es\/de\/wp-json\/wp\/v2\/product_cat?post=29911"},{"taxonomy":"product_tag","embeddable":true,"href":"https:\/\/lacasadelamedicina.es\/de\/wp-json\/wp\/v2\/product_tag?post=29911"}],"curies":[{"name":"wp","href":"https:\/\/api.w.org\/{rel}","templated":true}]}}