{"id":29902,"date":"2024-08-09T14:02:30","date_gmt":"2024-08-09T14:02:30","guid":{"rendered":"https:\/\/lacasadelamedicina.es\/product\/k2-papier-online-kaufen\/"},"modified":"2024-09-14T16:48:12","modified_gmt":"2024-09-14T16:48:12","slug":"k2-papier-online-kaufen","status":"publish","type":"product","link":"https:\/\/lacasadelamedicina.es\/de\/produkt\/k2-papier-online-kaufen\/","title":{"rendered":"K2 Papier online kaufen"},"content":{"rendered":"<h3 class=\"product_title entry-title\">Kaufen Sie K2-Papier online.<\/h3>\n<h3>K2 Papierb\u00f6gen g\u00fcnstig nach Hause liefern lassen<\/h3>\n<p> Sie k\u00f6nnen K2-Papier online kaufen. Eine g\u00e4ngige Art, Marihuana zu konsumieren, ist der schnelle Wechsel zur synthetischen Form. K2-Papier ist eine Mischung aus zerkleinertem Pflanzenmaterial und k\u00fcnstlichen Substanzen mit psychedelischer Wirkung. Studien zeigen, dass die Chemikalien an dieselben Rezeptoren auf den Nervenzellen im Gehirn andocken wie THC, was die Stimmung hebt, die Entspannung f\u00f6rdert, die Wahrnehmung ver\u00e4ndert und Psychosen ausl\u00f6st. Wenn Sie nach erstklassigen Waren suchen, sind Sie in unserem zuverl\u00e4ssigen Online-Shop an der richtigen Adresse. Wir kaufen unsere Produkte von zuverl\u00e4ssigen Herstellern, um die Sicherheit unserer Kunden zu gew\u00e4hrleisten. Wir versprechen, dass Sie es nicht bereuen werden, uns auszuprobieren.       <a href=\"https:\/\/drlawsonspharmacy\/contact-us\/\"><a href=\"https:\/\/drlawsonspharmacy\/contact-us\/\">KONTAKT<\/a><\/a><\/p>\n<h3><strong>K2 Paper bestellen<\/strong><\/h3>\n<p> Cannabinoide sind chemische Verbindungen, die nat\u00fcrlicherweise in Marihuanapflanzen vorkommen und die Bausteine \u200b\u200bvieler pharmazeutischer Produkte sind. Der aktive Bestandteil von Cannabis weist molekulare \u00c4hnlichkeiten mit dem synthetischen K2-Kr\u00e4uterpapier auf. Die Vorteile sind gr\u00f6\u00dfer und wenn eine Sitzung vorbei ist, kann man sich gelassen und beschwingt f\u00fchlen. Marihuana wird als sicherer Ersatz f\u00fcr eine Reihe von therapeutischen und Freizeitzwecken verwendet, da sich die Menschen seiner Vorteile immer mehr bewusst werden. Obwohl eine \u00dcberdosis zu Angstzust\u00e4nden, Halluzinationen, Bluthochdruck, Brustschmerzen, Kurzatmigkeit, Krampfanf\u00e4llen und Erbrechen f\u00fchren kann, sollte man mit Vorsicht vorgehen. Die Chemikalien in einigen K2-Gew\u00fcrzprodukten auf dem Markt k\u00f6nnten gef\u00e4hrlich sein. Deshalb ist es wichtig, bei Dr. Lawsons Pharmacy zu kaufen.       <\/p>\n<h3><strong>K2 Paper bestellen<\/strong><\/h3>\n<p> M\u00f6chten Sie die besten Kr\u00e4uterprodukte kaufen? Wir bieten Ihnen eine gro\u00dfartige M\u00f6glichkeit, K2 Paper online zu g\u00fcnstigen Preisen zu kaufen, da wir einen gro\u00dfen internationalen Kundenstamm haben. Wir bieten Ihnen nicht nur die gr\u00f6\u00dfte Auswahl, sondern auch diskrete Versandoptionen und sichere Zahlungsm\u00f6glichkeiten. Sie sind nicht gezwungen, an nahegelegenen Tankstellen oder Rastst\u00e4tten anzuhalten. Das Unternehmen plant, die Messlatte sowohl bei der Produktqualit\u00e4t als auch beim Kundenservice immer h\u00f6her zu legen, um der Konkurrenz immer einen Schritt voraus zu sein. Unser oberstes Ziel ist es, Sie zufriedenzustellen, und wir haben immer ein kompetentes Team zur Hand, um alle Probleme zu l\u00f6sen. Wenn Sie Fragen oder Bedenken haben, z\u00f6gern Sie nicht, sich mit uns in Verbindung zu setzen.<\/p>\n","protected":false},"excerpt":{"rendered":"<p>Jedes A4-Blatt enth\u00e4lt 25 ml = 0,845351 Fl\u00fcssigunzen fl\u00fcssige K2-Infusion. K2-Papier zum Verkauf, das farb- und geruchlos ist. Dar\u00fcber hinaus verkaufen wir K2-Spray. Wir bieten Premiumprodukte mit ausgezeichnetem und diskretem Versand. Mit 12 Jahren Erfahrung in der Lieferung von Forschungschemikalien hat Sicherheit f\u00fcr uns oberste Priorit\u00e4t. Wir sind zuverl\u00e4ssig, vertrauensw\u00fcrdig und bieten nur qualitativ hochwertige Produkte zu wettbewerbsf\u00e4higen Preisen an. Kaufen Sie K2-Papier online, billiges K2-Papier, K2-Papier zum Verkauf, legales K2-Gew\u00fcrzpapier, fl\u00fcssiges K2 auf Papier, Gew\u00fcrzpapier,       &nbsp;<\/p>\n","protected":false},"featured_media":18801,"comment_status":"closed","ping_status":"closed","template":"","meta":{"om_disable_all_campaigns":false,"_sitemap_exclude":false,"_sitemap_priority":"","_sitemap_frequency":"","_monsterinsights_skip_tracking":false,"_monsterinsights_sitenote_active":false,"_monsterinsights_sitenote_note":"","_monsterinsights_sitenote_category":0},"product_cat":[23549],"product_tag":[23576,23591,23586,23587,23589,23593,23584,23592,23588,23585,23580,23581,23590,23572,23573,23574,23582,23577,23579,23578,23583,23575],"class_list":{"0":"post-29902","1":"product","2":"type-product","3":"status-publish","4":"has-post-thumbnail","6":"product_cat-forschungschemikalien-und-psychedelika","7":"product_tag-auswirkungen-von-k2-papier","8":"product_tag-authentisches-k2-papier-europa","9":"product_tag-gunstiges-k2-papier-europa","10":"product_tag-k2-paper-europa-angebote","11":"product_tag-k2-paper-europa-rabatt","12":"product_tag-k2-paper-europa-testbericht","13":"product_tag-k2-paper-europa-verkauf","14":"product_tag-k2-paper-europe-lieferanten","15":"product_tag-k2-paper-europe-shop-de","16":"product_tag-k2-paper-online-shop-europa","17":"product_tag-k2-papier-bester-preis-europa","18":"product_tag-k2-papier-eu-bestellen","19":"product_tag-k2-papier-europa-lieferung","20":"product_tag-k2-papier-kaufen-de","21":"product_tag-k2-papier-online-bestellen-de","22":"product_tag-k2-papier-online-kaufen-de","23":"product_tag-k2-papier-versandkostenfrei-europa","24":"product_tag-k2-papierverkauf-online","25":"product_tag-k2-papier-online-kaufen-europa","26":"product_tag-wie-viel-kostet-k2-papier","27":"product_tag-wo-kann-man-k2-papier-in-europa-kaufen","28":"product_tag-wo-kann-man-k2-papier-online-kaufen","30":"first","31":"instock","32":"shipping-taxable","33":"purchasable","34":"product-type-variable","35":"farmacie-col"},"aioseo_notices":[],"_links":{"self":[{"href":"https:\/\/lacasadelamedicina.es\/de\/wp-json\/wp\/v2\/product\/29902"}],"collection":[{"href":"https:\/\/lacasadelamedicina.es\/de\/wp-json\/wp\/v2\/product"}],"about":[{"href":"https:\/\/lacasadelamedicina.es\/de\/wp-json\/wp\/v2\/types\/product"}],"replies":[{"embeddable":true,"href":"https:\/\/lacasadelamedicina.es\/de\/wp-json\/wp\/v2\/comments?post=29902"}],"wp:featuredmedia":[{"embeddable":true,"href":"https:\/\/lacasadelamedicina.es\/de\/wp-json\/wp\/v2\/media\/18801"}],"wp:attachment":[{"href":"https:\/\/lacasadelamedicina.es\/de\/wp-json\/wp\/v2\/media?parent=29902"}],"wp:term":[{"taxonomy":"product_cat","embeddable":true,"href":"https:\/\/lacasadelamedicina.es\/de\/wp-json\/wp\/v2\/product_cat?post=29902"},{"taxonomy":"product_tag","embeddable":true,"href":"https:\/\/lacasadelamedicina.es\/de\/wp-json\/wp\/v2\/product_tag?post=29902"}],"curies":[{"name":"wp","href":"https:\/\/api.w.org\/{rel}","templated":true}]}}