{"id":29890,"date":"2024-08-09T14:02:30","date_gmt":"2024-08-09T14:02:30","guid":{"rendered":"https:\/\/lacasadelamedicina.es\/product\/k2-rauchspray-online-kaufen-spice-online\/"},"modified":"2024-09-14T16:43:49","modified_gmt":"2024-09-14T16:43:49","slug":"k2-rauchspray-online-kaufen-spice-online","status":"publish","type":"product","link":"https:\/\/lacasadelamedicina.es\/de\/produkt\/k2-rauchspray-online-kaufen-spice-online\/","title":{"rendered":"K2 Rauchspray online kaufen (SPICE) Online"},"content":{"rendered":"<h3>K2 R\u00e4ucherspray online kaufen (SPICE) Online.<\/h3>\n<p> K2 R\u00e4ucherspray kaufen &#8211; K2-Papier ist ebenfalls erh\u00e4ltlich. Es besteht die M\u00f6glichkeit, farb- und geruchloses K2-Spray zu kaufen. Sie ben\u00f6tigen 25 ml Spray, um ein ganzes A4-Blatt Papier abzudecken. K2 R\u00e4ucherspray online kaufen (SPICE) <a href=\"https:\/\/drlawsonspharmacy\/contact-us\/\">KONTAKT<\/a> Die beiden bekanntesten Namen f\u00fcr synthetisches Marihuana sind Flavor und K2. Sie bestehen aus getrocknetem Pflanzenmaterial, das mit k\u00fcnstlichen Cannabinoiden vermischt wurde. Die k\u00fcnstlichen Cannabinoide sind synthetische Mischungen, die auf die Cannabinoidrezeptoren des Gehirns dieselbe Wirkung haben wie Delta-9-Tetrahydrocannabinol (THC), der wichtigste psychoaktive Bestandteil von Marihuana. Cannabiskonsumenten glauben, dass der Konsum von Spice \u00e4hnliche Wirkungen hat. Cannabinoide, also chemische Verbindungen, kommen in der Marihuanapflanze vor. Eine Gruppe von Medikamenten, die als k\u00fcnstliche Cannabinoide bezeichnet werden, hei\u00dft Flavor und K2. Sie bestehen aus getrocknetem Pflanzenmaterial, das mit k\u00fcnstlichen Substanzen behandelt wurde, um die Wahrnehmung zu beeinflussen. Zun\u00e4chst trafen Analysten Vorbereitungen f\u00fcr Tests mit diesen k\u00fcnstlichen Medikamenten.           <\/p>\n<h3>K2 Rauchspray online kaufen (SPICE)<\/h3>\n<p> K2 wird auch als Fl\u00fcssigkeit angeboten, die mit E-Zigaretten geraucht werden kann. Es kann auch als Tee konsumiert oder in Joints oder Pfeifen geraucht werden. Die fl\u00fcssige Form von K2 wird dann auf Fasern, Papier und Pflanzen getr\u00e4ufelt. Spice kann \u00e4hnliche Wirkungen wie Marihuana haben, wird aber haupts\u00e4chlich wegen seiner Diskretion und Bekanntheit konsumiert. Normalerweise wird diese Chemikalie als Pflanzenmaterial angeboten. Obwohl wir einen hervorragenden K2-Geschmack anbieten, wird die Gesamtzusammensetzung unserer ma\u00dfgeschneiderten Mischungen vollst\u00e4ndig durch die geltenden Vorschriften bestimmt. Kr\u00e4uterweihrauch online Um Ihre Sinne zu wecken, kaufen Sie starken K2-Kr\u00e4uterweihrauch! Wenn Sie K2 bei uns kaufen, hebt sich unsere Qualit\u00e4t von denen ab, die leblose Mischungen und Imitationen verkaufen. Wir heben uns von anderen Anbietern ab, weil wir hochwertigen Kr\u00e4uterweihrauch verkaufen. Ein k\u00fcnstlich hergestelltes Stra\u00dfenberuhigungsmittel mit synthetischen Substanzen, auf Aromen gespr\u00fcht, Geschmack ist auch als K2 bekannt, synthetisches Marihuana und synthetisches Weed-Weihrauchspray, K2-Spray zu verkaufen. Auf Papier, K2-Fl\u00fcssigkeit. Sie k\u00f6nnen K2-Spray und fl\u00fcssigen Weihrauch online kaufen. Bestellen Sie K2 Zing-Papier in h\u00f6chster Qualit\u00e4t und lassen Sie es direkt nach Hause liefern.             <\/p>\n<h3><strong>K2 R\u00e4ucherspray Online (SPICE) online<\/strong><\/h3>\n<p> Wenn Sie K2-R\u00e4ucherfl\u00fcssigkeiten und E-Liquid-Streusel online meistern m\u00f6chten, sind Sie hier genau richtig. Um die Bed\u00fcrfnisse aller Kunden in den Vereinigten Staaten und auf der ganzen Welt zu erf\u00fcllen, verkaufen wir die lokalen w\u00fctenden Dominanten von K2-Fl\u00fcssigkeit zu den g\u00fcnstigsten Preisen. Eine weitere bekannte Verwendung ist die Herstellung von K2-Sp\u00fclungen, die normalerweise topisch angewendet werden. Es ist zweifellos lebenswichtig. Hergestellte Cannabinoide \u2013 auch als \u201eGeschmack\u201c oder \u201eK2\u201c bezeichnet \u2013 tauchten erstmals in den 2000er Jahren in den Vereinigten Staaten auf. Hochwertiges K2-Gew\u00fcrzpapier. Wir bieten das beste K2-Gew\u00fcrzpapier, das Sie online kaufen k\u00f6nnen. Holen Sie es sich jetzt. Was genau ist synthetisches Marihuana (auch bekannt als K2, Gew\u00fcrz oder hergestellte Cannabinoide)? Das beste lokale R\u00e4ucherwerk ist bei uns erh\u00e4ltlich.          &nbsp;<\/p>\n","protected":false},"excerpt":{"rendered":"<p>K2 Spray ist k\u00e4uflich zu erwerben und ist farb- und geruchslos. Um ein ganzes A4-Blatt Papier zu bespr\u00fchen, ben\u00f6tigen Sie 25 ml. K2 Paper ist ein weiterer Artikel, den wir verkaufen.   &nbsp;<\/p>\n","protected":false},"featured_media":18786,"comment_status":"closed","ping_status":"closed","template":"","meta":{"om_disable_all_campaigns":false,"_sitemap_exclude":false,"_sitemap_priority":"","_sitemap_frequency":"","_monsterinsights_skip_tracking":false,"_monsterinsights_sitenote_active":false,"_monsterinsights_sitenote_note":"","_monsterinsights_sitenote_category":0},"product_cat":[23549],"product_tag":[23554,23569,23564,23558,23559,23565,23570,23566,23571,23567,23562,23568,23550,23553,23551,23557,23563,23555,23560,23556,23561,23552],"class_list":{"0":"post-29890","1":"product","2":"type-product","3":"status-publish","4":"has-post-thumbnail","6":"product_cat-forschungschemikalien-und-psychedelika","7":"product_tag-auswirkungen-von-k2-rauchspray-spice","8":"product_tag-authentisches-k2-rauchspray-spice-europa","9":"product_tag-gunstiges-k2-rauchspray-spice-europa","10":"product_tag-k2-rauchspray-spice-bester-preis-europa","11":"product_tag-k2-rauchspray-spice-eu-bestellen","12":"product_tag-k2-rauchspray-spice-europa-angebote","13":"product_tag-k2-rauchspray-spice-europa-lieferanten","14":"product_tag-k2-rauchspray-spice-europa-shop","15":"product_tag-k2-rauchspray-spice-europa-testbericht","16":"product_tag-k2-rauchspray-spice-europa-rabatt","17":"product_tag-k2-rauchspray-spice-europa-verkauf","18":"product_tag-k2-rauchspray-spice-europalieferung","19":"product_tag-k2-rauchspray-spice-kaufen","20":"product_tag-k2-rauchspray-spice-online-bestellen","21":"product_tag-k2-rauchspray-spice-online-kaufen","22":"product_tag-k2-rauchspray-spice-online-kaufen-europa","23":"product_tag-k2-rauchspray-spice-online-shop-europa","24":"product_tag-k2-rauchspray-spice-online-verkauf","25":"product_tag-k2-rauchspray-spice-versandkostenfrei-europa","26":"product_tag-wie-viel-kostet-k2-rauchspray-spice","27":"product_tag-wo-kann-man-k2-rauchspray-spice-europa-kaufen","28":"product_tag-wo-kann-man-k2-rauchspray-spice-online-kaufen","30":"first","31":"instock","32":"shipping-taxable","33":"purchasable","34":"product-type-variable","35":"farmacie-col"},"aioseo_notices":[],"_links":{"self":[{"href":"https:\/\/lacasadelamedicina.es\/de\/wp-json\/wp\/v2\/product\/29890"}],"collection":[{"href":"https:\/\/lacasadelamedicina.es\/de\/wp-json\/wp\/v2\/product"}],"about":[{"href":"https:\/\/lacasadelamedicina.es\/de\/wp-json\/wp\/v2\/types\/product"}],"replies":[{"embeddable":true,"href":"https:\/\/lacasadelamedicina.es\/de\/wp-json\/wp\/v2\/comments?post=29890"}],"wp:featuredmedia":[{"embeddable":true,"href":"https:\/\/lacasadelamedicina.es\/de\/wp-json\/wp\/v2\/media\/18786"}],"wp:attachment":[{"href":"https:\/\/lacasadelamedicina.es\/de\/wp-json\/wp\/v2\/media?parent=29890"}],"wp:term":[{"taxonomy":"product_cat","embeddable":true,"href":"https:\/\/lacasadelamedicina.es\/de\/wp-json\/wp\/v2\/product_cat?post=29890"},{"taxonomy":"product_tag","embeddable":true,"href":"https:\/\/lacasadelamedicina.es\/de\/wp-json\/wp\/v2\/product_tag?post=29890"}],"curies":[{"name":"wp","href":"https:\/\/api.w.org\/{rel}","templated":true}]}}