{"id":29887,"date":"2024-08-09T14:02:39","date_gmt":"2024-08-09T14:02:39","guid":{"rendered":"https:\/\/lacasadelamedicina.es\/product\/albert-einstein-queen-elizabeth-online-kaufen\/"},"modified":"2024-08-09T14:02:39","modified_gmt":"2024-08-09T14:02:39","slug":"albert-einstein-queen-elizabeth-online-kaufen","status":"publish","type":"product","link":"https:\/\/lacasadelamedicina.es\/de\/produkt\/albert-einstein-queen-elizabeth-online-kaufen\/","title":{"rendered":"Albert Einstein + Queen Elizabeth online kaufen"},"content":{"rendered":"<h2>Albert Einstein + Queen Elizabeth online kaufen. 2er-Set hochwertiger Bl\u00e4tter. <\/h2>\n<p> Kaufen Sie Albert Einstein + Queen Elizabeth online. Set mit 2 hochwertigen Bl\u00e4ttern. Diese perforierten Bl\u00e4tter haben leuchtende Farben, viele Details und eine saubere 1\/4-Zoll-Perforation. 2 verschiedene Designs \u2013 auch einzeln erh\u00e4ltlich.<\/p>\n","protected":false},"excerpt":{"rendered":"<p>Albert Einstein + Queen Elizabeth online kaufen. 2er-Set hochwertiger Bl\u00e4tter. Kaufen Sie Albert Einstein + Queen Elizabeth online. Set mit 2 hochwertigen Bl\u00e4ttern. Diese perforierten Bl\u00e4tter haben leuchtende Farben, viele Details und eine saubere 1\/4-Zoll-Perforation. 2 verschiedene Designs \u2013 auch einzeln erh\u00e4ltlich.<\/p>\n","protected":false},"featured_media":19236,"comment_status":"open","ping_status":"closed","template":"","meta":{"om_disable_all_campaigns":false,"_sitemap_exclude":false,"_sitemap_priority":"","_sitemap_frequency":"","_monsterinsights_skip_tracking":false,"_monsterinsights_sitenote_active":false,"_monsterinsights_sitenote_note":"","_monsterinsights_sitenote_category":0},"product_cat":[22918],"product_tag":[23261,23257,23255,23253,23265,23260,23262,23266,23263,23245,23248,23246,23252,23258,23250,23249,23264,23254,23259,23251,23256,23247],"class_list":{"0":"post-29887","1":"product","2":"type-product","3":"status-publish","4":"has-post-thumbnail","6":"product_cat-lsd-de","7":"product_tag-albert-einstein-konigin-elisabeth-europa-shop","8":"product_tag-albert-einstein-konigin-elisabeth-europa-verkauf","9":"product_tag-albert-einstein-konigin-elisabeth-versandkostenfrei-nach-europa","10":"product_tag-albert-einstein-queen-elizabeth-bestpreis-europa","11":"product_tag-albert-einstein-queen-elizabeth-europa-lieferanten","12":"product_tag-albert-einstein-queen-elizabeth-europa-angebote","13":"product_tag-albert-einstein-queen-elizabeth-europa-rabatt","14":"product_tag-albert-einstein-queen-elizabeth-europa-rezension","15":"product_tag-albert-einstein-queen-elizabeth-europalieferung","16":"product_tag-albert-einstein-queen-elizabeth-kaufen","17":"product_tag-albert-einstein-queen-elizabeth-online-bestellen","18":"product_tag-albert-einstein-queen-elizabeth-online-kaufen","19":"product_tag-albert-einstein-queen-elizabeth-online-kaufen-europa","20":"product_tag-albert-einstein-queen-elizabeth-online-shop-europa","21":"product_tag-albert-einstein-queen-elizabeth-online-verkauf","22":"product_tag-auswirkungen-von-albert-einstein-konigin-elisabeth","23":"product_tag-authentischer-albert-einstein-konigin-elizabeth-europa","24":"product_tag-bestellung-albert-einstein-queen-elizabeth-eu","25":"product_tag-gunstig-albert-einstein-queen-elizabeth-europa","26":"product_tag-wie-viel-kostet-albert-einstein-konigin-elisabeth","27":"product_tag-wo-kann-man-albert-einstein-queen-elizabeth-europe-kaufen","28":"product_tag-wo-kann-man-albert-einstein-queen-elizabeth-online-kaufen","30":"first","31":"instock","32":"shipping-taxable","33":"purchasable","34":"product-type-simple","35":"farmacie-col"},"aioseo_notices":[],"_links":{"self":[{"href":"https:\/\/lacasadelamedicina.es\/de\/wp-json\/wp\/v2\/product\/29887"}],"collection":[{"href":"https:\/\/lacasadelamedicina.es\/de\/wp-json\/wp\/v2\/product"}],"about":[{"href":"https:\/\/lacasadelamedicina.es\/de\/wp-json\/wp\/v2\/types\/product"}],"replies":[{"embeddable":true,"href":"https:\/\/lacasadelamedicina.es\/de\/wp-json\/wp\/v2\/comments?post=29887"}],"wp:featuredmedia":[{"embeddable":true,"href":"https:\/\/lacasadelamedicina.es\/de\/wp-json\/wp\/v2\/media\/19236"}],"wp:attachment":[{"href":"https:\/\/lacasadelamedicina.es\/de\/wp-json\/wp\/v2\/media?parent=29887"}],"wp:term":[{"taxonomy":"product_cat","embeddable":true,"href":"https:\/\/lacasadelamedicina.es\/de\/wp-json\/wp\/v2\/product_cat?post=29887"},{"taxonomy":"product_tag","embeddable":true,"href":"https:\/\/lacasadelamedicina.es\/de\/wp-json\/wp\/v2\/product_tag?post=29887"}],"curies":[{"name":"wp","href":"https:\/\/api.w.org\/{rel}","templated":true}]}}