{"id":29881,"date":"2024-08-09T14:02:39","date_gmt":"2024-08-09T14:02:39","guid":{"rendered":"https:\/\/lacasadelamedicina.es\/product\/kaufen-sie-170-%c2%b5g-shiva-lsd-blotters-online\/"},"modified":"2024-09-14T16:34:30","modified_gmt":"2024-09-14T16:34:30","slug":"kaufen-sie-170-%c2%b5g-shiva-lsd-blotters-online","status":"publish","type":"product","link":"https:\/\/lacasadelamedicina.es\/de\/produkt\/kaufen-sie-170-%c2%b5g-shiva-lsd-blotters-online\/","title":{"rendered":"1P-LSD 170UG SHIVA LSD BLOTTERS online kaufen"},"content":{"rendered":"<h2><strong>1P-LSD 170UG SHIVA LSD BLOTTERS online kaufen<\/strong><\/h2>\n<p> Die psychedelische Droge 1P-LSD, auch 1-Propionyl-Lysergs\u00e4urediethylamid genannt, ist ein Derivat und funktionelles Analogon von LSD und ein Homolog von ALD-52. LSD und 1P-LSD sind chemisch verwandt und sollen recht \u00e4hnliche Wirkungen haben. Obwohl wenig \u00fcber die Pharmakologie von 1P-LSD bekannt ist, wirkt es wahrscheinlich auf Serotoninrezeptoren im Gehirn, um seine psychedelischen Wirkungen hervorzurufen.   <\/p>\n<h2><strong>Kaufen Sie 170 \u00b5g Shiva LSD Blotters<\/strong><\/h2>\n<p> IUPAC-Kennung: (6aR,9R)- N,N- Diethyl- 7-methyl- 4,6,6a,7,8,9- hexahydroindolo \u2013 [4,3-fg] Chinolin-9-carboxamid Molare Masse: 323,43 g Schmelzpunkt: 80 \u00b0CFormel: C20H25N3O CAS-ID: 50-37-3 Lysergs\u00e4urediethylamid, auch als Acid bekannt, ist eine psychedelische Droge, die f\u00fcr ihre psychologischen Wirkungen bekannt ist. Formel: C20H25N30 IUPAC-ID: (6aR,9R)- N,N- Diethyl- 7-methyl- 4,6,6a,7,8,9- hexahydroindolo-  [4,3-fg] Chinolin-9-carboxamid Molare Masse: 323,43 g\/mol Schmelzpunkt: 80 \u00b0C CAS-ID: 50-37-3 <\/p>\n<h3><strong>1P-LSD 170 UG SHIVA LSD-BLOTTER<\/strong><\/h3>\n<p> Wir haben viele treue Kunden auf der ganzen Welt und freuen uns auf eine langfristige Zusammenarbeit mit Ihnen. Wenn Sie weitere Informationen ben\u00f6tigen, z\u00f6gern Sie nicht, uns zu kontaktieren. Wir werden alles tun, um Ihre Bed\u00fcrfnisse zu erf\u00fcllen. Neue psychoaktive Verbindungen oder bewusstseinsver\u00e4ndernde Chemikalien, die im Labor synthetisiert und als legaler Ersatz f\u00fcr illegale Drogen wie Kokain und Marihuana angeboten werden, sind in den letzten 20 Jahren in der Pharmaindustrie immer h\u00e4ufiger geworden. Diese Medikamente wurden nicht umfassend getestet, daher ist es m\u00f6glich, dass ihre Wirkungen inkonsistent und unvorhersehbar sind.    <\/p>\n<h3><strong>WIRKUNGEN<\/strong><\/h3>\n<p> In der wissenschaftlichen Literatur ist das Wirkungsprofil von 1P-LSD nicht gut beschrieben. Es wird allgemein angenommen, dass es dem von LSD \u00e4hnelt. Laut mehreren Einzelberichten h\u00e4lt die Wirkung von 1P-LSD beim Menschen etwas k\u00fcrzer an als die von LSD, wobei die Mehrheit der Anwender angibt, dass sie den Unterschied zwischen den qualitativen Wirkungen der beiden Drogen nicht erkennen k\u00f6nnen.   <\/p>\n<h3><strong>GAMA W\u00c4HLEN<\/strong><\/h3>\n<p> Der wichtigste Faktor bei der Wahl unseres Dienstes ist Meth Trust. Der wichtigste Aspekt bei der Gewinnung einer steigenden Zahl von Kunden ist Qualit\u00e4t. Angebote und Rabatte sind entscheidend f\u00fcr den Erfolg unserer Kunden.   <\/p>\n<h3><strong>ABSCHLUSS<\/strong><\/h3>\n<p> Eines der beliebtesten LSD-Produkte unter Teenagern, die es h\u00e4ufig als Partydroge verwenden, ist Goblin\u2019s Den. Auf dem virtuellen Markt gibt es eine gro\u00dfe Auswahl an LSD-Artikeln, die frei zug\u00e4nglich sind. Hier garantieren wir Ihnen die beste Qualit\u00e4t und den besten Preis des Produkts, 200 mcg Goblin\u2019s Den.<\/p>\n","protected":false},"excerpt":{"rendered":"<p>1P-LSD 170UG SHIVA LSD BLOTTERS online kaufen Die psychedelische Droge 1P-LSD, auch 1-Propionyl-Lysergs\u00e4urediethylamid genannt, ist ein Derivat und funktionelles Analogon von LSD und ein Homolog von ALD-52. LSD und 1P-LSD sind chemisch verwandt und sollen recht \u00e4hnliche Wirkungen haben. Obwohl wenig \u00fcber die Pharmakologie von 1P-LSD bekannt ist, wirkt es wahrscheinlich auf Serotoninrezeptoren im Gehirn, [&hellip;]<\/p>\n","protected":false},"featured_media":19206,"comment_status":"open","ping_status":"closed","template":"","meta":{"om_disable_all_campaigns":false,"_sitemap_exclude":false,"_sitemap_priority":"","_sitemap_frequency":"","_monsterinsights_skip_tracking":false,"_monsterinsights_sitenote_active":false,"_monsterinsights_sitenote_note":"","_monsterinsights_sitenote_category":0},"product_cat":[22918],"product_tag":[23510,23517,23522,23520,23519,23518,23514,23523,23512,23515,23507,23506,23521,23511,23505,23516,23502,23503,23509,23508,23513,23504],"class_list":{"0":"post-29881","1":"product","2":"type-product","3":"status-publish","4":"has-post-thumbnail","6":"product_cat-lsd-de","7":"product_tag-170ug-shiva-lsd-blotters-bester-preis-europa","8":"product_tag-170ug-shiva-lsd-blotters-europa-angebote","9":"product_tag-170ug-shiva-lsd-blotters-europa-lieferanten","10":"product_tag-170ug-shiva-lsd-blotters-europa-lieferung","11":"product_tag-170ug-shiva-lsd-blotters-europa-rabatt","12":"product_tag-170ug-shiva-lsd-blotters-europa-shop","13":"product_tag-170ug-shiva-lsd-blotters-europa-verkauf","14":"product_tag-170ug-shiva-lsd-blotters-europe-bewertung","15":"product_tag-170ug-shiva-lsd-blotters-kostenloser-versand-europa","16":"product_tag-170ug-shiva-lsd-blotters-online-shop-europa","17":"product_tag-170ug-shiva-lsd-blotters-online-verkauf","18":"product_tag-auswirkungen-von-170ug-shiva-lsd-blotters","19":"product_tag-authentische-170-g-shiva-lsd-blotters-europa","20":"product_tag-bestellen-sie-170ug-shiva-lsd-blotters-eu","21":"product_tag-bestellen-sie-170ug-shiva-lsd-blotters-online","22":"product_tag-gunstige-170ug-shiva-lsd-blotters-europa","23":"product_tag-kaufen-sie-170ug-shiva-lsd-blotters","24":"product_tag-kaufen-sie-170ug-shiva-lsd-blotters-online","25":"product_tag-kaufen-sie-170ug-shiva-lsd-blotters-online-in-europa","26":"product_tag-wie-viel-sind-170-g-shiva-lsd-blotters","27":"product_tag-wo-kann-man-170-ug-shiva-lsd-blotters-europa-kaufen","28":"product_tag-wo-kann-man-170-g-shiva-lsd-blotters-online-kaufen","30":"first","31":"instock","32":"shipping-taxable","33":"purchasable","34":"product-type-variable","35":"farmacie-col"},"aioseo_notices":[],"_links":{"self":[{"href":"https:\/\/lacasadelamedicina.es\/de\/wp-json\/wp\/v2\/product\/29881"}],"collection":[{"href":"https:\/\/lacasadelamedicina.es\/de\/wp-json\/wp\/v2\/product"}],"about":[{"href":"https:\/\/lacasadelamedicina.es\/de\/wp-json\/wp\/v2\/types\/product"}],"replies":[{"embeddable":true,"href":"https:\/\/lacasadelamedicina.es\/de\/wp-json\/wp\/v2\/comments?post=29881"}],"wp:featuredmedia":[{"embeddable":true,"href":"https:\/\/lacasadelamedicina.es\/de\/wp-json\/wp\/v2\/media\/19206"}],"wp:attachment":[{"href":"https:\/\/lacasadelamedicina.es\/de\/wp-json\/wp\/v2\/media?parent=29881"}],"wp:term":[{"taxonomy":"product_cat","embeddable":true,"href":"https:\/\/lacasadelamedicina.es\/de\/wp-json\/wp\/v2\/product_cat?post=29881"},{"taxonomy":"product_tag","embeddable":true,"href":"https:\/\/lacasadelamedicina.es\/de\/wp-json\/wp\/v2\/product_tag?post=29881"}],"curies":[{"name":"wp","href":"https:\/\/api.w.org\/{rel}","templated":true}]}}