{"id":29848,"date":"2024-08-09T14:02:39","date_gmt":"2024-08-09T14:02:39","guid":{"rendered":"https:\/\/lacasadelamedicina.es\/product\/105-mcg-voidrealm-online-kaufen\/"},"modified":"2024-08-09T14:02:39","modified_gmt":"2024-08-09T14:02:39","slug":"105-mcg-voidrealm-online-kaufen","status":"publish","type":"product","link":"https:\/\/lacasadelamedicina.es\/de\/produkt\/105-mcg-voidrealm-online-kaufen\/","title":{"rendered":"105 MCG Voidrealm online kaufen"},"content":{"rendered":"<p><strong>105 mcg Voidrealm online kaufen<\/strong> LSD ist m\u00f6glicherweise nicht toxisch, aber bei steigenden Dosen kann sich eine Resistenz entwickeln. Ung\u00fcnstige psychologische Reaktionen wie Angst, Depression und Visionen sind wahrscheinlich. Bei Nichtanwendung k\u00f6nnen beunruhigende Halluzinationen auftreten, ein Syndrom, das als chronisches visionales halluzinogenes Syndrom bezeichnet wird. Todesf\u00e4lle als Folge von LSD sind sehr selten. <strong>Fakten, die Ihnen beim Online-Kauf von 105 Mcg Voidrealm helfen k\u00f6nnen<\/strong> Obwohl LSD eine breite Produktpalette wie Vape Carts, Fractal Storm, Teacher&#8217;s Graze usw. bietet. Und Voidrealm ist eine weitere beliebte LSD-Substanz, die nicht besonders s\u00fcchtig macht, aber es ist wichtig, bei der Verwendung dieser Drogen Vorsicht walten zu lassen. Hier sind einige Vorschl\u00e4ge, die Ihnen beim Online-Kauf von 105 mcg Void Realm helfen. <strong>Fakten, die Ihnen beim Online-Kauf von 105 Mcg Voidrealm helfen<\/strong><strong>Fazit<\/strong> 105 mcg Void Domain erzeugen Resistenz, was bedeutet, dass der Patient mehr LSD braucht, um die gleiche Wirkung zu erzielen. Patienten, die das Medikament regelm\u00e4\u00dfig einnehmen, m\u00fcssen schrittweise gr\u00f6\u00dfere Dosen verabreichen, um das Ausma\u00df der Abh\u00e4ngigkeit aufrechtzuerhalten, das sie zuvor erlebt haben. Angesichts der unsicheren Natur des Produkts ist dies eine \u00e4u\u00dferst gef\u00e4hrliche Praxis. Im Laufe des Jahres 2018 wurde die Zahl der Menschen ab zw\u00f6lf Jahren, die Opfer wurden, immer gr\u00f6\u00dfer. <strong>Bestellen Sie Forschungschemikalien im Darknet.<\/strong> Kaufen Sie Forschungschemikalien online im Darknet mit schneller Lieferung durch DHL und Fedex. Kaufen Sie Forschungschemikalien online in den USA. Kaufen Sie LSD-Medikamente online. Kaufen Sie Fentanyl online in den Vereinigten Staaten. Kaufen Sie Crystal Meth online, Kokain zum Online-Verkauf in den USA<\/p>\n","protected":false},"excerpt":{"rendered":"<p>Kaufen Sie 105 mcg Voidrealm online. Obwohl LSD eine sehr gro\u00dfe Produktvielfalt wie Vape Carts, Fractal Storm, Teacher\u2019s Graze usw. bietet. Und Voidrealm ist auch eines dieser beliebten LSD-Produkte, das nicht so s\u00fcchtig macht, aber man sollte bei diesen Arten von Drogen vorsichtig genug sein. Daher hier einige Punkte, die Ihnen helfen k\u00f6nnen, 105 mcg Void Realm online zu kaufen  <\/p>\n","protected":false},"featured_media":19176,"comment_status":"open","ping_status":"closed","template":"","meta":{"om_disable_all_campaigns":false,"_sitemap_exclude":false,"_sitemap_priority":"","_sitemap_frequency":"","_monsterinsights_skip_tracking":false,"_monsterinsights_sitenote_active":false,"_monsterinsights_sitenote_note":"","_monsterinsights_sitenote_category":0},"product_cat":[22918],"product_tag":[23297,23307,23301,23310,23306,23304,23309,23305,23299,23296,23302,23294,23308,23298,23289,23303,23293,23291,23290,23295,23300,23292],"class_list":{"0":"post-29848","1":"product","2":"type-product","3":"status-publish","4":"has-post-thumbnail","6":"product_cat-lsd-de","7":"product_tag-105-mcg-voidrealm-bester-preis-europa","8":"product_tag-105-mcg-voidrealm-europa-lieferung","9":"product_tag-105-mcg-voidrealm-europa-verkauf","10":"product_tag-105-mcg-voidrealm-europe-bewertung","11":"product_tag-105-mcg-voidrealm-europe-rabatt","12":"product_tag-105-mcg-voidrealm-europe-angebote","13":"product_tag-105-mcg-voidrealm-europe-lieferanten","14":"product_tag-105-mcg-voidrealm-europe-shop-de","15":"product_tag-105-mcg-voidrealm-kostenloser-versand-europa","16":"product_tag-105-mcg-voidrealm-online-kaufen-europa","17":"product_tag-105-mcg-voidrealm-online-shop-europa","18":"product_tag-105-mcg-voidrealm-verkaufe-online","19":"product_tag-authentisches-105-mcg-voidrealm-europa","20":"product_tag-bestellen-sie-105-mcg-voidrealm-eu","21":"product_tag-bestellen-sie-105-mcg-voidrealm-online","22":"product_tag-billig-105-mcg-voidrealm-europa","23":"product_tag-gunstige-105-mcg-voidrealm-europa","24":"product_tag-kaufen-sie-105-mcg-voidrealm","25":"product_tag-kaufen-sie-105-mcg-voidrealm-online","26":"product_tag-wie-viel-sind-105-mcg-voidrealm","27":"product_tag-wo-kann-man-105-mcg-voidrealm-europe-kaufen","28":"product_tag-wo-kann-man-105-mcg-voidrealm-online-kaufen","30":"first","31":"instock","32":"shipping-taxable","33":"purchasable","34":"product-type-variable","35":"farmacie-col"},"aioseo_notices":[],"_links":{"self":[{"href":"https:\/\/lacasadelamedicina.es\/de\/wp-json\/wp\/v2\/product\/29848"}],"collection":[{"href":"https:\/\/lacasadelamedicina.es\/de\/wp-json\/wp\/v2\/product"}],"about":[{"href":"https:\/\/lacasadelamedicina.es\/de\/wp-json\/wp\/v2\/types\/product"}],"replies":[{"embeddable":true,"href":"https:\/\/lacasadelamedicina.es\/de\/wp-json\/wp\/v2\/comments?post=29848"}],"wp:featuredmedia":[{"embeddable":true,"href":"https:\/\/lacasadelamedicina.es\/de\/wp-json\/wp\/v2\/media\/19176"}],"wp:attachment":[{"href":"https:\/\/lacasadelamedicina.es\/de\/wp-json\/wp\/v2\/media?parent=29848"}],"wp:term":[{"taxonomy":"product_cat","embeddable":true,"href":"https:\/\/lacasadelamedicina.es\/de\/wp-json\/wp\/v2\/product_cat?post=29848"},{"taxonomy":"product_tag","embeddable":true,"href":"https:\/\/lacasadelamedicina.es\/de\/wp-json\/wp\/v2\/product_tag?post=29848"}],"curies":[{"name":"wp","href":"https:\/\/api.w.org\/{rel}","templated":true}]}}