{"id":29846,"date":"2024-08-09T14:02:42","date_gmt":"2024-08-09T14:02:42","guid":{"rendered":"https:\/\/lacasadelamedicina.es\/product\/kaufen-sie-california-sunshine-online\/"},"modified":"2024-08-09T14:02:42","modified_gmt":"2024-08-09T14:02:42","slug":"kaufen-sie-california-sunshine-online","status":"publish","type":"product","link":"https:\/\/lacasadelamedicina.es\/de\/produkt\/kaufen-sie-california-sunshine-online\/","title":{"rendered":"Kaufen Sie California Sunshine online"},"content":{"rendered":"<h2>Kaufen Sie California Sunshine online<\/h2>\n<p> California Sunshine \u2013 100 Tab Sheet. Kaufen Sie California Sunshine LSD online. Ein Kultexemplar, das manchmal mit Orange Sunshine verwechselt wird, mit leuchtenden Farben und erstaunlichen Details. Dieses L\u00f6schblatt wird seit den 1980er Jahren weltweit in Dosen angeboten und ist ein absolutes Juwel in der Geschichte von LSD.  <\/p>\n<h2>Kaufen Sie California Sunshine LSD online<\/h2>\n<p> Sie entwickelten das urspr\u00fcngliche Orange Sunshine LSD nach einem LSD-Trip mit einer hohen Dosis, bei dem eine innere Stimme Nicholas Sand sagte, dass es seine Lebensaufgabe sei, Psychedelika herzustellen und die Welt auf den Kopf zu stellen. Kaufen Sie California Sunshine LSD online. LSD (Lysergs\u00e4urediethylamid), das erstmals 1938 synthetisiert wurde, ist eine starke psychoaktive Substanz. Es wird k\u00fcnstlich aus Lysergs\u00e4ure hergestellt, die aus Mutterkorn gewonnen wird, einem Pilz, der auf Roggen und anderen Getreidesorten w\u00e4chst. Aufgrund seiner hohen Wirksamkeit werden LSD-Dosen \u00fcblicherweise in Mikrogramm (mcg) gemessen. Die Wirkungen von LSD, oft als \u201eTrip\u201c bezeichnet, k\u00f6nnen von anregend und angenehm bis bewusstseinsver\u00e4ndernd reichen. Sie k\u00f6nnen jedoch auch zu unangenehmen oder manchmal be\u00e4ngstigenden Erfahrungen f\u00fchren, die als \u201eHorrortrip\u201c bezeichnet werden. In den USA wird LSD als illegale Substanz eingestuft und von der Drug Enforcement Administration (DEA) als Droge der Liste I gef\u00fchrt. Diese Einstufung bedeutet, dass LSD ein hohes Missbrauchspotenzial hat, keine anerkannten medizinischen Verwendungsm\u00f6glichkeiten hat und f\u00fcr den Gebrauch unter \u00e4rztlicher Aufsicht als unsicher gilt. Trotz seines Status als Schedule I besteht ein erneutes Interesse an der Erforschung potenzieller therapeutischer Anwendungen von LSD, beispielsweise bei der Behandlung von Alkoholismus und Depressionen. Laufende Studien, die modernen Forschungsstandards entsprechen, k\u00f6nnen unser Verst\u00e4ndnis der m\u00f6glichen Vorteile von LSD verbessern.<\/p>\n","protected":false},"excerpt":{"rendered":"<h2>Kaufen Sie California Sunshine LSD online<\/h2>\n<p> LSD wird in glasartiger Form geliefert und anschlie\u00dfend mit anderen latenten Zutaten vermischt oder als Fl\u00fcssigkeit zur Herstellung in einnehmbaren Formen verd\u00fcnnt. Es ist geruchlos, dunkel und hat einen etwas strengen Geschmack. <\/p>\n","protected":false},"featured_media":19281,"comment_status":"open","ping_status":"closed","template":"","meta":{"om_disable_all_campaigns":false,"_sitemap_exclude":false,"_sitemap_priority":"","_sitemap_frequency":"","_monsterinsights_skip_tracking":false,"_monsterinsights_sitenote_active":false,"_monsterinsights_sitenote_note":"","_monsterinsights_sitenote_category":0},"product_cat":[22918],"product_tag":[22920,22919,22921],"class_list":{"0":"post-29846","1":"product","2":"type-product","3":"status-publish","4":"has-post-thumbnail","6":"product_cat-lsd-de","7":"product_tag-california-sunshine-online-kaufen","8":"product_tag-kaufen-california-sunshine","9":"product_tag-wo-kann-man-california-sunshine-online-kaufen","11":"first","12":"instock","13":"shipping-taxable","14":"purchasable","15":"product-type-simple","16":"farmacie-col"},"aioseo_notices":[],"_links":{"self":[{"href":"https:\/\/lacasadelamedicina.es\/de\/wp-json\/wp\/v2\/product\/29846"}],"collection":[{"href":"https:\/\/lacasadelamedicina.es\/de\/wp-json\/wp\/v2\/product"}],"about":[{"href":"https:\/\/lacasadelamedicina.es\/de\/wp-json\/wp\/v2\/types\/product"}],"replies":[{"embeddable":true,"href":"https:\/\/lacasadelamedicina.es\/de\/wp-json\/wp\/v2\/comments?post=29846"}],"wp:featuredmedia":[{"embeddable":true,"href":"https:\/\/lacasadelamedicina.es\/de\/wp-json\/wp\/v2\/media\/19281"}],"wp:attachment":[{"href":"https:\/\/lacasadelamedicina.es\/de\/wp-json\/wp\/v2\/media?parent=29846"}],"wp:term":[{"taxonomy":"product_cat","embeddable":true,"href":"https:\/\/lacasadelamedicina.es\/de\/wp-json\/wp\/v2\/product_cat?post=29846"},{"taxonomy":"product_tag","embeddable":true,"href":"https:\/\/lacasadelamedicina.es\/de\/wp-json\/wp\/v2\/product_tag?post=29846"}],"curies":[{"name":"wp","href":"https:\/\/api.w.org\/{rel}","templated":true}]}}