{"id":29842,"date":"2024-08-09T14:02:42","date_gmt":"2024-08-09T14:02:42","guid":{"rendered":"https:\/\/lacasadelamedicina.es\/product\/kaufen-sie-alice-im-wunderland-308-ug-online\/"},"modified":"2024-10-15T19:52:07","modified_gmt":"2024-10-15T19:52:07","slug":"kaufen-sie-alice-im-wunderland-308-ug-online","status":"publish","type":"product","link":"https:\/\/lacasadelamedicina.es\/de\/produkt\/kaufen-sie-alice-im-wunderland-308-ug-online\/","title":{"rendered":"Kaufen Sie Alice im Wunderland 308 Ug online"},"content":{"rendered":"<h2>Kaufen Sie Alice im Wunderland 308 Ug online<\/h2>\n<p>Die psychedelische Droge (oder das Entheogen) Lysergs\u00e4urediethylamid (LSD) wurde erstmals am 16. November 1938 von dem Schweizer Chemiker Albert Hofmann in den Labors von Sandoz (heute Novartis) in Basel, Schweiz, synthetisiert. Mitte der 60er Jahre f\u00fchrte die Ablehnung des LSD-Konsums und seine vermeintlich zersetzende Wirkung auf die Werte der westlichen Mittelschicht zu staatlichen Ma\u00dfnahmen, um die Verf\u00fcgbarkeit der Droge einzuschr\u00e4nken, indem jeglicher Konsum illegal wurde.<\/p>\n<p>[21]  LSD wurde zur &#8222;Schedule I&#8220;-Substanz erkl\u00e4rt, was rechtlich bedeutet, dass die Droge ein &#8222;hohes Missbrauchspotenzial&#8220; hat und keine &#8222;derzeit anerkannte medizinische Verwendung in der Behandlung&#8220; hat. LSD wurde aus dem legalen Verkehr gezogen. Die United States Drug Enforcement Administration behauptete: Lsd online kaufen. Lsd online bestellen. Lsd online verkaufen    <\/p>\n<h2>Gesundheitliche Vorteile von Lysergs\u00e4urediethylamid<\/h2>\n<p>1) LSD lindert \u00c4ngste und Schmerzen bei unheilbar kranken Patienten. 2) LSD verbessert das emotionale Einf\u00fchlungsverm\u00f6gen, die Sozialit\u00e4t und die Suggestibilit\u00e4t. 3) LSD hat positive Auswirkungen auf Alkohol- und Drogenabh\u00e4ngigkeit<br \/>\n4) LSD lindert Clusterkopfschmerzen. 5) LSD zur Behandlung von Stimmungsschwankungen und Depressionen. 6) LSD hilft, die menschliche Kreativit\u00e4t zu steigern. 7) LSD als Behandlung f\u00fcr Autismus. 8) LSD hat eine starke entz\u00fcndungshemmende Wirkung. 9) LSD reduziert die Kriminalit\u00e4t bei Kriminellen. Mitte der 1960er Jahre f\u00fchrte die wachsende Ablehnung von LSD und seine wahrgenommenen negativen Auswirkungen auf die Werte der westlichen Mittelklasse zu einem Eingreifen der Regierung, um die Verf\u00fcgbarkeit von LSD einzuschr\u00e4nken. Die Beh\u00f6rden erkl\u00e4rten LSD zu einer &#8222;Schedule I&#8220;-Substanz und stuften es als Substanz mit &#8222;hohem Missbrauchspotenzial&#8220; und ohne &#8222;anerkannten medizinischen Nutzen f\u00fcr die Behandlung&#8220; ein. Folglich wurde LSD aus dem legalen Verkehr gezogen. Die U.S. Drug Enforcement Administration betonte das Verbot und erkl\u00e4rte: &#8222;LSD online kaufen. LSD online bestellen. LSD online zu verkaufen.&#8220;<\/p>\n","protected":false},"excerpt":{"rendered":"<p>Kaufen Sie Alice im Wunderland 308 Ug online Die psychedelische Droge (oder das Entheogen) Lysergs\u00e4urediethylamid (LSD) wurde erstmals am 16. November 1938 von dem Schweizer Chemiker Albert Hofmann in den Labors von Sandoz (heute Novartis) in Basel, Schweiz, synthetisiert. Mitte der 60er Jahre f\u00fchrte die Ablehnung des LSD-Konsums und seine vermeintlich zersetzende Wirkung auf die [&hellip;]<\/p>\n","protected":false},"featured_media":19266,"comment_status":"open","ping_status":"closed","template":"","meta":{"om_disable_all_campaigns":false,"_sitemap_exclude":false,"_sitemap_priority":"","_sitemap_frequency":"","_monsterinsights_skip_tracking":false,"_monsterinsights_sitenote_active":false,"_monsterinsights_sitenote_note":"","_monsterinsights_sitenote_category":0},"product_cat":[22918],"product_tag":[39731,39734,39750,39763,39760,39756,39754,39752,39742,39708,39737,39717,39711,39728,39746,39722,39720,39748,39725,39714,39740],"class_list":{"0":"post-29842","1":"product","2":"type-product","3":"status-publish","4":"has-post-thumbnail","6":"product_cat-lsd-de","7":"product_tag-alice-im-wunderland-308-ug-bester-preis-europa","8":"product_tag-alice-im-wunderland-308-ug-eu-bestellen","9":"product_tag-alice-im-wunderland-308-ug-europa-angebote","10":"product_tag-alice-im-wunderland-308-ug-europa-bewertung","11":"product_tag-alice-im-wunderland-308-ug-europa-lieferanten","12":"product_tag-alice-im-wunderland-308-ug-europa-lieferung","13":"product_tag-alice-im-wunderland-308-ug-europa-rabatt","14":"product_tag-alice-im-wunderland-308-ug-europa-shop","15":"product_tag-alice-im-wunderland-308-ug-europa-verkauf","16":"product_tag-alice-im-wunderland-308-ug-kaufen","17":"product_tag-alice-im-wunderland-308-ug-kostenloser-versand-europa","18":"product_tag-alice-im-wunderland-308-ug-online-bestellen","19":"product_tag-alice-im-wunderland-308-ug-online-kaufen","20":"product_tag-alice-im-wunderland-308-ug-online-kaufen-europa","21":"product_tag-alice-im-wunderland-308-ug-online-shop-europa-2","22":"product_tag-alice-im-wunderland-308-ug-verkauf-online","23":"product_tag-auswirkungen-von-alice-im-wunderland-308-ug","24":"product_tag-gunstige-alice-im-wunderland-308-ug-europa","25":"product_tag-wie-viel-kostet-alice-im-wunderland-308-ug","26":"product_tag-wo-kann-ich-alice-im-wunderland-308-ug-online-kaufen","27":"product_tag-wo-konnen-sie-alice-im-wunderland-308-ug-europa-kaufen","29":"first","30":"instock","31":"shipping-taxable","32":"purchasable","33":"product-type-variable","34":"farmacie-col"},"aioseo_notices":[],"_links":{"self":[{"href":"https:\/\/lacasadelamedicina.es\/de\/wp-json\/wp\/v2\/product\/29842"}],"collection":[{"href":"https:\/\/lacasadelamedicina.es\/de\/wp-json\/wp\/v2\/product"}],"about":[{"href":"https:\/\/lacasadelamedicina.es\/de\/wp-json\/wp\/v2\/types\/product"}],"replies":[{"embeddable":true,"href":"https:\/\/lacasadelamedicina.es\/de\/wp-json\/wp\/v2\/comments?post=29842"}],"wp:featuredmedia":[{"embeddable":true,"href":"https:\/\/lacasadelamedicina.es\/de\/wp-json\/wp\/v2\/media\/19266"}],"wp:attachment":[{"href":"https:\/\/lacasadelamedicina.es\/de\/wp-json\/wp\/v2\/media?parent=29842"}],"wp:term":[{"taxonomy":"product_cat","embeddable":true,"href":"https:\/\/lacasadelamedicina.es\/de\/wp-json\/wp\/v2\/product_cat?post=29842"},{"taxonomy":"product_tag","embeddable":true,"href":"https:\/\/lacasadelamedicina.es\/de\/wp-json\/wp\/v2\/product_tag?post=29842"}],"curies":[{"name":"wp","href":"https:\/\/api.w.org\/{rel}","templated":true}]}}