{"id":29841,"date":"2024-08-09T14:02:42","date_gmt":"2024-08-09T14:02:42","guid":{"rendered":"https:\/\/lacasadelamedicina.es\/product\/albert-hofmann-bicycle-day-1943-online-kaufen\/"},"modified":"2024-08-09T14:02:42","modified_gmt":"2024-08-09T14:02:42","slug":"albert-hofmann-bicycle-day-1943-online-kaufen","status":"publish","type":"product","link":"https:\/\/lacasadelamedicina.es\/de\/produkt\/albert-hofmann-bicycle-day-1943-online-kaufen\/","title":{"rendered":"Albert Hofmann Bicycle Day 1943 online kaufen"},"content":{"rendered":"<h2>Albert Hofmann Fahrradtag 1943 online kaufen<\/h2>\n<p> \u201eNach und nach konnte ich beginnen, die beispiellosen Farben und Formenspiele zu genie\u00dfen, die hinter meinen geschlossenen Augen fortbestanden. Kaleidoskopartige, fantastische Bilder str\u00f6mten auf mich ein, abwechselnd, bunt, sich \u00f6ffnend und dann wieder schlie\u00dfend in Kreisen und Spiralen, in farbigen Font\u00e4nen explodierend, sich in st\u00e4ndigem Fluss neu anordnend und hybridisierend.\u201c<\/p>\n","protected":false},"excerpt":{"rendered":"<p>Albert Hofmann Fahrradtag 1943 online kaufen \u201eNach und nach konnte ich beginnen, die beispiellosen Farben und Formenspiele zu genie\u00dfen, die hinter meinen geschlossenen Augen fortbestanden. Kaleidoskopartige, fantastische Bilder str\u00f6mten auf mich ein, abwechselnd, bunt, sich \u00f6ffnend und dann wieder schlie\u00dfend in Kreisen und Spiralen, in farbigen Font\u00e4nen explodierend, sich in st\u00e4ndigem Fluss neu anordnend und [&hellip;]<\/p>\n","protected":false},"featured_media":19251,"comment_status":"open","ping_status":"closed","template":"","meta":{"om_disable_all_campaigns":false,"_sitemap_exclude":false,"_sitemap_priority":"","_sitemap_frequency":"","_monsterinsights_skip_tracking":false,"_monsterinsights_sitenote_active":false,"_monsterinsights_sitenote_note":"","_monsterinsights_sitenote_category":0},"product_cat":[22918],"product_tag":[23225,23228,23235,23240,23237,23241,23236,23238,23232,23220,23230,23223,23221,23227,23233,23224,23239,23229,23234,23226,23231,23222],"class_list":{"0":"post-29841","1":"product","2":"type-product","3":"status-publish","4":"has-post-thumbnail","6":"product_cat-lsd-de","7":"product_tag-albert-hofmann-bicycle-day-1943-online-verkauf","8":"product_tag-albert-hofmann-fahrradtag-1943-bestpreis-europa","9":"product_tag-albert-hofmann-fahrradtag-1943-europa-angebote","10":"product_tag-albert-hofmann-fahrradtag-1943-europa-lieferanten","11":"product_tag-albert-hofmann-fahrradtag-1943-europa-rabatt","12":"product_tag-albert-hofmann-fahrradtag-1943-europa-ruckblick","13":"product_tag-albert-hofmann-fahrradtag-1943-europa-shop","14":"product_tag-albert-hofmann-fahrradtag-1943-europalieferung","15":"product_tag-albert-hofmann-fahrradtag-1943-europaverkauf","16":"product_tag-albert-hofmann-fahrradtag-1943-kaufen","17":"product_tag-albert-hofmann-fahrradtag-1943-kostenloser-versand-europa","18":"product_tag-albert-hofmann-fahrradtag-1943-online-bestellen","19":"product_tag-albert-hofmann-fahrradtag-1943-online-kaufen","20":"product_tag-albert-hofmann-fahrradtag-1943-online-kaufen-europa","21":"product_tag-albert-hofmann-fahrradtag-1943-online-shop-europa","22":"product_tag-auswirkungen-des-albert-hofmann-fahrradtages-1943","23":"product_tag-authentischer-albert-hofmann-fahrradtag-1943-europa","24":"product_tag-bestellen-albert-hofmann-fahrradtag-1943-eu","25":"product_tag-billiger-albert-hofmann-fahrradtag-1943-europa","26":"product_tag-wie-viel-kostet-albert-hofmanns-fahrradtag-1943","27":"product_tag-wo-kann-man-albert-hofmann-bicycle-day-1943-in-europa-kaufen","28":"product_tag-wo-kann-man-albert-hofmann-bicycle-day-1943-online-kaufen","30":"first","31":"instock","32":"shipping-taxable","33":"purchasable","34":"product-type-simple","35":"farmacie-col"},"aioseo_notices":[],"_links":{"self":[{"href":"https:\/\/lacasadelamedicina.es\/de\/wp-json\/wp\/v2\/product\/29841"}],"collection":[{"href":"https:\/\/lacasadelamedicina.es\/de\/wp-json\/wp\/v2\/product"}],"about":[{"href":"https:\/\/lacasadelamedicina.es\/de\/wp-json\/wp\/v2\/types\/product"}],"replies":[{"embeddable":true,"href":"https:\/\/lacasadelamedicina.es\/de\/wp-json\/wp\/v2\/comments?post=29841"}],"wp:featuredmedia":[{"embeddable":true,"href":"https:\/\/lacasadelamedicina.es\/de\/wp-json\/wp\/v2\/media\/19251"}],"wp:attachment":[{"href":"https:\/\/lacasadelamedicina.es\/de\/wp-json\/wp\/v2\/media?parent=29841"}],"wp:term":[{"taxonomy":"product_cat","embeddable":true,"href":"https:\/\/lacasadelamedicina.es\/de\/wp-json\/wp\/v2\/product_cat?post=29841"},{"taxonomy":"product_tag","embeddable":true,"href":"https:\/\/lacasadelamedicina.es\/de\/wp-json\/wp\/v2\/product_tag?post=29841"}],"curies":[{"name":"wp","href":"https:\/\/api.w.org\/{rel}","templated":true}]}}