{"id":29804,"date":"2024-08-09T14:02:43","date_gmt":"2024-08-09T14:02:43","guid":{"rendered":"https:\/\/lacasadelamedicina.es\/product\/kaufen-sie-eine-intravenoese-pentobarbital-loesung-online\/"},"modified":"2024-09-14T11:12:48","modified_gmt":"2024-09-14T11:12:48","slug":"kaufen-sie-eine-intravenoese-pentobarbital-loesung-online","status":"publish","type":"product","link":"https:\/\/lacasadelamedicina.es\/de\/produkt\/kaufen-sie-eine-intravenoese-pentobarbital-loesung-online\/","title":{"rendered":"Kaufen Sie eine intraven\u00f6se Pentobarbital-L\u00f6sung online"},"content":{"rendered":"<h2>Kaufen Sie eine intraven\u00f6se Pentobarbital-L\u00f6sung<\/h2>\n<p> There are many types of barbiturates, and pentobarbital intravenous solution is just one of them. At LA CASA DE LA MEDICINA, we provide comprehensive information about this drug to help you understand its uses and effects.  <\/p>\n<h3>Was ist Pentobarbital?<\/h3>\n<p> Pentobarbital ist ein Barbiturat, das das zentrale Nervensystem (ZNS) und das Gehirn d\u00e4mpft. Es wird in erster Linie zur Schlaff\u00f6rderung und nicht als Beruhigungsmittel verschrieben. Wie bei anderen Barbituraten kann seine Wirksamkeit bei l\u00e4ngerer Anwendung nachlassen und l\u00e4sst oft nach zwei Wochen nach. Das Medikament hat eine Halbwertszeit von 5 bis 50 Stunden, abh\u00e4ngig von der Dosierung. Pentobarbital war einst weithin verf\u00fcgbar, ist heute aber selten und teuer, da es in vielen L\u00e4ndern nicht mehr als Narkosemittel verwendet wird.     <\/p>\n<h3>Psychologische und physiologische Auswirkungen von Pentobarbital<\/h3>\n<p> Pentobarbital kann verschiedene physiologische Wirkungen haben, darunter: <\/p>\n<ul>\n<li>Reduzierter arterieller Druck<\/li>\n<li>Periphere Vasodilatation<\/li>\n<li>Ver\u00e4nderte Herzfrequenz<\/li>\n<li>Depression der Herzleistung<\/li>\n<li>Reduzierte Vasopressorreaktion<\/li>\n<\/ul>\n<p> In Forschungskontexten kann es Variablen wie Myokardsch\u00e4den nach einer Koronararterienligatur beeinflussen. Das Medikament bietet eine Sedierungstiefe \u00e4hnlich der Jorgensen-Technik, wobei die Wirkung 2-4 Stunden anh\u00e4lt. Da es ein ZNS-Depressivum ist, kann es Personen empfindlicher gegen\u00fcber Reizen machen. Jahrzehntelang war Pentobarbital ein Standardan\u00e4sthetikum f\u00fcr Labortiere. Eine wirksame An\u00e4sthesie bei Labortieren wird mit Dosen erreicht, die denen nahe kommen, die ein Atemversagen verursachen k\u00f6nnten, und langsam durch intraven\u00f6se Injektion verabreicht werden. Obwohl Pentobarbital in den meisten L\u00e4ndern nicht mehr kommerziell zur An\u00e4sthesie erh\u00e4ltlich ist, kann es f\u00fcr spezielle Forschungszwecke noch von lizenzierten Lieferanten wie Dr. Law Sons Pharmacy bezogen werden.      <\/p>\n<h2>Kann man eine Pentobarbital-\u00dcberdosis behandeln?<\/h2>\n<p> Eine \u00dcberdosis eines Barbiturats kann \u00e4u\u00dferst t\u00f6dlich sein. Sie sollten Ihren Arzt immer informieren, wenn Sie glauben, dass Sie empfindlich auf Barbiturate reagieren oder wenn Sie in der Vergangenheit Drogen missbraucht haben. Sie sollten Ihren Arzt auch informieren, wenn Sie an einer Leber- oder Nierenerkrankung, Porphyrie, chronisch obstruktiver Lungenerkrankung, unkontrolliertem Asthma oder einer psychischen Erkrankung oder chronischen Krankheit leiden. Wenn ein geliebter Mensch oder eine nahestehende Person eine \u00dcberdosis Pentobarbital eingenommen hat, versuchen Sie nicht, ihn oder sie zum Erbrechen zu bringen. Sie sollten sofort \u00e4rztliche Hilfe suchen. Die Behandlung einer Pentobarbital-\u00dcberdosis umfasst meist unterst\u00fctzende Hilfe. Im Folgenden sind einige der unterst\u00fctzenden Ma\u00dfnahmen aufgef\u00fchrt:       <\/p>\n<ul>\n<li>\u00dcberpr\u00fcfen Sie die h\u00e4ufigsten \u00dcberdosierungssymptome<\/li>\n<li>Beobachtung der Fl\u00fcssigkeitszufuhr und -abgabe<\/li>\n<li>F\u00fcr ausreichend Sauerstoff sorgen<\/li>\n<li>Sicherstellen, dass das Opfer jederzeit sicher ist<\/li>\n<li>\u00dcberpr\u00fcfung der Schocksymptome<\/li>\n<li>\u00dcberpr\u00fcfung des Bewusstseinsniveaus<\/li>\n<li>Bei einer abnormalen Nierenfunktion kann eine H\u00e4modialyse erforderlich sein, um das Arzneimittel aus dem System zu entfernen.<\/li>\n<li>Erh\u00f6hung der Fl\u00fcssigkeitsaufnahme<\/li>\n<li>Sicherstellung einer renalen Ausscheidung von Pentobarbital<\/li>\n<li>Beginnen Sie mit einer Antibiotikatherapie, wenn das Opfer eine Lungenentz\u00fcndung hat<\/li>\n<li>Angebot einer Behandlung, die die geistige Wachheit verbessern und alle Anzeichen einer beeintr\u00e4chtigten Denkweise beheben kann<\/li>\n<li>\u00dcberpr\u00fcfung auf m\u00f6gliche Probleme wie Nierenversagen, Lungen\u00f6dem, Herzrhythmusst\u00f6rungen und kongestive Herzprobleme.<\/li>\n<\/ul>\n<h3>Nebenwirkungen von Pentobarbital<\/h3>\n<p> Wenn Sie Pentobarbital einnehmen, werden Sie wahrscheinlich mehrere Nebenwirkungen versp\u00fcren. Einige davon k\u00f6nnen leicht sein, w\u00e4hrend andere schwerwiegend sind. Die meisten Nebenwirkungen haben wir hier aufgef\u00fchrt. Denken Sie daran, dass dies keine vollst\u00e4ndige Liste der Nebenwirkungen ist. Zu den Nebenwirkungen geh\u00f6ren unter anderem: Verwirrung, Albtr\u00e4ume, Angstzust\u00e4nde, abnormes Denken, \u00dcbelkeit, Verstopfung, Fieber, Unruhe, Halluzinationen, Nervosit\u00e4t, Schlaflosigkeit, Schwindel, \u00dcbelkeit, Erbrechen und Kopfschmerzen.     <\/p>\n<h3>Kann eine intraven\u00f6se Pentobarbital-L\u00f6sung s\u00fcchtig machen?<\/h3>\n<p> Wie die meisten Barbiturate macht auch Pentobarbital sehr s\u00fcchtig. Vermeiden Sie es, das Medikament in h\u00f6heren als den erforderlichen Dosen oder \u00fcber einen l\u00e4ngeren Zeitraum als n\u00f6tig einzunehmen. Konsultieren Sie au\u00dferdem unbedingt einen Arzt, wenn Sie das Medikament absetzen. Pentobarbital kann schwere Entzugserscheinungen wie Schwindel, Schlaflosigkeit, Ohnmacht und mehr verursachen, und ein Arzt wei\u00df, wie man die Dosis schrittweise reduziert, damit Sie nicht unter diesen Entzugserscheinungen leiden.    <\/p>\n<h3>Kann man Pentobarbital legal erwerben?<\/h3>\n<p> Pentobarbital ist eines der wenigen Barbiturate, die legal erh\u00e4ltlich sind. Allerdings ist die Zahl der Hersteller von Pentobarbital drastisch zur\u00fcckgegangen, was es schwierig macht, dieses Medikament zu bekommen. Um dieses Medikament kaufen zu k\u00f6nnen, ben\u00f6tigen Sie eine \u00e4rztliche Empfehlung\/ein Rezept.   <\/p>\n<h3>Kann man Pentobarbital online kaufen?<\/h3>\n<p> Wenn Sie in Suchmaschinen nach Pentobarbital suchen, werden Sie auf viele Online-H\u00e4ndler sto\u00dfen, die Pentobarbital und andere Barbiturate verkaufen. Sie sollten jedoch wissen, dass Pentobarbital und andere Barbiturate in vielen L\u00e4ndern kontrollierte Drogen sind. Wenn Sie vorhaben, Pentobarbital online zu kaufen, stellen Sie sicher, dass Sie vor dem Kauf gr\u00fcndlich recherchiert haben. Durch das Lesen vieler Bewertungen k\u00f6nnen Sie au\u00dferdem sicherstellen, dass Sie von einem seri\u00f6sen K\u00e4ufer kaufen.<\/p>\n","protected":false},"excerpt":{"rendered":"<p>Kaufen Sie die t\u00f6dliche Injektionsl\u00f6sung Nembutal Pentobarbital online. Die L\u00f6sung ist in einer Konzentration von 50 mg\/ml erh\u00e4ltlich und wird in 20-ml- und 50-ml-Fl\u00e4schchen geliefert. W\u00e4hlen Sie die gew\u00fcnschte Menge und legen Sie sie in Ihren Warenkorb. Wir bieten eine schnelle und garantiert diskrete Lieferung f\u00fcr alle Bestellungen.   <\/p>\n","protected":false},"featured_media":19716,"comment_status":"open","ping_status":"closed","template":"","meta":{"om_disable_all_campaigns":false,"_sitemap_exclude":false,"_sitemap_priority":"","_sitemap_frequency":"","_monsterinsights_skip_tracking":false,"_monsterinsights_sitenote_active":false,"_monsterinsights_sitenote_note":"","_monsterinsights_sitenote_category":0},"product_cat":[22865],"product_tag":[23123,23112,23127,23111,23117,23122,23108,23109,23128,23113,23129,23125,23124,23120,23118,23126,23115,23121,23116,23114,23119,23110],"class_list":{"0":"post-29804","1":"product","2":"type-product","3":"status-publish","4":"has-post-thumbnail","6":"product_cat-natriumpentobarbital-nembutal","7":"product_tag-angebote-fur-intravenose-pentobarbital-losung-in-europa","8":"product_tag-auswirkungen-der-intravenosen-pentobarbitallosung","9":"product_tag-authentische-intravenose-pentobarbitallosung-europa","10":"product_tag-bestellen-sie-die-intravenose-pentobarbitallosung-online","11":"product_tag-bestellen-sie-eine-intravenose-pentobarbital-losung-in-der-eu","12":"product_tag-billig-pentobarbital-intravenose-losung-europa","13":"product_tag-kaufen-sie-eine-intravenose-pentobarbital-losung","14":"product_tag-kaufen-sie-pentobarbital-intravenose-losung-online","15":"product_tag-lieferanten-von-intravenoser-pentobarbitallosung-in-europa","16":"product_tag-online-verkauf-von-intravenosen-pentobarbitallosungen","17":"product_tag-pentobarbital-intravenose-losung-europa-bewertung","18":"product_tag-pentobarbital-intravenose-losung-europa-rabatt","19":"product_tag-pentobarbital-intravenose-losung-europa-shop","20":"product_tag-pentobarbital-intravenose-losung-europa-verkauf","21":"product_tag-pentobarbital-intravenose-losung-kostenloser-versand-europa","22":"product_tag-pentobarbital-intravenose-losung-lieferung-in-europa","23":"product_tag-pentobarbital-intravenose-losung-online-kaufen-europa","24":"product_tag-pentobarbital-intravenose-losung-online-shop-europa","25":"product_tag-pentobarbital-intravenose-losung-zum-besten-preis-in-europa","26":"product_tag-wie-viel-kostet-pentobarbital-intravenose-losung","27":"product_tag-wo-kann-man-die-intravenose-pentobarbital-losung-in-europa-kaufen","28":"product_tag-wo-kann-man-eine-intravenose-pentobarbital-losung-online-kaufen","30":"first","31":"instock","32":"shipping-taxable","33":"purchasable","34":"product-type-variable","35":"farmacie-col"},"aioseo_notices":[],"_links":{"self":[{"href":"https:\/\/lacasadelamedicina.es\/de\/wp-json\/wp\/v2\/product\/29804"}],"collection":[{"href":"https:\/\/lacasadelamedicina.es\/de\/wp-json\/wp\/v2\/product"}],"about":[{"href":"https:\/\/lacasadelamedicina.es\/de\/wp-json\/wp\/v2\/types\/product"}],"replies":[{"embeddable":true,"href":"https:\/\/lacasadelamedicina.es\/de\/wp-json\/wp\/v2\/comments?post=29804"}],"wp:featuredmedia":[{"embeddable":true,"href":"https:\/\/lacasadelamedicina.es\/de\/wp-json\/wp\/v2\/media\/19716"}],"wp:attachment":[{"href":"https:\/\/lacasadelamedicina.es\/de\/wp-json\/wp\/v2\/media?parent=29804"}],"wp:term":[{"taxonomy":"product_cat","embeddable":true,"href":"https:\/\/lacasadelamedicina.es\/de\/wp-json\/wp\/v2\/product_cat?post=29804"},{"taxonomy":"product_tag","embeddable":true,"href":"https:\/\/lacasadelamedicina.es\/de\/wp-json\/wp\/v2\/product_tag?post=29804"}],"curies":[{"name":"wp","href":"https:\/\/api.w.org\/{rel}","templated":true}]}}