{"id":29792,"date":"2024-08-09T14:02:43","date_gmt":"2024-08-09T14:02:43","guid":{"rendered":"https:\/\/lacasadelamedicina.es\/product\/kaufen-sie-fluessiges-lsd-online\/"},"modified":"2024-08-09T14:02:43","modified_gmt":"2024-08-09T14:02:43","slug":"kaufen-sie-fluessiges-lsd-online","status":"publish","type":"product","link":"https:\/\/lacasadelamedicina.es\/de\/produkt\/kaufen-sie-fluessiges-lsd-online\/","title":{"rendered":"Kaufen Sie fl\u00fcssiges LSD online"},"content":{"rendered":"<h2>Kaufen Sie fl\u00fcssiges LSD zum Verkauf online<\/h2>\n<h3>Kaufen Sie fl\u00fcssiges LSD zum Verkauf online<\/h3>\n<p> LSD beginnt als kristalline Substanz und wird dann in konsumierbaren Formen vertrieben. In den 1960er Jahren wurde es \u00fcblicherweise in Form von Mikropunkten (winzigen Pillen), Gelatinequadraten (bekannt als \u201eFensterscheiben\u201c) und L\u00f6schpapier vertrieben. <strong>LSD kaufen<\/strong> Psychedelika, einschlie\u00dflich LSD, werden von verschiedenen Menschen unterschiedlich betrachtet \u2013 manche sehen sie als wertvolles Werkzeug in der Psychiatrie, andere als Bedrohung f\u00fcr die Gesellschaft und wieder andere als Tor zu anderen Welten. LSD wird, neben anderen bekannten Psychedelika wie DMT, Meskalin und Psilocybin, seit Jahrhunderten von verschiedenen Kulturen verwendet, um ver\u00e4nderte Bewusstseinszust\u00e4nde herbeizuf\u00fchren. W\u00e4hrend LSD erstmals 1943 entdeckt wurde, werden die anderen Substanzen aus Pflanzen und Pilzen gewonnen und haben eine lange Nutzungsgeschichte.    <strong>Warum LSD kaufen?<\/strong> LSD, auch als \u201eAcid\u201c bekannt, ist eine der wirksamsten stimmungsver\u00e4ndernden Substanzen. Es wird aus Lysergs\u00e4ure synthetisiert, die im Mutterkornpilz vorkommt, der auf Roggen und anderen Getreidesorten w\u00e4chst. LSD ist \u00fcblicherweise in verschiedenen Formen erh\u00e4ltlich, darunter kleine Tabletten (Mikropunkte), Kapseln, Gelatinequadrate (Fensterscheiben) und manchmal auf L\u00f6schpapier mit k\u00fcnstlerischen Mustern oder Comicfiguren. Es kann auch in fl\u00fcssiger Form verkauft werden. Unabh\u00e4ngig von der Form f\u00fchrt LSD normalerweise zu einer tiefgreifenden Losl\u00f6sung von der Realit\u00e4t.<\/p>\n","protected":false},"excerpt":{"rendered":"<p>Unsere L\u00f6sung enth\u00e4lt echtes LSD-25, keinen Ersatzstoff (viele andere Websites bieten stattdessen 1P-LSD an). Sie ist in verschiedenen Verd\u00fcnnungsst\u00e4rken erh\u00e4ltlich. Die L\u00f6sung wird aus dem Wirkstoff und destilliertem Wasser hergestellt und in einer sterilen Umgebung zubereitet, um die Reinheit zu gew\u00e4hrleisten. Ein wesentlicher Vorteil des fl\u00fcssigen Formats ist die M\u00f6glichkeit, Dosen genau zu messen. Jede Flasche ist mit einem Tropfdeckel ausgestattet, der in 0,25-ml-Schritten markiert ist, was eine pr\u00e4zise Dosierung und einfache Handhabung erm\u00f6glicht. So k\u00f6nnen Sie genau die gew\u00fcnschte Menge einnehmen.     <\/p>\n","protected":false},"featured_media":19311,"comment_status":"open","ping_status":"closed","template":"","meta":{"om_disable_all_campaigns":false,"_sitemap_exclude":false,"_sitemap_priority":"","_sitemap_frequency":"","_monsterinsights_skip_tracking":false,"_monsterinsights_sitenote_active":false,"_monsterinsights_sitenote_note":"","_monsterinsights_sitenote_category":0},"product_cat":[22918],"product_tag":[22934,22923,22938,22928,22927,22937,22940,22935,22931,22929,22922,22920,22926,22932,22924,22933,22919,22939,22936,22925,22921,22930],"class_list":{"0":"post-29792","1":"product","2":"type-product","3":"status-publish","4":"has-post-thumbnail","6":"product_cat-lsd-de","7":"product_tag-angebote-fur-california-sunshine-europe","8":"product_tag-auswirkungen-des-kalifornischen-sonnenscheins","9":"product_tag-authentischer-sonnenschein-kaliforniens-europa","10":"product_tag-bestellen-california-sunshine-eu","11":"product_tag-california-sunshine-bestpreis-europa","12":"product_tag-california-sunshine-europa-lieferung","13":"product_tag-california-sunshine-europe-bewertung","14":"product_tag-california-sunshine-europe-shop-de","15":"product_tag-california-sunshine-europe-verkauf","16":"product_tag-california-sunshine-kostenloser-versand-europa","17":"product_tag-california-sunshine-online-bestellen","18":"product_tag-california-sunshine-online-kaufen","19":"product_tag-california-sunshine-online-kaufen-europa","20":"product_tag-california-sunshine-online-shop-europa","21":"product_tag-california-sunshine-verkaufe-online","22":"product_tag-gunstige-california-sunshine-europa","23":"product_tag-kaufen-california-sunshine","24":"product_tag-lieferanten-von-california-sunshine-europe","25":"product_tag-rabatt-fur-california-sunshine-europe","26":"product_tag-wie-viel-kostet-california-sunshine","27":"product_tag-wo-kann-man-california-sunshine-online-kaufen","28":"product_tag-wo-sie-california-sunshine-europe-kaufen-konnen","30":"first","31":"instock","32":"shipping-taxable","33":"purchasable","34":"product-type-simple","35":"farmacie-col"},"aioseo_notices":[],"_links":{"self":[{"href":"https:\/\/lacasadelamedicina.es\/de\/wp-json\/wp\/v2\/product\/29792"}],"collection":[{"href":"https:\/\/lacasadelamedicina.es\/de\/wp-json\/wp\/v2\/product"}],"about":[{"href":"https:\/\/lacasadelamedicina.es\/de\/wp-json\/wp\/v2\/types\/product"}],"replies":[{"embeddable":true,"href":"https:\/\/lacasadelamedicina.es\/de\/wp-json\/wp\/v2\/comments?post=29792"}],"wp:featuredmedia":[{"embeddable":true,"href":"https:\/\/lacasadelamedicina.es\/de\/wp-json\/wp\/v2\/media\/19311"}],"wp:attachment":[{"href":"https:\/\/lacasadelamedicina.es\/de\/wp-json\/wp\/v2\/media?parent=29792"}],"wp:term":[{"taxonomy":"product_cat","embeddable":true,"href":"https:\/\/lacasadelamedicina.es\/de\/wp-json\/wp\/v2\/product_cat?post=29792"},{"taxonomy":"product_tag","embeddable":true,"href":"https:\/\/lacasadelamedicina.es\/de\/wp-json\/wp\/v2\/product_tag?post=29792"}],"curies":[{"name":"wp","href":"https:\/\/api.w.org\/{rel}","templated":true}]}}