{"id":29775,"date":"2024-08-10T09:07:04","date_gmt":"2024-08-10T09:07:04","guid":{"rendered":"https:\/\/lacasadelamedicina.es\/product\/golden-teacher-pilze-online-kaufen\/"},"modified":"2024-08-10T09:07:04","modified_gmt":"2024-08-10T09:07:04","slug":"golden-teacher-pilze-online-kaufen","status":"publish","type":"product","link":"https:\/\/lacasadelamedicina.es\/de\/produkt\/golden-teacher-pilze-online-kaufen\/","title":{"rendered":"Golden Teacher-Pilze online kaufen"},"content":{"rendered":"<h2>Golden Teacher-Pilze online kaufen<\/h2>\n<p> Kaufen Sie Golden Teacher online. Die weisen Golden Teacher-Pilze erzeugen Magie im Geist und erm\u00f6glichen eine Reise zur Selbsterkenntnis. Dieses FreshMushroom-Zuchtset aus 100 % Myzel w\u00e4chst schnell und ist v\u00f6llig wartungsfrei. XP steht f\u00fcr Extra Potency!   <\/p>\n<h3>So funktioniert es<\/h3>\n<p> Psilocybin wirkt, indem es <span class=\"css-1a8rnix icon-hl-trusted-source-after\"><span class=\"sro\">Vertrauensw\u00fcrdige Quelle<\/span><\/span> Serotoninrezeptoren aktiviert, am h\u00e4ufigsten im pr\u00e4frontalen Kortex. Dieser Teil des Gehirns beeinflusst Stimmung, Kognition und Wahrnehmung. Halluzinogene wirken auch in anderen Regionen des Gehirns, die Erregungs- und Panikreaktionen regulieren. Psilocybin verursacht nicht immer aktive visuelle oder akustische Halluzinationen. Stattdessen verzerrt es die Wahrnehmung von Objekten und Personen in ihrer Umgebung bei manchen Menschen, die die Droge verwenden. Die Menge der Droge, die eine Person konsumiert, ihre vergangenen Erfahrungen und ihre Erwartungen, wie die Erfahrung verlaufen wird, k\u00f6nnen alle die Wirkung von Psilocybin beeinflussen. Laut der Europ\u00e4ischen Beobachtungsstelle f\u00fcr Drogen und Drogensucht (EMCDDA) treten die halluzinogenen Wirkungen von Psilocybin normalerweise innerhalb von 30 Minuten nach der Einnahme auf und halten 4\u20136 Stunden an. Bei manchen Personen k\u00f6nnen Ver\u00e4nderungen der Sinneswahrnehmung und der Denkmuster mehrere Tage anhalten.        <\/p>\n<h3>Potenz<\/h3>\n<p> Die Wirksamkeit eines Zauberpilzes h\u00e4ngt ab von: <\/p>\n<ul>\n<li>Spezies<\/li>\n<li>Herkunft<\/li>\n<li>Wachstumsbedingungen<\/li>\n<li>Erntezeit<\/li>\n<li>ob man sie frisch oder getrocknet isst<\/li>\n<\/ul>\n<p> Die EMCDDA geht davon aus, dass der Psilocybingehalt getrockneter Pilze etwa zehnmal h\u00f6her ist als der frischer Pilze. <\/p>\n<h3>Verbrauch<\/h3>\n<p> Pilze, die Psilocybin enthalten, sind klein und normalerweise braun oder hellbraun. In der freien Natur k\u00f6nnen Menschen Pilze, die Psilocybin enthalten, mit einer Reihe anderer giftiger Pilze verwechseln. Menschen konsumieren Psilocybin normalerweise als aufgebr\u00fchten Tee oder bereiten es mit einem Nahrungsmittel zu, um seinen bitteren Geschmack zu \u00fcberdecken. Hersteller zermahlen getrocknete Pilze auch zu Pulver und bereiten sie in Kapselform zu. Manche Menschen, die diese Pilze verzehren, \u00fcberziehen sie mit Schokolade.     <\/p>\n<h3>Geschichte:<\/h3>\n<p> Liebhaber von Zauberpilzen sind sich einig, dass die Golden Teacher-Pilze, auch bekannt als eine Art von Psilocybe cubensis, die beliebteste psychedelische Pilzart sind. Dieser Artikel wird sich die ber\u00fcchtigten Golden Teacher-Pilze genauer ansehen. Am Ende dieses Artikels werden Sie alles \u00fcber diesen psychedelischen Pilz wissen. Wer neu in der Welt der Psychedelika und Pilze ist, kann sich auf Golden Teachers verlassen, wenn es um einen zuverl\u00e4ssigen Trip mit geringerer Wahrscheinlichkeit eines schlechten Trips geht. Daher sind sie oft ein Einstiegspilz f\u00fcr Zauberpilz-Neulinge.    <\/p>\n<h3>Wirkungen von Golden Teacher-Pilzen;<\/h3>\n<p> Golden Teacher Mushrooms erzeugen auch halluzinogene Effekte**, ein Merkmal, das allen Zauberpilzen gemeinsam ist. Erwarten Sie eine vision\u00e4re Erfahrung zusammen mit Wellen universeller Energie, die durch Sie hindurchstr\u00f6men, mit starken Halluzinationen bei offenen und geschlossenen Augen.<\/p>\n","protected":false},"excerpt":{"rendered":"<p>Buy Golden Teachers werden auch f\u00fcr ihre spirituellen und\/oder schamanischen Wirkungen gelobt. Daher ist dieser Pilz nicht nur f\u00fcr gelegentliche Trips geeignet. Er kann auch verwendet werden, um neue Erkenntnisse \u00fcber sich selbst und das Universum zu gewinnen.  <\/p>\n","protected":false},"featured_media":19731,"comment_status":"open","ping_status":"closed","template":"","meta":{"om_disable_all_campaigns":false,"_sitemap_exclude":false,"_sitemap_priority":"","_sitemap_frequency":"","_monsterinsights_skip_tracking":false,"_monsterinsights_sitenote_active":false,"_monsterinsights_sitenote_note":"","_monsterinsights_sitenote_category":0},"product_cat":[22748],"product_tag":[22852,22856,22846,22857,22853,22849,22858,22854,22850,22845,22855,22837,22847,22840,22842,22838,22844,22851,22843,22841,22848,22839],"class_list":{"0":"post-29775","1":"product","2":"type-product","3":"status-publish","4":"has-post-thumbnail","6":"product_cat-zauberpilze","7":"product_tag-angebote-fur-golden-teacher-mushrooms-europe","8":"product_tag-authentische-golden-teacher-pilze-europa","9":"product_tag-golden-teacher-mushrooms-eu-bestellen","10":"product_tag-golden-teacher-mushrooms-europa-lieferanten","11":"product_tag-golden-teacher-mushrooms-europa-shop","12":"product_tag-golden-teacher-mushrooms-europa-verkauf","13":"product_tag-golden-teacher-mushrooms-europe-bewertung","14":"product_tag-golden-teacher-mushrooms-europe-rabatt","15":"product_tag-golden-teacher-mushrooms-online-shop-europa","16":"product_tag-golden-teacher-pilze-bester-preis-europa","17":"product_tag-golden-teacher-pilze-europa-lieferung","18":"product_tag-golden-teacher-pilze-kaufen","19":"product_tag-golden-teacher-pilze-kostenloser-versand-europa","20":"product_tag-golden-teacher-pilze-online-bestellen","21":"product_tag-golden-teacher-pilze-online-kaufen-de","22":"product_tag-golden-teacher-pilze-online-kaufen","23":"product_tag-golden-teacher-pilze-online-kaufen-europa","24":"product_tag-gunstige-golden-teacher-pilze-europa","25":"product_tag-wie-viel-kostet-golden-teacher-mushrooms","26":"product_tag-wirkungen-von-golden-teacher-mushrooms","27":"product_tag-wo-kann-man-golden-teacher-mushrooms-in-europa-kaufen","28":"product_tag-wo-kann-man-golden-teacher-pilze-online-kaufen","30":"first","31":"instock","32":"shipping-taxable","33":"purchasable","34":"product-type-simple","35":"farmacie-col"},"aioseo_notices":[],"_links":{"self":[{"href":"https:\/\/lacasadelamedicina.es\/de\/wp-json\/wp\/v2\/product\/29775"}],"collection":[{"href":"https:\/\/lacasadelamedicina.es\/de\/wp-json\/wp\/v2\/product"}],"about":[{"href":"https:\/\/lacasadelamedicina.es\/de\/wp-json\/wp\/v2\/types\/product"}],"replies":[{"embeddable":true,"href":"https:\/\/lacasadelamedicina.es\/de\/wp-json\/wp\/v2\/comments?post=29775"}],"wp:featuredmedia":[{"embeddable":true,"href":"https:\/\/lacasadelamedicina.es\/de\/wp-json\/wp\/v2\/media\/19731"}],"wp:attachment":[{"href":"https:\/\/lacasadelamedicina.es\/de\/wp-json\/wp\/v2\/media?parent=29775"}],"wp:term":[{"taxonomy":"product_cat","embeddable":true,"href":"https:\/\/lacasadelamedicina.es\/de\/wp-json\/wp\/v2\/product_cat?post=29775"},{"taxonomy":"product_tag","embeddable":true,"href":"https:\/\/lacasadelamedicina.es\/de\/wp-json\/wp\/v2\/product_tag?post=29775"}],"curies":[{"name":"wp","href":"https:\/\/api.w.org\/{rel}","templated":true}]}}