{"id":29766,"date":"2024-08-10T10:17:18","date_gmt":"2024-08-10T10:17:18","guid":{"rendered":"https:\/\/lacasadelamedicina.es\/product\/kaufen-sie-zauberpilze-online\/"},"modified":"2024-08-10T10:17:18","modified_gmt":"2024-08-10T10:17:18","slug":"kaufen-sie-zauberpilze-online","status":"publish","type":"product","link":"https:\/\/lacasadelamedicina.es\/de\/produkt\/kaufen-sie-zauberpilze-online\/","title":{"rendered":"Kaufen Sie Zauberpilze online"},"content":{"rendered":"<h3>Kaufen Sie Zauberpilze online<\/h3>\n<p> Kaufen Sie Zauberpilze aus den USA. Psilocybe cubensis ist eine Art psychoaktiver Pilze, deren wichtigste Wirkstoffe Psilocybin und Psilocin sind. Er wird allgemein als Shrooms, Magic Mushrooms, Golden Tops, Cubes oder Gold Caps bezeichnet, geh\u00f6rt zur Pilzfamilie Hymenogastraceae und war fr\u00fcher als Stropharia cogenesis bekannt. Psilocybin cogenesis ist eine Art psychoaktiver Pilze, deren wichtigste Wirkstoffe Psilocybin und Psilocin sind. Er wird allgemein als Shrooms, Magic Mushrooms, Golden Tops, Cubes oder Gold Caps bezeichnet, geh\u00f6rt zur Pilzfamilie Hymenogastraceae und war fr\u00fcher als Stropharia cogenesis bekannt. Zauberpilze sind wilde oder gez\u00fcchtete Pilze, die Psilocybin enthalten, eine nat\u00fcrlich vorkommende psychoaktive und halluzinogene Verbindung. Laut der Substance Abuse and Mental Health Services Administrations gilt Psilocybin als eines der bekanntesten Psychedelika.       <\/p>\n<h3>Was ist Psilocybin (Zauberpilze)?<\/h3>\n<p> Psilocybin (4-Phosphoryloxy-N, N-Dimethyltryptamin) und Psilocin sind chemische Verbindungen, die aus bestimmten Arten getrockneter oder frischer halluzinogener Pilze gewonnen werden, die in Mexiko, S\u00fcdamerika und den s\u00fcdlichen und nordwestlichen Regionen der Vereinigten Staaten vorkommen. Psilocybin wird als Indolalkylamin (Tryptamin) klassifiziert. Diese Verbindungen haben eine \u00e4hnliche Struktur wie Lysergs\u00e4urediethylamid (LSD) und werden wegen ihrer halluzinogenen und euphorisierenden Wirkung missbraucht, um einen \u201eTrip\u201c hervorzurufen. Halluzinogene (psychedelische) Wirkungen beruhen wahrscheinlich auf einer Wirkung auf die Serotonin-Rezeptoren (5-HT) des zentralen Nervensystems. Es gibt \u00fcber 180 Pilzarten, die die Chemikalien Psilocybin oder Psilocin enthalten. Wie Peyote (Meskalin) werden halluzinogene Pilze seit Jahrhunderten in einheimischen oder religi\u00f6sen Riten verwendet. Sowohl Psilocybin als auch Psilocin k\u00f6nnen auch synthetisch im Labor hergestellt werden. Es gibt Berichte, dass auf der Stra\u00dfe gekauftes Psilocybin in Wirklichkeit andere mit LSD versetzte Pilzarten sein k\u00f6nnen.        <\/p>\n<h3>Methoden der Psilocybin-Anwendung<\/h3>\n<p> \u201eMagic Mushrooms\u201c haben lange, schlanke Stiele, die wei\u00df oder gr\u00e4ulich erscheinen k\u00f6nnen und an deren Unterseite sich Kappen mit dunklen Lamellen befinden. Getrocknete Pilze haben normalerweise eine r\u00f6tlich-rostbraune Farbe mit vereinzelten cremefarbenen Bereichen. Pilze werden oral eingenommen und k\u00f6nnen zu Tee verarbeitet oder in andere Lebensmittel gemischt werden. Die Pilze k\u00f6nnen frisch oder getrocknet verwendet werden. Psilocybin hat einen bitteren, ungenie\u00dfbaren Geschmack.<\/p>\n","protected":false},"excerpt":{"rendered":"<p>Kaufen Sie Zauberpilze online Kaufen Sie Zauberpilze aus den USA. Psilocybe cubensis ist eine Art psychoaktiver Pilze, deren wichtigste Wirkstoffe Psilocybin und Psilocin sind. Er wird allgemein als Shrooms, Magic Mushrooms, Golden Tops, Cubes oder Gold Caps bezeichnet, geh\u00f6rt zur Pilzfamilie Hymenogastraceae und war fr\u00fcher als Stropharia cogenesis bekannt. Psilocybin cogenesis ist eine Art psychoaktiver [&hellip;]<\/p>\n","protected":false},"featured_media":19761,"comment_status":"open","ping_status":"closed","template":"","meta":{"om_disable_all_campaigns":false,"_sitemap_exclude":false,"_sitemap_priority":"","_sitemap_frequency":"","_monsterinsights_skip_tracking":false,"_monsterinsights_sitenote_active":false,"_monsterinsights_sitenote_note":"","_monsterinsights_sitenote_category":0},"product_cat":[22748],"product_tag":[22808,22812,22802,22796,22807,22794,22793,22800,22811,22809,22805,22814,22813,22810,22798,22806,22799,22797,22804,22795,22803,22801],"class_list":{"0":"post-29766","1":"product","2":"type-product","3":"status-publish","4":"has-post-thumbnail","6":"product_cat-zauberpilze","7":"product_tag-angebote-fur-magic-mushrooms-europe","8":"product_tag-authentische-zauberpilze-europa","9":"product_tag-bestellen-sie-magic-mushrooms-eu","10":"product_tag-bestellen-sie-zauberpilze-online","11":"product_tag-gunstige-zauberpilze-europa","12":"product_tag-kaufen-sie-magic-mushrooms","13":"product_tag-kaufen-sie-zauberpilze-online","14":"product_tag-kaufen-sie-zauberpilze-online-in-europa","15":"product_tag-magic-mushrooms-europa-lieferung","16":"product_tag-magic-mushrooms-europa-shop","17":"product_tag-magic-mushrooms-europa-verkauf","18":"product_tag-magic-mushrooms-europe-bewertung","19":"product_tag-magic-mushrooms-europe-lieferanten","20":"product_tag-magic-mushrooms-europe-rabatt","21":"product_tag-magic-mushrooms-online-kaufen","22":"product_tag-magic-mushrooms-online-shop-europa","23":"product_tag-wie-viel-kostet-magic-mushrooms","24":"product_tag-wirkung-von-zauberpilzen","25":"product_tag-wo-kann-man-magic-mushrooms-in-europa-kaufen","26":"product_tag-wo-kann-man-zauberpilze-online-kaufen","27":"product_tag-zauberpilze-versandkostenfrei-nach-europa","28":"product_tag-zauberpilze-zum-besten-preis-in-europa","30":"first","31":"instock","32":"shipping-taxable","33":"purchasable","34":"product-type-simple","35":"farmacie-col"},"aioseo_notices":[],"_links":{"self":[{"href":"https:\/\/lacasadelamedicina.es\/de\/wp-json\/wp\/v2\/product\/29766"}],"collection":[{"href":"https:\/\/lacasadelamedicina.es\/de\/wp-json\/wp\/v2\/product"}],"about":[{"href":"https:\/\/lacasadelamedicina.es\/de\/wp-json\/wp\/v2\/types\/product"}],"replies":[{"embeddable":true,"href":"https:\/\/lacasadelamedicina.es\/de\/wp-json\/wp\/v2\/comments?post=29766"}],"wp:featuredmedia":[{"embeddable":true,"href":"https:\/\/lacasadelamedicina.es\/de\/wp-json\/wp\/v2\/media\/19761"}],"wp:attachment":[{"href":"https:\/\/lacasadelamedicina.es\/de\/wp-json\/wp\/v2\/media?parent=29766"}],"wp:term":[{"taxonomy":"product_cat","embeddable":true,"href":"https:\/\/lacasadelamedicina.es\/de\/wp-json\/wp\/v2\/product_cat?post=29766"},{"taxonomy":"product_tag","embeddable":true,"href":"https:\/\/lacasadelamedicina.es\/de\/wp-json\/wp\/v2\/product_tag?post=29766"}],"curies":[{"name":"wp","href":"https:\/\/api.w.org\/{rel}","templated":true}]}}