{"id":29764,"date":"2024-08-10T10:46:42","date_gmt":"2024-08-10T10:46:42","guid":{"rendered":"https:\/\/lacasadelamedicina.es\/product\/von-penis-envy-mushrooms-online\/"},"modified":"2024-08-10T10:46:42","modified_gmt":"2024-08-10T10:46:42","slug":"von-penis-envy-mushrooms-online","status":"publish","type":"product","link":"https:\/\/lacasadelamedicina.es\/de\/produkt\/von-penis-envy-mushrooms-online\/","title":{"rendered":"Von Penis Envy Mushrooms Online"},"content":{"rendered":"<h3>Von Penis Envy Mushrooms Online<\/h3>\n<p> Kaufen Sie Penis Envy-Pilze online. Psilocybe cubensis ist eine Art psychedelischer Pilze, deren wichtigste Wirkstoffe Psilocybin und Psilocin sind. Allgemein als Shrooms, Magic Mushrooms, Golden Tops, Cubes oder Gold Caps bezeichnet. Supa Envy-Pilze lassen Sie Trips der Stufe 4-5 erleben, die Sie stundenlang in eine andere Dimension versetzen. Der Penis Envy ist ein absoluter Gewinner &#8230; Stark und sehr anschaulich. Neben seiner h\u00f6heren Wirksamkeit sieht der Penis Envy anders aus. Es ist keine wilde Vermutung n\u00f6tig, sein phallusf\u00f6rmiges Aussehen macht ihn wirklich zu etwas Besonderem. Das Beste ist, dass Sie diese Zauberpilze auch anbauen k\u00f6nnen. Der Penis Envy ist eine sehr wirksame Zauberpilzsorte, die daf\u00fcr bekannt ist, eine h\u00f6here Menge zu enthalten. Kaufen Sie Penis Envy-Pilze online. Penis Envy-Pilze sind eine der 180 Pilzarten der Gattung Psilocybe und wachsen in verschiedenen Umgebungen. Der Penisneidpilz ist auch unter den Namen Flying Saucers, Indigo Psilocybe, Azzies und Blue Angels bekannt.            <strong>Was unterscheidet unsere Penis Envy Magic Mushrooms?<\/strong><\/p>\n<ol>\n<li><strong>Rechtliche und im Labor getestete Garantie<\/strong>: Bei Dr. Lawson&#8217;s Pharmacy werden alle unsere Produkte, einschlie\u00dflich der bezaubernden Penis Envy-Pilze, gr\u00fcndlich getestet, um sicherzustellen, dass sie frei von Psilocybin, Psilocin, 4-ACO-DMT, Amanita muscaria, Cannabinoiden und anderen Forschungschemikalien sind. Diese strengen Tests garantieren, dass unsere Angebote den h\u00f6chsten Sicherheits- und Rechtsstandards entsprechen. <\/li>\n<li><strong>Innovative Kultivierung<\/strong>: Unsere Penis Envy-Pilze werden mit modernen Kultivierungstechniken gez\u00fcchtet, die sich auf die Manipulation der genetischen Zusammensetzung konzentrieren, um eine \u201enicht nachweisbare\u201c Sorte zu schaffen. Das bedeutet, dass unsere Pilze frei von Psilocybin und Psilocin sind, aber dennoch die einzigartigen Eigenschaften bewahren, die sie so begehrt machen. <\/li>\n<li><strong>Verbessertes Alkaloidprofil<\/strong>: Was unsere Penis Envy-Pilze wirklich besonders macht, sind ihre erh\u00f6hten Werte anderer nat\u00fcrlich vorkommender Alkaloide. Diese Verbindungen tragen zu einem intensiven und umfassenden psychedelischen Erlebnis bei und liefern die tiefgreifenden Effekte, die sowohl medizinische als auch Freizeitnutzer suchen. <\/li>\n<li><strong>Vielf\u00e4ltiges Produktsortiment<\/strong>: Zus\u00e4tzlich zu unseren Penis Envy-Pilzen bietet Dr. Lawson&#8217;s Pharmacy eine Reihe anderer Zauberpilzprodukte an, darunter Gummib\u00e4rchen und Mikrodosiskapseln. Jedes Produkt wird mit dem gleichen Engagement f\u00fcr Qualit\u00e4t und Sicherheit hergestellt. <\/li>\n<\/ol>\n<p> Kaufen Sie Penis-Neid-Pilze noch heute online. Der Penis-Neid-Pilz enth\u00e4lt 0,4 % Baeocystin, 1,8 % Psilocybin und 0,5 % Psilocin. Es ist die st\u00e4rkste Art zur Synthese von Tryptamin. Diese Art ist beispielsweise 3-mal potenter als Psilocybe Cubensis Psilocybe Cyanscens <strong>Entdecken Sie die einzigartigen Eigenschaften unserer Penis-Neid-Pilze bei Dr. Lawson&#8217;s Pharmacy<\/strong> Unsere Penis-Neid-Pilze weisen au\u00dfergew\u00f6hnliche und seltene Eigenschaften auf, die sie von anderen unterscheiden. Hier ist ein genauerer Blick auf ihre besonderen Merkmale:     <\/p>\n<ul>\n<li><strong>Sporen<\/strong>: Diese Pilze besitzen Sporen, die in zwei unterschiedlichen Farbt\u00f6nen vorkommen: violett-schwarz und dunkel violett-braun. Die Sporen haben eine ellipsoide Form, was sie von anderen Arten innerhalb derselben Gattung unterscheidet. <\/li>\n<li><strong>Pileus (Hut)<\/strong>: Der Pileus oder Hut des Pilzes ist konisch oder konvex geformt. Im frischen Zustand weist er eine satte braune oder karamellfarbene Farbe auf. Wenn der Pilz altert, \u00e4ndert sich der tiefdunkle Fleck in der Mitte des Hutes beim Trocknen in einen helleren, stroh\u00e4hnlichen Farbton.  <\/li>\n<\/ul>\n<p> Bei Dr. Lawson&#8217;s Pharmacy legen wir Wert darauf, qualitativ hochwertige Penis Envy-Pilze mit diesen einzigartigen Eigenschaften anzubieten und so ein Produkt zu gew\u00e4hrleisten, das sowohl selten als auch bemerkenswert ist.<\/p>\n","protected":false},"excerpt":{"rendered":"<p>Penisneidpilze wurden bereits 1979 entdeckt und seitdem haben Forscher verschiedene Artikel dar\u00fcber ver\u00f6ffentlicht. In seiner Ver\u00f6ffentlichung \u201ePsilocybin-Pilze der Welt\u201c aus dem Jahr 1996 nannte Paul Stamets die Art beispielsweise Azurescens. Der Name Azurescens ist eine freie \u00dcbersetzung f\u00fcr die azurblaue oder blaue Farbe des Pilzes.  <\/p>\n","protected":false},"featured_media":19791,"comment_status":"open","ping_status":"closed","template":"","meta":{"om_disable_all_campaigns":false,"_sitemap_exclude":false,"_sitemap_priority":"","_sitemap_frequency":"","_monsterinsights_skip_tracking":false,"_monsterinsights_sitenote_active":false,"_monsterinsights_sitenote_note":"","_monsterinsights_sitenote_category":0},"product_cat":[22748],"product_tag":[22753,22768,22763,22757,22758,22764,22769,22767,22765,22761,22770,22766,22759,22752,22754,22750,22756,22762,22749,22755,22760,22751],"class_list":{"0":"post-29764","1":"product","2":"type-product","3":"status-publish","4":"has-post-thumbnail","6":"product_cat-zauberpilze","7":"product_tag-auswirkungen-von-penis-neid-pilzen","8":"product_tag-authentische-penis-neid-pilze-europa","9":"product_tag-gunstige-penis-envy-mushrooms-europa","10":"product_tag-penis-envy-mushrooms-bester-preis-europa","11":"product_tag-penis-envy-mushrooms-eu-bestellen","12":"product_tag-penis-envy-mushrooms-europa-angebote","13":"product_tag-penis-envy-mushrooms-europa-lieferanten","14":"product_tag-penis-envy-mushrooms-europa-lieferung","15":"product_tag-penis-envy-mushrooms-europa-shop","16":"product_tag-penis-envy-mushrooms-europa-verkauf","17":"product_tag-penis-envy-mushrooms-europe-bewertung","18":"product_tag-penis-envy-mushrooms-europe-rabatt","19":"product_tag-penis-envy-mushrooms-kostenloser-versand-europa","20":"product_tag-penis-envy-mushrooms-online-bestellen","21":"product_tag-penis-envy-mushrooms-online-kaufen-de","22":"product_tag-penis-envy-mushrooms-online-kaufen","23":"product_tag-penis-envy-mushrooms-online-kaufen-europa","24":"product_tag-penis-envy-mushrooms-online-shop-europa","25":"product_tag-penis-envy-pilze-kaufen","26":"product_tag-wie-viel-kostet-penis-envy-mushrooms","27":"product_tag-wo-kann-man-penis-envy-mushrooms-in-europa-kaufen","28":"product_tag-wo-kann-man-penis-envy-mushrooms-online-kaufen","30":"first","31":"instock","32":"shipping-taxable","33":"purchasable","34":"product-type-simple","35":"farmacie-col"},"aioseo_notices":[],"_links":{"self":[{"href":"https:\/\/lacasadelamedicina.es\/de\/wp-json\/wp\/v2\/product\/29764"}],"collection":[{"href":"https:\/\/lacasadelamedicina.es\/de\/wp-json\/wp\/v2\/product"}],"about":[{"href":"https:\/\/lacasadelamedicina.es\/de\/wp-json\/wp\/v2\/types\/product"}],"replies":[{"embeddable":true,"href":"https:\/\/lacasadelamedicina.es\/de\/wp-json\/wp\/v2\/comments?post=29764"}],"wp:featuredmedia":[{"embeddable":true,"href":"https:\/\/lacasadelamedicina.es\/de\/wp-json\/wp\/v2\/media\/19791"}],"wp:attachment":[{"href":"https:\/\/lacasadelamedicina.es\/de\/wp-json\/wp\/v2\/media?parent=29764"}],"wp:term":[{"taxonomy":"product_cat","embeddable":true,"href":"https:\/\/lacasadelamedicina.es\/de\/wp-json\/wp\/v2\/product_cat?post=29764"},{"taxonomy":"product_tag","embeddable":true,"href":"https:\/\/lacasadelamedicina.es\/de\/wp-json\/wp\/v2\/product_tag?post=29764"}],"curies":[{"name":"wp","href":"https:\/\/api.w.org\/{rel}","templated":true}]}}