{"id":29728,"date":"2024-08-10T19:03:32","date_gmt":"2024-08-10T19:03:32","guid":{"rendered":"https:\/\/lacasadelamedicina.es\/product\/kaufen-sie-adderall-online\/"},"modified":"2024-08-10T19:03:32","modified_gmt":"2024-08-10T19:03:32","slug":"kaufen-sie-adderall-online","status":"publish","type":"product","link":"https:\/\/lacasadelamedicina.es\/de\/produkt\/kaufen-sie-adderall-online\/","title":{"rendered":"Kaufen Sie Adderall online"},"content":{"rendered":"<h1 class=\"product_title entry-title\">Kaufen Sie Adderall online<\/h1>\n<p> Kaufen Sie Adderall online. Adderall ist ein verschreibungspflichtiges Medikament, das Amphetamin und Dextroamphetamin enth\u00e4lt und als Stimulanzien eingestuft wird. Es wird haupts\u00e4chlich zur Behandlung von Aufmerksamkeitsdefizit-Hyperaktivit\u00e4tsst\u00f6rung (ADHS) und Narkolepsie verschrieben. Adderall ist eine bevorzugte Option zur Behandlung von ADHS. Untersuchungen zeigen, dass sowohl Adderall als auch Adderall XR die Aufmerksamkeit und Konzentration verbessern und impulsives Verhalten reduzieren, wobei 75 bis 80 Prozent der Kinder mit ADHS durch die Einnahme von Stimulanzien eine Symptomverbesserung erfahren. Bei Narkolepsie hilft Adderall, die Wachheit am Tag zu erh\u00f6hen, obwohl die Forschung zu seiner Wirksamkeit bei dieser Erkrankung begrenzt ist. Adderall und Mydayis sind Markennamen f\u00fcr ein Medikament aus gemischten Amphetaminsalzen, das eine Kombination aus vier Amphetaminsalzen enth\u00e4lt. Diese Mischung besteht zu gleichen Teilen aus racemischem Amphetamin und Dextroamphetamin, wodurch ein Verh\u00e4ltnis von Dextroamphetamin zu Levoamphetamin (3:1) entsteht. Beide Enantiomere sind Stimulanzien, haben aber unterschiedliche Wirkungen, was Adderall im Vergleich zu anderen Amphetaminformen ein einzigartiges Profil verleiht. Adderall wird zur Behandlung von ADHS und Narkolepsie verwendet, wird aber auch missbraucht, um die sportliche Leistung zu steigern, die kognitive Leistung zu steigern, den Appetit zu unterdr\u00fccken und als Freizeitdroge Euphorie zu erzeugen. Es geh\u00f6rt zur Klasse der Stimulanzien des zentralen Nervensystems (ZNS). Generischer Name: Amphetamin und Dextroamphetamin Markennamen: Adderall, Adderall XR, Mydayis Arzneimittelklasse: ZNS-Stimulanzien<\/p>\n","protected":false},"excerpt":{"rendered":"<p>Kaufen Sie Adderall online. Adderall ist ein verschreibungspflichtiges Medikament, das aus Amphetamin und Dextroamphetamin besteht. Sie k\u00f6nnen Adderall online kaufen, auch in Tablettenform.  <\/p>\n","protected":false},"featured_media":19806,"comment_status":"open","ping_status":"closed","template":"","meta":{"om_disable_all_campaigns":false,"_sitemap_exclude":false,"_sitemap_priority":"","_sitemap_frequency":"","_monsterinsights_skip_tracking":false,"_monsterinsights_sitenote_active":false,"_monsterinsights_sitenote_note":"","_monsterinsights_sitenote_category":0},"product_cat":[21774],"product_tag":[22734,22741,22744,22742,22738,22747,22743,22746,22736,22733,22739,22731,22730,22745,22735,22729,22740,22727,22728,22732,22737,22726],"class_list":{"0":"post-29728","1":"product","2":"type-product","3":"status-publish","4":"has-post-thumbnail","6":"product_cat-schmerzmittel","7":"product_tag-adderall-bester-preis-europa","8":"product_tag-adderall-europa-angebote","9":"product_tag-adderall-europa-lieferung","10":"product_tag-adderall-europa-shop","11":"product_tag-adderall-europa-verkauf","12":"product_tag-adderall-europe-bewertung","13":"product_tag-adderall-europe-rabatt","14":"product_tag-adderall-europe-lieferanten","15":"product_tag-adderall-kostenloser-versand-europa","16":"product_tag-adderall-online-kaufen-in-europa","17":"product_tag-adderall-online-shop-europa","18":"product_tag-adderall-verkauf-online","19":"product_tag-auswirkungen-von-adderall","20":"product_tag-authentisches-adderall-europa","21":"product_tag-bestellen-sie-adderall-eu","22":"product_tag-bestellen-sie-adderall-online","23":"product_tag-gunstiges-adderall-europa","24":"product_tag-kaufen-sie-adderall","25":"product_tag-kaufen-sie-adderall-online","26":"product_tag-wie-viel-kostet-adderall","27":"product_tag-wo-kann-man-adderall-in-europa-kaufen","28":"product_tag-wo-kann-man-adderall-online-kaufen","30":"first","31":"instock","32":"shipping-taxable","33":"purchasable","34":"product-type-variable","35":"farmacie-col","36":"product-has-gallery"},"aioseo_notices":[],"_links":{"self":[{"href":"https:\/\/lacasadelamedicina.es\/de\/wp-json\/wp\/v2\/product\/29728"}],"collection":[{"href":"https:\/\/lacasadelamedicina.es\/de\/wp-json\/wp\/v2\/product"}],"about":[{"href":"https:\/\/lacasadelamedicina.es\/de\/wp-json\/wp\/v2\/types\/product"}],"replies":[{"embeddable":true,"href":"https:\/\/lacasadelamedicina.es\/de\/wp-json\/wp\/v2\/comments?post=29728"}],"wp:featuredmedia":[{"embeddable":true,"href":"https:\/\/lacasadelamedicina.es\/de\/wp-json\/wp\/v2\/media\/19806"}],"wp:attachment":[{"href":"https:\/\/lacasadelamedicina.es\/de\/wp-json\/wp\/v2\/media?parent=29728"}],"wp:term":[{"taxonomy":"product_cat","embeddable":true,"href":"https:\/\/lacasadelamedicina.es\/de\/wp-json\/wp\/v2\/product_cat?post=29728"},{"taxonomy":"product_tag","embeddable":true,"href":"https:\/\/lacasadelamedicina.es\/de\/wp-json\/wp\/v2\/product_tag?post=29728"}],"curies":[{"name":"wp","href":"https:\/\/api.w.org\/{rel}","templated":true}]}}