{"id":29706,"date":"2024-08-10T19:38:26","date_gmt":"2024-08-10T19:38:26","guid":{"rendered":"https:\/\/lacasadelamedicina.es\/product\/kaufen-sie-demerol-online\/"},"modified":"2024-08-10T19:38:26","modified_gmt":"2024-08-10T19:38:26","slug":"kaufen-sie-demerol-online","status":"publish","type":"product","link":"https:\/\/lacasadelamedicina.es\/de\/produkt\/kaufen-sie-demerol-online\/","title":{"rendered":"Kaufen Sie Demerol online"},"content":{"rendered":"<h1 class=\"product_title entry-title\">Kaufen Sie Demerol online<\/h1>\n<p> Kaufen Sie Demerol online. Demerol, auch bekannt als Meperidinhydrochlorid, wird zur Behandlung mittelschwerer bis starker Schmerzen eingesetzt. Es wirkt, indem es sich an Opioidrezeptoren im zentralen Nervensystem bindet, was es zu einer Art Analgetikum und Opioid macht. Meperidin ist zur Schmerzlinderung wirksam, wenn andere Schmerzmittel unzureichend oder unertr\u00e4glich sind. Es f\u00e4llt in die Kategorie der narkotischen Analgetika und wirkt auf das zentrale Nervensystem, um Schmerzen zu lindern. Es wird jedoch nicht zur Behandlung chronischer Schmerzen empfohlen. Die langfristige Einnahme von Meperidin kann zu k\u00f6rperlicher oder geistiger Abh\u00e4ngigkeit f\u00fchren. W\u00e4hrend bei sachgem\u00e4\u00dfer Anwendung eine geistige Abh\u00e4ngigkeit seltener auftritt, kann eine k\u00f6rperliche Abh\u00e4ngigkeit Entzugserscheinungen hervorrufen, wenn die Behandlung abrupt abgebrochen wird. Eine schrittweise Dosisreduktion kann helfen, schwere Entzugserscheinungen zu vermeiden. Demerol ist nur \u00fcber ein eingeschr\u00e4nktes Vertriebsprogramm erh\u00e4ltlich, das als Opioid Analgesic REMS-Programm (Risk Evaluation and Mitigation Strategy) bekannt ist. <strong>Generischer Name:<\/strong> Meperidin <strong>Markenname:<\/strong> Demerol <strong>Arzneimittelklasse:<\/strong> Opioid-Analgetika, synthetische Opioide <strong>Darreichungsformen:<\/strong> Sirup, Tablette, L\u00f6sung <strong>M\u00f6gliche schwerwiegende Nebenwirkungen:<\/strong>         <\/p>\n<ul>\n<li>Langsamer Herzschlag<\/li>\n<li>Schwache oder flache Atmung<\/li>\n<li>Atemaussetzer im Schlaf<\/li>\n<li>Starke Schl\u00e4frigkeit<\/li>\n<li>Benommenheit<\/li>\n<li>Verwirrung<\/li>\n<li>Stimmungsschwankungen<\/li>\n<li>Schwere Verstopfung<\/li>\n<li>Zittern<\/li>\n<li>Unkontrollierte Muskelbewegungen<\/li>\n<li>Krampfanf\u00e4lle<\/li>\n<li>\u00dcbelkeit und Erbrechen<\/li>\n<li>Appetitlosigkeit<\/li>\n<li>Schwindel<\/li>\n<li>Zunehmende M\u00fcdigkeit und Schw\u00e4che<\/li>\n<\/ul>\n<p> Suchen Sie sofort einen Arzt auf, wenn bei Ihnen eine dieser schwerwiegenden Nebenwirkungen auftritt. <strong>H\u00e4ufige Nebenwirkungen:<\/strong><\/p>\n<ul>\n<li>Benommenheit<\/li>\n<li>Langsamer Herzschlag<\/li>\n<li>Schwache oder flache Atmung<\/li>\n<li>Verwirrung<\/li>\n<li>Zittern<\/li>\n<li>Unkontrollierte Muskelbewegungen<\/li>\n<li>Krampfanf\u00e4lle<\/li>\n<li>Schwindel<\/li>\n<li>Sedierung<\/li>\n<li>Stimmungsschwankungen<\/li>\n<li>\u00dcbelkeit und Erbrechen<\/li>\n<li>Schwitzen<\/li>\n<li>Verstopfung<\/li>\n<li>Appetitlosigkeit<\/li>\n<li>Kopfschmerzen<\/li>\n<li>Schw\u00e4che<\/li>\n<li>Trockener Mund<\/li>\n<li>Juckreiz<\/li>\n<li>Reduzierte Urinausscheidung<\/li>\n<li>Sp\u00fclen<\/li>\n<li>Starke Schl\u00e4frigkeit<\/li>\n<li>Vermindertes Interesse an Sex<\/li>\n<\/ul>\n<p><strong>Schwerwiegende Nebenwirkungen, die sofortige Aufmerksamkeit erfordern:<\/strong><\/p>\n<ul>\n<li>Pl\u00f6tzlicher Sehverlust oder andere schwerwiegende Augensymptome<\/li>\n<li>Schneller oder unregelm\u00e4\u00dfiger Herzschlag, Herzklopfen, Kurzatmigkeit oder pl\u00f6tzlicher Schwindel<\/li>\n<li>Starke Kopfschmerzen, Verwirrtheit, undeutliche Sprache, Schw\u00e4che in den Gliedma\u00dfen, Schwierigkeiten beim Gehen, Verlust der Koordination, hohes Fieber, starkes Schwitzen oder Zittern<\/li>\n<\/ul>\n<p><strong>Dosierung:<\/strong> Die typische Dosis f\u00fcr Erwachsene betr\u00e4gt 50 bis 150 mg alle 3 bis 4 Stunden. <strong>Wechselwirkungen mit anderen Arzneimitteln:<\/strong> Demerol kann Wechselwirkungen mit anderen narkotischen Schmerzmitteln, Beruhigungsmitteln, Tranquilizern, Muskelrelaxantien oder Medikamenten, die Schl\u00e4frigkeit oder Atmung beeinflussen, haben. Informieren Sie Ihren Arzt \u00fcber alle Medikamente und Nahrungserg\u00e4nzungsmittel, die Sie einnehmen. <strong>Schwangerschaft und Stillzeit:<\/strong> Demerol wurde bei schwangeren Frauen nicht umfassend untersucht. Es macht abh\u00e4ngig und kann Entzugserscheinungen hervorrufen. Konsultieren Sie Ihren Arzt, wenn Sie schwanger sind oder eine Schwangerschaft planen. Demerol kann in die Muttermilch \u00fcbergehen und einem S\u00e4ugling m\u00f6glicherweise schaden. Daher wird vom Stillen w\u00e4hrend der Anwendung von Demerol abgeraten. Kaufen Sie Demerol online oder finden Sie weitere Informationen dazu, wo Sie es kaufen k\u00f6nnen.<\/p>\n","protected":false},"excerpt":{"rendered":"<p>Kaufen Sie Demerol online. Demerol ist ein Medikament zur Behandlung von mittelschweren bis starken Schmerzen. Demerol-Tabletten online kaufen, wo Sie Demerol-Sirup online kaufen k\u00f6nnen.  <\/p>\n","protected":false},"featured_media":19851,"comment_status":"open","ping_status":"closed","template":"","meta":{"om_disable_all_campaigns":false,"_sitemap_exclude":false,"_sitemap_priority":"","_sitemap_frequency":"","_monsterinsights_skip_tracking":false,"_monsterinsights_sitenote_active":false,"_monsterinsights_sitenote_note":"","_monsterinsights_sitenote_category":0},"product_cat":[21774],"product_tag":[22697,22686,22701,22691,22685,22690,22700,22698,22703,22699,22694,22702,22692,22695,22687,22696,22682,22683,22689,22688,22693,22684],"class_list":{"0":"post-29706","1":"product","2":"type-product","3":"status-publish","4":"has-post-thumbnail","6":"product_cat-schmerzmittel","7":"product_tag-angebote-fur-demerol-europe","8":"product_tag-auswirkungen-von-demerol","9":"product_tag-authentisches-demerol-europa","10":"product_tag-bestellen-sie-demerol-eu","11":"product_tag-bestellen-sie-demerol-online","12":"product_tag-demerol-bester-preis-europa","13":"product_tag-demerol-europa-lieferung","14":"product_tag-demerol-europa-shop","15":"product_tag-demerol-europe-bewertung","16":"product_tag-demerol-europe-rabatt","17":"product_tag-demerol-europe-verkauf","18":"product_tag-demerol-europe-lieferanten","19":"product_tag-demerol-kostenloser-versand-europa","20":"product_tag-demerol-online-shop-europa","21":"product_tag-demerol-verkauf-online","22":"product_tag-gunstiges-demerol-europa","23":"product_tag-kaufen-sie-demerol","24":"product_tag-kaufen-sie-demerol-online","25":"product_tag-kaufen-sie-demerol-online-in-europa","26":"product_tag-wie-viel-kostet-demerol","27":"product_tag-wo-kann-man-demerol-europe-kaufen","28":"product_tag-wo-kann-man-demerol-online-kaufen","30":"first","31":"instock","32":"shipping-taxable","33":"purchasable","34":"product-type-variable","35":"farmacie-col"},"aioseo_notices":[],"_links":{"self":[{"href":"https:\/\/lacasadelamedicina.es\/de\/wp-json\/wp\/v2\/product\/29706"}],"collection":[{"href":"https:\/\/lacasadelamedicina.es\/de\/wp-json\/wp\/v2\/product"}],"about":[{"href":"https:\/\/lacasadelamedicina.es\/de\/wp-json\/wp\/v2\/types\/product"}],"replies":[{"embeddable":true,"href":"https:\/\/lacasadelamedicina.es\/de\/wp-json\/wp\/v2\/comments?post=29706"}],"wp:featuredmedia":[{"embeddable":true,"href":"https:\/\/lacasadelamedicina.es\/de\/wp-json\/wp\/v2\/media\/19851"}],"wp:attachment":[{"href":"https:\/\/lacasadelamedicina.es\/de\/wp-json\/wp\/v2\/media?parent=29706"}],"wp:term":[{"taxonomy":"product_cat","embeddable":true,"href":"https:\/\/lacasadelamedicina.es\/de\/wp-json\/wp\/v2\/product_cat?post=29706"},{"taxonomy":"product_tag","embeddable":true,"href":"https:\/\/lacasadelamedicina.es\/de\/wp-json\/wp\/v2\/product_tag?post=29706"}],"curies":[{"name":"wp","href":"https:\/\/api.w.org\/{rel}","templated":true}]}}