{"id":29697,"date":"2024-08-10T19:51:54","date_gmt":"2024-08-10T19:51:54","guid":{"rendered":"https:\/\/lacasadelamedicina.es\/product\/kaufen-sie-dextroamphetamin-online\/"},"modified":"2024-08-10T19:51:54","modified_gmt":"2024-08-10T19:51:54","slug":"kaufen-sie-dextroamphetamin-online","status":"publish","type":"product","link":"https:\/\/lacasadelamedicina.es\/de\/produkt\/kaufen-sie-dextroamphetamin-online\/","title":{"rendered":"Kaufen Sie Dextroamphetamin online"},"content":{"rendered":"<h1 class=\"product_title entry-title\">Kaufen Sie Dextroamphetamin online<\/h1>\n<p> Kaufen Sie Dextroamphetamin online. Dextroamphetamin wird zur Behandlung von Narkolepsie und Aufmerksamkeitsdefizit-Hyperaktivit\u00e4tsst\u00f6rung (ADHS) verwendet und manchmal au\u00dferhalb der Zulassung bei Depressionen und Fettleibigkeit verschrieben. W\u00e4hrend die langfristige Einnahme hoher Dosen bei Tieren zu Sch\u00e4den am Dopaminsystem f\u00fchren kann, unterst\u00fctzen therapeutische Dosen bei Menschen mit ADHS im Allgemeinen die Gehirnentwicklung und das Nervenwachstum. <strong>Dextroamphetamin<\/strong> ist ein verschreibungspflichtiges Medikament, das in mehreren Formen erh\u00e4ltlich ist:   <\/p>\n<ul>\n<li><strong>Tabletten zum Einnehmen<\/strong> (10 mg, 15 mg, 20 mg, 30 mg, 5 mg, 7,5 mg)<\/li>\n<li><strong>Kapseln mit verl\u00e4ngerter Wirkstofffreisetzung<\/strong> (10 mg, 15 mg, 5 mg)<\/li>\n<li><strong>L\u00f6sung zum Einnehmen<\/strong> (5 mg\/5 ml)<\/li>\n<\/ul>\n<p> Es wird unter verschiedenen Markennamen verkauft, darunter Dexedrine Spansule, ProCentra, Xelstrym, Zenzedi, Dexedrine, Dextrostat und Liquadd. Die orale Tablettenform ist nur als Generikum erh\u00e4ltlich, das in der Regel weniger teuer ist als Markenmedikamente. Dextroamphetamin kann allein oder als Teil einer Kombinationstherapie mit anderen Medikamenten verwendet werden. <strong>Nebenwirkungen:<\/strong> Suchen Sie sofort einen Arzt auf, wenn Sie Folgendes bemerken:   <\/p>\n<ul>\n<li>Allergische Reaktionen wie Nesselsucht, Atembeschwerden oder Schwellungen im Gesicht oder Rachen.<\/li>\n<li>Schwere Hautreaktionen einschlie\u00dflich Fieber, Halsschmerzen, Hautschmerzen oder Ausschlag mit Blasenbildung und Abschuppung.<\/li>\n<li>Symptome eines Herzinfarkts oder Schlaganfalls wie Brustschmerzen, Taubheitsgef\u00fchl oder Schw\u00e4che, undeutliche Sprache oder Kurzatmigkeit.<\/li>\n<\/ul>\n<p> Zu den schwerwiegenden Nebenwirkungen k\u00f6nnen geh\u00f6ren: <\/p>\n<ul>\n<li>Herz- oder Durchblutungsprobleme wie Brustschmerzen, Atembeschwerden oder Taubheitsgef\u00fchl in Fingern oder Zehen.<\/li>\n<li>Manie- oder Psychosesymptome wie Halluzinationen, Aggression, Paranoia oder vermindertes Schlafbed\u00fcrfnis.<\/li>\n<li>Krampfanf\u00e4lle, Muskelzuckungen (Tics) oder Sehst\u00f6rungen.<\/li>\n<li>Hautreizungen bei Verwendung eines Pflasters.<\/li>\n<\/ul>\n<p> Dextroamphetamin kann das Wachstum bei Kindern beeintr\u00e4chtigen. Achten Sie daher auf abnormale Wachstumsraten und konsultieren Sie Ihren Arzt, wenn Bedenken aufkommen. <strong>H\u00e4ufige Nebenwirkungen:<\/strong><\/p>\n<ul>\n<li>Trockener Mund<\/li>\n<li>Magenverstimmung<\/li>\n<li>Appetitlosigkeit und Gewichtsverlust<\/li>\n<li>Kopfschmerzen<\/li>\n<li>Schwindel<\/li>\n<li>Schlaflosigkeit<\/li>\n<li>Reizbarkeit<\/li>\n<li>Muskelzuckungen<\/li>\n<li>\u00dcbelkeit und Erbrechen<\/li>\n<li>Erh\u00f6hter Blutdruck<\/li>\n<li>Zittern<\/li>\n<li>Schneller Herzschlag<\/li>\n<\/ul>\n<p><strong>Symptome einer \u00dcberdosierung:<\/strong><\/p>\n<ul>\n<li>Unruhe und Verwirrung<\/li>\n<li>Aggressives Verhalten<\/li>\n<li>Panikgef\u00fchle oder Halluzinationen<\/li>\n<li>Schnelle Atmung und unkontrollierbares Zittern<\/li>\n<li>Fieber und dunkelroter Urin<\/li>\n<li>Muskelschw\u00e4che und M\u00fcdigkeit<\/li>\n<li>Depression und unregelm\u00e4\u00dfiger Herzschlag<\/li>\n<li>Schwindel und verschwommenes Sehen<\/li>\n<li>Magenverstimmung, Erbrechen und Durchfall<\/li>\n<li>Krampfanf\u00e4lle und in schweren F\u00e4llen Koma<\/li>\n<\/ul>\n<p> Weitere Einzelheiten zum Online-Kauf von Dextroamphetamin erhalten Sie bei lizenzierten Online-Apotheken oder autorisierten H\u00e4ndlern.<\/p>\n","protected":false},"excerpt":{"rendered":"<p>Kaufen Sie Dextroamphetamin online. Dextroamphetamin ist ein Medikament zur Behandlung von Narkolepsie und Aufmerksamkeitsdefizit-Hyperaktivit\u00e4tsst\u00f6rung (ADHS). Es ist online erh\u00e4ltlich. Weitere Informationen zum Kauf von Dextroamphetamin erhalten Sie in Online-Apotheken oder bei autorisierten Verk\u00e4ufern.   <\/p>\n","protected":false},"featured_media":19866,"comment_status":"open","ping_status":"closed","template":"","meta":{"om_disable_all_campaigns":false,"_sitemap_exclude":false,"_sitemap_priority":"","_sitemap_frequency":"","_monsterinsights_skip_tracking":false,"_monsterinsights_sitenote_active":false,"_monsterinsights_sitenote_note":"","_monsterinsights_sitenote_category":0},"product_cat":[21774],"product_tag":[22660,22675,22659,22664,22674,22666,22669,22665,22676,22672,22668,22671,22677,22673,22661,22670,22656,22657,22663,22662,22658,22667],"class_list":{"0":"post-29697","1":"product","2":"type-product","3":"status-publish","4":"has-post-thumbnail","6":"product_cat-schmerzmittel","7":"product_tag-auswirkungen-von-dextroamphetamin","8":"product_tag-authentisches-dextroamphetamin-europa","9":"product_tag-bestellen-sie-dextroamphetamin-online","10":"product_tag-dextroamphetamin-bester-preis-europa","11":"product_tag-dextroamphetamin-europa-lieferung","12":"product_tag-dextroamphetamin-kostenloser-versand-europa","13":"product_tag-dextroamphetamin-online-shop-europa","14":"product_tag-dextroamphetamine-eu-bestellen","15":"product_tag-dextroamphetamine-europa-lieferanten","16":"product_tag-dextroamphetamine-europa-shop","17":"product_tag-dextroamphetamine-europa-verkauf","18":"product_tag-dextroamphetamine-europe-angebote","19":"product_tag-dextroamphetamine-europe-bewertung","20":"product_tag-dextroamphetamine-europe-rabatt","21":"product_tag-dextroamphetamine-verkauf-online","22":"product_tag-gunstiges-dextroamphetamin-europa","23":"product_tag-kaufen-sie-dextroamphetamin","24":"product_tag-kaufen-sie-dextroamphetamin-online","25":"product_tag-kaufen-sie-dextroamphetamin-online-in-europa","26":"product_tag-wie-viel-kostet-dextroamphetamin","27":"product_tag-wo-kann-man-dextroamphetamin-online-kaufen","28":"product_tag-wo-kann-man-dextroamphetamine-in-europa-kaufen","30":"first","31":"instock","32":"shipping-taxable","33":"purchasable","34":"product-type-variable","35":"farmacie-col"},"aioseo_notices":[],"_links":{"self":[{"href":"https:\/\/lacasadelamedicina.es\/de\/wp-json\/wp\/v2\/product\/29697"}],"collection":[{"href":"https:\/\/lacasadelamedicina.es\/de\/wp-json\/wp\/v2\/product"}],"about":[{"href":"https:\/\/lacasadelamedicina.es\/de\/wp-json\/wp\/v2\/types\/product"}],"replies":[{"embeddable":true,"href":"https:\/\/lacasadelamedicina.es\/de\/wp-json\/wp\/v2\/comments?post=29697"}],"wp:featuredmedia":[{"embeddable":true,"href":"https:\/\/lacasadelamedicina.es\/de\/wp-json\/wp\/v2\/media\/19866"}],"wp:attachment":[{"href":"https:\/\/lacasadelamedicina.es\/de\/wp-json\/wp\/v2\/media?parent=29697"}],"wp:term":[{"taxonomy":"product_cat","embeddable":true,"href":"https:\/\/lacasadelamedicina.es\/de\/wp-json\/wp\/v2\/product_cat?post=29697"},{"taxonomy":"product_tag","embeddable":true,"href":"https:\/\/lacasadelamedicina.es\/de\/wp-json\/wp\/v2\/product_tag?post=29697"}],"curies":[{"name":"wp","href":"https:\/\/api.w.org\/{rel}","templated":true}]}}