{"id":29675,"date":"2024-08-10T20:02:15","date_gmt":"2024-08-10T20:02:15","guid":{"rendered":"https:\/\/lacasadelamedicina.es\/product\/kaufen-sie-dilaudid-online\/"},"modified":"2024-08-10T20:02:15","modified_gmt":"2024-08-10T20:02:15","slug":"kaufen-sie-dilaudid-online","status":"publish","type":"product","link":"https:\/\/lacasadelamedicina.es\/de\/produkt\/kaufen-sie-dilaudid-online\/","title":{"rendered":"Kaufen Sie Dilaudid online"},"content":{"rendered":"<h1 class=\"product_title entry-title\">Kaufen Sie Dilaudid online<\/h1>\n<p> Kaufen Sie Dilaudid online. Hydromorphon, erh\u00e4ltlich als orale Fl\u00fcssigkeit und Tabletten, wird bei starken Schmerzen eingesetzt, die eine Opioidbehandlung erfordern, und wenn andere Schmerzmittel unzureichend oder unertr\u00e4glich sind. Kapseln und Tabletten mit verl\u00e4ngerter Wirkstofffreisetzung werden f\u00fcr opioidtolerante Patienten eingesetzt, die eine kontinuierliche, langfristige Schmerzlinderung ben\u00f6tigen. <strong>Dilaudid (Hydromorphon)<\/strong> ist ein starker kontrollierter Opioidagonist der Liste II mit einem hohen Missbrauchspotenzial und dem Risiko einer Atemdepression. Alkohol, andere Opioide und zentral d\u00e4mpfende Mittel k\u00f6nnen die Wirkung noch verst\u00e4rken und das Risiko einer lebensbedrohlichen Atemdepression erh\u00f6hen.    <strong>Hinweise zur Verwendung:<\/strong><\/p>\n<ul>\n<li><strong>Orale Fl\u00fcssigkeit und Tabletten:<\/strong> Bei starken Schmerzen, bei denen andere Behandlungen unwirksam sind. Nicht f\u00fcr die kurzfristige Anwendung oder leichte Schmerzen. <\/li>\n<li><strong>Kapseln und Tabletten mit verl\u00e4ngerter Wirkstofffreisetzung:<\/strong> Zur kontinuierlichen Schmerzlinderung bei opioidtoleranten Patienten. Nicht f\u00fcr kurzfristige oder intermittierende Schmerzen vorgesehen. <\/li>\n<\/ul>\n<p> Hydromorphon wirkt schmerzlindernd auf das zentrale Nervensystem, kann aber bei langfristiger Einnahme eine psychische oder physische Abh\u00e4ngigkeit verursachen. Bei abruptem Absetzen kann die Abh\u00e4ngigkeit zu Entzugserscheinungen f\u00fchren, die durch eine schrittweise Reduzierung der Dosis gemildert werden k\u00f6nnen. <strong>Missbrauch, Missbrauch und Zweckentfremdung:<\/strong> Hydromorphon ist missbrauchs- und zweckentfremdungsgef\u00e4hrdet, da es anderen Opioiden \u00e4hnelt, die von Menschen mit Suchterkrankungen nachgefragt werden. Es sollte mit Vorsicht verschrieben und abgegeben werden, insbesondere bei Personen mit einer Vorgeschichte von Substanzmissbrauch oder psychischen Erkrankungen. Patienten sollten auf Anzeichen von Missbrauch \u00fcberwacht und ihr Risiko vor Beginn einer Opioidtherapie beurteilt werden. Hydromorphon kann durch Zerkleinern, Kauen, Schnupfen oder Spritzen missbraucht werden, was erhebliche \u00dcberdosisrisiken birgt. Eine angemessene Schmerzbehandlung sollte Bedenken hinsichtlich Missbrauch ausgleichen und gleichzeitig eine wirksame Behandlung sicherstellen. <strong>\u00dcberdosis:<\/strong> Wenn eine \u00dcberdosis vermutet wird, verabreichen Sie Naloxon, falls verf\u00fcgbar, und rufen Sie sofort 911 an. Zu den Symptomen einer \u00dcberdosis geh\u00f6ren:       <\/p>\n<ul>\n<li>Langsame oder flache Atmung<\/li>\n<li>Langsamer Herzschlag<\/li>\n<li>Koma<\/li>\n<\/ul>\n<p> Wenn die Person bei Bewusstsein ist und keine schweren Symptome zeigt, wenden Sie sich sofort an eine Giftnotrufzentrale. Weitere Informationen zum Online-Kauf von Dilaudid erhalten Sie bei lizenzierten Online-Apotheken oder autorisierten Verk\u00e4ufern.<\/p>\n","protected":false},"excerpt":{"rendered":"<p>Kaufen Sie Dilaudid online. Dilaudid, das Hydromorphon enth\u00e4lt, wird zur Linderung starker Schmerzen eingesetzt, wenn andere Schmerzmittel nicht ausreichen oder unertr\u00e4glich sind. Es ist in Form einer oralen Fl\u00fcssigkeit und in Tablettenform erh\u00e4ltlich.  <\/p>\n","protected":false},"featured_media":19926,"comment_status":"open","ping_status":"closed","template":"","meta":{"om_disable_all_campaigns":false,"_sitemap_exclude":false,"_sitemap_priority":"","_sitemap_frequency":"","_monsterinsights_skip_tracking":false,"_monsterinsights_sitenote_active":false,"_monsterinsights_sitenote_note":"","_monsterinsights_sitenote_category":0},"product_cat":[21774],"product_tag":[22635,22619,22624,22634,22631,22637,22616,22617,22623,22422,22618],"class_list":{"0":"post-29675","1":"product","2":"type-product","3":"status-publish","4":"has-post-thumbnail","6":"product_cat-schmerzmittel","7":"product_tag-authentisches-dilaudid-europa","8":"product_tag-bestellen-sie-dilaudid-online","9":"product_tag-dilaudid-bester-preis-europa","10":"product_tag-dilaudid-europa-lieferung","11":"product_tag-dilaudid-europe-angebote","12":"product_tag-dilaudid-europe-bewertung","13":"product_tag-kaufen-sie-dilaudid","14":"product_tag-kaufen-sie-dilaudid-online","15":"product_tag-kaufen-sie-dilaudid-online-in-europa","16":"product_tag-kaufen-sie-hydromorphon-online","17":"product_tag-wo-kann-man-dilaudid-online-kaufen","19":"first","20":"instock","21":"shipping-taxable","22":"purchasable","23":"product-type-variable","24":"farmacie-col"},"aioseo_notices":[],"_links":{"self":[{"href":"https:\/\/lacasadelamedicina.es\/de\/wp-json\/wp\/v2\/product\/29675"}],"collection":[{"href":"https:\/\/lacasadelamedicina.es\/de\/wp-json\/wp\/v2\/product"}],"about":[{"href":"https:\/\/lacasadelamedicina.es\/de\/wp-json\/wp\/v2\/types\/product"}],"replies":[{"embeddable":true,"href":"https:\/\/lacasadelamedicina.es\/de\/wp-json\/wp\/v2\/comments?post=29675"}],"wp:featuredmedia":[{"embeddable":true,"href":"https:\/\/lacasadelamedicina.es\/de\/wp-json\/wp\/v2\/media\/19926"}],"wp:attachment":[{"href":"https:\/\/lacasadelamedicina.es\/de\/wp-json\/wp\/v2\/media?parent=29675"}],"wp:term":[{"taxonomy":"product_cat","embeddable":true,"href":"https:\/\/lacasadelamedicina.es\/de\/wp-json\/wp\/v2\/product_cat?post=29675"},{"taxonomy":"product_tag","embeddable":true,"href":"https:\/\/lacasadelamedicina.es\/de\/wp-json\/wp\/v2\/product_tag?post=29675"}],"curies":[{"name":"wp","href":"https:\/\/api.w.org\/{rel}","templated":true}]}}