{"id":29610,"date":"2024-08-10T20:40:46","date_gmt":"2024-08-10T20:40:46","guid":{"rendered":"https:\/\/lacasadelamedicina.es\/product\/kaufen-sie-hydromorphon-online\/"},"modified":"2024-08-10T20:40:46","modified_gmt":"2024-08-10T20:40:46","slug":"kaufen-sie-hydromorphon-online","status":"publish","type":"product","link":"https:\/\/lacasadelamedicina.es\/de\/produkt\/kaufen-sie-hydromorphon-online\/","title":{"rendered":"Kaufen Sie Hydromorphon online"},"content":{"rendered":"<h3>Kaufen Sie Hydromorphon online<\/h3>\n<div class=\"flex-1 overflow-hidden\">\n<div class=\"h-full\">\n<div class=\"react-scroll-to-bottom--css-hcbtv-79elbk h-full\">\n<div class=\"react-scroll-to-bottom--css-hcbtv-1n7m0yu\">\n<div class=\"flex flex-col text-sm md:pb-9\">\n<div class=\"w-full text-token-text-primary\" dir=\"auto\" data-testid=\"conversation-turn-23\" data-scroll-anchor=\"true\">\n<div class=\"text-base py-[18px] px-3 md:px-4 m-auto md:px-5 lg:px-1 xl:px-5\">\n<div class=\"mx-auto flex flex-1 gap-4 text-base md:gap-5 lg:gap-6 md:max-w-3xl\">\n<div class=\"group\/conversation-turn relative flex w-full min-w-0 flex-col agent-turn\">\n<div class=\"flex-col gap-1 md:gap-3\">\n<div class=\"flex max-w-full flex-col flex-grow\">\n<div class=\"min-h-[20px] text-message flex w-full flex-col items-end gap-2 whitespace-pre-wrap break-words [.text-message+&amp;]:mt-5 overflow-x-auto\" dir=\"auto\" data-message-author-role=\"assistant\" data-message-id=\"cd720e26-0574-46db-8228-e604812ff1de\">\n<div class=\"flex w-full flex-col gap-1 empty:hidden first:pt-[3px]\">\n<div class=\"markdown prose w-full break-words dark:prose-invert dark\"> Hydromorphon, auch bekannt als Dihydromorphinon, ist ein starkes Morphinan-Opioid, das zur Behandlung mittelschwerer bis starker Schmerzen eingesetzt wird. Es ist besonders n\u00fctzlich f\u00fcr Patienten, die bereits eine Opioidtoleranz entwickelt haben und eine kontinuierliche Schmerzlinderung rund um die Uhr ben\u00f6tigen.  <strong>Hydromorphon-Formen und -Anwendung:<\/strong><\/p>\n<ul>\n<li><strong>Kapseln und Tabletten mit verl\u00e4ngerter Wirkstofffreisetzung<\/strong>: F\u00fcr Patienten mit Opioidtoleranz, die eine langfristige, rund um die Uhr wirksame Schmerzlinderung ben\u00f6tigen.<\/li>\n<li><strong>Tabletten und L\u00f6sungen mit sofortiger Wirkstofffreisetzung<\/strong>: Werden zur kurzfristigen Schmerzbehandlung verwendet.<\/li>\n<li><strong>Nicht f\u00fcr kurzfristige oder leichte Schmerzen<\/strong>: Sollte nicht bei postoperativen Schmerzen oder leichten Schmerzen verwendet werden.<\/li>\n<\/ul>\n<p><strong>Wirkmechanismus:<\/strong> Hydromorphon wirkt haupts\u00e4chlich auf Opioidrezeptoren im zentralen Nervensystem (ZNS) und lindert Schmerzen, \u00e4hnlich wie Morphin, jedoch mit erh\u00f6hter Wirksamkeit. Es beeinflusst nicht die Kappa-, Sigma- oder Epsilonrezeptoren, die mit einigen unerw\u00fcnschten Nebenwirkungen verbunden sind.  <strong>Nebenwirkungen:<\/strong><\/p>\n<ul>\n<li><strong>H\u00e4ufig<\/strong>: Schwindel, Schl\u00e4frigkeit, \u00dcbelkeit, Verstopfung.<\/li>\n<li><strong>Schwer<\/strong>: Schwere Atemdepression, niedriger Blutdruck, Krampfanf\u00e4lle, Serotoninsyndrom und k\u00f6rperliche Abh\u00e4ngigkeit.<\/li>\n<\/ul>\n<p><strong>Missbrauch und Fehlgebrauch:<\/strong><\/p>\n<ul>\n<li><strong>Stra\u00dfennamen<\/strong>: D, Dillies, Dust, Footballs, Juice, Smack.<\/li>\n<li><strong>Missbrauchsmethoden<\/strong>: Injektionsl\u00f6sungen oder zerkleinerte Tabletten k\u00f6nnen injiziert werden, was zu schweren Gesundheitsrisiken f\u00fchrt.<\/li>\n<li><strong>Wirkungen<\/strong>: Euphorie, Sedierung und reduzierte Angst, aber auch negative Wirkungen wie Verstopfung, \u00dcbelkeit und Koordinationsst\u00f6rungen.<\/li>\n<\/ul>\n<p><strong>\u00dcberdosisrisiken:<\/strong> Zu den Anzeichen einer \u00dcberdosis z\u00e4hlen schwere Atemdepression, extreme Schl\u00e4frigkeit oder Benommenheit, kalte, feuchte Haut und verengte Pupillen. Eine \u00dcberdosis kann aufgrund einer Atemdepression t\u00f6dlich sein.  <strong>Hydromorphon gegen akute Schmerzen:<\/strong><\/p>\n<ul>\n<li><strong>Vergleichsstudien<\/strong>: Hydromorphon hat sich in vielen Studien zur Schmerzlinderung als ebenso wirksam erwiesen wie Morphin, die Ergebnisse k\u00f6nnen jedoch individuell abweichen. Einige Studien zeigen, dass bestimmte Nebenwirkungen wie Juckreiz und \u00dcbelkeit im Vergleich zu Morphin seltener auftreten. <\/li>\n<\/ul>\n<p><strong>Darreichungsformen:<\/strong><\/p>\n<ul>\n<li><strong>Tablet, verl\u00e4ngerte Freisetzung<\/strong><\/li>\n<li><strong>Tablette mit sofortiger Wirkstofffreisetzung<\/strong><\/li>\n<li><strong>L\u00f6sung<\/strong><\/li>\n<\/ul>\n<p><strong>Sicherheitsma\u00dfnahmen:<\/strong><\/p>\n<ul>\n<li><strong>Abh\u00e4ngigkeitsrisiko<\/strong>: L\u00e4ngerfristiger Konsum kann zu k\u00f6rperlicher Abh\u00e4ngigkeit f\u00fchren. Entzugserscheinungen k\u00f6nnen durch eine schrittweise Verringerung der Dosis gemildert werden. <\/li>\n<li><strong>Eingeschr\u00e4nkter Vertrieb<\/strong>: Verf\u00fcgbar im Rahmen des Opioid Analgesic REMS-Programms (Risk Evaluation and Mitigation Strategy).<\/li>\n<\/ul>\n<p><strong>Konsultieren Sie einen Arzt:<\/strong> Besprechen Sie vor der Anwendung von Hydromorphon die m\u00f6glichen Vorteile und Risiken mit Ihrem Arzt. Dieses Medikament sollte gem\u00e4\u00df den verschriebenen Anweisungen verwendet werden, um das Risiko von Abh\u00e4ngigkeit, Missbrauch und \u00dcberdosierung zu minimieren. <strong>Wo kann man Hydromorphon kaufen:<\/strong> Wenden Sie sich f\u00fcr legitime und legale K\u00e4ufe an autorisierte Online-Apotheken oder lizenzierte H\u00e4ndler. Stellen Sie sicher, dass jede Online-Quelle ordnungsgem\u00e4\u00df lizenziert ist und den gesetzlichen Standards entspricht.   <\/div>\n<\/div>\n<\/div>\n<\/div>\n<div class=\"mt-1 flex gap-3 empty:hidden -ml-2\">\n<div class=\"items-center justify-start rounded-xl p-1 flex\">\n<div class=\"flex items-center\"><\/div>\n<\/div>\n<\/div>\n<div class=\"pr-2 lg:pr-0\"><\/div>\n<div class=\"mt-3 w-full empty:hidden\">\n<div class=\"text-center\"><\/div>\n<\/div>\n<\/div>\n<div class=\"absolute\">\n<div class=\"flex items-center justify-center\"><\/div>\n<\/div>\n<\/div>\n<\/div>\n<\/div>\n<\/div>\n<\/div>\n<\/div>\n<\/div>\n<\/div>\n<\/div>\n<div class=\"md:pt-0 dark:border-white\/20 md:border-transparent md:dark:border-transparent w-full\">\n<div class=\"text-base px-3 md:px-4 m-auto md:px-5 lg:px-1 xl:px-5\">\n<div class=\"mx-auto flex flex-1 gap-4 text-base md:gap-5 lg:gap-6 md:max-w-3xl\">\n<form class=\"w-full\" aria-haspopup=\"dialog\" aria-expanded=\"false\" aria-controls=\"radix-:r1:\" data-state=\"closed\">\n<div class=\"relative flex h-full max-w-full flex-1 flex-col\">\n<div class=\"absolute bottom-full left-0 right-0 z-20\"><\/div>\n<div class=\"flex w-full items-center\">\n<div class=\"flex w-full flex-col gap-1.5 rounded-[26px] p-1.5 transition-colors bg-[#f4f4f4] dark:bg-token-main-surface-secondary\">\n<div class=\"flex items-end gap-1.5 md:gap-2\">\n<div class=\"flex min-w-0 flex-1 flex-col pl-4\"><\/div>\n<\/div>\n<\/div>\n<\/div>\n<\/div>\n<\/form>\n<\/div>\n<\/div>\n<\/div>\n","protected":false},"excerpt":{"rendered":"<p>Kaufen Sie Hydromorphon online. Hydromorphon, auch bekannt als Dihydromorphinon, ist ein Morphinan-Opioid, das zur Behandlung mittelschwerer bis starker Schmerzen eingesetzt wird. Wo kann man Hydromorphon kaufen? Hydromorphon online kaufen   <\/p>\n","protected":false},"featured_media":19911,"comment_status":"open","ping_status":"closed","template":"","meta":{"om_disable_all_campaigns":false,"_sitemap_exclude":false,"_sitemap_priority":"","_sitemap_frequency":"","_monsterinsights_skip_tracking":false,"_monsterinsights_sitenote_active":false,"_monsterinsights_sitenote_note":"","_monsterinsights_sitenote_category":0},"product_cat":[21774],"product_tag":[22425,22440,22619,22439,22435,22429,22430,22436,22442,22441,22438,22437,22433,22421,22431,22424,22434,22426,22617,22422,22428,22427,22432,22423],"class_list":{"0":"post-29610","1":"product","2":"type-product","3":"status-publish","4":"has-post-thumbnail","6":"product_cat-schmerzmittel","7":"product_tag-auswirkungen-von-hydromorphon","8":"product_tag-authentisches-hydromorphon-europa","9":"product_tag-bestellen-sie-dilaudid-online","10":"product_tag-gunstiges-hydromorphon-europa-de","11":"product_tag-gunstiges-hydromorphon-europa","12":"product_tag-hydromorphon-bester-preis-europa","13":"product_tag-hydromorphon-eu-bestellen","14":"product_tag-hydromorphon-europa-angebote","15":"product_tag-hydromorphon-europa-bewertung","16":"product_tag-hydromorphon-europa-lieferanten","17":"product_tag-hydromorphon-europa-rabatt","18":"product_tag-hydromorphon-europa-shop","19":"product_tag-hydromorphon-europa-verkauf","20":"product_tag-hydromorphon-kaufen","21":"product_tag-hydromorphon-kostenloser-versand-europa","22":"product_tag-hydromorphon-online-bestellen","23":"product_tag-hydromorphon-online-shop-europa","24":"product_tag-hydromorphon-verkauf-online","25":"product_tag-kaufen-sie-dilaudid-online","26":"product_tag-kaufen-sie-hydromorphon-online","27":"product_tag-kaufen-sie-hydromorphon-online-in-europa","28":"product_tag-wie-viel-kostet-hydromorphon","29":"product_tag-wo-kann-man-hydromorphon-in-europa-kaufen","30":"product_tag-wo-kann-man-hydromorphon-online-kaufen","32":"first","33":"instock","34":"shipping-taxable","35":"purchasable","36":"product-type-variable","37":"farmacie-col"},"aioseo_notices":[],"_links":{"self":[{"href":"https:\/\/lacasadelamedicina.es\/de\/wp-json\/wp\/v2\/product\/29610"}],"collection":[{"href":"https:\/\/lacasadelamedicina.es\/de\/wp-json\/wp\/v2\/product"}],"about":[{"href":"https:\/\/lacasadelamedicina.es\/de\/wp-json\/wp\/v2\/types\/product"}],"replies":[{"embeddable":true,"href":"https:\/\/lacasadelamedicina.es\/de\/wp-json\/wp\/v2\/comments?post=29610"}],"wp:featuredmedia":[{"embeddable":true,"href":"https:\/\/lacasadelamedicina.es\/de\/wp-json\/wp\/v2\/media\/19911"}],"wp:attachment":[{"href":"https:\/\/lacasadelamedicina.es\/de\/wp-json\/wp\/v2\/media?parent=29610"}],"wp:term":[{"taxonomy":"product_cat","embeddable":true,"href":"https:\/\/lacasadelamedicina.es\/de\/wp-json\/wp\/v2\/product_cat?post=29610"},{"taxonomy":"product_tag","embeddable":true,"href":"https:\/\/lacasadelamedicina.es\/de\/wp-json\/wp\/v2\/product_tag?post=29610"}],"curies":[{"name":"wp","href":"https:\/\/api.w.org\/{rel}","templated":true}]}}