{"id":29565,"date":"2024-08-11T08:47:57","date_gmt":"2024-08-11T08:47:57","guid":{"rendered":"https:\/\/lacasadelamedicina.es\/product\/kaufen-sie-morphin-online\/"},"modified":"2024-08-11T08:47:57","modified_gmt":"2024-08-11T08:47:57","slug":"kaufen-sie-morphin-online","status":"publish","type":"product","link":"https:\/\/lacasadelamedicina.es\/de\/produkt\/kaufen-sie-morphin-online\/","title":{"rendered":"Kaufen Sie Morphin online"},"content":{"rendered":"<h1 class=\"product_title entry-title\">Kaufen Sie Morphin online<\/h1>\n<p> Morphin ist ein wirksames Medikament zur Linderung starker Schmerzen, insbesondere bei unheilbaren Krankheiten wie Krebs. Es gilt als narkotisches Analgetikum und wirkt auf das zentrale Nervensystem (ZNS), um Schmerzen zu lindern. Morphin f\u00e4llt in die Kategorie der Opioide, was bedeutet, dass es direkt auf das Gehirn und das Nervensystem wirkt, um Schmerzen zu lindern. <strong>Formen und Dosierungen<\/strong> Morphin ist in verschiedenen Formen und Dosierungen erh\u00e4ltlich, darunter:   <\/p>\n<ul>\n<li>Tablets<\/li>\n<li>Kapseln<\/li>\n<li>Orale Fl\u00fcssigkeit<\/li>\n<li>Injektion<\/li>\n<\/ul>\n<p> Es ist auch unter mehreren Markennamen bekannt, wie zum Beispiel: <\/p>\n<ul>\n<li>Sevredol<\/li>\n<li>m-Eslon SR<\/li>\n<li>RA-Morph<\/li>\n<li>Wockhardt Morphin<\/li>\n<li>Oramorph<\/li>\n<\/ul>\n<p><strong>Anwendung und Einschr\u00e4nkungen<\/strong> Morphin wird auch in der Palliativmedizin zur Behandlung von Atemnot und Husten eingesetzt. Eine niedrige, regelm\u00e4\u00dfige Dosis kann helfen, die Symptome von Kurzatmigkeit zu lindern. Es ist jedoch wichtig zu beachten, dass Morphin nicht zur Behandlung leichter Schmerzen oder zur kurzfristigen Anwendung, beispielsweise nach Operationen, geeignet ist. Es sollte nicht bei gelegentlichen Schmerzen oder wenn nicht-narkotische Medikamente wirksam sind, angewendet werden. <strong>Abh\u00e4ngigkeitsrisiken<\/strong> Die langfristige Einnahme von Morphin kann zu k\u00f6rperlicher oder geistiger Abh\u00e4ngigkeit f\u00fchren, obwohl dies bei korrekter Anwendung zur kontinuierlichen Schmerzbehandlung weniger wahrscheinlich ist. K\u00f6rperliche Abh\u00e4ngigkeit kann Entzugserscheinungen hervorrufen, wenn die Behandlung abrupt abgebrochen wird, diese k\u00f6nnen jedoch durch eine schrittweise Verringerung der Dosis bew\u00e4ltigt werden. <strong>Opioid Analgesic REMS-Programm<\/strong> Morphin wird im Rahmen eines eingeschr\u00e4nkten Programms namens Opioid Analgesic REMS (Risk Evaluation and Mitigation Strategy) verteilt, um seine sichere Anwendung zu gew\u00e4hrleisten. <strong>Nebenwirkungen<\/strong> H\u00e4ufige Nebenwirkungen sind:     <\/p>\n<ul>\n<li>Schl\u00e4frigkeit oder Schwindel<\/li>\n<li>\u00dcbelkeit und Erbrechen<\/li>\n<li>Verstopfung<\/li>\n<li>Kopfschmerzen<\/li>\n<li>Trockener Mund<\/li>\n<\/ul>\n<p> So behandeln Sie diese Nebenwirkungen: <\/p>\n<ul>\n<li>Seien Sie beim Autofahren oder Bedienen von Maschinen vorsichtig.<\/li>\n<li>Vermeiden Sie Alkohol.<\/li>\n<li>Fragen Sie bei \u00dcbelkeit Ihren Arzt nach Medikamenten gegen \u00dcbelkeit.<\/li>\n<li>Behandeln Sie Verstopfung durch die Einnahme verschreibungspflichtiger Abf\u00fchrmittel und eine erh\u00f6hte Ballaststoff- und Wasseraufnahme.<\/li>\n<\/ul>\n<p><strong>Sucht und Abh\u00e4ngigkeit<\/strong> W\u00e4hrend Sucht bei kurzfristiger Einnahme oder Einnahme bei unheilbaren Krankheiten selten vorkommt, besteht bei manchen Personen ein h\u00f6heres Risiko, insbesondere bei Personen mit einer Vorgeschichte psychischer Probleme oder Drogenmissbrauch. Um das Suchtrisiko zu minimieren, sollte Morphin nur f\u00fcr die k\u00fcrzestm\u00f6gliche Dauer und in der niedrigsten wirksamen Dosis eingenommen werden. Entwickeln Sie mit Ihrem Arzt einen Plan zur schrittweisen Reduzierung des Medikaments, falls erforderlich. <strong>Schwere Nebenwirkungen<\/strong> Suchen Sie sofort einen Arzt auf, wenn bei Ihnen Folgendes auftritt:   <\/p>\n<ul>\n<li>Atembeschwerden oder unregelm\u00e4\u00dfige Atmung<\/li>\n<li>Starker Hautausschlag oder Juckreiz<\/li>\n<li>Ver\u00e4nderungen des Sehverm\u00f6gens<\/li>\n<\/ul>\n<p> Ausf\u00fchrlichere Informationen zum Umgang mit Nebenwirkungen und zur sicheren Anwendung von Morphin finden Sie in unseren umfassenden Ressourcen.<\/p>\n","protected":false},"excerpt":{"rendered":"<p>Morphin online kaufen. Morphin ist f\u00fcr die Linderung von starken Schmerzen oder m\u00e4\u00dfig starke Schmerzen, die durch eine unheilbare Krankheit wie Krebs. Morphin zum Verkauf online. Wo kann man Morphin online kaufen. <strong>Morphinsulfat-Injektionen USP erh\u00e4ltlich<\/strong><strong>10mg\/ml<\/strong><strong>15mg\/ml<\/strong><strong>50mg\/ml<\/strong><strong>25mg\/ml<\/strong><strong>300mg\/20ml<\/strong><strong>1,000mg\/20ml<\/strong><strong>Morphine Tablets available<\/strong><strong>10mg<\/strong><strong>15mg<\/strong><strong>30mg<\/strong><strong>60mg<\/strong>   <\/p>\n","protected":false},"featured_media":19956,"comment_status":"open","ping_status":"closed","template":"","meta":{"om_disable_all_campaigns":false,"_sitemap_exclude":false,"_sitemap_priority":"","_sitemap_frequency":"","_monsterinsights_skip_tracking":false,"_monsterinsights_sitenote_active":false,"_monsterinsights_sitenote_note":"","_monsterinsights_sitenote_category":0},"product_cat":[21774],"product_tag":[22381,22396,22391,22377,22378,22384,22386,22385,22395,22380,22390,22387,22382,22397,22392,22398,22394,22393,22389,22383,22379,22388],"class_list":{"0":"post-29565","1":"product","2":"type-product","3":"status-publish","4":"has-post-thumbnail","6":"product_cat-schmerzmittel","7":"product_tag-auswirkungen-von-morphin","8":"product_tag-authentisches-morphin-europa","9":"product_tag-gunstiges-morphin-europa","10":"product_tag-kaufen-sie-morphin","11":"product_tag-kaufen-sie-morphin-online","12":"product_tag-kaufen-sie-morphin-online-in-europa","13":"product_tag-morphin-bestellen-eu","14":"product_tag-morphin-bester-preis-europa","15":"product_tag-morphin-europa-lieferung","16":"product_tag-morphin-online-bestellen","17":"product_tag-morphin-online-shop-europa","18":"product_tag-morphin-versandkostenfrei-nach-europa","19":"product_tag-morphin-verkauf-online","20":"product_tag-morphine-europa-lieferanten","21":"product_tag-morphine-europe-angebote","22":"product_tag-morphine-europe-bewertung","23":"product_tag-morphine-europe-rabatt","24":"product_tag-morphine-europe-shop-de","25":"product_tag-morphine-europe-verkauf","26":"product_tag-wie-viel-kostet-morphin","27":"product_tag-wo-kann-man-morphin-online-kaufen","28":"product_tag-wo-kann-man-morphine-in-europa-kaufen","30":"first","31":"instock","32":"shipping-taxable","33":"purchasable","34":"product-type-variable","35":"farmacie-col","36":"product-has-gallery"},"aioseo_notices":[],"_links":{"self":[{"href":"https:\/\/lacasadelamedicina.es\/de\/wp-json\/wp\/v2\/product\/29565"}],"collection":[{"href":"https:\/\/lacasadelamedicina.es\/de\/wp-json\/wp\/v2\/product"}],"about":[{"href":"https:\/\/lacasadelamedicina.es\/de\/wp-json\/wp\/v2\/types\/product"}],"replies":[{"embeddable":true,"href":"https:\/\/lacasadelamedicina.es\/de\/wp-json\/wp\/v2\/comments?post=29565"}],"wp:featuredmedia":[{"embeddable":true,"href":"https:\/\/lacasadelamedicina.es\/de\/wp-json\/wp\/v2\/media\/19956"}],"wp:attachment":[{"href":"https:\/\/lacasadelamedicina.es\/de\/wp-json\/wp\/v2\/media?parent=29565"}],"wp:term":[{"taxonomy":"product_cat","embeddable":true,"href":"https:\/\/lacasadelamedicina.es\/de\/wp-json\/wp\/v2\/product_cat?post=29565"},{"taxonomy":"product_tag","embeddable":true,"href":"https:\/\/lacasadelamedicina.es\/de\/wp-json\/wp\/v2\/product_tag?post=29565"}],"curies":[{"name":"wp","href":"https:\/\/api.w.org\/{rel}","templated":true}]}}