{"id":29528,"date":"2024-08-11T12:20:47","date_gmt":"2024-08-11T12:20:47","guid":{"rendered":"https:\/\/lacasadelamedicina.es\/product\/opana-online-kaufen\/"},"modified":"2024-08-11T12:20:47","modified_gmt":"2024-08-11T12:20:47","slug":"opana-online-kaufen","status":"publish","type":"product","link":"https:\/\/lacasadelamedicina.es\/de\/produkt\/opana-online-kaufen\/","title":{"rendered":"Opana online kaufen"},"content":{"rendered":"<h1 class=\"product_title entry-title\">Opana online kaufen<\/h1>\n<p> Oxymorphon ist ein starkes Opioid-Analgetikum zur Behandlung starker Schmerzen. Es ist wirksamer als Morphin (dreimal), Hydrocodon (zweimal) und Oxycodon (zweimal). Dieses Medikament ist in Formulierungen mit sofortiger und verz\u00f6gerter Freisetzung erh\u00e4ltlich. Die Wirkung setzt etwa 5\u201310 Minuten nach der Injektion und 30 Minuten nach der oralen Verabreichung ein. Tabletten mit sofortiger Freisetzung lindern die Schmerzen 3\u20134 Stunden lang, w\u00e4hrend Tabletten mit verz\u00f6gerter Freisetzung bis zu 12 Stunden wirken. Das Medikament wird am h\u00e4ufigsten oral eingenommen, da es bei intraven\u00f6ser Verabreichung eine schnellere Eliminationshalbwertszeit hat. Wie Oxycodon besteht bei Oxymorphon ein hohes Missbrauchspotenzial.      <strong>Verf\u00fcgbare Opana-St\u00e4rken:<\/strong><\/p>\n<ul>\n<li><strong>Sofortige Freisetzung:<\/strong> 5 mg, 10 mg<\/li>\n<li><strong>Opana ER (Retardtabletten):<\/strong> 5 mg, 7,5 mg, 10 mg, 15 mg, 20 mg, 30 mg, 40 mg<\/li>\n<\/ul>\n<p><strong>Anwendungskriterien:<\/strong> Opana wird bei m\u00e4\u00dfigen bis starken Schmerzen verschrieben, wenn ein Opioid als angemessen erachtet wird. Es sollte unter Aufsicht eines Schmerztherapeuten angewendet werden. Der Patient muss bei allen anderen Opioidoptionen unertr\u00e4gliche Nebenwirkungen gehabt haben, die eine angemessene Schmerzkontrolle verhindert haben.   <strong>Wichtige Warnungen:<\/strong><\/p>\n<ul>\n<li>Die Kombination von Opana mit Alkohol kann den Plasmaspiegel erh\u00f6hen und das Risiko einer schweren Vergiftung erh\u00f6hen.<\/li>\n<li>Nehmen Sie Opana auf leeren Magen ein, um eine durch die Nahrungsaufnahme bedingte Erh\u00f6hung der Absorptionsrate um 50 % zu vermeiden.<\/li>\n<\/ul>\n<p><strong>Dosierungsinformationen:<\/strong><\/p>\n<ul>\n<li><strong>F\u00fcr neue Benutzer oder Personen mit Opioid-Intoleranz:<\/strong> Beginnen Sie mit 5 mg Opana ER alle 12 Stunden.<\/li>\n<li><strong>Umstellung von Oxymorphon mit sofortiger Wirkstofffreisetzung auf Oxymorphon mit verl\u00e4ngerter Wirkstofffreisetzung:<\/strong> Verwenden Sie die gesamte Tagesdosis Oxymorphon mit sofortiger Wirkstofffreisetzung und verabreichen Sie alle 12 Stunden die H\u00e4lfte dieser Dosis als Tabletten mit verl\u00e4ngerter Wirkstofffreisetzung.<\/li>\n<li><strong>Umstellung von anderen oralen Opioiden:<\/strong> Setzen Sie alle anderen rund um die Uhr einzunehmenden Opioide ab, wenn Sie mit der Einnahme von Opana ER beginnen. Verwenden Sie ver\u00f6ffentlichte Wirksamkeitstabellen oder die folgenden Umrechnungsfaktoren, um den 24-Stunden-Bedarf an oralem Oxymorphon abzusch\u00e4tzen:\n<ul>\n<li>Hydrocodon, Oxycodon, Methadon: Umrechnungsfaktor (CF) = 0,5<\/li>\n<li>Morphin: CF = 0,333<\/li>\n<li>Beispiel: Multiplizieren Sie die t\u00e4gliche Gesamtdosis des vorherigen Opioids mit der CF, um die 24-Stunden-Oxymorphondosis zu erhalten, und dividieren Sie diese dann alle 12 Stunden durch 2, um die Anfangsdosis zu erhalten. Passen Sie die Dosis nach Bedarf an. <\/li>\n<\/ul>\n<\/li>\n<\/ul>\n<p><strong>Nebenwirkungen:<\/strong> Bei Anzeichen einer allergischen Reaktion wie Nesselsucht, Atembeschwerden oder Schwellungen im Gesicht, an den Lippen, der Zunge oder im Rachen muss sofort ein Arzt aufgesucht werden. Zu den schwerwiegenden Nebenwirkungen k\u00f6nnen geh\u00f6ren:  <\/p>\n<ul>\n<li>Verlangsamte oder gestoppte Atmung<\/li>\n<li>Benommenheit oder Ohnmacht<\/li>\n<li>Krampfanf\u00e4lle<\/li>\n<li>Brustschmerzen, Keuchen oder Husten mit verf\u00e4rbtem Schleim<\/li>\n<li>Starkes Erbrechen<\/li>\n<li>Symptome des Serotoninsyndroms: Unruhe, Halluzinationen, Fieber, Schwitzen, Sch\u00fcttelfrost, schneller Herzschlag, Muskelsteifheit, \u00dcbelkeit, Erbrechen, Durchfall<\/li>\n<li>Niedriger Cortisolspiegel: \u00dcbelkeit, Erbrechen, Appetitlosigkeit, Schwindel, M\u00fcdigkeit<\/li>\n<\/ul>\n<p> Bei \u00e4lteren Erwachsenen und \u00fcbergewichtigen, unterern\u00e4hrten oder geschw\u00e4chten Personen kann das Risiko schwerer Nebenwirkungen erh\u00f6ht sein. <strong>Verpasste Dosis:<\/strong> Wenn Sie eine Dosis vergessen haben, lassen Sie sie aus, wenn es fast Zeit f\u00fcr die n\u00e4chste Dosis ist. Nehmen Sie keine doppelte Dosis ein. Befolgen Sie immer die Anweisungen Ihres Arztes und konsultieren Sie ihn, wenn Sie Fragen oder Bedenken zur Anwendung von Opana haben.<\/p>\n","protected":false},"excerpt":{"rendered":"<p>Kaufen Sie Opana online. Oxymorphon ist ein starker narkotischer Ersatz f\u00fcr Morphin. Es ist ein hochwirksames Opioid-Analgetikum zur Behandlung starker Schmerzen. Wo kann man Opana online kaufen?   <\/p>\n","protected":false},"featured_media":20001,"comment_status":"open","ping_status":"closed","template":"","meta":{"om_disable_all_campaigns":false,"_sitemap_exclude":false,"_sitemap_priority":"","_sitemap_frequency":"","_monsterinsights_skip_tracking":false,"_monsterinsights_sitenote_active":false,"_monsterinsights_sitenote_note":"","_monsterinsights_sitenote_category":0},"product_cat":[21774],"product_tag":[22338,22327,22342,22332,22326,22337,22323,22343,22331,22341,22335,22344,22340,22339,22333,22324,22330,22336,22328,22329,22325,22334],"class_list":{"0":"post-29528","1":"product","2":"type-product","3":"status-publish","4":"has-post-thumbnail","6":"product_cat-schmerzmittel","7":"product_tag-angebote-fur-opana-europe","8":"product_tag-auswirkungen-von-opana","9":"product_tag-authentisches-opana-europa","10":"product_tag-bestellen-sie-opana-eu","11":"product_tag-bestellen-sie-opana-online","12":"product_tag-gunstige-opana-europa","13":"product_tag-kaufen-opana","14":"product_tag-lieferanten-von-opana-europe","15":"product_tag-opana-bester-preis-europa","16":"product_tag-opana-europa-lieferung","17":"product_tag-opana-europa-verkauf","18":"product_tag-opana-europe-bewertung","19":"product_tag-opana-europe-rabatt","20":"product_tag-opana-europe-shop-de","21":"product_tag-opana-kostenloser-versand-europa","22":"product_tag-opana-online-kaufen","23":"product_tag-opana-online-kaufen-europa","24":"product_tag-opana-online-shop-europa","25":"product_tag-opana-verkaufe-online","26":"product_tag-wie-viel-kostet-opana","27":"product_tag-wo-kann-man-opana-online-kaufen","28":"product_tag-wo-sie-opana-europe-kaufen-konnen","30":"first","31":"instock","32":"shipping-taxable","33":"purchasable","34":"product-type-variable","35":"farmacie-col","36":"product-has-gallery"},"aioseo_notices":[],"_links":{"self":[{"href":"https:\/\/lacasadelamedicina.es\/de\/wp-json\/wp\/v2\/product\/29528"}],"collection":[{"href":"https:\/\/lacasadelamedicina.es\/de\/wp-json\/wp\/v2\/product"}],"about":[{"href":"https:\/\/lacasadelamedicina.es\/de\/wp-json\/wp\/v2\/types\/product"}],"replies":[{"embeddable":true,"href":"https:\/\/lacasadelamedicina.es\/de\/wp-json\/wp\/v2\/comments?post=29528"}],"wp:featuredmedia":[{"embeddable":true,"href":"https:\/\/lacasadelamedicina.es\/de\/wp-json\/wp\/v2\/media\/20001"}],"wp:attachment":[{"href":"https:\/\/lacasadelamedicina.es\/de\/wp-json\/wp\/v2\/media?parent=29528"}],"wp:term":[{"taxonomy":"product_cat","embeddable":true,"href":"https:\/\/lacasadelamedicina.es\/de\/wp-json\/wp\/v2\/product_cat?post=29528"},{"taxonomy":"product_tag","embeddable":true,"href":"https:\/\/lacasadelamedicina.es\/de\/wp-json\/wp\/v2\/product_tag?post=29528"}],"curies":[{"name":"wp","href":"https:\/\/api.w.org\/{rel}","templated":true}]}}