{"id":29485,"date":"2024-08-11T12:46:15","date_gmt":"2024-08-11T12:46:15","guid":{"rendered":"https:\/\/lacasadelamedicina.es\/product\/kaufen-sie-oxycodon-online\/"},"modified":"2024-08-11T12:46:15","modified_gmt":"2024-08-11T12:46:15","slug":"kaufen-sie-oxycodon-online","status":"publish","type":"product","link":"https:\/\/lacasadelamedicina.es\/de\/produkt\/kaufen-sie-oxycodon-online\/","title":{"rendered":"Kaufen Sie Oxycodon online"},"content":{"rendered":"<h1 class=\"product_title entry-title\">Kaufen Sie Oxycodon online<\/h1>\n<p> Oxycodon ist ein starkes Opioid, das zur Linderung starker Schmerzen eingesetzt wird, wenn andere Schmerzmittel unwirksam oder unertr\u00e4glich sind. Es geh\u00f6rt zur Klasse der narkotischen Analgetika, also Medikamente, die speziell zur Schmerzlinderung entwickelt wurden. Durch seine Wirkung auf das zentrale Nervensystem (ZNS) hilft Oxycodon bei der Linderung sowohl mittelschwerer als auch schwerer akuter oder chronischer Schmerzen, wenn alternative Behandlungen nicht ausreichen.   <\/p>\n<h3><strong>Wie wird Oxycodon missbraucht?<\/strong><\/h3>\n<p> Studien haben gezeigt, dass Oxycodon die Lebensqualit\u00e4t von Personen mit chronischen Schmerzzust\u00e4nden deutlich verbessern kann. Seine chemische Struktur ist eng mit Codein verwandt, weist jedoch Modifikationen wie eine Hydroxygruppe an Kohlenstoff-14, eine 7,8-Dihydro-Funktion und eine Carbonylgruppe auf, die die Hydroxylgruppe von Codein ersetzt. Es ist auch Hydrocodon \u00e4hnlich und unterscheidet sich nur durch das Vorhandensein einer Hydroxylgruppe an Kohlenstoff-14.   <\/p>\n<h3><strong>Welche Wirkung hat es auf den K\u00f6rper?<\/strong><\/h3>\n<p> Oxycodon ist auf der Stra\u00dfe unter Namen wie Hillbilly Heroin, Kicker, OC, Ox, Roxy, Perc und Oxy bekannt. Es ist in verschiedenen Formen erh\u00e4ltlich, darunter Tabletten mit verl\u00e4ngerter Wirkstofffreisetzung (OxyContin\u00ae) in den St\u00e4rken 10, 20, 40 und 80 mg und Kapseln mit sofortiger Wirkstofffreisetzung wie 5 mg OxyIR. Dar\u00fcber hinaus ist es in Kombinationsprodukten wie Percodan\u00ae mit Aspirin und Roxicet mit Paracetamol enthalten. <strong>Missbrauch von Oxycodon:<\/strong> Oxycodon wird h\u00e4ufig missbraucht, indem die Tabletten zerkleinert und das Pulver geschnupft werden, sie in Wasser aufgel\u00f6st und die L\u00f6sung injiziert werden oder die Tabletten auf Folie erhitzt und die D\u00e4mpfe inhaliert werden. <strong>Auswirkungen auf den Geist:<\/strong> Das Medikament l\u00f6st typischerweise Euphorie und Entspannung aus, was zu seinem hohen Missbrauchspotenzial beitr\u00e4gt. <strong>Wirkungen auf den K\u00f6rper:<\/strong> Oxycodon lindert Schmerzen, beruhigt und unterdr\u00fcckt den Husten, kann aber auch Atemdepression, Verstopfung und verengte Pupillen verursachen. Chronischer Konsum, insbesondere mit Paracetamol, kann zu schweren Lebersch\u00e4den f\u00fchren. Zu den Symptomen einer \u00dcberdosis z\u00e4hlen extreme Schl\u00e4frigkeit, Muskelschw\u00e4che, Verwirrtheit, kalte und feuchte Haut, stecknadelkopfgro\u00dfe Pupillen, flache Atmung, langsamer Herzschlag, Ohnmacht, Koma und m\u00f6glicherweise Tod.<\/p>\n","protected":false},"excerpt":{"rendered":"<p>Oxycodon ist ein starkes Opioid-Medikament, das zur Behandlung starker Schmerzen eingesetzt wird, die eine Opioid-Therapie erfordern. Es wird als narkotisches Analgetikum eingestuft, also als eine Art schmerzstillendes Medikament. <\/p>\n","protected":false},"featured_media":20046,"comment_status":"open","ping_status":"closed","template":"","meta":{"om_disable_all_campaigns":false,"_sitemap_exclude":false,"_sitemap_priority":"","_sitemap_frequency":"","_monsterinsights_skip_tracking":false,"_monsterinsights_sitenote_active":false,"_monsterinsights_sitenote_note":"","_monsterinsights_sitenote_category":0},"product_cat":[21774],"product_tag":[22312,22296,22307,22293,22294,22300,22055,22301,22303,22306,22298,22302,22308,22314,22313,22311,22310,22309,22305,22274,22299,22297,22295,22304],"class_list":{"0":"post-29485","1":"product","2":"type-product","3":"status-publish","4":"has-post-thumbnail","6":"product_cat-schmerzmittel","7":"product_tag-authentisches-oxycodon-europa","8":"product_tag-bestellen-sie-oxycodon-online","9":"product_tag-gunstiges-oxycodon-europa","10":"product_tag-kaufen-sie-oxycodon","11":"product_tag-kaufen-sie-oxycodon-online","12":"product_tag-kaufen-sie-oxycodon-online-in-europa","13":"product_tag-kaufen-sie-roxicodone-online","14":"product_tag-oxycodon-bester-preis-europa","15":"product_tag-oxycodon-kostenloser-versand-europa","16":"product_tag-oxycodon-online-shop-europa","17":"product_tag-oxycodon-verkauf-online","18":"product_tag-oxycodone-eu-bestellen","19":"product_tag-oxycodone-europa-angebote","20":"product_tag-oxycodone-europa-bewertung","21":"product_tag-oxycodone-europa-lieferanten","22":"product_tag-oxycodone-europa-lieferung","23":"product_tag-oxycodone-europa-rabatt","24":"product_tag-oxycodone-europa-shop","25":"product_tag-oxycodone-europa-verkauf","26":"product_tag-oxycontin-online-bestellen","27":"product_tag-wie-viel-kostet-oxycodon","28":"product_tag-wirkungen-von-oxycodon","29":"product_tag-wo-kann-man-oxycodon-online-kaufen","30":"product_tag-wo-kann-man-oxycodone-in-europa-kaufen","32":"first","33":"instock","34":"shipping-taxable","35":"purchasable","36":"product-type-variable","37":"farmacie-col","38":"product-has-gallery"},"aioseo_notices":[],"_links":{"self":[{"href":"https:\/\/lacasadelamedicina.es\/de\/wp-json\/wp\/v2\/product\/29485"}],"collection":[{"href":"https:\/\/lacasadelamedicina.es\/de\/wp-json\/wp\/v2\/product"}],"about":[{"href":"https:\/\/lacasadelamedicina.es\/de\/wp-json\/wp\/v2\/types\/product"}],"replies":[{"embeddable":true,"href":"https:\/\/lacasadelamedicina.es\/de\/wp-json\/wp\/v2\/comments?post=29485"}],"wp:featuredmedia":[{"embeddable":true,"href":"https:\/\/lacasadelamedicina.es\/de\/wp-json\/wp\/v2\/media\/20046"}],"wp:attachment":[{"href":"https:\/\/lacasadelamedicina.es\/de\/wp-json\/wp\/v2\/media?parent=29485"}],"wp:term":[{"taxonomy":"product_cat","embeddable":true,"href":"https:\/\/lacasadelamedicina.es\/de\/wp-json\/wp\/v2\/product_cat?post=29485"},{"taxonomy":"product_tag","embeddable":true,"href":"https:\/\/lacasadelamedicina.es\/de\/wp-json\/wp\/v2\/product_tag?post=29485"}],"curies":[{"name":"wp","href":"https:\/\/api.w.org\/{rel}","templated":true}]}}