{"id":29444,"date":"2024-08-11T13:08:06","date_gmt":"2024-08-11T13:08:06","guid":{"rendered":"https:\/\/lacasadelamedicina.es\/product\/kaufen-sie-oxycontin-online\/"},"modified":"2024-08-11T13:08:06","modified_gmt":"2024-08-11T13:08:06","slug":"kaufen-sie-oxycontin-online","status":"publish","type":"product","link":"https:\/\/lacasadelamedicina.es\/de\/produkt\/kaufen-sie-oxycontin-online\/","title":{"rendered":"Kaufen Sie OxyContin online"},"content":{"rendered":"<h1 class=\"product_title entry-title\">Kaufen Sie OXYCONTIN online<\/h1>\n<p><strong>OxyContin online kaufen<\/strong> OxyContin ist ein starkes verschreibungspflichtiges Medikament zur Behandlung starker Schmerzen, die eine kontinuierliche, langfristige Opioidbehandlung erfordern. Es wird verschrieben, wenn sich andere Schmerzbehandlungsoptionen, einschlie\u00dflich nicht-opioider Schmerzmittel oder Opioide mit sofortiger Wirkstofffreisetzung, als unzureichend oder unertr\u00e4glich erwiesen haben. Oxycodon, erh\u00e4ltlich unter Markennamen wie OxyContin und Roxicodone, ist ein halbsynthetisches Opioid zur Behandlung mittelschwerer bis starker Schmerzen. Es wird normalerweise oral eingenommen und ist sowohl in Formulierungen mit sofortiger Wirkstofffreisetzung als auch mit kontrollierter Wirkstofffreisetzung erh\u00e4ltlich. Oxycodon mit sofortiger Wirkstofffreisetzung beginnt innerhalb von etwa 15 Minuten mit der Schmerzlinderung und h\u00e4lt bis zu sechs Stunden an. In Gro\u00dfbritannien ist es auch als Injektion erh\u00e4ltlich. Oxycodon kann mit anderen Medikamenten wie Paracetamol, Ibuprofen, Naloxon, Naltrexon und Aspirin kombiniert werden. Dieses Medikament ist f\u00fcr die Behandlung anhaltender starker Schmerzen, wie beispielsweise krebsbedingter Schmerzen, bestimmt. Oxycodon wirkt, indem es die Wahrnehmung und Reaktion Ihres Gehirns auf Schmerzen ver\u00e4ndert. H\u00f6here Dosen (\u00fcber 40 Milligramm pro Tablette) sollten nur verwendet werden, wenn Sie regelm\u00e4\u00dfig opioide Schmerzmittel einnehmen, da bei Einnahme durch jemanden, der nicht an Opioide gew\u00f6hnt ist, das Risiko einer \u00dcberdosis oder des Todes besteht. Die Form von Oxycodon mit verl\u00e4ngerter Wirkstofffreisetzung ist nicht f\u00fcr leichte oder kurzfristige Schmerzen vorgesehen.           <strong>H\u00e4ufige Nebenwirkungen:<\/strong><\/p>\n<ul>\n<li>Euphorie<\/li>\n<li>Verstopfung<\/li>\n<li>\u00dcbelkeit und Erbrechen<\/li>\n<li>Appetitlosigkeit<\/li>\n<li>Schl\u00e4frigkeit<\/li>\n<li>Schwindel<\/li>\n<li>Juckreiz<\/li>\n<li>Trockener Mund<\/li>\n<li>Schwitzen<\/li>\n<\/ul>\n<p> M\u00f6gliche schwerwiegende Nebenwirkungen sind Sucht, Abh\u00e4ngigkeit, Reizbarkeit, Depression oder Manie, Delirium, Halluzinationen, verlangsamte Atmung, Gastroparese, Bradykardie und Hypotonie. Menschen mit einer Codeinallergie k\u00f6nnen auch auf Oxycodon reagieren. Die Anwendung von Oxycodon w\u00e4hrend der fr\u00fchen Schwangerschaft gilt im Allgemeinen als relativ sicher. Ein schnelles Absetzen von Oxycodon kann zu Entzugserscheinungen f\u00fchren. Das Medikament aktiviert den \u03bc-Opioidrezeptor und ist bei oraler Einnahme etwa 1,5-mal so wirksam wie Morphin. OxyContin ist als Tablette mit kontrollierter Wirkstofffreisetzung erh\u00e4ltlich, die alle 12 Stunden eingenommen werden soll. Studien haben gezeigt, dass kontrolliert freigesetztes Oxycodon bei der Behandlung mittelschwerer bis schwerer Krebsschmerzen mit Oxycodon, Morphin und Hydromorphon mit sofortiger Wirkstofffreisetzung vergleichbar ist und weniger Nebenwirkungen als Morphin aufweist. Im Jahr 2014 empfahl die European Association for Palliative Care Oxycodon als Zweitlinienbehandlungsoption nach Morphin bei Krebsschmerzen.<\/p>\n","protected":false},"excerpt":{"rendered":"<div class=\"flex-shrink-0 flex flex-col relative items-end\">\n<div>\n<div class=\"pt-0\">\n<div class=\"gizmo-bot-avatar flex h-8 w-8 items-center justify-center overflow-hidden rounded-full\">\n<div class=\"relative p-1 rounded-sm flex items-center justify-center bg-token-main-surface-primary text-token-text-primary h-8 w-8\"><strong>OxyContin online kaufen <\/strong>OxyContin ist ein starkes verschreibungspflichtiges Medikament zur Behandlung starker Schmerzen, die eine kontinuierliche, langfristige Opioidbehandlung erfordern. Es wird verwendet, wenn andere Schmerzbehandlungsoptionen nicht ausreichen und muss t\u00e4glich rund um die Uhr eingenommen werden, um die Schmerzen wirksam zu kontrollieren. <\/div>\n<\/div>\n<\/div>\n<\/div>\n<\/div>\n","protected":false},"featured_media":20076,"comment_status":"open","ping_status":"closed","template":"","meta":{"om_disable_all_campaigns":false,"_sitemap_exclude":false,"_sitemap_priority":"","_sitemap_frequency":"","_monsterinsights_skip_tracking":false,"_monsterinsights_sitenote_active":false,"_monsterinsights_sitenote_note":"","_monsterinsights_sitenote_category":0},"product_cat":[21774],"product_tag":[22285,22294,22271,22278,22279,22281,22274,22272,22284,22276,22282,22273],"class_list":{"0":"post-29444","1":"product","2":"type-product","3":"status-publish","4":"has-post-thumbnail","6":"product_cat-schmerzmittel","7":"product_tag-gunstiges-oxycontin-europa","8":"product_tag-kaufen-sie-oxycodon-online","9":"product_tag-kaufen-sie-oxycontin","10":"product_tag-kaufen-sie-oxycontin-online-in-europa","11":"product_tag-oxycontin-bester-preis-europa","12":"product_tag-oxycontin-kostenloser-versand-europa","13":"product_tag-oxycontin-online-bestellen","14":"product_tag-oxycontin-online-kaufen","15":"product_tag-oxycontin-online-shop-europa","16":"product_tag-oxycontin-verkaufe-online","17":"product_tag-wo-kann-man-oxycontin-europa-kaufen","18":"product_tag-wo-kann-man-oxycontin-online-kaufen","20":"first","21":"instock","22":"shipping-taxable","23":"purchasable","24":"product-type-variable","25":"farmacie-col"},"aioseo_notices":[],"_links":{"self":[{"href":"https:\/\/lacasadelamedicina.es\/de\/wp-json\/wp\/v2\/product\/29444"}],"collection":[{"href":"https:\/\/lacasadelamedicina.es\/de\/wp-json\/wp\/v2\/product"}],"about":[{"href":"https:\/\/lacasadelamedicina.es\/de\/wp-json\/wp\/v2\/types\/product"}],"replies":[{"embeddable":true,"href":"https:\/\/lacasadelamedicina.es\/de\/wp-json\/wp\/v2\/comments?post=29444"}],"wp:featuredmedia":[{"embeddable":true,"href":"https:\/\/lacasadelamedicina.es\/de\/wp-json\/wp\/v2\/media\/20076"}],"wp:attachment":[{"href":"https:\/\/lacasadelamedicina.es\/de\/wp-json\/wp\/v2\/media?parent=29444"}],"wp:term":[{"taxonomy":"product_cat","embeddable":true,"href":"https:\/\/lacasadelamedicina.es\/de\/wp-json\/wp\/v2\/product_cat?post=29444"},{"taxonomy":"product_tag","embeddable":true,"href":"https:\/\/lacasadelamedicina.es\/de\/wp-json\/wp\/v2\/product_tag?post=29444"}],"curies":[{"name":"wp","href":"https:\/\/api.w.org\/{rel}","templated":true}]}}