{"id":29414,"date":"2024-08-11T13:43:46","date_gmt":"2024-08-11T13:43:46","guid":{"rendered":"https:\/\/lacasadelamedicina.es\/product\/kaufen-sie-percocet-online\/"},"modified":"2024-08-11T13:43:46","modified_gmt":"2024-08-11T13:43:46","slug":"kaufen-sie-percocet-online","status":"publish","type":"product","link":"https:\/\/lacasadelamedicina.es\/de\/produkt\/kaufen-sie-percocet-online\/","title":{"rendered":"Kaufen Sie Percocet online"},"content":{"rendered":"<h1 class=\"product_title entry-title\">Kaufen Sie Percocet online<\/h1>\n<div class=\"flex-shrink-0 flex flex-col relative items-end\">\n<div>\n<div class=\"pt-0\">\n<div class=\"gizmo-bot-avatar flex h-8 w-8 items-center justify-center overflow-hidden rounded-full\">\n<div class=\"relative p-1 rounded-sm flex items-center justify-center bg-token-main-surface-primary text-token-text-primary h-8 w-8\"><strong>Kaufen Sie Percocet online<\/strong><\/div>\n<\/div>\n<\/div>\n<\/div>\n<\/div>\n<div class=\"group\/conversation-turn relative flex w-full min-w-0 flex-col agent-turn\">\n<div class=\"flex-col gap-1 md:gap-3\">\n<div class=\"flex max-w-full flex-col flex-grow\">\n<div class=\"min-h-[20px] text-message flex w-full flex-col items-end gap-2 whitespace-pre-wrap break-words [.text-message+&amp;]:mt-5 overflow-x-auto\" dir=\"auto\" data-message-author-role=\"assistant\" data-message-id=\"9e67d006-b066-4b1a-92a0-7ec361db76fe\">\n<div class=\"flex w-full flex-col gap-1 empty:hidden first:pt-[3px]\">\n<div class=\"markdown prose w-full break-words dark:prose-invert dark\"> Percocet ist ein verschreibungspflichtiges Medikament, das Oxycodon und Paracetamol kombiniert, um mittelschwere bis starke Schmerzen zu behandeln. Oxycodon ist ein starkes opioides Schmerzmittel, w\u00e4hrend Paracetamol die Wirkung von Oxycodon verst\u00e4rkt. Dieses Medikament wird normalerweise verschrieben, wenn nicht-opioide Schmerzmittel oder Opioide mit sofortiger Wirkstofffreisetzung unwirksam oder unertr\u00e4glich sind.   <strong>So nehmen Sie Percocet ein:<\/strong><\/p>\n<ul>\n<li><strong>Verabreichung:<\/strong> Nehmen Sie Percocet als ganze Pille mit oder ohne Essen ein. Wenn Sie Schwierigkeiten beim Schlucken der Pille haben, wenden Sie sich an Ihren Arzt. <\/li>\n<li><strong>Dosierung:<\/strong> Befolgen Sie die Anweisungen Ihres Arztes bez\u00fcglich der H\u00e4ufigkeit der Einnahme von Percocet, entweder nach Bedarf gegen die Schmerzen oder regelm\u00e4\u00dfig.<\/li>\n<li><strong>Beginn der Linderung:<\/strong> Die Schmerzlinderung beginnt normalerweise innerhalb von 15 bis 30 Minuten und erreicht nach etwa einer Stunde ihren H\u00f6hepunkt und h\u00e4lt 3 bis 6 Stunden an.<\/li>\n<\/ul>\n<p><strong>Wichtige \u00dcberlegungen:<\/strong><\/p>\n<ul>\n<li><strong>Dosierungsgenauigkeit:<\/strong> Stellen Sie sicher, dass Sie die richtige Dosis wie verschrieben einnehmen. Eine \u00dcberdosierung kann durch Paracetamol zu schweren Lebersch\u00e4den f\u00fchren. <\/li>\n<li><strong>Alkohol vermeiden:<\/strong> Die Kombination von Percocet mit Alkohol erh\u00f6ht das Risiko von Lebersch\u00e4den und anderen schweren Folgen.<\/li>\n<li><strong>Wechselwirkungen mit anderen Arzneimitteln:<\/strong> Informieren Sie Ihren Arzt \u00fcber alle Medikamente und Nahrungserg\u00e4nzungsmittel, die Sie einnehmen, da Percocet Wechselwirkungen mit anderen zentral d\u00e4mpfenden Mitteln und verschiedenen Medikamenten haben kann.<\/li>\n<\/ul>\n<p><strong>Nebenwirkungen:<\/strong><\/p>\n<ul>\n<li><strong>H\u00e4ufige Nebenwirkungen:<\/strong> Verstopfung, \u00dcbelkeit, Erbrechen, Magenverstimmung, Schl\u00e4frigkeit, Schwindel, Juckreiz, Kopfschmerzen, verschwommenes Sehen, trockener Mund und Schwitzen.<\/li>\n<li><strong>Schwere Auswirkungen:<\/strong> Atemdepression, Verwirrtheit, ungew\u00f6hnliche Gedanken oder Verhaltensweisen, Probleme beim Wasserlassen, Schmerzen im Oberbauch, Appetitlosigkeit, Gelbsucht und schwere allergische Reaktionen.<\/li>\n<\/ul>\n<p><strong>Notfallsymptome:<\/strong> Suchen Sie sofort einen Arzt auf, wenn bei Ihnen Folgendes auftritt: <\/p>\n<ul>\n<li>Pl\u00f6tzliche Sehst\u00f6rungen, Augenschmerzen oder die Wahrnehmung von Lichth\u00f6fen um Lichter herum.<\/li>\n<li>Schwere Herzsymptome wie unregelm\u00e4\u00dfiger Herzschlag oder Brustflattern.<\/li>\n<li>Starke Kopfschmerzen, Verwirrtheit, undeutliche Sprache, Muskelsteifheit oder hohes Fieber.<\/li>\n<\/ul>\n<p><strong>Verf\u00fcgbarkeit:<\/strong> Percocet ist in Apotheken und Versandapotheken erh\u00e4ltlich. Beachten Sie, dass f\u00fcr den Kauf von Percocet aufgrund seines Status als kontrollierte Substanz ein Rezept erforderlich ist. Kaufen Sie es nicht bei Quellen, die behaupten, es ohne Rezept anzubieten, da dies illegal und unsicher sein kann.   <\/div>\n<\/div>\n<\/div>\n<\/div>\n<\/div>\n<\/div>\n","protected":false},"excerpt":{"rendered":"<p>Kaufen Sie Percocet online. Percocet enth\u00e4lt eine Kombination aus Paracetamol und Oxycodon. Oxycodon ist ein opioides Schmerzmittel. Kaufen Sie Percocet-Pillen online.   <\/p>\n","protected":false},"featured_media":20091,"comment_status":"open","ping_status":"closed","template":"","meta":{"om_disable_all_campaigns":false,"_sitemap_exclude":false,"_sitemap_priority":"","_sitemap_frequency":"","_monsterinsights_skip_tracking":false,"_monsterinsights_sitenote_active":false,"_monsterinsights_sitenote_note":"","_monsterinsights_sitenote_category":0},"product_cat":[21774],"product_tag":[22234,22249,22296,22239,22233,22244,22230,22238,22245,22250,22248,22246,22242,22251,22247,22240,22231,22237,22243,22235,22241,22236,22232],"class_list":{"0":"post-29414","1":"product","2":"type-product","3":"status-publish","4":"has-post-thumbnail","6":"product_cat-schmerzmittel","7":"product_tag-auswirkungen-von-percocet","8":"product_tag-authentisches-percocet-europa","9":"product_tag-bestellen-sie-oxycodon-online","10":"product_tag-bestellen-sie-percocet-eu","11":"product_tag-bestellen-sie-percocet-online","12":"product_tag-gunstiges-percocet-europa","13":"product_tag-kaufen-sie-percocet","14":"product_tag-percocet-bester-preis-europa","15":"product_tag-percocet-bester-preis-europa-de","16":"product_tag-percocet-europa-lieferanten","17":"product_tag-percocet-europa-lieferung","18":"product_tag-percocet-europa-shop","19":"product_tag-percocet-europa-verkauf","20":"product_tag-percocet-europe-bewertung","21":"product_tag-percocet-europe-rabatt","22":"product_tag-percocet-kostenloser-versand-europa","23":"product_tag-percocet-online-kaufen","24":"product_tag-percocet-online-kaufen-europa","25":"product_tag-percocet-online-shop-europa","26":"product_tag-percocet-verkauf-online","27":"product_tag-percocet-verkauf-online-de","28":"product_tag-wie-viel-kostet-percocet","29":"product_tag-wo-kann-man-percocet-online-kaufen","31":"first","32":"instock","33":"shipping-taxable","34":"purchasable","35":"product-type-variable","36":"farmacie-col"},"aioseo_notices":[],"_links":{"self":[{"href":"https:\/\/lacasadelamedicina.es\/de\/wp-json\/wp\/v2\/product\/29414"}],"collection":[{"href":"https:\/\/lacasadelamedicina.es\/de\/wp-json\/wp\/v2\/product"}],"about":[{"href":"https:\/\/lacasadelamedicina.es\/de\/wp-json\/wp\/v2\/types\/product"}],"replies":[{"embeddable":true,"href":"https:\/\/lacasadelamedicina.es\/de\/wp-json\/wp\/v2\/comments?post=29414"}],"wp:featuredmedia":[{"embeddable":true,"href":"https:\/\/lacasadelamedicina.es\/de\/wp-json\/wp\/v2\/media\/20091"}],"wp:attachment":[{"href":"https:\/\/lacasadelamedicina.es\/de\/wp-json\/wp\/v2\/media?parent=29414"}],"wp:term":[{"taxonomy":"product_cat","embeddable":true,"href":"https:\/\/lacasadelamedicina.es\/de\/wp-json\/wp\/v2\/product_cat?post=29414"},{"taxonomy":"product_tag","embeddable":true,"href":"https:\/\/lacasadelamedicina.es\/de\/wp-json\/wp\/v2\/product_tag?post=29414"}],"curies":[{"name":"wp","href":"https:\/\/api.w.org\/{rel}","templated":true}]}}