{"id":29370,"date":"2024-08-11T14:20:08","date_gmt":"2024-08-11T14:20:08","guid":{"rendered":"https:\/\/lacasadelamedicina.es\/product\/kaufen-sie-roxicodone-online\/"},"modified":"2024-08-11T14:20:08","modified_gmt":"2024-08-11T14:20:08","slug":"kaufen-sie-roxicodone-online","status":"publish","type":"product","link":"https:\/\/lacasadelamedicina.es\/de\/produkt\/kaufen-sie-roxicodone-online\/","title":{"rendered":"Kaufen Sie Roxicodone online"},"content":{"rendered":"<h1 class=\"product_title entry-title\">Kaufen Sie Roxicodone online<\/h1>\n<p> Roxicodone ist ein starkes verschreibungspflichtiges Medikament zur Behandlung starker Schmerzen, wenn andere Behandlungen, wie etwa nicht-opioide Schmerzmittel, unwirksam oder unertr\u00e4glich sind. Dieses Opioid-Medikament birgt das Risiko einer \u00dcberdosis und des Todes, und selbst die ordnungsgem\u00e4\u00dfe Anwendung gem\u00e4\u00df der Verschreibung kann zu Abh\u00e4ngigkeit, Missbrauch und Fehlgebrauch f\u00fchren. <strong>Wichtige Informationen vor der Einnahme von Roxicodone:<\/strong> Verwenden Sie Roxicodone nicht, wenn Sie:  <\/p>\n<ul>\n<li>Sind allergisch gegen Oxycodon.<\/li>\n<li>Leiden Sie unter schwerem Asthma oder Atemproblemen.<\/li>\n<li>Sie haben eine Blockade im Magen oder Darm.<\/li>\n<li>Sie weisen keine bereits bestehende Toleranz gegen\u00fcber einem \u00e4hnlichen Opioid-Medikament auf.<\/li>\n<\/ul>\n<p> Roxicodone ist im Allgemeinen nicht f\u00fcr die Anwendung bei Personen unter 18 Jahren zugelassen. Um sicherzustellen, dass Roxicodone f\u00fcr Sie sicher ist, informieren Sie Ihren Arzt, wenn Sie:  <\/p>\n<ul>\n<li>Atemprobleme oder Schlafapnoe.<\/li>\n<li>Eine Vorgeschichte von Kopfverletzungen oder Krampfanf\u00e4llen.<\/li>\n<li>Drogen- oder Alkoholsucht oder psychische St\u00f6rungen.<\/li>\n<li>Leber- oder Nierenerkrankung.<\/li>\n<li>Probleme beim Wasserlassen.<\/li>\n<li>Probleme mit Ihrer Gallenblase, Bauchspeicheldr\u00fcse oder Schilddr\u00fcse.<\/li>\n<\/ul>\n<p> Bei Anwendung w\u00e4hrend der Schwangerschaft kann Roxicodone beim Baby eine Abh\u00e4ngigkeit verursachen, die m\u00f6glicherweise lebensbedrohliche Entzugserscheinungen zur Folge hat, die m\u00f6glicherweise mehrere Wochen lang eine \u00e4rztliche Behandlung erfordern. <strong>Nebenwirkungen von Roxicodone:<\/strong> Suchen Sie sofort einen Arzt auf, wenn bei Ihnen Anzeichen einer allergischen Reaktion auftreten, darunter: <\/p>\n<ul>\n<li>Nesselsucht<\/li>\n<li>Atembeschwerden<\/li>\n<li>Schwellung von Gesicht, Lippen, Zunge oder Rachen<\/li>\n<\/ul>\n<p> Roxicodone kann die Atmung verlangsamen oder stoppen, was t\u00f6dlich sein kann. Stellen Sie sicher, dass jemand in Ihrer N\u00e4he bereit ist, Naloxon zu verabreichen, und suchen Sie sofort einen Arzt auf, wenn Sie langsam atmen, bl\u00e4uliche Lippen haben oder Schwierigkeiten beim Aufwachen haben. Kontaktieren Sie sofort Ihren Arzt, wenn Sie:   <\/p>\n<ul>\n<li>Laute oder flache Atmung oder Atemaussetzer w\u00e4hrend des Schlafs<\/li>\n<li>Langsamer Herzschlag oder schwacher Puls<\/li>\n<li>Benommenheit oder Ohnmacht<\/li>\n<li>Verwirrung oder ungew\u00f6hnliches Verhalten<\/li>\n<li>Krampfanf\u00e4lle<\/li>\n<li>Niedrige Cortisolwerte, die Symptome wie \u00dcbelkeit, Erbrechen, Appetitlosigkeit, Schwindel und extreme M\u00fcdigkeit verursachen<\/li>\n<li>Hoher Serotoninspiegel, erkennbar an Unruhe, Halluzinationen, Fieber, Schwitzen, Sch\u00fcttelfrost, Herzrasen, Muskelsteifheit, Zuckungen, Koordinationsverlust, \u00dcbelkeit, Erbrechen oder Durchfall<\/li>\n<\/ul>\n<p> Schwerwiegende Atemprobleme treten h\u00e4ufiger bei \u00e4lteren Erwachsenen und Personen mit chronischen Atemst\u00f6rungen oder schweren gesundheitlichen Problemen auf. <strong>H\u00e4ufige Nebenwirkungen:<\/strong><\/p>\n<ul>\n<li>Schl\u00e4frigkeit<\/li>\n<li>Kopfschmerzen<\/li>\n<li>Schwindel<\/li>\n<li>M\u00fcdigkeit<\/li>\n<li>Verstopfung<\/li>\n<li>Magenschmerzen<\/li>\n<li>Brechreiz<\/li>\n<li>Erbrechen<\/li>\n<\/ul>\n<p><strong>Roxicodone Verpackung und Lagerung:<\/strong> Roxicodone ist erh\u00e4ltlich in: <\/p>\n<ul>\n<li><strong>Gr\u00fcne Tabletten 15 mg<\/strong>: Mit Bruchkerbe und Pr\u00e4gung \u201e54 710\u201c\n<ul>\n<li>NDC 23635-581-10: Flaschen mit 100 Tabletten<\/li>\n<\/ul>\n<\/li>\n<li><strong>30 mg blaue Tabletten<\/strong>: Mit Bruchkerbe und Pr\u00e4gung \u201e54 199\u201c\n<ul>\n<li>NDC 23635-582-10: Flaschen mit 100 Tabletten<\/li>\n<\/ul>\n<\/li>\n<\/ul>\n<p> Bewahren Sie Roxicodone in einem dichten, lichtbest\u00e4ndigen Beh\u00e4lter auf. Sch\u00fctzen Sie es vor Feuchtigkeit und lagern Sie es bei 25 \u00b0C (77 \u00b0F), wobei Temperaturschwankungen zwischen 15 \u00b0C und 30 \u00b0C (59 \u00b0F bis 86 \u00b0F) zul\u00e4ssig sind. Bewahren Sie Roxicodone sicher auf und entsorgen Sie es ordnungsgem\u00e4\u00df, um Missbrauch zu verhindern.   &nbsp;<\/p>\n","protected":false},"excerpt":{"rendered":"<p>Kaufen Sie Roxicodone online. Roxicodone ist ein starkes verschreibungspflichtiges Schmerzmittel, das ein Opioid enth\u00e4lt und zur Behandlung starker Schmerzen eingesetzt wird. Wo kann man Roxicodone online kaufen? Roxicodone zum Online-Verkauf. Aufdrucke: \u201eA\u201c \u201e215\u201c und \u201eV\u201c \u201e4812\u201c Form\/Farbe: Blaue, runde Tabletten   <\/p>\n","protected":false},"featured_media":20121,"comment_status":"open","ping_status":"closed","template":"","meta":{"om_disable_all_campaigns":false,"_sitemap_exclude":false,"_sitemap_priority":"","_sitemap_frequency":"","_monsterinsights_skip_tracking":false,"_monsterinsights_sitenote_active":false,"_monsterinsights_sitenote_note":"","_monsterinsights_sitenote_category":0},"product_cat":[21774],"product_tag":[22068,22294,22054,22055,22061,22074,22066,22071,22064,22057,22059],"class_list":{"0":"post-29370","1":"product","2":"type-product","3":"status-publish","4":"has-post-thumbnail","6":"product_cat-schmerzmittel","7":"product_tag-gunstiges-roxicodone-europa","8":"product_tag-kaufen-sie-oxycodon-online","9":"product_tag-kaufen-sie-roxicodone","10":"product_tag-kaufen-sie-roxicodone-online","11":"product_tag-kaufen-sie-roxicodone-online-in-europa","12":"product_tag-roxicodone-europa-lieferanten","13":"product_tag-roxicodone-europa-verkauf","14":"product_tag-roxicodone-europe-rabatt","15":"product_tag-roxicodone-kostenloser-versand-europa","16":"product_tag-roxicodone-online-bestellen","17":"product_tag-roxicodone-verkauf-online","19":"first","20":"instock","21":"shipping-taxable","22":"purchasable","23":"product-type-variable","24":"farmacie-col"},"aioseo_notices":[],"_links":{"self":[{"href":"https:\/\/lacasadelamedicina.es\/de\/wp-json\/wp\/v2\/product\/29370"}],"collection":[{"href":"https:\/\/lacasadelamedicina.es\/de\/wp-json\/wp\/v2\/product"}],"about":[{"href":"https:\/\/lacasadelamedicina.es\/de\/wp-json\/wp\/v2\/types\/product"}],"replies":[{"embeddable":true,"href":"https:\/\/lacasadelamedicina.es\/de\/wp-json\/wp\/v2\/comments?post=29370"}],"wp:featuredmedia":[{"embeddable":true,"href":"https:\/\/lacasadelamedicina.es\/de\/wp-json\/wp\/v2\/media\/20121"}],"wp:attachment":[{"href":"https:\/\/lacasadelamedicina.es\/de\/wp-json\/wp\/v2\/media?parent=29370"}],"wp:term":[{"taxonomy":"product_cat","embeddable":true,"href":"https:\/\/lacasadelamedicina.es\/de\/wp-json\/wp\/v2\/product_cat?post=29370"},{"taxonomy":"product_tag","embeddable":true,"href":"https:\/\/lacasadelamedicina.es\/de\/wp-json\/wp\/v2\/product_tag?post=29370"}],"curies":[{"name":"wp","href":"https:\/\/api.w.org\/{rel}","templated":true}]}}