{"id":29359,"date":"2024-08-11T14:27:21","date_gmt":"2024-08-11T14:27:21","guid":{"rendered":"https:\/\/lacasadelamedicina.es\/product\/suboxone-online-kaufen\/"},"modified":"2024-08-11T14:27:21","modified_gmt":"2024-08-11T14:27:21","slug":"suboxone-online-kaufen","status":"publish","type":"product","link":"https:\/\/lacasadelamedicina.es\/de\/produkt\/suboxone-online-kaufen\/","title":{"rendered":"Suboxone online kaufen"},"content":{"rendered":"<h1 class=\"product_title entry-title\">Suboxone online kaufen<\/h1>\n<p> Suboxone ist ein verschreibungspflichtiges Medikament zur Behandlung von Opioidkonsumst\u00f6rungen. Es enth\u00e4lt zwei Wirkstoffe: Buprenorphin und Naloxon. Dieses Medikament reduziert das Risiko einer \u00dcberdosis von Opioiden wie Heroin oder Fentanyl erheblich und senkt die Sterblichkeitsrate um bis zu 50 %. Suboxone hilft bei der Behandlung von Opioid-Entzugserscheinungen und unterst\u00fctzt langfristige Genesungsziele, indem es das Verlangen und das R\u00fcckfallrisiko reduziert.    <strong>So funktioniert Suboxone:<\/strong><\/p>\n<ul>\n<li><strong>Buprenorphin<\/strong>: Als partieller Opioidagonist hilft Buprenorphin, Entzugserscheinungen zu lindern, indem es die Opioidrezeptoren im Gehirn teilweise stimuliert. Dies hilft, das Verlangen zu kontrollieren und erleichtert den \u00dcbergang von der Opioidabh\u00e4ngigkeit, wenn es unter \u00e4rztlicher Aufsicht verwendet wird. <\/li>\n<li><strong>Naloxon<\/strong>: Naloxon ist ein Opioidantagonist, der den Missbrauch des Medikaments verhindern soll. Es kehrt die Wirkung von Opioiden um und kann bei Missbrauch von Suboxone Entzugserscheinungen hervorrufen, was es zu einer sichereren Option f\u00fcr eine Langzeitbehandlung macht. <\/li>\n<\/ul>\n<p><strong>Vorteile von Suboxone:<\/strong> Suboxone ist aufgrund seines Sicherheitsprofils und seiner Wirksamkeit zu einem bevorzugten Medikament zur Behandlung von OUD geworden. Im Gegensatz zu Methadon, einer anderen Behandlung f\u00fcr OUD, ist Suboxone weniger gewohnheitsbildend und kann von einem Hausarzt verschrieben werden, im Gegensatz zu Methadon, das normalerweise eine Behandlung in einem spezialisierten Zentrum erfordert. <strong>Verschreibung und Anwendung:<\/strong> Suboxone kann zu Beginn der Behandlung oder w\u00e4hrend der langfristigen Genesung verschrieben werden. Es ist wichtig, mit Ihrem Arzt den besten Behandlungsplan zu besprechen, der auf Ihre Bed\u00fcrfnisse zugeschnitten ist. Eine umfassende Behandlung umfasst neben einer medikamentengest\u00fctzten Therapie (MAT) oft auch eine verhaltensbezogene Gesundheitsunterst\u00fctzung. <strong>Nebenwirkungen von Suboxone:<\/strong><strong>Schwere Nebenwirkungen:<\/strong>   <\/p>\n<ul>\n<li><strong>Allergische Reaktionen<\/strong>: Nesselsucht, Atembeschwerden, Schwellung von Gesicht, Lippen, Zunge oder Rachen.<\/li>\n<li><strong>Atemprobleme<\/strong>: Langsame oder unterbrochene Atmung, insbesondere mit langen Pausen, blauen Lippen oder Schwierigkeiten beim Aufwachen.<\/li>\n<li><strong>Leberprobleme<\/strong>: Oberbauchschmerzen, Appetitlosigkeit, dunkler Urin, lehmfarbener Stuhl, Gelbsucht.<\/li>\n<li><strong>Hoher Serotoninspiegel<\/strong>: Unruhe, Halluzinationen, Fieber, Schwitzen, Sch\u00fcttelfrost, Herzrasen, Muskelsteifheit, \u00dcbelkeit, Erbrechen, Durchfall.<\/li>\n<li><strong>Niedriger Cortisolspiegel<\/strong>: \u00dcbelkeit, Erbrechen, Appetitlosigkeit, Schwindel, starke Schw\u00e4che.<\/li>\n<li><strong>Entzugserscheinungen<\/strong>: Sch\u00fcttelfrost, Schwitzen, laufende Nase, tr\u00e4nende Augen, Muskelschmerzen.<\/li>\n<\/ul>\n<p><strong>H\u00e4ufige Nebenwirkungen:<\/strong><\/p>\n<ul>\n<li>Schwindel, Schl\u00e4frigkeit, verschwommenes Sehen, Konzentrationsschwierigkeiten.<\/li>\n<li>Entzugserscheinungen, Zungenschmerzen, \u00dcbelkeit, Erbrechen, Verstopfung.<\/li>\n<li>Kopfschmerzen, R\u00fcckenschmerzen, vermehrtes Schwitzen, Schlafst\u00f6rungen.<\/li>\n<\/ul>\n<p><strong>Unterschied zwischen Subutex und Suboxone:<\/strong> Der Hauptunterschied besteht darin, dass Suboxone sowohl Buprenorphin als auch Naloxon enth\u00e4lt, w\u00e4hrend Subutex nur Buprenorphin enth\u00e4lt. Subutex war die urspr\u00fcngliche Formulierung und erwies sich als wirksam, hatte jedoch ein h\u00f6heres Missbrauchspotenzial. Suboxone wurde entwickelt, um dieses Problem zu l\u00f6sen, indem es Naloxon enth\u00e4lt, das die Wirkung von Opioiden an den Rezeptoren blockiert. Die Injektion von Suboxone kann zu einem beschleunigten Entzug f\u00fchren und so Missbrauch verhindern.<\/p>\n","protected":false},"excerpt":{"rendered":"<p>Kaufen Sie Suboxone online. Suboxone ist ein Kombinationspr\u00e4parat mit fester Dosierung, das Buprenorphin und Naloxon enth\u00e4lt. Suboxone online kaufen  <\/p>\n","protected":false},"featured_media":20136,"comment_status":"open","ping_status":"closed","template":"","meta":{"om_disable_all_campaigns":false,"_sitemap_exclude":false,"_sitemap_priority":"","_sitemap_frequency":"","_monsterinsights_skip_tracking":false,"_monsterinsights_sitenote_active":false,"_monsterinsights_sitenote_note":"","_monsterinsights_sitenote_category":0},"product_cat":[21774],"product_tag":[22036,22035,22046,22032,22033,22039,22038],"class_list":{"0":"post-29359","1":"product","2":"type-product","3":"status-publish","4":"has-post-thumbnail","6":"product_cat-schmerzmittel","7":"product_tag-auswirkungen-von-suboxone","8":"product_tag-bestellen-sie-suboxone-online","9":"product_tag-gunstiges-suboxone-europa","10":"product_tag-suboxone-kaufen","11":"product_tag-suboxone-online-kaufen","12":"product_tag-suboxone-online-kaufen-europa","13":"product_tag-wie-viel-kostet-suboxone","15":"first","16":"instock","17":"shipping-taxable","18":"purchasable","19":"product-type-variable","20":"farmacie-col"},"aioseo_notices":[],"_links":{"self":[{"href":"https:\/\/lacasadelamedicina.es\/de\/wp-json\/wp\/v2\/product\/29359"}],"collection":[{"href":"https:\/\/lacasadelamedicina.es\/de\/wp-json\/wp\/v2\/product"}],"about":[{"href":"https:\/\/lacasadelamedicina.es\/de\/wp-json\/wp\/v2\/types\/product"}],"replies":[{"embeddable":true,"href":"https:\/\/lacasadelamedicina.es\/de\/wp-json\/wp\/v2\/comments?post=29359"}],"wp:featuredmedia":[{"embeddable":true,"href":"https:\/\/lacasadelamedicina.es\/de\/wp-json\/wp\/v2\/media\/20136"}],"wp:attachment":[{"href":"https:\/\/lacasadelamedicina.es\/de\/wp-json\/wp\/v2\/media?parent=29359"}],"wp:term":[{"taxonomy":"product_cat","embeddable":true,"href":"https:\/\/lacasadelamedicina.es\/de\/wp-json\/wp\/v2\/product_cat?post=29359"},{"taxonomy":"product_tag","embeddable":true,"href":"https:\/\/lacasadelamedicina.es\/de\/wp-json\/wp\/v2\/product_tag?post=29359"}],"curies":[{"name":"wp","href":"https:\/\/api.w.org\/{rel}","templated":true}]}}