{"id":29326,"date":"2024-08-11T14:41:28","date_gmt":"2024-08-11T14:41:28","guid":{"rendered":"https:\/\/lacasadelamedicina.es\/product\/tapentadol-online-kaufen\/"},"modified":"2024-08-11T14:41:28","modified_gmt":"2024-08-11T14:41:28","slug":"tapentadol-online-kaufen","status":"publish","type":"product","link":"https:\/\/lacasadelamedicina.es\/de\/produkt\/tapentadol-online-kaufen\/","title":{"rendered":"Tapentadol online kaufen"},"content":{"rendered":"<h1 class=\"product_title entry-title\">Tapentadol online kaufen<\/h1>\n<p> Tapentadol ist ein starkes opioides Schmerzmittel, das zur Behandlung starker Schmerzen eingesetzt wird, insbesondere wenn andere Schmerzbehandlungen unwirksam sind oder nicht vertragen werden. Es kann als orale L\u00f6sung oder Tablette verabreicht werden und ist auch in einer Form mit verl\u00e4ngerter Wirkstofffreisetzung zur Behandlung chronischer Schmerzen erh\u00e4ltlich, darunter auch Schmerzen, die durch diabetische Neuropathie verursacht werden.  <strong>Wichtige Punkte:<\/strong><\/p>\n<ul>\n<li><strong>Anwendung:<\/strong> Tapentadol ist f\u00fcr starke Schmerzen angezeigt, die eine Opioidbehandlung erfordern, und ist nicht f\u00fcr gelegentliche oder \u201enach Bedarf\u201c erfolgende Schmerzlinderung geeignet. Es ist ein narkotisches Analgetikum, das auf das zentrale Nervensystem einwirkt, um Schmerzen zu lindern. <\/li>\n<li><strong>Abh\u00e4ngigkeitsrisiko:<\/strong> Die langfristige Einnahme von Tapentadol kann zu k\u00f6rperlicher Abh\u00e4ngigkeit f\u00fchren, eine psychische Abh\u00e4ngigkeit ist jedoch weniger wahrscheinlich. Um Entzugserscheinungen zu mildern, ist es wichtig, die Einnahme des Medikaments schrittweise zu reduzieren und nicht abrupt abzusetzen. <\/li>\n<li><strong>Eingeschr\u00e4nkter Vertrieb:<\/strong> Aufgrund seines Missbrauchs- und Abh\u00e4ngigkeitspotenzials ist Tapentadol im Rahmen des Opioid Analgesic REMS-Programms (Risk Evaluation and Mitigation Strategy) erh\u00e4ltlich.<\/li>\n<\/ul>\n<p><strong>Darreichungsformen:<\/strong><\/p>\n<ul>\n<li><strong>Tablette, Retardtablette:<\/strong> Bei starken Schmerzen, einschlie\u00dflich chronischen Schmerzen aufgrund diabetischer Neuropathie.<\/li>\n<li><strong>Tablette:<\/strong> F\u00fcr andere starke Schmerzsituationen, in denen eine Opioidbehandlung erforderlich ist.<\/li>\n<\/ul>\n<p><strong>Nebenwirkungen von Tapentadol:<\/strong><strong>H\u00e4ufige Nebenwirkungen:<\/strong><\/p>\n<ul>\n<li>Schl\u00e4frigkeit<\/li>\n<li>Kopfschmerzen<\/li>\n<li>Brechreiz<\/li>\n<li>Verstopfung<\/li>\n<li>Magenbeschwerden oder Schmerzen<\/li>\n<li>Ungew\u00f6hnliche M\u00fcdigkeit oder Schw\u00e4che<\/li>\n<\/ul>\n<p><strong>Weniger h\u00e4ufige Nebenwirkungen:<\/strong><\/p>\n<ul>\n<li>Blasenschmerzen<\/li>\n<li>Blutiger oder tr\u00fcber Urin<\/li>\n<li>Gliederschmerzen<\/li>\n<li>Husten<\/li>\n<li>Atembeschwerden<\/li>\n<li>Fieber<\/li>\n<li>Muskelschmerzen<\/li>\n<li>Ungew\u00f6hnliche M\u00fcdigkeit oder Schw\u00e4che<\/li>\n<\/ul>\n<p><strong>Seltene Nebenwirkungen:<\/strong><\/p>\n<ul>\n<li>Angst<\/li>\n<li>Verwirrung oder Vergesslichkeit<\/li>\n<li>Engegef\u00fchl in der Brust<\/li>\n<li>Ungeschicklichkeit oder Unsicherheit<\/li>\n<li>Schneller oder unregelm\u00e4\u00dfiger Herzschlag<\/li>\n<li>Reizbarkeit oder Unruhe<\/li>\n<li>Krampfanf\u00e4lle<\/li>\n<li>Zittern oder Beben<\/li>\n<li>Schwellung von Gesicht, Lippen, H\u00e4nden oder F\u00fc\u00dfen<\/li>\n<\/ul>\n<p><strong>Schwerwiegende Nebenwirkungen:<\/strong><\/p>\n<ul>\n<li><strong>Symptome einer \u00dcberdosierung:<\/strong>\n<ul>\n<li>Bewusstseinswandel<\/li>\n<li>Schmerzen oder Beschwerden im Brustkorb<\/li>\n<li>Kalte, feuchte Haut<\/li>\n<li>Abhusten von rosafarbenem, schaumigem Auswurf<\/li>\n<li>Vermindertes Bewusstsein oder Reaktionsf\u00e4higkeit<\/li>\n<li>Schwierigkeiten oder Probleme beim Atmen<\/li>\n<li>Benommenheit, Schwindel oder Ohnmacht<\/li>\n<li>Bewusstlosigkeit<\/li>\n<li>Blasse oder blaue Lippen, Fingern\u00e4gel oder Haut<\/li>\n<li>Schl\u00e4frigkeit oder ungew\u00f6hnliche Schl\u00e4frigkeit<\/li>\n<li>Schwellungen in Beinen und Kn\u00f6cheln<\/li>\n<\/ul>\n<\/li>\n<li><strong>Andere schwerwiegende Symptome:<\/strong>\n<ul>\n<li>Psychische Depression<\/li>\n<li>Gedanken an Selbstverletzung<\/li>\n<li>Schwere allergische Reaktionen (Nesselsucht, Atembeschwerden, Schwellung von Gesicht oder Rachen)<\/li>\n<\/ul>\n<\/li>\n<\/ul>\n<p><strong>Notfallma\u00dfnahmen:<\/strong><\/p>\n<ul>\n<li>Bei Symptomen einer \u00dcberdosierung, wie etwa schweren Atembeschwerden, Bewusstseinsver\u00e4nderungen oder erheblicher Schl\u00e4frigkeit, ist sofort ein Arzt aufzusuchen.<\/li>\n<li>Melden Sie schwere Nebenwirkungen oder ungew\u00f6hnliche Symptome Ihrem Arzt.<\/li>\n<\/ul>\n<p><strong>Allgemeine Hinweise:<\/strong><\/p>\n<ul>\n<li>Tapentadol sollte unter Aufsicht eines Arztes eingenommen werden und sorgf\u00e4ltig auf Anzeichen von Abh\u00e4ngigkeit oder Nebenwirkungen \u00fcberwacht werden.<\/li>\n<li>Eine schrittweise Verringerung der Dosis kann bei der Linderung der Entzugserscheinungen bei Beendigung der Einnahme hilfreich sein.<\/li>\n<li>Besprechen Sie alle gesundheitlichen Probleme und Medikamente mit Ihrem Arzt, um m\u00f6gliche Wechselwirkungen zu vermeiden und eine sichere Anwendung zu gew\u00e4hrleisten.<\/li>\n<\/ul>\n","protected":false},"excerpt":{"rendered":"<p>Kaufen Sie Tapentadol online. Tapentadol-L\u00f6sung zum Einnehmen und Tabletten werden zur Behandlung von Schmerzen verwendet, die so stark sind, dass eine Opioidbehandlung erforderlich ist, und wenn andere Schmerzmittel nicht ausreichend gewirkt haben oder nicht vertragen werden. Wo kann man Tapentadol online kaufen?  <\/p>\n","protected":false},"featured_media":20166,"comment_status":"open","ping_status":"closed","template":"","meta":{"om_disable_all_campaigns":false,"_sitemap_exclude":false,"_sitemap_priority":"","_sitemap_frequency":"","_monsterinsights_skip_tracking":false,"_monsterinsights_sitenote_active":false,"_monsterinsights_sitenote_note":"","_monsterinsights_sitenote_category":0},"product_cat":[21774],"product_tag":[21951,21954,21952],"class_list":{"0":"post-29326","1":"product","2":"type-product","3":"status-publish","4":"has-post-thumbnail","6":"product_cat-schmerzmittel","7":"product_tag-tapentadol-kaufen","8":"product_tag-tapentadol-online-bestellen-de","9":"product_tag-tapentadol-online-kaufen","11":"first","12":"instock","13":"shipping-taxable","14":"purchasable","15":"product-type-variable","16":"farmacie-col"},"aioseo_notices":[],"_links":{"self":[{"href":"https:\/\/lacasadelamedicina.es\/de\/wp-json\/wp\/v2\/product\/29326"}],"collection":[{"href":"https:\/\/lacasadelamedicina.es\/de\/wp-json\/wp\/v2\/product"}],"about":[{"href":"https:\/\/lacasadelamedicina.es\/de\/wp-json\/wp\/v2\/types\/product"}],"replies":[{"embeddable":true,"href":"https:\/\/lacasadelamedicina.es\/de\/wp-json\/wp\/v2\/comments?post=29326"}],"wp:featuredmedia":[{"embeddable":true,"href":"https:\/\/lacasadelamedicina.es\/de\/wp-json\/wp\/v2\/media\/20166"}],"wp:attachment":[{"href":"https:\/\/lacasadelamedicina.es\/de\/wp-json\/wp\/v2\/media?parent=29326"}],"wp:term":[{"taxonomy":"product_cat","embeddable":true,"href":"https:\/\/lacasadelamedicina.es\/de\/wp-json\/wp\/v2\/product_cat?post=29326"},{"taxonomy":"product_tag","embeddable":true,"href":"https:\/\/lacasadelamedicina.es\/de\/wp-json\/wp\/v2\/product_tag?post=29326"}],"curies":[{"name":"wp","href":"https:\/\/api.w.org\/{rel}","templated":true}]}}