{"id":29311,"date":"2024-08-11T14:53:54","date_gmt":"2024-08-11T14:53:54","guid":{"rendered":"https:\/\/lacasadelamedicina.es\/product\/kaufen-sie-vicodin-online\/"},"modified":"2024-08-11T14:53:54","modified_gmt":"2024-08-11T14:53:54","slug":"kaufen-sie-vicodin-online","status":"publish","type":"product","link":"https:\/\/lacasadelamedicina.es\/de\/produkt\/kaufen-sie-vicodin-online\/","title":{"rendered":"Kaufen Sie Vicodin online"},"content":{"rendered":"<h1 class=\"product_title entry-title\">Kaufen Sie Vicodin online<\/h1>\n<p> Vicodin ist ein verschreibungspflichtiges Medikament, das zwei Wirkstoffe kombiniert: <\/p>\n<ol>\n<li><strong>Hydrocodon:<\/strong> Ein opioides (narkotisches) Schmerzmittel.<\/li>\n<li><strong>Acetaminophen:<\/strong> Ein nicht-narkotisches Schmerzmittel und Fiebersenker.<\/li>\n<\/ol>\n<p><strong>Anwendung:<\/strong><\/p>\n<ul>\n<li>Vicodin wird zur Behandlung mittelschwerer bis mittelschwerer Schmerzen eingesetzt. Es wird normalerweise verschrieben, wenn die Schmerzen nicht allein mit nicht-opioiden Medikamenten gelindert werden k\u00f6nnen. <\/li>\n<\/ul>\n<p><strong>Dosierungsrichtlinien:<\/strong> Die maximale Tagesdosis von Vicodin h\u00e4ngt von der Formulierung ab: <\/p>\n<ul>\n<li><strong>Vicodin 5 mg\/300 mg<\/strong>: Nehmen Sie je nach Bedarf alle 4 bis 6 Stunden 1 bis 2 Tabletten ein, nicht mehr als 8 Tabletten innerhalb von 24 Stunden.<\/li>\n<li><strong>Vicodin 7,5 mg\/300 mg<\/strong>: Nehmen Sie je nach Bedarf alle 4 bis 6 Stunden 1 Tablette ein, nicht mehr als 6 Tabletten innerhalb von 24 Stunden.<\/li>\n<li><strong>Vicodin 10 mg\/300 mg<\/strong>: Nehmen Sie je nach Bedarf alle 4 bis 6 Stunden 1 Tablette ein, nicht mehr als 6 Tabletten innerhalb von 24 Stunden.<\/li>\n<\/ul>\n<p><strong>Wichtige \u00dcberlegungen:<\/strong><\/p>\n<ul>\n<li><strong>Acetaminophen-Grenzwert:<\/strong> Die meisten Erwachsenen k\u00f6nnen unbedenklich bis zu 4.000 mg Paracetamol pro Tag einnehmen. Dieser Grenzwert umfasst jedoch alle Paracetamolquellen, wie z. B. andere rezeptfreie Medikamente.<\/li>\n<li><strong>Vermeiden Sie eine \u00dcberdosierung:<\/strong> Seien Sie vorsichtig mit der Gesamtmenge an Paracetamol, um Lebersch\u00e4den vorzubeugen.<\/li>\n<\/ul>\n<p><strong>Nebenwirkungen:<\/strong><strong>H\u00e4ufige Nebenwirkungen:<\/strong><\/p>\n<ul>\n<li>Benommenheit<\/li>\n<li>Schwindel<\/li>\n<li>Brechreiz<\/li>\n<li>Erbrechen<\/li>\n<li>Magenverstimmung<\/li>\n<li>Schl\u00e4frigkeit<\/li>\n<li>Verstopfung<\/li>\n<li>Kopfschmerzen<\/li>\n<li>Stimmungsschwankungen<\/li>\n<li>Verschwommenes Sehen<\/li>\n<li>Klingeln in den Ohren<\/li>\n<li>Trockener Mund<\/li>\n<li>Schwierigkeiten beim Wasserlassen<\/li>\n<\/ul>\n<p><strong>Schwerwiegende Nebenwirkungen:<\/strong><\/p>\n<ul>\n<li>Flache oder langsame Atmung<\/li>\n<li>Verwirrung, ungew\u00f6hnliche Gedanken oder Verhalten<\/li>\n<li>Krampfanf\u00e4lle<\/li>\n<li>Schmerzen im Oberbauch<\/li>\n<li>Juckreiz<\/li>\n<li>Appetitlosigkeit<\/li>\n<li>Dunkler Urin<\/li>\n<li>Lehmfarbene Hocker<\/li>\n<li>Gelbf\u00e4rbung der Haut oder Augen<\/li>\n<\/ul>\n<p><strong>Suchen Sie sofort \u00e4rztliche Hilfe auf, wenn:<\/strong><\/p>\n<ul>\n<li>Sie versp\u00fcren Symptome wie beispielsweise starke Sehst\u00f6rungen, Herzklopfen oder starke Kopfschmerzen.<\/li>\n<li>Sie haben Symptome einer schweren allergischen Reaktion, wie Nesselsucht, Schwellung im Gesicht oder Rachen oder Atembeschwerden.<\/li>\n<\/ul>\n<p><strong>Vergleich mit Percocet:<\/strong><\/p>\n<ul>\n<li><strong>Wirksamkeit:<\/strong> Studien haben gezeigt, dass Vicodin und Percocet (das Oxycodon enth\u00e4lt) bei der kurzfristigen Schmerzbehandlung und bei akuten Schmerzen aufgrund von Knochenbr\u00fcchen gleicherma\u00dfen wirksam sind.<\/li>\n<li><strong>Wirkst\u00e4rke:<\/strong> Oxycodon (Percocet) ist bei gleicher Dosierung etwa 1,5-mal wirksamer als Hydrocodon (Vicodin).<\/li>\n<\/ul>\n<p><strong>Sicherheit und Vorsichtsma\u00dfnahmen:<\/strong><\/p>\n<ul>\n<li><strong>Gewohnheitsbildend:<\/strong> Vicodin kann gewohnheitsbildend sein und zu Abh\u00e4ngigkeit oder Sucht f\u00fchren. Verwenden Sie es genau wie verschrieben. <\/li>\n<li><strong>\u00dcberdosisrisiko:<\/strong> Die Einnahme von zu viel Vicodin oder die Kombination mit anderen Beruhigungsmitteln (wie Alkohol) kann zu ernsthaften gesundheitlichen Komplikationen f\u00fchren, einschlie\u00dflich \u00dcberdosis und Tod.<\/li>\n<li><strong>Beratung:<\/strong> Besprechen Sie s\u00e4mtliche Bedenken oder Nebenwirkungen mit Ihrem Arzt und informieren Sie ihn \u00fcber weitere Medikamente oder gesundheitliche Beschwerden.<\/li>\n<\/ul>\n<p><strong>Rechtliche Informationen und Kaufinformationen:<\/strong><\/p>\n<ul>\n<li><strong>Rezeptpflicht:<\/strong> Vicodin ist nur auf Rezept erh\u00e4ltlich. Es ist wichtig, es \u00fcber eine zugelassene Apotheke und nicht \u00fcber nicht autorisierte Online-Quellen zu beziehen. <\/li>\n<li><strong>Kauf:<\/strong> Beziehen Sie Vicodin aus Sicherheitsgr\u00fcnden immer \u00fcber legale Kan\u00e4le und befolgen Sie die vorgeschriebenen Dosierungsrichtlinien sorgf\u00e4ltig.<\/li>\n<\/ul>\n","protected":false},"excerpt":{"rendered":"<p>Kaufen Sie Vicodin online. Vicodin ist eine Kombination aus dem Narkotika Hydrocodon und dem nicht-narkotischen Schmerzmittel Paracetamol, das zur Linderung mittelschwerer bis mittelstarker Schmerzen eingesetzt wird. <\/p>\n","protected":false},"featured_media":20181,"comment_status":"open","ping_status":"closed","template":"","meta":{"om_disable_all_campaigns":false,"_sitemap_exclude":false,"_sitemap_priority":"","_sitemap_frequency":"","_monsterinsights_skip_tracking":false,"_monsterinsights_sitenote_active":false,"_monsterinsights_sitenote_note":"","_monsterinsights_sitenote_category":0},"product_cat":[21774],"product_tag":[21914,22576,21910,21911,21917,21918,21919,21928,21926,21922,21925,21931,21927,21930,21920,21913,21923,21915,21916,21921,21912],"class_list":{"0":"post-29311","1":"product","2":"type-product","3":"status-publish","4":"has-post-thumbnail","6":"product_cat-schmerzmittel","7":"product_tag-auswirkungen-von-vicodin","8":"product_tag-hydrocodone-online-kaufen","9":"product_tag-kaufen-sie-vicodin","10":"product_tag-kaufen-sie-vicodin-online","11":"product_tag-kaufen-sie-vicodin-online-in-europa","12":"product_tag-vicodin-bester-preis-europa","13":"product_tag-vicodin-eu-bestellen","14":"product_tag-vicodin-europa-lieferung","15":"product_tag-vicodin-europa-shop","16":"product_tag-vicodin-europa-verkauf","17":"product_tag-vicodin-europe-angebote","18":"product_tag-vicodin-europe-bewertung","19":"product_tag-vicodin-europe-rabatt","20":"product_tag-vicodin-europe-lieferanten","21":"product_tag-vicodin-kostenloser-versand-europa","22":"product_tag-vicodin-online-bestellen-de","23":"product_tag-vicodin-online-shop-europa","24":"product_tag-vicodin-verkauf-online","25":"product_tag-wie-viel-kostet-vicodin","26":"product_tag-wo-kann-man-vicodin-in-europa-kaufen","27":"product_tag-wo-kann-man-vicodin-online-kaufen","29":"first","30":"instock","31":"shipping-taxable","32":"purchasable","33":"product-type-variable","34":"farmacie-col"},"aioseo_notices":[],"_links":{"self":[{"href":"https:\/\/lacasadelamedicina.es\/de\/wp-json\/wp\/v2\/product\/29311"}],"collection":[{"href":"https:\/\/lacasadelamedicina.es\/de\/wp-json\/wp\/v2\/product"}],"about":[{"href":"https:\/\/lacasadelamedicina.es\/de\/wp-json\/wp\/v2\/types\/product"}],"replies":[{"embeddable":true,"href":"https:\/\/lacasadelamedicina.es\/de\/wp-json\/wp\/v2\/comments?post=29311"}],"wp:featuredmedia":[{"embeddable":true,"href":"https:\/\/lacasadelamedicina.es\/de\/wp-json\/wp\/v2\/media\/20181"}],"wp:attachment":[{"href":"https:\/\/lacasadelamedicina.es\/de\/wp-json\/wp\/v2\/media?parent=29311"}],"wp:term":[{"taxonomy":"product_cat","embeddable":true,"href":"https:\/\/lacasadelamedicina.es\/de\/wp-json\/wp\/v2\/product_cat?post=29311"},{"taxonomy":"product_tag","embeddable":true,"href":"https:\/\/lacasadelamedicina.es\/de\/wp-json\/wp\/v2\/product_tag?post=29311"}],"curies":[{"name":"wp","href":"https:\/\/api.w.org\/{rel}","templated":true}]}}