{"id":24287,"date":"2024-08-09T14:01:49","date_gmt":"2024-08-09T14:01:49","guid":{"rendered":"https:\/\/lacasadelamedicina.es\/product\/koupit-cisty-dimethyltryptamin-dmt-online\/"},"modified":"2024-09-01T09:55:41","modified_gmt":"2024-09-01T09:55:41","slug":"koupit-cisty-dimethyltryptamin-dmt-online","status":"publish","type":"product","link":"https:\/\/lacasadelamedicina.es\/cs\/produkt\/koupit-cisty-dimethyltryptamin-dmt-online\/","title":{"rendered":"Koupit \u010dist\u00fd dimethyltryptamin DMT online"},"content":{"rendered":"<h2>Koupit Pure Dimethyl tryptamin DMT online<\/h2>\n<p> Koupit Pure Dimethyltryptamin DMT online \u2013 Koupit Dimethyltryptamin Pure. \u00da\u010dinn\u00e1 l\u00e1tka DMT, pou\u017e\u00edvan\u00e1 k v\u00fdrob\u011b halucinogenn\u00ed drogy cohoba, se z\u00edsk\u00e1v\u00e1 ze semen a list\u016f Piptadenia peregrina (Mimosaceae). D\u00e1 se vyrobit i z rostlin poch\u00e1zej\u00edc\u00edch z Ji\u017en\u00ed Ameriky. \u00dadajn\u011b se vyskytuje v tropick\u00e9 lu\u0161t\u011bnin\u011b Mucuna Pruriens. \u2013 Koupit \u010dist\u00fd dimethyltryptamin DMT online \u2013 <a href=\"https:\/\/drlawsonspharmacy\/contact-us\/\">KONTAKT<\/a> Dimethyltryptamin, extrahovan\u00fd ze semen a list\u016f Piptadenia peregrina (Mimosaceae), je chemick\u00e1 l\u00e1tka, kter\u00e1 zp\u016fsobuje emfyz\u00e9m cohoba. M\u016f\u017ee b\u00fdt tak\u00e9 extrahov\u00e1n z jin\u00fdch rostlin poch\u00e1zej\u00edc\u00edch z Ji\u017en\u00ed Ameriky. Tvrd\u00ed se, \u017ee ji obsahuje tropick\u00e1 lu\u0161t\u011bnina Mucuna Pruriens.       <\/p>\n<h3>Koupit Pure Dimethyltryptamin DMT<\/h3>\n<p> Aktivn\u00ed slo\u017ekou pou\u017e\u00edvanou k v\u00fdrob\u011b halucinogenn\u00ed drogy cohoba je DMT, kter\u00fd se z\u00edsk\u00e1v\u00e1 ze semen a list\u016f Piptadenia peregrine (Mimosaceae). D\u00e1 se vyrobit i z rostlin poch\u00e1zej\u00edc\u00edch z Ji\u017en\u00ed Ameriky. Vyskytuje se pr\u00fd v tropick\u00e9 lu\u0161t\u011bnin\u011b Mucuna Pruriens. Dimethyltryptamin, aktivn\u00ed slo\u017eka v Emphysema cohoba, se z\u00edsk\u00e1v\u00e1 ze semen a list\u016f Piptadenia peregrine (Mimosaceae). M\u016f\u017eete ho z\u00edskat i z jin\u00fdch jihoamerick\u00fdch rostlin. Byl identifikov\u00e1n v tropick\u00e9 lu\u0161t\u011bnin\u011b Mucuna Pruriens.      <\/p>\n<h3><strong> <\/strong><\/h3>\n<p> Existuje n\u011bkolik dal\u0161\u00edch jihoamerick\u00fdch rostlin, kter\u00e9 \u00fadajn\u011b obsahuj\u00ed DMT nebo p\u0159\u00edbuzn\u00e9 l\u00e1tky. Jednou z t\u011bchto rostlin je tropick\u00e1 fazole Mucuna pruriens, kter\u00e1 nab\u00edz\u00ed \u010detn\u00e9 terapeutick\u00e9 v\u00fdhody. I kdy\u017e existuje podez\u0159en\u00ed, \u017ee Mucuna pruriens m\u016f\u017ee obsahovat DMT, je d\u016fle\u017eit\u00e9 si uv\u011bdomit, \u017ee je zapot\u0159eb\u00ed dal\u0161\u00ed v\u00fdzkum k ur\u010den\u00ed p\u0159\u00edtomnosti a koncentrace t\u00e9to molekuly v rostlin\u011b.   &nbsp;<\/p>\n","protected":false},"excerpt":{"rendered":"<p>DMT, siln\u00e1 halucinogenn\u00ed droga a druh tryptaminov\u00e9ho alkaloidu, lze zakoupit online. Je to p\u0159irozen\u011b se vyskytuj\u00edc\u00ed l\u00e1tka, kter\u00e1 se nach\u00e1z\u00ed v r\u016fzn\u00fdch rostlin\u00e1ch a zv\u00ed\u0159atech a tak\u00e9 ve stopov\u00fdch mno\u017estv\u00edch v lidsk\u00e9m mozku. Jeho p\u0159esn\u00e1 role v\u0161ak nen\u00ed zn\u00e1ma. DMT je zn\u00e1m\u00fd svou silou. Kdy\u017e se v\u0161ak kou\u0159\u00ed, psychedelick\u00fd v\u00fdlet, kter\u00fd vyvol\u00e1v\u00e1, trv\u00e1 pouze 5 a\u017e 30 minut. Extrakce DMT Koupit \u010dist\u00e9 dimethyltryptaminov\u00e9 l\u00e9ky online. Je to molekula tryptaminu, kter\u00e1 se nach\u00e1z\u00ed v mnoha rostlin\u00e1ch a zv\u00ed\u0159atech. M\u016f\u017ee b\u00fdt tak\u00e9 po\u017e\u00edv\u00e1n jako siln\u00e1 psychedelick\u00e1 droga. DM na prodej         &nbsp;<\/p>\n","protected":false},"featured_media":18421,"comment_status":"closed","ping_status":"closed","template":"","meta":{"om_disable_all_campaigns":false,"_sitemap_exclude":false,"_sitemap_priority":"","_sitemap_frequency":"","_monsterinsights_skip_tracking":false,"_monsterinsights_sitenote_active":false,"_monsterinsights_sitenote_note":"","_monsterinsights_sitenote_category":0},"product_cat":[7851],"product_tag":[9237,9228,9239,9234,9230,9231,9226,9233,9223,9235,9238,9236,9229,9220,9224,9219,9225,9218,9232,9227,9221,9222],"class_list":{"0":"post-24287","1":"product","2":"type-product","3":"status-publish","4":"has-post-thumbnail","6":"product_cat-vyzkum-chemickych-latek-a-psychedelik","7":"product_tag-autenticky-cisty-dimethyltryptamin-dmt-europe","8":"product_tag-cisty-dimethyl-tryptamin-dmt-doprava-zdarma-po-evrope","9":"product_tag-cisty-dimethyl-tryptamin-dmt-europe-recenze","10":"product_tag-cisty-dimethyl-tryptamin-dmt-europe-shop","11":"product_tag-cisty-dimethyl-tryptamin-dmt-evropa-prodej","12":"product_tag-cisty-dimethyl-tryptamin-dmt-internetovy-obchod-evropa","13":"product_tag-cisty-dimethyl-tryptamin-dmt-nejlepsi-cena-evropa","14":"product_tag-cisty-dimethyl-tryptamin-dmt-nejlepsi-cena-v-evrope","15":"product_tag-cisty-dimethyl-tryptamin-dmt-prodej-online","16":"product_tag-cisty-dimethyltryptamin-dmt-europe-sleva","17":"product_tag-dodavatele-cisteho-dimethyltryptaminu-dmt-europe","18":"product_tag-dodavka-cisteho-dimethyltryptaminu-dmt-europe","19":"product_tag-kde-koupit-cisty-dimethyl-tryptamin-dmt-europe-cs","20":"product_tag-kde-koupit-cisty-dimethyl-tryptamin-dmt-europe","21":"product_tag-kolik-je-cisty-dimethyltryptamin-dmt","22":"product_tag-koupit-cisty-dimethyltryptamin-dmt-online","23":"product_tag-koupit-cisty-dimethyltryptamin-dmt-online-evropa","24":"product_tag-kupte-si-cisty-dimethyltryptamin-dmt","25":"product_tag-levny-cisty-dimethyltryptamin-dmt-europe","26":"product_tag-objednejte-si-cisty-dimethyltryptamin-dmt-eu","27":"product_tag-objednejte-si-cisty-dimethyltryptamin-dmt-online","28":"product_tag-ucinky-cisteho-dimethyltryptaminu-dmt","30":"first","31":"instock","32":"shipping-taxable","33":"purchasable","34":"product-type-variable","35":"farmacie-col"},"aioseo_notices":[],"_links":{"self":[{"href":"https:\/\/lacasadelamedicina.es\/cs\/wp-json\/wp\/v2\/product\/24287"}],"collection":[{"href":"https:\/\/lacasadelamedicina.es\/cs\/wp-json\/wp\/v2\/product"}],"about":[{"href":"https:\/\/lacasadelamedicina.es\/cs\/wp-json\/wp\/v2\/types\/product"}],"replies":[{"embeddable":true,"href":"https:\/\/lacasadelamedicina.es\/cs\/wp-json\/wp\/v2\/comments?post=24287"}],"wp:featuredmedia":[{"embeddable":true,"href":"https:\/\/lacasadelamedicina.es\/cs\/wp-json\/wp\/v2\/media\/18421"}],"wp:attachment":[{"href":"https:\/\/lacasadelamedicina.es\/cs\/wp-json\/wp\/v2\/media?parent=24287"}],"wp:term":[{"taxonomy":"product_cat","embeddable":true,"href":"https:\/\/lacasadelamedicina.es\/cs\/wp-json\/wp\/v2\/product_cat?post=24287"},{"taxonomy":"product_tag","embeddable":true,"href":"https:\/\/lacasadelamedicina.es\/cs\/wp-json\/wp\/v2\/product_tag?post=24287"}],"curies":[{"name":"wp","href":"https:\/\/api.w.org\/{rel}","templated":true}]}}