{"id":24277,"date":"2024-08-09T14:01:49","date_gmt":"2024-08-09T14:01:49","guid":{"rendered":"https:\/\/lacasadelamedicina.es\/product\/kupte-si-kvalitni-oxykodonovy-prasek-online\/"},"modified":"2024-09-01T09:53:28","modified_gmt":"2024-09-01T09:53:28","slug":"kupte-si-kvalitni-oxykodonovy-prasek-online","status":"publish","type":"product","link":"https:\/\/lacasadelamedicina.es\/cs\/produkt\/kupte-si-kvalitni-oxykodonovy-prasek-online\/","title":{"rendered":"Kupte si kvalitn\u00ed oxykodonov\u00fd pr\u00e1\u0161ek online"},"content":{"rendered":"<h3><strong>Kupte si kvalitn\u00ed oxykodonov\u00fd pr\u00e1\u0161ek online<\/strong><\/h3>\n<p> Kvalitn\u00ed pr\u00e1\u0161ek Oxycodone na prodej <a href=\"https:\/\/dieapotheke247.com\/\">Oxykodon<\/a> je opioidn\u00ed alkaloid s analgetick\u00fdmi \u00fa\u010dinky, kter\u00fd je polosyntetick\u00fd a podobn\u00fd morfinu. Vazbou na m\u00ed receptory v centr\u00e1ln\u00edm nervov\u00e9m syst\u00e9mu (CNS) oxykodon napodobuje p\u016fsoben\u00ed t\u011blu vlastn\u00edch opioid\u016f a m\u00e1 tak analgetick\u00e9 \u00fa\u010dinky. Kdy\u017e je opi\u00e1tov\u00fd receptor nav\u00e1z\u00e1n, G-proteinov\u00fd komplex je stimulov\u00e1n k v\u00fdm\u011bn\u011b GTP za PDB a adenyl\u00e1tcykl\u00e1za je inhibov\u00e1na, \u010d\u00edm\u017e se inhibuje tvorba cAMP. Mezi nociceptivn\u00ed neurotransmitery, kter\u00e9 jsou blokov\u00e1ny, nav\u00edc pat\u0159\u00ed l\u00e1tka P, kyselina gama-aminom\u00e1seln\u00e1 (GABA), dopamin, acetylcholin a norepinefrin. Oxykodon nav\u00edc zabra\u0148uje sekreci glukagonu, inzul\u00ednu, somatostatinu a vasopresinu. Krom\u011b toho oxykodon vnit\u0159n\u011b opravuje drasl\u00edkov\u00e9 kan\u00e1ly, co\u017e vede k hyperpolarizaci a sn\u00ed\u017een\u00e9 neuron\u00e1ln\u00ed excitabilit\u011b. Tak\u00e9 uzav\u00edr\u00e1 v\u00e1pn\u00edkov\u00e9 kan\u00e1ly typu N z\u00e1visl\u00e9 na nap\u011bt\u00ed a otev\u00edr\u00e1 drasl\u00edkov\u00e9 kan\u00e1ly v\u00e1zan\u00e9 na G-protein. \u2013 Koupit kvalitn\u00ed pr\u00e1\u0161ek Oxycodone online \u2013 <a href=\"https:\/\/drlawsonspharmacy\/contact-us\/\">KONTAKT<\/a> Mexedrone pat\u0159\u00ed do chemick\u00e9 t\u0159\u00eddy kathinon\u016f a jako takov\u00fd reaguje. Mexedrone m\u00e1 \u201efyzick\u00fd vzhled\u201c b\u00edl\u00fdch diamant\u016f, ale lze jej zakoupit tak\u00e9 jako syntetick\u00fd pr\u00e1\u0161ek nebo jako krystaly. Maxim\u00e1ln\u00ed d\u00e1vka mexedronu je mezi 50 mg a 100 mg a u\u017e\u00edv\u00e1 se peror\u00e1ln\u011b. Podobn\u00e9 \u00fa\u010dinky jsou pozorov\u00e1ny p\u0159i d\u00e1vk\u00e1ch mefedronu mezi 100 mg a 150 mg. \u00da\u010dinky p\u0159\u00edpravku Mexedrone mohou trvat 4 a\u017e 6 hodin.            <\/p>\n<h3><strong>Kupte si kvalitn\u00ed oxykodonov\u00fd pr\u00e1\u0161ek online<\/strong><\/h3>\n<p> Mexedron je \u201epsychoaktivn\u00ed droga\u201c, kter\u00e1 byla klasifikov\u00e1na jako entaktogen a stimulant. M\u00e1 tak\u00e9 energizuj\u00edc\u00ed \u00fa\u010dinek. Je mysliteln\u00e9, ale je\u0161t\u011b neprok\u00e1zan\u00e9, \u017ee Mexedrone zp\u016fsobuje zaplaven\u00ed synaps\u00ed v d\u016fsledku stimula\u010dn\u00edho \u00fa\u010dinku ud\u00e1losti. Dopamin, norepinefrin a serotonin mohou b\u00fdt p\u0159\u00edtomny v synaps\u00edch, kter\u00e9 jsou aktivn\u00ed b\u011bhem z\u00e1\u017eitku Mexedrone. \u00da\u010dinky Mexedronu jsou ze 70 % ekvivalentn\u00ed \u00fa\u010dink\u016fm jeho mate\u0159sk\u00e9 slou\u010deniny, mefedronu, a jsou fyzick\u00e9, ment\u00e1ln\u00ed a sluchov\u00e9 povahy a st\u00e1vaj\u00ed se pravd\u011bpodobn\u011bj\u0161\u00edmi s rostouc\u00ed d\u00e1vkou. Mezi skute\u010dn\u00e9 vedlej\u0161\u00ed \u00fa\u010dinky Mexedronu pat\u0159\u00ed euforie, sedace, zv\u00fd\u0161en\u00fd pocit materi\u00e1lu, \u017e\u00edze\u0148, zv\u00fd\u0161en\u00e9 pocen\u00ed, nespoutan\u00e9 pocity, sk\u0159\u00edp\u00e1n\u00ed zub\u016f, vibra\u010dn\u00ed vid\u011bn\u00ed a naru\u0161en\u00e1 regulace teploty. Mexedron m\u00e1 jako psychologick\u00e9 \u00fa\u010dinky intoxikaci, zrychlen\u00ed my\u0161len\u00ed a vytv\u00e1\u0159en\u00ed s\u00edt\u00ed. Vedlej\u0161\u00ed \u00fa\u010dinky mexedronu se mohou projevit tak\u00e9 jako sly\u0161iteln\u00e9 zes\u00edlen\u00ed. Konzumace Mexedronu m\u016f\u017ee v\u00e9st k \u0161pi\u010dkov\u00fdm poststimula\u010dn\u00edm \u00fa\u010dink\u016fm. Poststimula\u010dn\u00ed \u00fa\u010dinky p\u0159\u00edpravku Mexedrone mohou b\u00fdt \u0161kodliv\u00e9 a zahrnuj\u00ed zpomalen\u00e9 my\u0161len\u00ed a inspiraci, intelektu\u00e1ln\u00ed \u00fanavu, neklid, nepo\u0159\u00e1dek, t\u011b\u017ek\u00fd stav mysli a pozornost. Post-podn\u011bcovac\u00ed \u00fa\u010dinky Mexedronu jsou s nejv\u011bt\u0161\u00ed pravd\u011bpodobnost\u00ed zp\u016fsobeny spot\u0159ebou synaps\u00ed, proto\u017ee nab\u00eddka synaps\u00ed byla sn\u00ed\u017eena b\u011bhem stimula\u010dn\u00ed f\u00e1ze z\u00e1\u017eitku.           &nbsp;<\/p>\n","protected":false},"excerpt":{"rendered":"<p>Kupte si vysoce kvalitn\u00ed pr\u00e1\u0161ek Oxycodone online k l\u00e9\u010db\u011b st\u0159edn\u011b siln\u00e9 a\u017e siln\u00e9 bolesti, kdy\u017e je vy\u017eadov\u00e1na dlouhodob\u00e1 \u00faleva od bolesti 24\/7. &nbsp;<\/p>\n","protected":false},"featured_media":17881,"comment_status":"closed","ping_status":"closed","template":"","meta":{"om_disable_all_campaigns":false,"_sitemap_exclude":false,"_sitemap_priority":"","_sitemap_frequency":"","_monsterinsights_skip_tracking":false,"_monsterinsights_sitenote_active":false,"_monsterinsights_sitenote_note":"","_monsterinsights_sitenote_category":0},"product_cat":[7851],"product_tag":[9193,9192,9185,9177,9180,9174,9176,9181,9194,9184,9190,9191,9187,9182,9195,9188,9189,9183,9175,9179,9186,9178],"class_list":{"0":"post-24277","1":"product","2":"type-product","3":"status-publish","4":"has-post-thumbnail","6":"product_cat-vyzkum-chemickych-latek-a-psychedelik","7":"product_tag-autenticka-kvalita-oxycodone-powder-europe","8":"product_tag-dodavka-kvalitniho-prasku-oxycodone-powder-europe","9":"product_tag-kde-koupit-kvalitni-oxycodone-powder-europe","10":"product_tag-kde-koupit-kvalitni-oxykodonovy-prasek-online","11":"product_tag-kolik-stoji-kvalitni-oxykodonovy-prasek","12":"product_tag-koupit-kvalitni-oxykodonovy-prasek","13":"product_tag-koupit-kvalitni-oxykodonovy-prasek-online","14":"product_tag-kupte-si-kvalitni-oxykodonovy-prasek-online-evropa","15":"product_tag-kvalitni-dodavatele-oxycodone-powder-europe","16":"product_tag-kvalitni-oxycodone-powder-doprava-zdarma-po-evrope","17":"product_tag-kvalitni-oxycodone-powder-europe-shop","18":"product_tag-kvalitni-oxycodone-powder-europe-sleva","19":"product_tag-kvalitni-oxycodone-powder-internetovy-obchod-evropa","20":"product_tag-kvalitni-oxycodone-powder-nejlepsi-cena-v-evrope","21":"product_tag-kvalitni-recenze-oxycodone-powder-europe","22":"product_tag-levna-kvalita-oxycodone-powder-europe","23":"product_tag-nabidka-kvalitniho-prasku-oxycodone-powder-europe","24":"product_tag-objednejte-si-kvalitni-oxycodone-powder-eu","25":"product_tag-objednejte-si-kvalitni-oxykodonovy-prasek-online","26":"product_tag-online-prodej-kvalitniho-prasku-oxycodone","27":"product_tag-prodej-kvalitniho-prasku-oxycodone-powder-europe","28":"product_tag-ucinky-kvalitniho-oxykodonoveho-prasku","30":"first","31":"instock","32":"shipping-taxable","33":"purchasable","34":"product-type-variable","35":"farmacie-col"},"aioseo_notices":[],"_links":{"self":[{"href":"https:\/\/lacasadelamedicina.es\/cs\/wp-json\/wp\/v2\/product\/24277"}],"collection":[{"href":"https:\/\/lacasadelamedicina.es\/cs\/wp-json\/wp\/v2\/product"}],"about":[{"href":"https:\/\/lacasadelamedicina.es\/cs\/wp-json\/wp\/v2\/types\/product"}],"replies":[{"embeddable":true,"href":"https:\/\/lacasadelamedicina.es\/cs\/wp-json\/wp\/v2\/comments?post=24277"}],"wp:featuredmedia":[{"embeddable":true,"href":"https:\/\/lacasadelamedicina.es\/cs\/wp-json\/wp\/v2\/media\/17881"}],"wp:attachment":[{"href":"https:\/\/lacasadelamedicina.es\/cs\/wp-json\/wp\/v2\/media?parent=24277"}],"wp:term":[{"taxonomy":"product_cat","embeddable":true,"href":"https:\/\/lacasadelamedicina.es\/cs\/wp-json\/wp\/v2\/product_cat?post=24277"},{"taxonomy":"product_tag","embeddable":true,"href":"https:\/\/lacasadelamedicina.es\/cs\/wp-json\/wp\/v2\/product_tag?post=24277"}],"curies":[{"name":"wp","href":"https:\/\/api.w.org\/{rel}","templated":true}]}}