{"id":24269,"date":"2024-08-09T14:01:49","date_gmt":"2024-08-09T14:01:49","guid":{"rendered":"https:\/\/lacasadelamedicina.es\/product\/koupit-100-mcg-fractal-storm-online\/"},"modified":"2024-09-01T09:52:56","modified_gmt":"2024-09-01T09:52:56","slug":"koupit-100-mcg-fractal-storm-online","status":"publish","type":"product","link":"https:\/\/lacasadelamedicina.es\/cs\/produkt\/koupit-100-mcg-fractal-storm-online\/","title":{"rendered":"Koupit 100 mcg Fractal Storm online"},"content":{"rendered":"<h2>Kupte si LSD Fractal Storm Blotter 100ug online<\/h2>\n<p> Frakt\u00e1ln\u00ed bou\u0159e je jednou z nejobl\u00edben\u011bj\u0161\u00edch kategori\u00ed <a href=\"https:\/\/en.wikipedia.org\/wiki\/Lysergic_acid_diethylamide\" target=\"_blank\" rel=\"noopener\">LSD<\/a>, kter\u00e9 lze konzumovat mnoha zp\u016fsoby. Prod\u00e1m LSD Fractal Storm Blotter na prodej, jeho\u017e chemick\u00fd vzorec je diethylamid kyselina lysergov\u00e1, p\u016fvodn\u011b vyroben\u00e1 v roce 1938, je skute\u010dn\u011b psychoaktivn\u00ed narkotikum. Vyr\u00e1b\u00ed se pr\u016fmyslov\u011b pomoc\u00ed kyseliny lysergov\u00e9 p\u0159\u00edtomn\u00e9 v kyselin\u011b citr\u00f3nov\u00e9, co\u017e je kvasinka, kter\u00e1 se \u010dasto vyskytuje na \u017eitu i na jin\u00fdch plodin\u00e1ch. Je tak siln\u00fd, \u017ee jeho koncentrace se zdaj\u00ed b\u00fdt v r\u00e1mci spektra mikrogram\u016f (mcg). Jsou to v\u00fdsledky, kter\u00e9 mohou b\u00fdt relaxa\u010dn\u00ed, p\u0159\u00edjemn\u00e9 a m\u011bn\u00edc\u00ed mozek, naz\u00fdvan\u00e9 tak\u00e9 v\u00fdlet. Kupte si LSD Fractal Storm Blotter      <\/p>\n<h3>Fractal Storm blotter kyselina na prodej online<\/h3>\n<p> Fakta, kter\u00e1 v\u00e1m mohou pomoci koupit LSD Fractal Storm Blotter <\/p>\n<ul>\n<li>LSD m\u016f\u017ee b\u00fdt dostupn\u00e9 na trhu mnoha zp\u016fsoby, jako je sav\u00fd pap\u00edr, \u010dtvere\u010dky \u017eelatiny, tabletov\u00e1 forma nebo n\u011bkdy v tekut\u00e9 form\u011b.<\/li>\n<li>Diskutovat o zp\u016fsobech konzumace pak m\u00e1 \u0161irokou \u0161k\u00e1lu zp\u016fsob\u016f, jako je zp\u016fsob inhalace, pod\u00e1v\u00e1n\u00ed injekc\u00ed nebo or\u00e1ln\u011b.<\/li>\n<\/ul>\n<p> Ne\u017e\u00e1douc\u00ed \u00fa\u010dinky Koupit LSD Fractal Storm Blotter Konzumace drog v\u011bt\u0161\u00ed, ne\u017e je jejich kapacita, po\u0161kod\u00ed va\u0161e t\u011blo mnoha zp\u016fsoby, jako je fyzick\u00e1 nebo du\u0161evn\u00ed \u00fajma. Proto je zde n\u011bkolik bod\u016f &#8211;  <\/p>\n<ul>\n<li>N\u00e1r\u016fst srde\u010dn\u00edho tepu, krevn\u00edho tlaku a tak d\u00e1le.<\/li>\n<li>Om\u00e1men\u00ed zmatku ve tvarech, m\u00edstech a tak d\u00e1le.<\/li>\n<\/ul>\n<h4>Fractal Storm LSD Gammagoblin na prodej<\/h4>\n<p> Pro\u010d si vybrat pr\u00e9miov\u00e1 psychedelika N\u00ed\u017ee jsou uvedeny t\u0159i hlavn\u00ed d\u016fvody, pro\u010d si vybrat nejlep\u0161\u00ed obchod se z\u00e1str\u010dkami <\/p>\n<ul>\n<li>D\u016fv\u011bra je z\u00e1kladn\u00edm bodem pro vybudov\u00e1n\u00ed zdrav\u00e9ho vztahu mezi na\u0161imi z\u00e1kazn\u00edky, kter\u00fd velmi pe\u010dliv\u011b udr\u017eujeme.<\/li>\n<li>Kvalita je kl\u00ed\u010dov\u00fdm bodem, d\u00edky kter\u00e9mu se k n\u00e1m na\u0161i p\u0159edchoz\u00ed klienti znovu a znovu spojuj\u00ed.<\/li>\n<li>Akce a slevy jsou prim\u00e1rn\u00edmi faktory.<\/li>\n<\/ul>\n<h4>Z\u00e1v\u011br<\/h4>\n<p> Koupit LSD Fractal Storm Blotter je jednou z v\u00fdhodn\u00fdch kategori\u00ed LSD, kter\u00e1 je v\u011bt\u0161inou v\u017edy klienty \u017e\u00e1dan\u00e1. V\u011bdecky se diskutuje o tom, \u017ee chemick\u00fd n\u00e1zev LSD na prodej je diethylamid kyselina lysergov\u00e1 a zpo\u010d\u00e1tku se vyr\u00e1b\u011bla v polovin\u011b roku 1938.  <\/p>\n<h4>Prod\u00e1m lsd pij\u00e1k Fractal storm design<\/h4>\n<div class=\"node\">\n<div class=\"content\">\n<div class=\"story\">\n<p class=\"common-body-white-8pt\"><span class=\"lsd-dropcap\">Kupte si LSD Fractal Storm Blotter. Kupte si LSD <\/span> je jednou z nej\u00fa\u010dinn\u011bj\u0161\u00edch chemik\u00e1li\u00ed m\u011bn\u00edc\u00edch n\u00e1ladu. Vyr\u00e1b\u00ed se z kyseliny lysergov\u00e9, kter\u00e1 se nach\u00e1z\u00ed v n\u00e1melov\u00e9 houb\u011b, kter\u00e1 roste na \u017eitu a jin\u00fdch obilovin\u00e1ch. <\/p>\n<p class=\"common-body-white-8pt\">Vyr\u00e1b\u00ed se v krystalick\u00e9 form\u011b v neleg\u00e1ln\u00edch laborato\u0159\u00edch p\u0159edev\u0161\u00edm ve Spojen\u00fdch st\u00e1tech. Tyto krystaly jsou p\u0159em\u011bn\u011bny na kapalinu pro distribuci. Je bez z\u00e1pachu, barvy a m\u00e1 m\u00edrn\u011b naho\u0159klou chu\u0165. Kupte si LSD Fractal Storm Blotter   <span class=\"lsd-dropcap\">.<br \/>\nLSD for sale online <\/span> je jednou z nej\u00fa\u010dinn\u011bj\u0161\u00edch chemik\u00e1li\u00ed m\u011bn\u00edc\u00edch n\u00e1ladu. Vyr\u00e1b\u00ed se z kyseliny lysergov\u00e9, kter\u00e1 se nach\u00e1z\u00ed v n\u00e1melov\u00e9 houb\u011b, kter\u00e1 roste na \u017eitu a jin\u00fdch obilovin\u00e1ch. <\/p>\n<div class=\"node\">\n<div class=\"content\">\n<div class=\"story\">\n<div class=\"node\">\n<div class=\"content\"> N\u011bkdy to, co se prod\u00e1v\u00e1 jako 1P LSD na prodej online, mohou b\u00fdt ve skute\u010dnosti jin\u00e9 chemik\u00e1lie, jako je NBOMe na prodej nebo rodina drog Buy 2Cb (sou\u010d\u00e1st nov\u00fdch psychoaktivn\u00edch l\u00e1tek). Ty mohou b\u00fdt docela nebezpe\u010dn\u00e9, proto\u017ee jejich kvalita je nekonzistentn\u00ed, plus potenci\u00e1l p\u0159ijmout p\u0159\u00edli\u0161 mnoho t\u011bchto jin\u00fdch l\u00e1tek m\u016f\u017ee b\u00fdt fat\u00e1ln\u00ed a byla hl\u00e1\u0161ena \u0159ada \u00famrt\u00ed kv\u016fli lidem, kte\u0159\u00ed je u\u017e\u00edvali.  <\/p>\n<h5>kde koupit lsd fractal storm blotter acid online<\/h5>\n<\/div>\n<\/div>\n<div class=\"ref-links\"> LSD na prodej online pat\u0159\u00ed do skupiny drog zn\u00e1m\u00fdch jako psychedelika. Kdy\u017e se u\u017e\u00edvaj\u00ed mal\u00e9 d\u00e1vky, m\u016f\u017ee zp\u016fsobit m\u00edrn\u00e9 zm\u011bny ve vn\u00edm\u00e1n\u00ed, n\u00e1lad\u011b a my\u0161len\u00ed. P\u0159i po\u017eit\u00ed v\u011bt\u0161\u00edch d\u00e1vek m\u016f\u017ee zp\u016fsobit zrakov\u00e9 halucinace a zkreslen\u00ed prostoru a \u010dasu.   <\/div>\n<p class=\"common-body-white-8pt\">Kupte si LSD Fractal Storm Blotter prod\u00e1van\u00fd na ulici v mal\u00fdch tablet\u00e1ch, kapsl\u00edch nebo \u017eelatinov\u00fdch \u010dtvere\u010dc\u00edch. N\u011bkdy se p\u0159id\u00e1v\u00e1 do sav\u00e9ho pap\u00edru, kter\u00fd se pak d\u011bl\u00ed na mal\u00e9 \u010dtvere\u010dky zdoben\u00e9 vzory nebo kreslen\u00fdmi postavi\u010dkami. Ob\u010das se prod\u00e1v\u00e1 v tekut\u00e9 form\u011b. Ale bez ohledu na to, v jak\u00e9 form\u011b jsou, LSD edibles a lsd microdose na prodej vedou u\u017eivatele na stejn\u00e9 m\u00edsto \u2013 v\u00e1\u017en\u00e9 odpojen\u00ed od reality.<span class=\"lsd-dropcap\">Kupte si fractal storm lsd online.<\/span>   <\/p>\n<\/div>\n<\/div>\n<\/div>\n<\/div>\n<\/div>\n<\/div>\n","protected":false},"excerpt":{"rendered":"<p>R\u00e1di bychom v\u00e1m p\u0159edstavili speci\u00e1ln\u00ed produkt: limitovanou edici tablet LSD, kter\u00e9 jsme si sami polo\u017eili pomoc\u00ed krystal\u016f, kter\u00e9 jsme z\u00edskali od vybran\u00e9 skupiny nad\u0161enc\u016f, kte\u0159\u00ed zast\u00e1vaj\u00ed podobn\u00e9 n\u00e1zory na spiritualitu a realitu. Vyzkou\u0161eli jsme to na cest\u011b a byli jsme ohromeni energi\u00ed a silou, kterou n\u00e1m tyto mal\u00e9 kousky pap\u00edru poskytly. Cena nebyla tak p\u0159\u00edzniv\u00e1 jako u Aztec kv\u016fli omezen\u00e9mu mno\u017estv\u00ed k\u0159i\u0161\u0165\u00e1lu, ale budeme je prod\u00e1vat o n\u011bco v\u00edc, aby se to roz\u0161\u00ed\u0159ilo v na\u0161\u00ed psychedelick\u00e9 komunit\u011b.  <\/p>\n","protected":false},"featured_media":14063,"comment_status":"open","ping_status":"closed","template":"","meta":{"om_disable_all_campaigns":false,"_sitemap_exclude":false,"_sitemap_priority":"","_sitemap_frequency":"","_monsterinsights_skip_tracking":false,"_monsterinsights_sitenote_active":false,"_monsterinsights_sitenote_note":"","_monsterinsights_sitenote_category":0},"product_cat":[7584],"product_tag":[9162,9160,9171,9172,9170,9165,9163,9154,9152,9153,9159,9166,9167,9168,9161,9155,9157,9164,9173,9169,9158,9156],"class_list":{"0":"post-24269","1":"product","2":"type-product","3":"status-publish","4":"has-post-thumbnail","6":"product_cat-lsd-cs","7":"product_tag-100mcg-fractal-storm-doprava-zdarma-po-evrope","8":"product_tag-100mcg-fractal-storm-nejlepsi-cena-v-evrope","9":"product_tag-autenticky-100mcg-fractal-storm-europe","10":"product_tag-dodavatele-100mcg-fractal-storm-europe","11":"product_tag-dodavka-100mcg-fractal-storm-europe","12":"product_tag-internetovy-obchod-100mcg-fractal-storm-europe","13":"product_tag-kde-koupit-100mcg-fractal-storm-europe","14":"product_tag-kde-koupit-100mcg-fractal-storm-online","15":"product_tag-koupit-100mcg-fractal-storm","16":"product_tag-kupte-si-100mcg-fractal-storm-online","17":"product_tag-kupte-si-100mcg-fractal-storm-online-evropa","18":"product_tag-levne-100mcg-fractal-storm-europe","19":"product_tag-nabidky-100mcg-fractal-storm-europe","20":"product_tag-obchod-100mcg-fractal-storm-europe","21":"product_tag-objednejte-si-100mcg-fractal-storm-eu","22":"product_tag-objednejte-si-100mcg-fractal-storm-online","23":"product_tag-online-prodej-100mcg-fractal-storm","24":"product_tag-prodej-100mcg-fractal-storm-europe","25":"product_tag-recenze-100mcg-fractal-storm-europe","26":"product_tag-sleva-100mcg-fractal-storm-europe","27":"product_tag-ucinky-fraktalni-boure-100-mcg-cs","28":"product_tag-ucinky-fraktalni-boure-100-mcg","30":"first","31":"instock","32":"shipping-taxable","33":"purchasable","34":"product-type-variable","35":"farmacie-col"},"aioseo_notices":[],"_links":{"self":[{"href":"https:\/\/lacasadelamedicina.es\/cs\/wp-json\/wp\/v2\/product\/24269"}],"collection":[{"href":"https:\/\/lacasadelamedicina.es\/cs\/wp-json\/wp\/v2\/product"}],"about":[{"href":"https:\/\/lacasadelamedicina.es\/cs\/wp-json\/wp\/v2\/types\/product"}],"replies":[{"embeddable":true,"href":"https:\/\/lacasadelamedicina.es\/cs\/wp-json\/wp\/v2\/comments?post=24269"}],"wp:featuredmedia":[{"embeddable":true,"href":"https:\/\/lacasadelamedicina.es\/cs\/wp-json\/wp\/v2\/media\/14063"}],"wp:attachment":[{"href":"https:\/\/lacasadelamedicina.es\/cs\/wp-json\/wp\/v2\/media?parent=24269"}],"wp:term":[{"taxonomy":"product_cat","embeddable":true,"href":"https:\/\/lacasadelamedicina.es\/cs\/wp-json\/wp\/v2\/product_cat?post=24269"},{"taxonomy":"product_tag","embeddable":true,"href":"https:\/\/lacasadelamedicina.es\/cs\/wp-json\/wp\/v2\/product_tag?post=24269"}],"curies":[{"name":"wp","href":"https:\/\/api.w.org\/{rel}","templated":true}]}}