{"id":24265,"date":"2024-08-09T14:01:50","date_gmt":"2024-08-09T14:01:50","guid":{"rendered":"https:\/\/lacasadelamedicina.es\/product\/metho-methadone-hcl-prasek-koupit-online\/"},"modified":"2024-09-01T09:36:03","modified_gmt":"2024-09-01T09:36:03","slug":"metho-methadone-hcl-prasek-koupit-online","status":"publish","type":"product","link":"https:\/\/lacasadelamedicina.es\/cs\/produkt\/metho-methadone-hcl-prasek-koupit-online\/","title":{"rendered":"Metho Methadone HCL pr\u00e1\u0161ek koupit online"},"content":{"rendered":"<h1>Koupit Metho Methadone HCL Powder online<\/h1>\n<p> Nakupujte velkoobchodn\u011b 99,8% \u010dist\u00fd Metho Methadone HCL pr\u00e1\u0161ek za velkoobchodn\u00ed ceny. Koupit Metho Methadone HCL ve form\u011b pr\u00e1\u0161ku. St\u0159edn\u011b siln\u00e1 a\u017e siln\u00e1 bolest se l\u00e9\u010d\u00ed pomoc\u00ed Metho (Meth<a href=\"https:\/\/dieapotheke247.com\/\">o<\/a>n HCL). Koupit Metho Methadone HCL Powder online \u2013 <a href=\"https:\/\/drlawsonspharmacy\/contact-us\/\">kontakt<\/a> Pou\u017e\u00edv\u00e1 se tak\u00e9 k l\u00e9\u010db\u011b drogov\u00e9 z\u00e1vislosti nebo ke zvl\u00e1d\u00e1n\u00ed abstinen\u010dn\u00edch p\u0159\u00edznak\u016f u lid\u00ed, kte\u0159\u00ed se l\u00e9\u010d\u00ed z drogov\u00e9 z\u00e1vislosti, spolu s l\u00e9ka\u0159sk\u00fdm sledov\u00e1n\u00edm a podporou. Tento l\u00e9k je narkotick\u00e9 analgetikum.     <strong>Jak jsou bal\u00ed\u010dky doru\u010dov\u00e1ny?<\/strong> Aby z\u00e1silka \u00fasp\u011b\u0161n\u011b pro\u0161la leti\u0161tn\u00edm rentgenov\u00fdm za\u0159\u00edzen\u00edm, pe\u010dliv\u011b ji zat\u00ed\u017e\u00edme wolframem a uhl\u00edkov\u00fdm pap\u00edrem. Vn\u011bj\u0161\u00ed strana bal\u00edk\u016f je pe\u010dliv\u011b zabalena do balic\u00edho pap\u00edru. Soln\u00e9 nebo pr\u00e1\u0161kov\u00e9 formy pervitinu (Methadone HCL) se pou\u017e\u00edvaj\u00ed k l\u00e9\u010db\u011b st\u0159edn\u011b siln\u00e9 a\u017e siln\u00e9 bolesti. Tato l\u00e1tka je skv\u011bl\u00e1 pro sledov\u00e1n\u00ed l\u00e9ka\u0159sk\u00fdmi profesion\u00e1ly a poradenstv\u00ed v l\u00e9\u010db\u011b drogov\u00e9 z\u00e1vislosti. pom\u00e1h\u00e1 lidem zvl\u00e1dat abstinen\u010dn\u00ed p\u0159\u00edznaky. Metho Methadone HCL Powder je jedinou \u00fa\u010dinnou l\u00e9\u010dbou z\u00e1vislosti na opioidech nebo zvl\u00e1d\u00e1n\u00ed bolesti. Zdravotn\u00edci ji\u017e dlouho d\u016fv\u011b\u0159uj\u00ed siln\u00e9 a \u00fa\u010dinn\u00e9 sm\u011bsi tohoto pr\u016flomov\u00e9ho l\u00e9ku. Metho Methadone HCL Powder je va\u0161\u00edm kl\u00ed\u010dem ke zlep\u0161en\u00ed kvality \u017eivota d\u00edky jeho vysok\u00e9 kvalit\u011b a dob\u0159e zdokumentovan\u00fdm v\u00fdsledk\u016fm. Metho Methadone HCL Powder je l\u00e9k farmaceutick\u00e9 kvality, kter\u00fd je pe\u010dliv\u011b vyr\u00e1b\u011bn pomoc\u00ed nejmodern\u011bj\u0161\u00edch metod. Jeho hlavn\u00ed slo\u017eka, metadon hydrochlorid, je syntetick\u00fd opioid, kter\u00fd \u00fa\u010dinn\u011b zm\u00edr\u0148uje bolest a sni\u017euje abstinen\u010dn\u00ed p\u0159\u00edznaky t\u00edm, \u017ee se nav\u00e1\u017ee na opioidn\u00ed receptory v mozku.          <\/p>\n<h3><strong>Objednejte si Metho Methadone HCL Powder online<\/strong><\/h3>\n<p> Jednou z hlavn\u00edch v\u00fdhod Metho Methadone HCL Powder jsou jeho trval\u00e9 \u00fa\u010dinky. To umo\u017e\u0148uje dlouhodobou \u00falevu od bolesti, tak\u017ee je dobrou volbou pro lidi s chronickou bolest\u00ed. Nav\u00edc se d\u00edky sv\u00e9 \u00fa\u010dinnosti p\u0159i l\u00e9\u010db\u011b abstinen\u010dn\u00edch p\u0159\u00edznak\u016f od opioid\u016f stal z\u00e1kladn\u00edm pil\u00ed\u0159em v programech asistovan\u00e9 l\u00e9\u010dby pro lidi, kte\u0159\u00ed se sna\u017e\u00ed p\u0159ekonat svou z\u00e1vislost. Ve spole\u010dnosti Dr. Lawsons Pharmacy je bezpe\u010dnost a blaho z\u00e1kazn\u00edk\u016f na\u0161\u00ed nejvy\u0161\u0161\u00ed prioritou. Aby byla zaji\u0161t\u011bna jeho \u00fa\u010dinnost a \u010distota, n\u00e1\u0161 pr\u00e1\u0161ek Metho Methadone HCL proch\u00e1z\u00ed p\u0159\u00edsn\u00fdm testov\u00e1n\u00edm. Pou\u017e\u00edv\u00e1me pouze materi\u00e1ly od renomovan\u00fdch v\u00fdrobc\u016f a na\u0161e v\u00fdrobn\u00ed za\u0159\u00edzen\u00ed podl\u00e9haj\u00ed nejvy\u0161\u0161\u00edm pr\u016fmyslov\u00fdm standard\u016fm, tak\u017ee si m\u016f\u017eete b\u00fdt jisti, \u017ee dost\u00e1v\u00e1te kvalitn\u00ed produkt. Metho Methadone HCL pr\u00e1\u0161ek by m\u011bl b\u00fdt u\u017e\u00edv\u00e1n pouze na radu a pod dohledem licencovan\u00e9ho poskytovatele zdravotn\u00ed p\u00e9\u010de, proto\u017ee jde o l\u00e9k na p\u0159edpis. Po posouzen\u00ed va\u0161eho stavu rozhodne o spr\u00e1vn\u00e9m d\u00e1vkov\u00e1n\u00ed a l\u00e9\u010debn\u00e9 strategii pro va\u0161e individu\u00e1ln\u00ed pot\u0159eby.        &nbsp;<\/p>\n","protected":false},"excerpt":{"rendered":"<p>Koupit Metho Methadone HCL pr\u00e1\u0161ek online. 99,8% \u010dist\u00fd Metho Methadone HCL pr\u00e1\u0161ek dostupn\u00fd ve velkoobchod\u011b za zv\u00fdhodn\u011bn\u00e9 ceny. St\u0159edn\u00ed a\u017e siln\u00e1 bolest se l\u00e9\u010d\u00ed Metho (Metadon HCL).   &nbsp;<\/p>\n","protected":false},"featured_media":18481,"comment_status":"closed","ping_status":"closed","template":"","meta":{"om_disable_all_campaigns":false,"_sitemap_exclude":false,"_sitemap_priority":"","_sitemap_frequency":"","_monsterinsights_skip_tracking":false,"_monsterinsights_sitenote_active":false,"_monsterinsights_sitenote_note":"","_monsterinsights_sitenote_category":0},"product_cat":[7851],"product_tag":[9149,9141,9132,9136,9130,9131,9137,9144,9151,9146,9140,9150,9148,9142,9145,9147,9138,9143,9139,9133,9135,9134],"class_list":{"0":"post-24265","1":"product","2":"type-product","3":"status-publish","4":"has-post-thumbnail","6":"product_cat-vyzkum-chemickych-latek-a-psychedelik","7":"product_tag-autenticky-metho-methadone-hcl-prasek-evropa","8":"product_tag-kde-koupit-metho-methadone-hcl-prasek-evropa","9":"product_tag-kde-koupit-metho-methadone-hcl-prasek-online","10":"product_tag-kolik-je-prasek-metho-methadone-hcl","11":"product_tag-koupit-metho-methadone-hcl-prasek","12":"product_tag-koupit-metho-methadone-hcl-prasek-online","13":"product_tag-koupit-metho-methadone-hcl-prasek-online-evropa","14":"product_tag-levny-prasek-metho-methadone-hcl-europe","15":"product_tag-metho-methadone-hcl-powder-europe-recenze","16":"product_tag-metho-methadone-hcl-powder-europe-shop-cs","17":"product_tag-metho-methadone-hcl-prasek-doprava-zdarma-po-evrope","18":"product_tag-metho-methadone-hcl-prasek-evropa-dodavatelu","19":"product_tag-metho-methadone-hcl-prasek-evropa-dodavka","20":"product_tag-metho-methadone-hcl-prasek-evropa-prodej","21":"product_tag-metho-methadone-hcl-prasek-evropa-se-zabyva","22":"product_tag-metho-methadone-hcl-prasek-evropa-sleva","23":"product_tag-metho-methadone-hcl-prasek-nejlepsi-cena-v-evrope","24":"product_tag-metho-methadone-hcl-prasek-online-obchod-evropa","25":"product_tag-objednejte-metho-methadone-hcl-prasek-eu","26":"product_tag-objednejte-si-prasek-metho-methadone-hcl-online","27":"product_tag-online-prodej-prasku-metho-methadone-hcl","28":"product_tag-ucinky-prasku-metho-methadone-hcl","30":"first","31":"instock","32":"shipping-taxable","33":"purchasable","34":"product-type-variable","35":"farmacie-col"},"aioseo_notices":[],"_links":{"self":[{"href":"https:\/\/lacasadelamedicina.es\/cs\/wp-json\/wp\/v2\/product\/24265"}],"collection":[{"href":"https:\/\/lacasadelamedicina.es\/cs\/wp-json\/wp\/v2\/product"}],"about":[{"href":"https:\/\/lacasadelamedicina.es\/cs\/wp-json\/wp\/v2\/types\/product"}],"replies":[{"embeddable":true,"href":"https:\/\/lacasadelamedicina.es\/cs\/wp-json\/wp\/v2\/comments?post=24265"}],"wp:featuredmedia":[{"embeddable":true,"href":"https:\/\/lacasadelamedicina.es\/cs\/wp-json\/wp\/v2\/media\/18481"}],"wp:attachment":[{"href":"https:\/\/lacasadelamedicina.es\/cs\/wp-json\/wp\/v2\/media?parent=24265"}],"wp:term":[{"taxonomy":"product_cat","embeddable":true,"href":"https:\/\/lacasadelamedicina.es\/cs\/wp-json\/wp\/v2\/product_cat?post=24265"},{"taxonomy":"product_tag","embeddable":true,"href":"https:\/\/lacasadelamedicina.es\/cs\/wp-json\/wp\/v2\/product_tag?post=24265"}],"curies":[{"name":"wp","href":"https:\/\/api.w.org\/{rel}","templated":true}]}}