{"id":24258,"date":"2024-08-09T14:01:50","date_gmt":"2024-08-09T14:01:50","guid":{"rendered":"https:\/\/lacasadelamedicina.es\/product\/kupte-si-hnedy-prasek-heroin-online\/"},"modified":"2024-09-01T09:21:20","modified_gmt":"2024-09-01T09:21:20","slug":"kupte-si-hnedy-prasek-heroin-online","status":"publish","type":"product","link":"https:\/\/lacasadelamedicina.es\/cs\/produkt\/kupte-si-hnedy-prasek-heroin-online\/","title":{"rendered":"Kupte si hn\u011bd\u00fd pr\u00e1\u0161ek Heroin online"},"content":{"rendered":"<h1>Kupte si hn\u011bd\u00fd pr\u00e1\u0161ek Heroin online<\/h1>\n<p> Brown Powder Heroin (BPH) z\u00edsk\u00e1v\u00e1 na mezin\u00e1rodn\u00edm trhu popularitu. P\u0159esto\u017ee BPH existuje ji\u017e n\u011bjakou dobu, z\u00e1jem o ni roste d\u00edky speci\u00e1ln\u00edm \u00fa\u010dink\u016fm, kter\u00e9 m\u00e1 na lidsk\u00fd organismus. Tak\u017ee, pokud si chcete koupit hn\u011bd\u00fd heroinov\u00fd pr\u00e1\u0161ek online, Dr. Lawsons Pharmacy je va\u0161e nejlep\u0161\u00ed s\u00e1zka. Koupit hn\u011bd\u00fd pr\u00e1\u0161kov\u00fd heroin online \u2013    <a href=\"https:\/\/drlawsonspharmacy\/contact-us\/\">KONTAKT<\/a><\/p>\n<h3>Z \u010deho se vyr\u00e1b\u00ed hn\u011bd\u00fd heroinov\u00fd pr\u00e1\u0161ek?<\/h3>\n<p> Opium ve form\u011b BPH bylo zpracov\u00e1no na pr\u00e1\u0161ek. Tento pr\u00e1\u0161ek je siln\u011bj\u0161\u00ed a n\u00e1vykov\u011bj\u0161\u00ed ne\u017e jin\u00e9 typy opia, proto\u017ee se snadno kou\u0159\u00ed nebo injek\u010dn\u011b aplikuje. BPH je tak\u00e9 vhodn\u011bj\u0161\u00ed pro pou\u017eit\u00ed p\u0159i vysoce intenzivn\u00edch aktivit\u00e1ch, jako je sport nebo sex, proto\u017ee m\u00e1 d\u00e9letrvaj\u00edc\u00ed \u00fa\u010dinek ne\u017e jin\u00e9 druhy opia.   <\/p>\n<h3>V\u00fdhody hn\u011bd\u00e9ho pr\u00e1\u0161kov\u00e9ho heroinu<\/h3>\n<p> Brown Powder Heroin (BPH) je bezesporu jednou z nejpou\u017e\u00edvan\u011bj\u0161\u00edch l\u00e1tek sou\u010dasnosti. Je snadn\u00e9 jej z\u00edskat a poskytuje okam\u017eit\u00fd vysok\u00fd v\u00fdkon. BPH je n\u011bkdy ozna\u010dov\u00e1n jako \u201ehn\u011bd\u00fd heroin\u201c, proto\u017ee se obvykle vyr\u00e1b\u00ed z hn\u011bd\u00e9ho cukru, k\u00e1vy a jedl\u00e9 sody. BPH je vysoce kvalitn\u00ed heroin, co\u017e znamen\u00e1, \u017ee obsahuje v\u00fdznamn\u00e9 mno\u017estv\u00ed morfinu a kodeinu. Je to proto fantastick\u00e1 volba pro lidi, kte\u0159\u00ed hledaj\u00ed siln\u00e9 d\u00e1vkov\u00e1n\u00ed pro \u00falevu od bolesti. Krom\u011b toho nab\u00edz\u00ed BPH rychl\u00e9 doru\u010den\u00ed na jak\u00e9koli m\u00edsto na sv\u011bt\u011b, co\u017e z n\u011bj d\u011bl\u00e1 nejlep\u0161\u00ed volbu pro lidi, kte\u0159\u00ed pot\u0159ebuj\u00ed sv\u00e9 l\u00e9ky okam\u017eit\u011b. V neposledn\u00ed \u0159ad\u011b je cena hn\u011bd\u00e9ho pr\u00e1\u0161kov\u00e9ho heroinu ve srovn\u00e1n\u00ed s jin\u00fdmi dodavateli p\u0159im\u011b\u0159en\u00e1, co\u017e z n\u011bj \u010din\u00ed \u017e\u00e1douc\u00ed volbu pro z\u00e1kazn\u00edky, kte\u0159\u00ed cht\u011bj\u00ed vysoce kvalitn\u00ed l\u00e9ky, ani\u017e by naru\u0161ili jejich rozpo\u010det.       <\/p>\n<h3>Kupte si hn\u011bd\u00fd pr\u00e1\u0161ek Heroin online<\/h3>\n<p> Heroin ve form\u011b hn\u011bd\u00e9ho pr\u00e1\u0161ku je vysoce n\u00e1vykov\u00e1 a rizikov\u00e1 omamn\u00e1 l\u00e1tka, kter\u00e1 se \u010dasto kombinuje s dal\u0161\u00edmi l\u00e1tkami pro pos\u00edlen\u00ed sv\u00fdch \u00fa\u010dink\u016f. Obvykle se prod\u00e1v\u00e1 na ulici jako hn\u011bd\u00fd, \u010dern\u00fd nebo st\u0159eln\u00fd prach. Kombinace morfia a dal\u0161\u00edch opi\u00e1t\u016f v hn\u011bd\u00e9m heroinov\u00e9m pr\u00e1\u0161ku mu d\u00e1v\u00e1 vysokou \u00fa\u010dinnost. Mezi bezprost\u0159edn\u00ed vedlej\u0161\u00ed \u00fa\u010dinky hn\u011bd\u00e9ho heroinov\u00e9ho pr\u00e1\u0161ku pat\u0159\u00ed rychlej\u0161\u00ed srde\u010dn\u00ed tep, siln\u00fd pocit tepla, zrychlen\u00e9 d\u00fdch\u00e1n\u00ed a pocit cht\u00ed\u010de. Bezprost\u0159edn\u011b po t\u011bchto \u00fa\u010dinc\u00edch se dostav\u00ed pocit ospalosti a uvoln\u011bn\u00ed. Pravideln\u00e9 u\u017e\u00edv\u00e1n\u00ed hn\u011bd\u00e9ho heroinov\u00e9ho pr\u00e1\u0161ku m\u016f\u017ee \u010dasem v\u00e9st k drogov\u00e9 z\u00e1vislosti a z\u00e1vislosti.      <\/p>\n<h3>Pro\u010d kupovat hn\u011bd\u00fd pr\u00e1\u0161kov\u00fd heroin od Dr Lawsons Pharmacy?<\/h3>\n<p> Pokud si chcete koupit hn\u011bd\u00fd heroinov\u00fd pr\u00e1\u0161ek online, existuje n\u011bkolik mo\u017enost\u00ed. Ne v\u0161echny tyto mo\u017enosti jsou v\u0161ak spolehliv\u00e9 nebo bezpe\u010dn\u00e9. L\u00e9k\u00e1rna Dr. Lawsons je v t\u00e9to situaci n\u00e1pomocn\u00e1. Nab\u00edz\u00edme \u0161irokou \u0161k\u00e1lu spolehliv\u00fdch forem, zna\u010dek a odr\u016fd hn\u011bd\u00e9ho heroinov\u00e9ho pr\u00e1\u0161ku na prodej online. Na\u0161e kr\u00e1tk\u00e9 dodac\u00ed lh\u016fty v\u00e1m nav\u00edc umo\u017e\u0148uj\u00ed obstarat si l\u00e9ky bez jak\u00fdchkoli pot\u00ed\u017e\u00ed. Chceme, aby ka\u017ed\u00fd z\u00e1kazn\u00edk, kter\u00fd u n\u00e1s zad\u00e1 objedn\u00e1vku, m\u011bl uspokojivou zku\u0161enost. Nejlep\u0161\u00edm m\u00edstem pro online n\u00e1kup hn\u011bd\u00e9ho pr\u00e1\u0161kov\u00e9ho heroinu je l\u00e9k\u00e1rna Dr. Lawsons, kter\u00e1 nab\u00edz\u00ed jednoduch\u00fd proces objedn\u00e1v\u00e1n\u00ed a pohodln\u00e9 mo\u017enosti platby. Objednejte si tedy nyn\u00ed z na\u0161eho obchodu a vyu\u017eijte ty nejlep\u0161\u00ed slevy na v\u00e1mi po\u017eadovan\u00e9 produkty.        &nbsp;<\/p>\n","protected":false},"excerpt":{"rendered":"<p>Kupte si hn\u011bd\u00fd pr\u00e1\u0161ek Heroin online Brown Powder Heroin (BPH) z\u00edsk\u00e1v\u00e1 na mezin\u00e1rodn\u00edm trhu popularitu. P\u0159esto\u017ee BPH existuje ji\u017e n\u011bjakou dobu, z\u00e1jem o ni roste d\u00edky speci\u00e1ln\u00edm \u00fa\u010dink\u016fm, kter\u00e9 m\u00e1 na lidsk\u00fd organismus. Tak\u017ee, pokud si chcete koupit hn\u011bd\u00fd heroinov\u00fd pr\u00e1\u0161ek online, Dr. Lawsons Pharmacy je va\u0161e nejlep\u0161\u00ed s\u00e1zka. Koupit hn\u011bd\u00fd pr\u00e1\u0161kov\u00fd heroin online \u2013 [&hellip;]<\/p>\n","protected":false},"featured_media":17941,"comment_status":"closed","ping_status":"closed","template":"","meta":{"om_disable_all_campaigns":false,"_sitemap_exclude":false,"_sitemap_priority":"","_sitemap_frequency":"","_monsterinsights_skip_tracking":false,"_monsterinsights_sitenote_active":false,"_monsterinsights_sitenote_note":"","_monsterinsights_sitenote_category":0},"product_cat":[8909],"product_tag":[9127,9129,9124,9121,9128,9126,9118,9123,9125,9120,9116,9111,9114,9109,9108,9115,9122,9119,9110,9117,9113,9112],"class_list":{"0":"post-24258","1":"product","2":"type-product","3":"status-publish","4":"has-post-thumbnail","6":"product_cat-heroin-cs","7":"product_tag-autenticky-hnedy-prasek-heroin-europe","8":"product_tag-brown-powder-heroin-europe-recenze","9":"product_tag-brown-powder-heroin-europe-shop-cs","10":"product_tag-brown-powder-heroin-online-obchod-evropa","11":"product_tag-hnedy-prasek-heroin-evropsti-dodavatele","12":"product_tag-hnedy-prasek-heroin-dodavka-po-evrope","13":"product_tag-hnedy-prasek-heroin-doprava-zdarma-po-evrope","14":"product_tag-hnedy-prasek-heroin-europe-se-zabyva","15":"product_tag-hnedy-prasek-heroin-europe-sleva","16":"product_tag-hnedy-prasek-heroin-evropa-prodej","17":"product_tag-hnedy-prasek-heroin-nejlepsi-cena-v-evrope","18":"product_tag-kde-koupit-hnedy-prasek-heroin-online","19":"product_tag-kolik-je-hnedy-prasek-heroin","20":"product_tag-koupit-hnedy-prasek-heroin","21":"product_tag-koupit-hnedy-praskovy-heroin-online","22":"product_tag-kupte-si-hnedy-prasek-heroin-online-evropa","23":"product_tag-levny-hnedy-prasek-heroin-europe","24":"product_tag-objednat-hnedy-prasek-heroin-online-cs","25":"product_tag-objednat-hnedy-prasek-heroin-online","26":"product_tag-objednejte-si-hnedy-prasek-heroin-eu","27":"product_tag-online-prodej-heroinu-v-hnedem-prasku","28":"product_tag-ucinky-hnedeho-prasku-heroinu","30":"first","31":"instock","32":"shipping-taxable","33":"purchasable","34":"product-type-variable","35":"farmacie-col"},"aioseo_notices":[],"_links":{"self":[{"href":"https:\/\/lacasadelamedicina.es\/cs\/wp-json\/wp\/v2\/product\/24258"}],"collection":[{"href":"https:\/\/lacasadelamedicina.es\/cs\/wp-json\/wp\/v2\/product"}],"about":[{"href":"https:\/\/lacasadelamedicina.es\/cs\/wp-json\/wp\/v2\/types\/product"}],"replies":[{"embeddable":true,"href":"https:\/\/lacasadelamedicina.es\/cs\/wp-json\/wp\/v2\/comments?post=24258"}],"wp:featuredmedia":[{"embeddable":true,"href":"https:\/\/lacasadelamedicina.es\/cs\/wp-json\/wp\/v2\/media\/17941"}],"wp:attachment":[{"href":"https:\/\/lacasadelamedicina.es\/cs\/wp-json\/wp\/v2\/media?parent=24258"}],"wp:term":[{"taxonomy":"product_cat","embeddable":true,"href":"https:\/\/lacasadelamedicina.es\/cs\/wp-json\/wp\/v2\/product_cat?post=24258"},{"taxonomy":"product_tag","embeddable":true,"href":"https:\/\/lacasadelamedicina.es\/cs\/wp-json\/wp\/v2\/product_tag?post=24258"}],"curies":[{"name":"wp","href":"https:\/\/api.w.org\/{rel}","templated":true}]}}