{"id":24251,"date":"2024-08-09T14:01:50","date_gmt":"2024-08-09T14:01:50","guid":{"rendered":"https:\/\/lacasadelamedicina.es\/product\/koupit-black-tar-heroin-online\/"},"modified":"2024-08-09T14:01:50","modified_gmt":"2024-08-09T14:01:50","slug":"koupit-black-tar-heroin-online","status":"publish","type":"product","link":"https:\/\/lacasadelamedicina.es\/cs\/produkt\/koupit-black-tar-heroin-online\/","title":{"rendered":"Koupit Black Tar Heroin online"},"content":{"rendered":"<h3>Kupte si Black Tar Heroin online<\/h3>\n<p> \u010cern\u00fd dehtov\u00fd heroin je varianta narkotick\u00e9ho heroinu, kter\u00e1 se vyzna\u010duje svou \u010dernou konzistenc\u00ed podobnou dehtu. P\u0159esto\u017ee se jedn\u00e1 o nebezpe\u010dnou a silnou l\u00e1tku, st\u00e1le m\u00e1 vysokou popt\u00e1vku d\u00edky sv\u00e9 dostupnosti a p\u0159ijateln\u00e9 cen\u011b. Proto je l\u00e9k\u00e1rna Dr. Lawsons ide\u00e1ln\u00ed volbou, pokud si chcete koupit \u010dern\u00fd dehtov\u00fd heroin online za nejni\u017e\u0161\u00ed cenu. Koupit Black Tar Heroin online &#8211;    <a href=\"https:\/\/drlawsonspharmacy\/contact-us\/\">KONTAKT<\/a><\/p>\n<h3>Jak\u00fd je vzhled a v\u016fn\u011b Black Tar Heroinu?<\/h3>\n<p> Zbytky zanechan\u00e9 p\u0159i kou\u0159en\u00ed nebo injek\u010dn\u00ed aplikaci har<a href=\"https:\/\/dieapotheke247.com\/\">e<\/a>roin tvrdne a vyr\u00e1b\u00ed se z n\u011bj \u010dern\u00fd dehtov\u00fd heroin. M\u00e1 siln\u011bj\u0161\u00ed v\u016fni a chu\u0165 ne\u017e jin\u00e9 druhy heroinu a je siln\u011bj\u0161\u00ed. Klikn\u011bte na &#8222;P\u0159idat do ko\u0161\u00edku&#8220; a dokon\u010dete proces pokladny pro n\u00e1kup Black Tar Heroin online od Dr. Lawsons Pharmacy. Pot\u00e9 bude Black Tar Heroin hromadn\u011b doru\u010den p\u0159\u00edmo k v\u00e1m dom\u016f. Nikdy s nik\u00fdm nesd\u00edlejte jehly nebo injek\u010dn\u00ed st\u0159\u00edka\u010dky a uchov\u00e1vejte sv\u00e9 l\u00e9ky bezpe\u010dn\u011b mimo dosah d\u011bt\u00ed a zv\u00ed\u0159at.     <\/p>\n<h3>Proces v\u00fdroby a obchodov\u00e1n\u00ed s \u010dern\u00fdm dehtov\u00fdm heroinem<\/h3>\n<p> Opiov\u00fd pr\u00e1\u0161ek se pou\u017e\u00edv\u00e1 k v\u00fdrob\u011b heroinu zn\u00e1m\u00e9ho jako \u201e\u010dern\u00fd dehet\u201c. Po zah\u0159\u00e1t\u00ed a spojen\u00ed s jin\u00fdmi chemik\u00e1liemi se tento materi\u00e1l zm\u011bn\u00ed na lepkavou tmavou l\u00e1tku zn\u00e1mou jako \u201edehet\u201c. Dehet je pak rozbit na mal\u00e9 kousky a prod\u00e1v\u00e1n na ulici jako heroin. V\u00fdroba a obchodov\u00e1n\u00ed s \u010dern\u00fdm dehtov\u00fdm heroinem jsou slo\u017eit\u00e9 procesy. Deale\u0159i heroinu vyjedn\u00e1vaj\u00ed s krimin\u00e1ln\u00edm podsv\u011bt\u00edm, aby z\u00edskali z\u00e1soby pot\u0159ebn\u00e9 k v\u00fdrob\u011b narkotika a br\u00e1nili se jak\u00fdmkoli pokus\u016fm org\u00e1n\u016f \u010dinn\u00fdch v trestn\u00edm \u0159\u00edzen\u00ed je zma\u0159it. Ale nyn\u00ed, kdy\u017e je \u010dern\u00fd dehtov\u00fd heroin k dispozici online k prodeji v renomovan\u00fdch obchodech, jako je Dr. Lawsons Pharmacy, je tato metoda jednodu\u0161\u0161\u00ed ne\u017e kdy p\u0159edt\u00edm. Bu\u010fte si v\u011bdomi nebezpe\u010d\u00ed objedn\u00e1v\u00e1n\u00ed \u010dern\u00e9ho dehtov\u00e9ho heroinu online. Nejen, \u017ee riskujete, \u017ee dostanete drogy od nespolehliv\u00e9ho dodavatele, ale vystavujete se tak\u00e9 riziku p\u0159ed\u00e1vkov\u00e1n\u00ed a n\u00e1kazy HIV nebo jin\u00fdmi infekcemi (STD). Proto kupujte tyto l\u00e9ky pouze od renomovan\u00e9ho prodejce, jako je Dr. Lawsons Pharmacy.         <\/p>\n<h3>Negativn\u00ed \u00fa\u010dinky \u010dern\u00e9ho dehtov\u00e9ho heroinu<\/h3>\n<p> Black tar heroin je siln\u00e1, ne\u010dist\u00e1 varianta drogy, kter\u00e1 m\u00e1 \u0159adu z\u00e1va\u017en\u00fdch negativn\u00edch \u00fa\u010dink\u016f. Nap\u0159\u00edklad \u010dern\u00fd dehtov\u00fd heroin m\u016f\u017ee zp\u016fsobit bolesti hlavy, nevolnost a zvracen\u00ed. Dlouhodob\u00e9 u\u017e\u00edv\u00e1n\u00ed m\u016f\u017ee tak\u00e9 zp\u016fsobit abstinen\u010dn\u00ed p\u0159\u00edznaky, jako je \u00fazkost, neklid a deprese. Va\u0161e riziko rozvoje srde\u010dn\u00edch a plicn\u00edch probl\u00e9m\u016f by se tak\u00e9 mohlo zv\u00fd\u0161it, pokud u\u017e\u00edv\u00e1te \u010dern\u00fd dehtov\u00fd heroin. Pokud vy nebo n\u011bkdo, koho zn\u00e1te, bojujete se z\u00e1vislost\u00ed na \u010dern\u00e9m dehtu na heroinu, nev\u00e1hejte pros\u00edm po\u017e\u00e1dat o pomoc.     <\/p>\n<h3>Pro\u010d nakupovat Black Tar Heroin online od Dr. Lawsons Pharmacy?<\/h3>\n<p> Hled\u00e1te kvalitn\u00edho a d\u016fv\u011bryhodn\u00e9ho internetov\u00e9ho dodavatele pro n\u00e1kup \u010dern\u00e9ho dehtu heroinu? L\u00e9k\u00e1rna Dr. Lawsona je jedin\u00e1 mo\u017enost. Zde m\u016f\u017eete z\u00edskat vysoce kvalitn\u00ed \u010dern\u00fd dehtov\u00fd heroin za nejlep\u0161\u00ed cenu. Nav\u00edc nab\u00edz\u00edme nejrychlej\u0161\u00ed dodac\u00ed lh\u016fty v oboru.    &nbsp;<\/p>\n","protected":false},"excerpt":{"rendered":"<p>&nbsp;<\/p>\n<p>&nbsp;<\/p>\n","protected":false},"featured_media":17926,"comment_status":"closed","ping_status":"closed","template":"","meta":{"om_disable_all_campaigns":false,"_sitemap_exclude":false,"_sitemap_priority":"","_sitemap_frequency":"","_monsterinsights_skip_tracking":false,"_monsterinsights_sitenote_active":false,"_monsterinsights_sitenote_note":"","_monsterinsights_sitenote_category":0},"product_cat":[8909],"product_tag":[9101,9105,9096,9098,9103,9094,9099,9106,9104,9097,9089,9092,9086,9088,9093,9100,9102,9095,9087,9091,9107,9090],"class_list":{"0":"post-24251","1":"product","2":"type-product","3":"status-publish","4":"has-post-thumbnail","6":"product_cat-heroin-cs","7":"product_tag-akce-black-tar-heroin-europe","8":"product_tag-autenticky-black-tar-heroin-europe","9":"product_tag-black-tar-heroin-doprava-zdarma-po-evrope","10":"product_tag-black-tar-heroin-europe-prodej","11":"product_tag-black-tar-heroin-europe-sleva","12":"product_tag-black-tar-heroin-nejlepsi-cena-v-evrope","13":"product_tag-black-tar-heroin-online-obchod-evropa","14":"product_tag-dodavatele-heroinu-black-tar-europe","15":"product_tag-dodavka-black-tar-heroin-europe","16":"product_tag-kde-koupit-black-tar-heroin-europe","17":"product_tag-kde-koupit-black-tar-heroin-online","18":"product_tag-kolik-je-black-tar-heroin","19":"product_tag-koupit-black-tar-heroin","20":"product_tag-koupit-black-tar-heroin-online","21":"product_tag-koupit-black-tar-heroin-online-evropa","22":"product_tag-levne-black-tar-heroin-europe","23":"product_tag-obchod-black-tar-heroin-europe","24":"product_tag-objednejte-si-black-tar-heroin-eu","25":"product_tag-objednejte-si-black-tar-heroin-online","26":"product_tag-prodej-heroinu-black-tar-online","27":"product_tag-recenze-black-tar-heroin-europe","28":"product_tag-ucinky-black-tar-heroinu","30":"first","31":"instock","32":"shipping-taxable","33":"purchasable","34":"product-type-variable","35":"farmacie-col"},"aioseo_notices":[],"_links":{"self":[{"href":"https:\/\/lacasadelamedicina.es\/cs\/wp-json\/wp\/v2\/product\/24251"}],"collection":[{"href":"https:\/\/lacasadelamedicina.es\/cs\/wp-json\/wp\/v2\/product"}],"about":[{"href":"https:\/\/lacasadelamedicina.es\/cs\/wp-json\/wp\/v2\/types\/product"}],"replies":[{"embeddable":true,"href":"https:\/\/lacasadelamedicina.es\/cs\/wp-json\/wp\/v2\/comments?post=24251"}],"wp:featuredmedia":[{"embeddable":true,"href":"https:\/\/lacasadelamedicina.es\/cs\/wp-json\/wp\/v2\/media\/17926"}],"wp:attachment":[{"href":"https:\/\/lacasadelamedicina.es\/cs\/wp-json\/wp\/v2\/media?parent=24251"}],"wp:term":[{"taxonomy":"product_cat","embeddable":true,"href":"https:\/\/lacasadelamedicina.es\/cs\/wp-json\/wp\/v2\/product_cat?post=24251"},{"taxonomy":"product_tag","embeddable":true,"href":"https:\/\/lacasadelamedicina.es\/cs\/wp-json\/wp\/v2\/product_tag?post=24251"}],"curies":[{"name":"wp","href":"https:\/\/api.w.org\/{rel}","templated":true}]}}