{"id":24231,"date":"2024-08-09T14:01:54","date_gmt":"2024-08-09T14:01:54","guid":{"rendered":"https:\/\/lacasadelamedicina.es\/product\/koupit-alpha-pvp-a-pvp-online-flakka\/"},"modified":"2024-08-09T14:01:54","modified_gmt":"2024-08-09T14:01:54","slug":"koupit-alpha-pvp-a-pvp-online-flakka","status":"publish","type":"product","link":"https:\/\/lacasadelamedicina.es\/cs\/produkt\/koupit-alpha-pvp-a-pvp-online-flakka\/","title":{"rendered":"Koupit Alpha-PVP (A-PVP) online \u2013 Flakka"},"content":{"rendered":"<h3>Koupit Alpha-PVP (A-PVP) online<\/h3>\n<p> Syntetick\u00fd stimulant zvan\u00fd alfa-PVP se v medic\u00edn\u011b pou\u017e\u00edv\u00e1 k l\u00e9\u010db\u011b r\u016fzn\u00fdch onemocn\u011bn\u00ed. Alfa je prol\u00e9\u010divo, kter\u00e9 pat\u0159\u00ed do rodiny kathinon\u016f. P\u016fvodn\u011b byl alfa-PVP vyvinut jako designov\u00fd l\u00e9k. Dnes ji mnoho lid\u00ed pou\u017e\u00edv\u00e1 k r\u016fzn\u00fdm \u00fa\u010del\u016fm, nap\u0159\u00edklad k \u00falev\u011b od bolesti. Tento um\u011bl\u00fd stimulant se pou\u017e\u00edv\u00e1 k uspokojen\u00ed pot\u0159eb u\u017eivatel\u016f drog. Po 40 letech a prvn\u00edm produktu v roce 2000 si z\u00edskal oblibu. Nejd\u016fle\u017eit\u011bj\u0161\u00ed zde je, \u017ee b\u011bhem t\u011bchto let nebyl vyu\u017e\u00edv\u00e1n ani malou komunitou. Od roku 2000 se v\u0161ak stala tak popul\u00e1rn\u00ed, \u017ee ji v sou\u010dasnosti pou\u017e\u00edv\u00e1 asi 70 % sv\u011btov\u00e9 populace. Koupit Alpha-PVP (A-PVP) online <a href=\"https:\/\/dieapotheke247.com\/\">&#8211; <\/a><a href=\"https:\/\/drlawsonspharmacy\/contact-us\/\">KONTAKT<\/a><strong>D\u016fvod popularity psychedelick\u00e9 drogy alfa-PVP<\/strong>        <\/p>\n<p>&nbsp;<\/p>\n<h3><strong>Kde mohu z\u00edskat PVP? Alfa-PVP <\/strong><\/h3>\n<p> Nejobl\u00edben\u011bj\u0161\u00ed t\u0159\u00eddou prol\u00e9\u010div je \u0161iroce pou\u017e\u00edvan\u00fd alfa-PVP. Jeho obrovsk\u00e1 s\u00edla a rychl\u00e9 p\u016fsoben\u00ed jsou hlavn\u00edmi d\u016fvody jeho p\u0159ita\u017elivosti. Stejn\u011b jako ostatn\u00ed stimulanty m\u00e1 p\u0159\u00edm\u00fd \u00fa\u010dinek na centr\u00e1ln\u00ed nervov\u00fd syst\u00e9m. P\u016fsob\u00ed v\u0161ak velmi rychle a uvol\u0148uje n\u011bkter\u00e9 hormony, aby vyvolal po\u017eadovan\u00fd \u00fa\u010dinek. Vzhledem k tomu, jak funguje, je alfa-PVP n\u011bkdy ozna\u010dov\u00e1n jako stimulant centr\u00e1ln\u00edho nervov\u00e9ho syst\u00e9mu.     <\/p>\n<h3><strong>Psychedelick\u00e9 drogy Alpha PVP l\u00e9ka\u0159sky pou\u017e\u00edvan\u00e9<\/strong><\/h3>\n<p> Lidsk\u00e1 mysl m\u016f\u017ee l\u00e9pe ovl\u00e1dat prchav\u00e9 emoce, jako je \u0161t\u011bst\u00ed, smutek nebo bolest, pomoc\u00ed Alpha PVP. Tato droga umo\u017e\u0148uje mysli vizualizovat typick\u00fd r\u00e1mec, kter\u00fd funguje bez p\u0159eru\u0161en\u00ed. T\u00edmto zp\u016fsobem Alpha PVP zm\u00edr\u0148uje ot\u0159esy jak\u00e9hokoli druhu. Tato profesion\u00e1ln\u00ed droga se pou\u017e\u00edv\u00e1 v hospod\u00e1ch a tane\u010dn\u00edch s\u00e1lech. Ale tak\u00e9 se pou\u017e\u00edv\u00e1 pouze ve vybran\u00fdch terapi\u00edch na l\u00e9ka\u0159sk\u00fd p\u0159edpis. Lid\u00e9 jsou l\u00e9ka\u0159i l\u00e9\u010deni l\u00e9ky obsahuj\u00edc\u00edmi Alpha PVP. Hlavn\u00edm \u00fa\u010delem je l\u00e9\u010dba \u00fazkosti a smutku. To jsou n\u011bkter\u00e9 ze z\u00e1kladn\u00edch funkc\u00ed, kter\u00e9 p\u0159isp\u00edvaj\u00ed k rostouc\u00ed popularit\u011b Alpha PVP. Prosazuje se v obou oblastech \u017eivota.         <\/p>\n<h3><b>Jak koupit a-PVP <\/b><b> bezpe\u010dn\u011b \u2013 popis<\/b><\/h3>\n<p><strong>Full chemical name:<\/strong> alpha-pyrrolidinopentiophenone <strong>IUPAC systematic name<\/strong> 1-phenyl-2-(1-pyrrolidinyl)-1-pentanone <strong>CAS number<\/strong><strong>14530-33-7<\/strong><strong>ChemSpider number<\/strong><strong>9324063<\/strong><strong>Molecular formula<\/strong><strong>C15H21NO<\/strong><strong>Molecular mass<\/strong><strong>231.333 g\/mol<\/strong> Alpha-pyrrolidinovalerophenone, also known as a-PVP, alpha-PVP, O-2387 or a-ketoneprolintane, is a stimulant drug developed in the 1960s and is related to pyrovalerone. You can buy authentic a-PVP online. We trade Alpha-PVP in large quantities in our online store. The products you choose are available at extremely affordable prices. In addition, you will receive the goods quickly thanks to our online shipping service.       <\/p>\n<h3>Koupit Alpha-PVP (A-PVP) online<\/h3>\n<p>&nbsp;<\/p>\n","protected":false},"excerpt":{"rendered":"<p><strong>PVP je co?<\/strong> Stimula\u010dn\u00ed l\u00e9k A-PVP, -pyrrolidinopentiofenon (alfa-pyrrolidinovalerofenon, -PVP, alfa-PVP, O-2387, -ketoneprolintan) byl vyvinut v 60. letech 20. stolet\u00ed a souvis\u00ed s pyrovaleronem. &nbsp;<\/p>\n","protected":false},"featured_media":18001,"comment_status":"closed","ping_status":"closed","template":"","meta":{"om_disable_all_campaigns":false,"_sitemap_exclude":false,"_sitemap_priority":"","_sitemap_frequency":"","_monsterinsights_skip_tracking":false,"_monsterinsights_sitenote_active":false,"_monsterinsights_sitenote_note":"","_monsterinsights_sitenote_category":0},"product_cat":[7851],"product_tag":[9038,9040,9030,9041,9033,9028,9035,9036,9032,9037,9025,9039,9031,9022,9026,9020,9021,9027,9034,9029,9023,9024],"class_list":{"0":"post-24231","1":"product","2":"type-product","3":"status-publish","4":"has-post-thumbnail","6":"product_cat-vyzkum-chemickych-latek-a-psychedelik","7":"product_tag-alpha-pvp-a-pvp-dodani-flakka-europe","8":"product_tag-alpha-pvp-a-pvp-dodavatele-flakka-europe","9":"product_tag-alpha-pvp-a-pvp-flakka-doprava-zdarma-po-evrope","10":"product_tag-alpha-pvp-a-pvp-flakka-europe-recenze","11":"product_tag-alpha-pvp-a-pvp-flakka-internetovy-obchod-evropa","12":"product_tag-alpha-pvp-a-pvp-flakka-nejlepsi-cena-v-evrope","13":"product_tag-alpha-pvp-a-pvp-nabidky-flakka-europe","14":"product_tag-alpha-pvp-a-pvp-obchod-flakka-europe","15":"product_tag-alpha-pvp-a-pvp-prodej-flakka-europe","16":"product_tag-alpha-pvp-a-pvp-sleva-flakka-europe","17":"product_tag-alpha-pvp-a-pvp-prodej-flakka-online","18":"product_tag-autenticke-alpha-pvp-a-pvp-flakka-europe","19":"product_tag-kde-koupit-alpha-pvp-a-pvp-flakka-europe","20":"product_tag-kde-koupit-alpha-pvp-a-pvp-flakka-online","21":"product_tag-kolik-je-alpha-pvp-a-pvp-flakka","22":"product_tag-koupit-alpha-pvp-a-pvp-flakka","23":"product_tag-koupit-alpha-pvp-a-pvp-flakka-online","24":"product_tag-koupit-alpha-pvp-a-pvp-flakka-online-evropa","25":"product_tag-levne-alpha-pvp-a-pvp-flakka-europe","26":"product_tag-objednavka-alpha-pvp-a-pvp-flakka-eu","27":"product_tag-objednejte-si-alpha-pvp-a-pvp-flakka-online","28":"product_tag-ucinky-alpha-pvp-a-pvp-flakka","30":"first","31":"instock","32":"shipping-taxable","33":"purchasable","34":"product-type-variable","35":"farmacie-col"},"aioseo_notices":[],"_links":{"self":[{"href":"https:\/\/lacasadelamedicina.es\/cs\/wp-json\/wp\/v2\/product\/24231"}],"collection":[{"href":"https:\/\/lacasadelamedicina.es\/cs\/wp-json\/wp\/v2\/product"}],"about":[{"href":"https:\/\/lacasadelamedicina.es\/cs\/wp-json\/wp\/v2\/types\/product"}],"replies":[{"embeddable":true,"href":"https:\/\/lacasadelamedicina.es\/cs\/wp-json\/wp\/v2\/comments?post=24231"}],"wp:featuredmedia":[{"embeddable":true,"href":"https:\/\/lacasadelamedicina.es\/cs\/wp-json\/wp\/v2\/media\/18001"}],"wp:attachment":[{"href":"https:\/\/lacasadelamedicina.es\/cs\/wp-json\/wp\/v2\/media?parent=24231"}],"wp:term":[{"taxonomy":"product_cat","embeddable":true,"href":"https:\/\/lacasadelamedicina.es\/cs\/wp-json\/wp\/v2\/product_cat?post=24231"},{"taxonomy":"product_tag","embeddable":true,"href":"https:\/\/lacasadelamedicina.es\/cs\/wp-json\/wp\/v2\/product_tag?post=24231"}],"curies":[{"name":"wp","href":"https:\/\/api.w.org\/{rel}","templated":true}]}}