{"id":24223,"date":"2024-08-09T14:01:54","date_gmt":"2024-08-09T14:01:54","guid":{"rendered":"https:\/\/lacasadelamedicina.es\/product\/koupit-bily-heroinovy-prasek-online\/"},"modified":"2024-08-09T14:01:54","modified_gmt":"2024-08-09T14:01:54","slug":"koupit-bily-heroinovy-prasek-online","status":"publish","type":"product","link":"https:\/\/lacasadelamedicina.es\/cs\/produkt\/koupit-bily-heroinovy-prasek-online\/","title":{"rendered":"Koupit b\u00edl\u00fd heroinov\u00fd pr\u00e1\u0161ek online"},"content":{"rendered":"<h1>Koupit Heroin v b\u00edl\u00e9m pr\u00e1\u0161ku online.<\/h1>\n<p> Koupit White Heroin Powder Online \u2013 Jedn\u00edm z nej\u00fa\u010dinn\u011bj\u0161\u00edch a nejlukrativn\u011bj\u0161\u00edch typ\u016f heroinu na trhu je b\u00edl\u00fd pr\u00e1\u0161ek. Ale od koho byste si ho m\u011bli koupit? Nejlep\u0161\u00edm m\u00edstem, kde si m\u016f\u017eete online koupit pr\u00e1\u0161ek b\u00edl\u00e9ho heroinu za nejni\u017e\u0161\u00ed cenu, je l\u00e9k\u00e1rna Dr. Lawsons. Dr. Lawsons Pharmac s \u0159adou zp\u016fsob\u016f doru\u010den\u00ed a platby<a href=\"https:\/\/dieapotheke247.com\/\">y<\/a> umo\u017e\u0148uje snadn\u00fd a bezpe\u010dn\u00fd hromadn\u00fd n\u00e1kup b\u00edl\u00e9ho heroinu. S na\u0161\u00ed 100% z\u00e1rukou spokojenosti jsme velmi hrd\u00ed na to, \u017ee na\u0161im z\u00e1kazn\u00edk\u016fm poskytujeme rychl\u00e9, diskr\u00e9tn\u00ed a bezpe\u010dn\u00e9 nakupov\u00e1n\u00ed. Koupit b\u00edl\u00fd heroinov\u00fd pr\u00e1\u0161ek online &#8211;      <a href=\"https:\/\/drlawsonspharmacy\/contact-us\/\"><a href=\"https:\/\/drlawsonspharmacy\/contact-us\/\">KONTAKT Objedn\u00e1vka Heroinu online<\/a><\/a><\/p>\n<h3>V\u00fdhody b\u00edl\u00e9ho heroinov\u00e9ho pr\u00e1\u0161ku<\/h3>\n<p> Zat\u00edmco b\u00edl\u00fd heroinov\u00fd pr\u00e1\u0161ek se \u010dasto pou\u017e\u00edv\u00e1 rekrea\u010dn\u011b nebo l\u00e9ka\u0159sky k l\u00e9\u010db\u011b opioidn\u00ed bolesti, st\u00e1v\u00e1 se tak\u00e9 st\u00e1le popul\u00e1rn\u011bj\u0161\u00ed mezi lidmi, kte\u0159\u00ed hledaj\u00ed extr\u00e9mn\u011bj\u0161\u00ed z\u00e1\u017eitky. Nyn\u00ed si m\u016f\u017eete koupit \u010dist\u00fd b\u00edl\u00fd heroinov\u00fd pr\u00e1\u0161ek online od Dr. Lawsons Pharmacy a osobn\u011b za\u017e\u00edt jeho siln\u00e9 \u00fa\u010dinky. Nej\u010dist\u0161\u00ed heroin na trhu z\u00edsk\u00e1te, kdy\u017e ho dostanete ve form\u011b b\u00edl\u00e9ho pr\u00e1\u0161ku z l\u00e9k\u00e1rny Dr. Lawsons. D\u00edky tomu je ide\u00e1ln\u00ed pro lidi, kte\u0159\u00ed hledaj\u00ed intenzivn\u00ed z\u00e1\u017eitek, proto\u017ee va\u0161e d\u00e1vka je siln\u011bj\u0161\u00ed a vydr\u017e\u00ed d\u00e9le ne\u017e jin\u00e9 typy heroinu. Nav\u00edc ceny jsou rozumn\u00e9 a dodac\u00ed lh\u016fty kr\u00e1tk\u00e9. na co \u010dek\u00e1\u0161? Objednejte si velk\u00e9 mno\u017estv\u00ed b\u00edl\u00e9ho pr\u00e1\u0161kov\u00e9ho heroinu pr\u00e1v\u011b te\u010f! Koupit b\u00edl\u00fd heroinov\u00fd pr\u00e1\u0161ek online        <\/p>\n<h3>Rizika spojen\u00e1 s u\u017e\u00edv\u00e1n\u00edm b\u00edl\u00e9ho heroinov\u00e9ho pr\u00e1\u0161ku<\/h3>\n<p> Bu\u010fte si v\u011bdomi nebezpe\u010d\u00ed, pokud m\u00e1te v \u00famyslu koupit pr\u00e1\u0161ek b\u00edl\u00e9ho heroinu na prodej online. B\u00edl\u00fd heroinov\u00fd pr\u00e1\u0161ek je vysoce n\u00e1vykov\u00e1 l\u00e1tka, kter\u00e1 p\u0159i \u010dast\u00e9m u\u017e\u00edv\u00e1n\u00ed m\u016f\u017ee zp\u016fsobit psychickou i fyzickou z\u00e1vislost. Pokud jej n\u00e1hle p\u0159estanete pou\u017e\u00edvat, m\u016f\u017eete zaznamenat z\u00e1va\u017en\u00e9 a bolestiv\u00e9 abstinen\u010dn\u00ed p\u0159\u00edznaky. Nav\u00edc i mal\u00e9 d\u00e1vky t\u00e9to siln\u00e9 chemik\u00e1lie mohou b\u00fdt smrteln\u00e9, pokud jsou pou\u017e\u00edv\u00e1ny nespr\u00e1vn\u011b nebo v nadm\u011brn\u00e9m mno\u017estv\u00ed. Ve skute\u010dnosti je p\u0159ed\u00e1vkov\u00e1n\u00ed jedn\u00edm z nej\u010dast\u011bj\u0161\u00edch \u00famrt\u00ed spojen\u00fdch s u\u017e\u00edv\u00e1n\u00edm pr\u00e1\u0161ku b\u00edl\u00e9ho heroinu. V neposledn\u00ed \u0159ad\u011b je u\u017e\u00edv\u00e1n\u00ed b\u00edl\u00e9ho heroinu v pr\u00e1\u0161ku spojeno s \u0159adou \u0161kodliv\u00fdch \u00fa\u010dink\u016f na du\u0161evn\u00ed zdrav\u00ed, v\u010detn\u011b paranoie, smutku, poruch my\u0161len\u00ed, \u00fazkosti a n\u00e1vratu do z\u00e1vislosti. Koupit b\u00edl\u00fd heroinov\u00fd pr\u00e1\u0161ek online       <\/p>\n<h3>Koupit b\u00edl\u00fd heroinov\u00fd pr\u00e1\u0161ek online<\/h3>\n<p> Je d\u016fle\u017eit\u00e9 pochopit, \u017ee neexistuje \u017e\u00e1dn\u00e1 \u201ebezpe\u010dn\u00e1\u201c d\u00e1vka pr\u00e1\u0161ku b\u00edl\u00e9ho heroinu, proto\u017ee jak\u00e9koli mno\u017estv\u00ed m\u016f\u017ee b\u00fdt potenci\u00e1ln\u011b smrteln\u00e9 kv\u016fli interakc\u00edm se zn\u00e1mou nebo nev\u011bdomou citlivost\u00ed \u010dlov\u011bka a dal\u0161\u00edmi zdravotn\u00edmi probl\u00e9my. Z tohoto d\u016fvodu mus\u00ed b\u00fdt u\u017e\u00edv\u00e1n\u00ed heroinu \u2013 bez ohledu na to, jak m\u00e1lo \u2013 prov\u00e1d\u011bno pouze pod p\u0159\u00edsn\u00fdm dohledem kvalifikovan\u00e9ho l\u00e9ka\u0159e. Objednejte si heroin online   <\/p>\n<h3>Pro\u010d je l\u00e9k\u00e1rna Dr. Lawsons t\u00edm nejlep\u0161\u00edm m\u00edstem pro online n\u00e1kup b\u00edl\u00e9ho heroinu?<\/h3>\n<p> Pokud chcete koupit b\u00edl\u00fd heroinov\u00fd pr\u00e1\u0161ek online, existuje n\u011bkolik v\u00fdhod, v\u010detn\u011b cenov\u00e9 dostupnosti a jednoduchosti. Je v\u0161ak d\u016fle\u017eit\u00e9 b\u00fdt si v\u011bdom nebezpe\u010d\u00ed pou\u017e\u00edv\u00e1n\u00ed t\u00e9to l\u00e1tky a z\u00edsk\u00e1vat ji pouze od spolehliv\u00fdch dodavatel\u016f, jako je Dr. Lawsons Pharmacy. S pomoc\u00ed Dr. Lawsons Pharmacy m\u016f\u017eete s jistotou vyu\u017e\u00edvat \u010detn\u00e9 v\u00fdhody velkoobchodn\u00edho b\u00edl\u00e9ho heroinov\u00e9ho pr\u00e1\u0161ku online. Objednejte si heroin online    &nbsp;<\/p>\n","protected":false},"excerpt":{"rendered":"<p>Koupit Heroin v b\u00edl\u00e9m pr\u00e1\u0161ku online. Koupit White Heroin Powder Online \u2013 Jedn\u00edm z nej\u00fa\u010dinn\u011bj\u0161\u00edch a nejlukrativn\u011bj\u0161\u00edch typ\u016f heroinu na trhu je b\u00edl\u00fd pr\u00e1\u0161ek. Ale od koho byste si ho m\u011bli koupit? Nejlep\u0161\u00edm m\u00edstem, kde si m\u016f\u017eete online koupit pr\u00e1\u0161ek b\u00edl\u00e9ho heroinu za nejni\u017e\u0161\u00ed cenu, je l\u00e9k\u00e1rna Dr. Lawsons. Dr. Lawsons Pharmac s \u0159adou zp\u016fsob\u016f [&hellip;]<\/p>\n","protected":false},"featured_media":17986,"comment_status":"closed","ping_status":"closed","template":"","meta":{"om_disable_all_campaigns":false,"_sitemap_exclude":false,"_sitemap_priority":"","_sitemap_frequency":"","_monsterinsights_skip_tracking":false,"_monsterinsights_sitenote_active":false,"_monsterinsights_sitenote_note":"","_monsterinsights_sitenote_category":0},"product_cat":[8909],"product_tag":[9017,9008,9019,9010,9015,9018,9006,9011,9013,9016,9009,9000,9004,8999,9005,8998,9012,9014,9007,9001,9003,9002],"class_list":{"0":"post-24223","1":"product","2":"type-product","3":"status-publish","4":"has-post-thumbnail","6":"product_cat-heroin-cs","7":"product_tag-autenticky-bily-heroinovy-prasek-evropa","8":"product_tag-bily-heroinovy-prasek-doprava-zdarma-po-evrope","9":"product_tag-bily-heroinovy-prasek-europe-review","10":"product_tag-bily-heroinovy-prasek-evropa-prodej","11":"product_tag-bily-heroinovy-prasek-evropa-sleva","12":"product_tag-bily-heroinovy-prasek-evropsti-dodavatele","13":"product_tag-bily-heroinovy-prasek-nejlepsi-cena-v-evrope","14":"product_tag-bily-heroinovy-prasek-online-obchod-evropa","15":"product_tag-bily-heroinovy-prasek-v-evrope","16":"product_tag-dodavka-bileho-heroinu-v-evrope","17":"product_tag-kde-koupit-bily-heroinovy-prasek-evropa","18":"product_tag-kde-koupit-bily-heroinovy-prasek-online","19":"product_tag-kolik-stoji-bily-heroinovy-prasek","20":"product_tag-koupit-bily-heroinovy-prasek-online","21":"product_tag-koupit-bily-heroinovy-prasek-online-evropa","22":"product_tag-kupte-si-bily-heroinovy-prasek","23":"product_tag-levny-bily-heroinovy-prasek-evropa","24":"product_tag-obchod-s-bilym-heroinem-v-evrope","25":"product_tag-objednejte-si-bily-heroinovy-prasek-eu","26":"product_tag-objednejte-si-bily-heroinovy-prasek-online","27":"product_tag-online-prodej-prasku-bileho-heroinu","28":"product_tag-ucinky-prasku-bileho-heroinu","30":"first","31":"instock","32":"shipping-taxable","33":"purchasable","34":"product-type-variable","35":"farmacie-col"},"aioseo_notices":[],"_links":{"self":[{"href":"https:\/\/lacasadelamedicina.es\/cs\/wp-json\/wp\/v2\/product\/24223"}],"collection":[{"href":"https:\/\/lacasadelamedicina.es\/cs\/wp-json\/wp\/v2\/product"}],"about":[{"href":"https:\/\/lacasadelamedicina.es\/cs\/wp-json\/wp\/v2\/types\/product"}],"replies":[{"embeddable":true,"href":"https:\/\/lacasadelamedicina.es\/cs\/wp-json\/wp\/v2\/comments?post=24223"}],"wp:featuredmedia":[{"embeddable":true,"href":"https:\/\/lacasadelamedicina.es\/cs\/wp-json\/wp\/v2\/media\/17986"}],"wp:attachment":[{"href":"https:\/\/lacasadelamedicina.es\/cs\/wp-json\/wp\/v2\/media?parent=24223"}],"wp:term":[{"taxonomy":"product_cat","embeddable":true,"href":"https:\/\/lacasadelamedicina.es\/cs\/wp-json\/wp\/v2\/product_cat?post=24223"},{"taxonomy":"product_tag","embeddable":true,"href":"https:\/\/lacasadelamedicina.es\/cs\/wp-json\/wp\/v2\/product_tag?post=24223"}],"curies":[{"name":"wp","href":"https:\/\/api.w.org\/{rel}","templated":true}]}}