{"id":24219,"date":"2024-08-09T14:01:54","date_gmt":"2024-08-09T14:01:54","guid":{"rendered":"https:\/\/lacasadelamedicina.es\/product\/koupit-chemicky-prasek-jwh-210-online\/"},"modified":"2024-08-09T14:01:54","modified_gmt":"2024-08-09T14:01:54","slug":"koupit-chemicky-prasek-jwh-210-online","status":"publish","type":"product","link":"https:\/\/lacasadelamedicina.es\/cs\/produkt\/koupit-chemicky-prasek-jwh-210-online\/","title":{"rendered":"Koupit chemick\u00fd pr\u00e1\u0161ek JWH-210 online"},"content":{"rendered":"<h1 class=\"product_title enter-title\">Koupit Chemick\u00fd pr\u00e1\u0161ek JWH-210 online<\/h1>\n<p> Koupit chemick\u00fd pr\u00e1\u0161ek JWH-210 online \u2013 Koupit chemick\u00fd pr\u00e1\u0161ek JWH-210 online. JWH-210 (4-ethylnaftalen-1-yl-(1-pentylindol-3-yl)methanon), tak\u00e9 zn\u00e1m\u00fd jako. je siln\u00fd kanabinoid. Koupit chemick\u00fd pr\u00e1\u0161ek JWH-210 online \u2013 <a href=\"https:\/\/drlawsonspharmacy\/contact-us\/\">KONTAKT<\/a> JWH-210 lze zakoupit online. Jako \u010dlen rodiny naftoylindol\u016f je JWH-210 siln\u00fdm kanabinoidn\u00edm agonistou na receptorech CB1 a CB2 s hodnotami Ki 0,46 nM pro CB1 a 0,69 nM pro CB2. Pou\u017e\u00edv\u00e1 se k l\u00e9\u010db\u011b bolesti. Se siln\u011bj\u0161\u00ed vazebnou afinitou (tj. ni\u017e\u0161\u00ed Ki) k CB1 ne\u017e jeho 4-methyl a 4-n-propyl homology JWH-122 (CB1 Ki 0,69 nM), je to jeden z nej\u00fa\u010dinn\u011bj\u0161\u00edch 4-substituovan\u00fdch naftylov\u00fdch deriv\u00e1t\u016f v naftoylindolov\u00e9 \u0159ad\u011b. . a JWH-182 (CB1 Ki 0,65 nM) nebo JWH-081 (CB1 Ki 1,2 nM), 4-methoxy molekula [2] John W. Huffman inspiroval objev a pojmenov\u00e1n\u00ed.        <\/p>\n<h3>Koupit chemick\u00fd pr\u00e1\u0161ek JWH-210 online<\/h3>\n<p> Jste oddan\u00fd v\u011bdec, kter\u00fd se chce pono\u0159it do slo\u017eit\u00e9 oblasti syntetick\u00fdch kanabinoid\u016f? Pak nehledejte nic jin\u00e9ho ne\u017e JWH-210 Chemical Powder, \u0161pi\u010dkov\u00fd produkt navr\u017een\u00fd na podporu pr\u016fkopnick\u00e9ho farmakologick\u00e9ho v\u00fdzkumu. Chemick\u00fd pr\u00e1\u0161ek JWH-210 je d\u00edky sv\u00e9 vysok\u00e9 kvalit\u011b a speci\u00e1ln\u00edm vlastnostem ide\u00e1ln\u00edm n\u00e1strojem pro maximalizaci potenci\u00e1lu va\u0161eho v\u00fdzkumu. JWH-210 Chemical Powder je pe\u010dliv\u011b vyr\u00e1b\u011bn pomoc\u00ed nejmodern\u011bj\u0161\u00edch metod, aby byl zaji\u0161t\u011bn \u010dist\u00fd a spolehliv\u00fd produkt p\u0159i ka\u017ed\u00e9 objedn\u00e1vce. Tato l\u00e1tka vykazuje v\u00fdjime\u010dnou afinitu a selektivitu jako siln\u00fd agonista kanabinoidn\u00edch receptor\u016f, co\u017e umo\u017e\u0148uje v\u00fdzkumn\u00edk\u016fm z\u00edskat komplexn\u00ed pochopen\u00ed komplexn\u00edch mechanism\u016f, kter\u00e9 funguj\u00ed v endokanabinoidn\u00edm syst\u00e9mu.     <\/p>\n<h3><strong>Objednejte si chemick\u00fd pr\u00e1\u0161ek JWH-210<\/strong><\/h3>\n<p> Pozoruhodn\u00e1 stabilita JWH-210 Chemical Powder, kter\u00e1 umo\u017e\u0148uje p\u0159esn\u00e9 v\u00fdpo\u010dty d\u00e1vkov\u00e1n\u00ed a rozs\u00e1hl\u00e9 experimentov\u00e1n\u00ed, je jednou z jeho hlavn\u00edch v\u00fdhod. Jeho stabilita a rozpustnost v \u0159ad\u011b b\u011b\u017en\u00fdch rozpou\u0161t\u011bdel z n\u011bj \u010din\u00ed perfektn\u00edho kandid\u00e1ta pro \u0161irokou \u0161k\u00e1lu laboratorn\u00edch aplikac\u00ed. D\u00edky JWH-210 Chemical Powder mohou v\u00fdzkumn\u00edci voln\u011b zkoumat \u0159adu fascinuj\u00edc\u00edch v\u00fdzkumn\u00fdch t\u00e9mat, jako je neurofarmakologie, l\u00e9\u010dba bolesti a studie z\u00e1vislost\u00ed. Adaptabilita t\u00e9to l\u00e1tky otev\u00edr\u00e1 nov\u00e9 p\u0159\u00edle\u017eitosti pro p\u0159evratn\u00e9 objevy, kter\u00e9 by mohly ovlivnit budouc\u00ed v\u00fdvoj l\u00e9k\u016f a l\u00e9ka\u0159sk\u00e9ho v\u00fdzkumu.    &nbsp;<\/p>\n","protected":false},"excerpt":{"rendered":"<p>Koupit chemick\u00fd pr\u00e1\u0161ek JWH-210 online. Chemick\u00fd pr\u00e1\u0161ek JWH-210 pat\u0159\u00ed do rodiny naftoylindol\u016f a pou\u017e\u00edv\u00e1 se jako analgetikum.  &nbsp;<\/p>\n","protected":false},"featured_media":18526,"comment_status":"closed","ping_status":"closed","template":"","meta":{"om_disable_all_campaigns":false,"_sitemap_exclude":false,"_sitemap_priority":"","_sitemap_frequency":"","_monsterinsights_skip_tracking":false,"_monsterinsights_sitenote_active":false,"_monsterinsights_sitenote_note":"","_monsterinsights_sitenote_category":0},"product_cat":[7851],"product_tag":[8995,8996,8994,8986,8988,8991,8993,8989,8984,8979,8987,8982,8976,8977,8983,8990,8992,8985,8978,8981,8997,8980],"class_list":{"0":"post-24219","1":"product","2":"type-product","3":"status-publish","4":"has-post-thumbnail","6":"product_cat-vyzkum-chemickych-latek-a-psychedelik","7":"product_tag-autenticky-chemicky-prasek-jwh-210-europe","8":"product_tag-dodavatele-chemickeho-prasku-jwh-210-v-evrope","9":"product_tag-dodavka-jwh-210-chemical-powder-europe","10":"product_tag-jwh-210-chemical-powder-doprava-zdarma-po-evrope","11":"product_tag-jwh-210-chemical-powder-europe-prodej","12":"product_tag-jwh-210-chemical-powder-europe-se-zabyva","13":"product_tag-jwh-210-chemical-powder-europe-sleva","14":"product_tag-jwh-210-chemical-powder-internetovy-obchod-evropa","15":"product_tag-jwh-210-chemical-powder-nejlepsi-cena-v-evrope","16":"product_tag-kde-koupit-chemicky-prasek-jwh-210-online","17":"product_tag-kde-koupit-jwh-210-chemical-powder-europe","18":"product_tag-kolik-stoji-chemicky-prasek-jwh-210","19":"product_tag-koupit-chemicky-prasek-jwh-210","20":"product_tag-koupit-chemicky-prasek-jwh-210-online","21":"product_tag-koupit-chemicky-prasek-jwh-210-online-evropa","22":"product_tag-levny-chemicky-prasek-jwh-210-europe","23":"product_tag-obchod-jwh-210-chemical-powder-europe","24":"product_tag-objednejte-jwh-210-chemical-powder-eu","25":"product_tag-objednejte-si-chemicky-prasek-jwh-210-online","26":"product_tag-prodej-chemickeho-prasku-jwh-210-online","27":"product_tag-recenze-jwh-210-chemical-powder-europe","28":"product_tag-ucinky-chemickeho-prasku-jwh-210","30":"first","31":"instock","32":"shipping-taxable","33":"purchasable","34":"product-type-variable","35":"farmacie-col"},"aioseo_notices":[],"_links":{"self":[{"href":"https:\/\/lacasadelamedicina.es\/cs\/wp-json\/wp\/v2\/product\/24219"}],"collection":[{"href":"https:\/\/lacasadelamedicina.es\/cs\/wp-json\/wp\/v2\/product"}],"about":[{"href":"https:\/\/lacasadelamedicina.es\/cs\/wp-json\/wp\/v2\/types\/product"}],"replies":[{"embeddable":true,"href":"https:\/\/lacasadelamedicina.es\/cs\/wp-json\/wp\/v2\/comments?post=24219"}],"wp:featuredmedia":[{"embeddable":true,"href":"https:\/\/lacasadelamedicina.es\/cs\/wp-json\/wp\/v2\/media\/18526"}],"wp:attachment":[{"href":"https:\/\/lacasadelamedicina.es\/cs\/wp-json\/wp\/v2\/media?parent=24219"}],"wp:term":[{"taxonomy":"product_cat","embeddable":true,"href":"https:\/\/lacasadelamedicina.es\/cs\/wp-json\/wp\/v2\/product_cat?post=24219"},{"taxonomy":"product_tag","embeddable":true,"href":"https:\/\/lacasadelamedicina.es\/cs\/wp-json\/wp\/v2\/product_tag?post=24219"}],"curies":[{"name":"wp","href":"https:\/\/api.w.org\/{rel}","templated":true}]}}