{"id":24211,"date":"2024-08-09T14:01:54","date_gmt":"2024-08-09T14:01:54","guid":{"rendered":"https:\/\/lacasadelamedicina.es\/product\/kupte-si-nesestrihany-heroin-online\/"},"modified":"2024-08-09T14:01:54","modified_gmt":"2024-08-09T14:01:54","slug":"kupte-si-nesestrihany-heroin-online","status":"publish","type":"product","link":"https:\/\/lacasadelamedicina.es\/cs\/produkt\/kupte-si-nesestrihany-heroin-online\/","title":{"rendered":"Kupte si nesest\u0159\u00edhan\u00fd heroin online"},"content":{"rendered":"<h1>Koupit nesest\u0159\u00edhan\u00fd heroin online<\/h1>\n<p> Koupit nesest\u0159\u00edhan\u00fd heroin online \u2013 nesest\u0159\u00edhan\u00fd heroin lze zakoupit online od ur\u010dit\u00fdch prodejc\u016f, i kdy\u017e to nese sv\u00e1 vlastn\u00ed rizika. Pokud tedy p\u0159em\u00fd\u0161l\u00edte, kde online naj\u00edt prav\u00fd, bezpe\u010dn\u00fd, nesest\u0159\u00edhan\u00fd heroin, l\u00e9k\u00e1rna Dr. Lawsons je t\u00edm spr\u00e1vn\u00fdm m\u00edstem, kam j\u00edt. Koupit nesest\u0159\u00edhan\u00fd heroin online \u2013   <a href=\"https:\/\/drlawsonspharmacy\/contact-us\/\">KONTAKT<\/a><\/p>\n<h3>Jak se vyr\u00e1b\u00ed ne\u0159ezan\u00fd heroin?<\/h3>\n<p> Ne\u0159ezan\u00fd heroin se vyr\u00e1b\u00ed ze su\u0161en\u00fdch lusk\u016f m\u00e1ku. Sb\u00edr\u00e1 se a p\u0159em\u011b\u0148uje na pr\u00e1\u0161kov\u00fd, b\u00edl\u00fd materi\u00e1l. Obsahuje vysok\u00e9 koncentrace morfinu, <a href=\"https:\/\/dieapotheke247.com\/\">c<\/a>odein a dal\u0161\u00ed l\u00e1tky, v\u010detn\u011b siln\u00fdch opioid\u016f. Kone\u010dn\u00fdm v\u00fdsledkem je nerafinovan\u00e1 odr\u016fda opia, kter\u00e1 neobsahuje \u017e\u00e1dn\u00e9 dal\u0161\u00ed chemik\u00e1lie a zpracovatelsk\u00e1 \u010dinidla. V z\u00e1vislosti na mno\u017estv\u00ed p\u0159\u00edtomn\u00e9 vlhkosti a alkaloid\u016f se m\u011bn\u00ed s\u00edla l\u00e9\u010diva.     <\/p>\n<h3>V\u00fdhody nesest\u0159\u00edhan\u00e9ho heroinu<\/h3>\n<p> Nest\u0159\u00edhan\u00fd heroin by m\u011bl b\u00fdt va\u0161\u00ed volbou, pokud hled\u00e1te n\u011bco, co je lep\u0161\u00ed ne\u017e ostatn\u00ed. Nest\u0159\u00edhan\u00fd heroin je \u00fa\u010dinn\u011bj\u0161\u00ed a \u010dist\u0161\u00ed ne\u017e jin\u00e9 formy heroinu a nab\u00edz\u00ed lep\u0161\u00ed kr\u00e1tkodob\u00e9 i dlouhodob\u00e9 \u00fa\u010dinky. Nav\u00edc m\u016f\u017ee b\u00fdt p\u0159izp\u016fsoben pot\u0159eb\u00e1m u\u017eivatele, co\u017e m\u00e1 za n\u00e1sledek koktejly, kter\u00e9 u\u017eivateli poskytuj\u00ed v\u011bt\u0161\u00ed kontrolu nad d\u00e1vkov\u00e1n\u00edm a kvalitou drogy. Bezpe\u010dn\u011bj\u0161\u00ed je tak\u00e9 konzumace ne\u0159ezan\u00e9ho heroinu zakoupen\u00e9ho online pod dohledem. D\u00edky vy\u0161\u0161\u00ed s\u00edle je men\u0161\u00ed riziko p\u0159ed\u00e1vkov\u00e1n\u00ed. Ne\u0159ezan\u00fd heroin m\u00e1 ve srovn\u00e1n\u00ed s jin\u00fdmi druhy heroinu m\u00e9n\u011b negativn\u00edch \u00fa\u010dink\u016f a ni\u017e\u0161\u00ed riziko z\u00e1vislosti. Z\u00e1kazn\u00edci ve skute\u010dnosti tvrdili, \u017ee l\u00e9k\u00e1rna Dr. Lawsons usnad\u0148uje n\u00e1kup \u010dist\u00e9ho, siln\u00e9ho, \u200b\u200bne\u0159ezan\u00e9ho heroinu online.       <\/p>\n<h3>Vedlej\u0161\u00ed \u00fa\u010dinky nesest\u0159\u00edhan\u00e9ho heroinu<\/h3>\n<p> Zv\u00fd\u0161en\u00e9 riziko z\u00e1vislosti a p\u0159ed\u00e1vkov\u00e1n\u00ed, stejn\u011b jako vy\u0161\u0161\u00ed v\u00fdskyt HIV a dal\u0161\u00edch infekc\u00ed, jsou v\u0161echna zdravotn\u00ed rizika spojen\u00e1 s u\u017e\u00edv\u00e1n\u00edm nekr\u00e1cen\u00e9ho heroinu. Krom\u011b toho m\u016f\u017ee ne\u0159ezan\u00fd heroin zp\u016fsobit fyzick\u00e9 vedlej\u0161\u00ed \u00fa\u010dinky, v\u010detn\u011b nevolnosti, zvracen\u00ed, zrychlen\u00e9ho srde\u010dn\u00edho tepu a vy\u0161\u0161\u00edho rizika p\u0159ed\u00e1vkov\u00e1n\u00ed. Za ur\u010dit\u00fdch okolnost\u00ed m\u016f\u017ee v\u00e9st i ke smrti.   <\/p>\n<h3>Kde koupit nesest\u0159\u00edhan\u00fd heroin online?<\/h3>\n<p> P\u0159i hled\u00e1n\u00ed hromadn\u00e9ho nekr\u00e1jen\u00e9ho heroinu online hledejte dodavatele, jako je Dr. Lawsons Pharmacy, jejich\u017e produkty byly z jin\u00fdch zdroj\u016f hodnoceny jako vysoce kvalitn\u00ed. P\u0159i porovn\u00e1v\u00e1n\u00ed cen ne\u0159ezan\u00e9ho heroinu online m\u011bjte na pam\u011bti, \u017ee n\u00e1klady se mohou zna\u010dn\u011b li\u0161it v z\u00e1vislosti na lokalit\u011b (nap\u0159. m\u011bsta, kde b\u00fdv\u00e1 cena heroinu na ulici vy\u0161\u0161\u00ed), denn\u00ed dob\u011b (ob\u0159ady eutanazie \u010dasto vedou k vy\u0161\u0161\u00edm cen\u00e1m), zp\u016fsobu platby ( kreditn\u00ed karty maj\u00ed tendenci \u00fa\u010dtovat vy\u0161\u0161\u00ed poplatky ne\u017e PayPal) atd. Vzhledem k tomu, \u017ee to, co kupujete, bude pravd\u011bpodobn\u011b sm\u00edch\u00e1no s jin\u00fdmi l\u00e1tkami bez ohledu na zdroj, je d\u016fle\u017eit\u00e9 nenechat se p\u0159\u00edli\u0161 zab\u0159ednout do podrobnost\u00ed o cen\u00e1ch. M\u00edsto toho se zam\u011b\u0159te na zaji\u0161t\u011bn\u00ed \u010distoty a \u010derstvosti b\u011bhem cel\u00e9ho procesu p\u0159epravy a n\u00e1kupu, nejen ve f\u00e1zi kone\u010dn\u00e9ho produktu.    <\/p>\n<h3>Kupte si nesest\u0159\u00edhan\u00fd heroin online v l\u00e9k\u00e1rn\u011b Dr. Lawsons<\/h3>\n<p> Je d\u016fle\u017eit\u00e9 si pamatovat, \u017ee nespr\u00e1vn\u00e9 nebo nezodpov\u011bdn\u00e9 u\u017e\u00edv\u00e1n\u00ed nesest\u0159\u00edhan\u00e9ho heroinu m\u016f\u017ee m\u00edt v\u00e1\u017en\u00e9 n\u00e1sledky. S ohledem na to mus\u00edte nekr\u00e1cen\u00fd heroin nakupovat online pouze od renomovan\u00fdch l\u00e9k\u00e1ren, jako je Dr. Lawsons Pharmacy. Za nejlep\u0161\u00ed cenu nab\u00edz\u00edme pouze velkoobchodn\u00ed prodej prav\u00e9ho, ne\u0159ezan\u00e9ho heroinu.   &nbsp;<\/p>\n","protected":false},"excerpt":{"rendered":"<p>Koupit nesest\u0159\u00edhan\u00fd heroin online Koupit nesest\u0159\u00edhan\u00fd heroin online \u2013 nesest\u0159\u00edhan\u00fd heroin lze zakoupit online od ur\u010dit\u00fdch prodejc\u016f, i kdy\u017e to nese sv\u00e1 vlastn\u00ed rizika. Pokud tedy p\u0159em\u00fd\u0161l\u00edte, kde online naj\u00edt prav\u00fd, bezpe\u010dn\u00fd, nesest\u0159\u00edhan\u00fd heroin, l\u00e9k\u00e1rna Dr. Lawsons je t\u00edm spr\u00e1vn\u00fdm m\u00edstem, kam j\u00edt. Koupit nesest\u0159\u00edhan\u00fd heroin online \u2013 KONTAKT Jak se vyr\u00e1b\u00ed ne\u0159ezan\u00fd heroin? Ne\u0159ezan\u00fd [&hellip;]<\/p>\n","protected":false},"featured_media":17971,"comment_status":"closed","ping_status":"closed","template":"","meta":{"om_disable_all_campaigns":false,"_sitemap_exclude":false,"_sitemap_priority":"","_sitemap_frequency":"","_monsterinsights_skip_tracking":false,"_monsterinsights_sitenote_active":false,"_monsterinsights_sitenote_note":"","_monsterinsights_sitenote_category":0},"product_cat":[8909],"product_tag":[8973,8972,8965,8957,8960,8954,8956,8961,8968,8959,8970,8974,8971,8969,8964,8967,8962,8955,8963,8966,8975,8958],"class_list":{"0":"post-24211","1":"product","2":"type-product","3":"status-publish","4":"has-post-thumbnail","6":"product_cat-heroin-cs","7":"product_tag-autenticky-nesestrihany-heroin-v-evrope","8":"product_tag-dodavka-nesestrihaneho-heroinu-po-evrope","9":"product_tag-kde-koupit-nesestrihany-heroin-evropa","10":"product_tag-kde-koupit-nesestrihany-heroin-online","11":"product_tag-kolik-je-nerezany-heroin","12":"product_tag-koupit-nesestrihany-heroin","13":"product_tag-kupte-si-nesestrihany-heroin-online","14":"product_tag-kupte-si-nesestrihany-heroin-online-evropa","15":"product_tag-levny-nesestrihany-heroin-v-evrope","16":"product_tag-neomezeny-online-prodej-heroinu","17":"product_tag-neorezany-obchod-s-heroinem-v-evrope","18":"product_tag-nerezane-evropske-dodavatele-heroinu","19":"product_tag-nerezany-heroin-evropska-sleva","20":"product_tag-nesestrihane-obchody-s-heroinem-v-evrope","21":"product_tag-nesestrihany-heroin-doprava-zdarma-po-evrope","22":"product_tag-nesestrihany-heroin-online-obchod-evropa","23":"product_tag-nesestrihany-heroin-za-nejlepsi-cenu-v-evrope","24":"product_tag-objednat-nestrihany-heroin-online","25":"product_tag-objednejte-si-nesestrihany-heroin-eu","26":"product_tag-prodej-nesestrihaneho-heroinu-v-evrope","27":"product_tag-recenze-nesestrihaneho-heroinu-v-evrope","28":"product_tag-ucinky-nerezaneho-heroinu","30":"first","31":"instock","32":"shipping-taxable","33":"purchasable","34":"product-type-variable","35":"farmacie-col"},"aioseo_notices":[],"_links":{"self":[{"href":"https:\/\/lacasadelamedicina.es\/cs\/wp-json\/wp\/v2\/product\/24211"}],"collection":[{"href":"https:\/\/lacasadelamedicina.es\/cs\/wp-json\/wp\/v2\/product"}],"about":[{"href":"https:\/\/lacasadelamedicina.es\/cs\/wp-json\/wp\/v2\/types\/product"}],"replies":[{"embeddable":true,"href":"https:\/\/lacasadelamedicina.es\/cs\/wp-json\/wp\/v2\/comments?post=24211"}],"wp:featuredmedia":[{"embeddable":true,"href":"https:\/\/lacasadelamedicina.es\/cs\/wp-json\/wp\/v2\/media\/17971"}],"wp:attachment":[{"href":"https:\/\/lacasadelamedicina.es\/cs\/wp-json\/wp\/v2\/media?parent=24211"}],"wp:term":[{"taxonomy":"product_cat","embeddable":true,"href":"https:\/\/lacasadelamedicina.es\/cs\/wp-json\/wp\/v2\/product_cat?post=24211"},{"taxonomy":"product_tag","embeddable":true,"href":"https:\/\/lacasadelamedicina.es\/cs\/wp-json\/wp\/v2\/product_tag?post=24211"}],"curies":[{"name":"wp","href":"https:\/\/api.w.org\/{rel}","templated":true}]}}