{"id":24205,"date":"2024-08-09T14:01:54","date_gmt":"2024-08-09T14:01:54","guid":{"rendered":"https:\/\/lacasadelamedicina.es\/product\/koupit-mdpv-online\/"},"modified":"2024-08-09T14:01:54","modified_gmt":"2024-08-09T14:01:54","slug":"koupit-mdpv-online","status":"publish","type":"product","link":"https:\/\/lacasadelamedicina.es\/cs\/produkt\/koupit-mdpv-online\/","title":{"rendered":"Koupit MDPV online"},"content":{"rendered":"<h1>Koupit MDPV online<\/h1>\n<p> Kupte si MDPV online pro vlastn\u00ed pot\u0159ebu nebo na prodej. M\u016f\u017eeme zaru\u010dit, \u017ee pr\u00e1\u0161ek MDPV, kter\u00fd nab\u00edz\u00edme k prodeji, je t\u00e9 nejvy\u0161\u0161\u00ed kvality, kter\u00e1 je v sou\u010dasn\u00e9 dob\u011b k dispozici. Nab\u00edz\u00edme diskr\u00e9tn\u00ed doru\u010den\u00ed spolu s bezpe\u010dn\u00fdmi mo\u017enostmi platby, jako jsou bitcoiny, Moneygram a Western Union. Krom\u011b toho prod\u00e1v\u00e1me \u0159adu r\u016fzn\u00fdch v\u00fdzkumn\u00fdch chemik\u00e1li\u00ed v\u010detn\u011b JWH-018. Pros\u00edm <a href=\"https:\/\/dieapotheke247.com\/\">v\u0161imn\u011bte si<\/a>, \u017ee nem\u00e1me \u017e\u00e1dnou kontrolu nad t\u00edm, jak ka\u017ed\u00fd z\u00e1kazn\u00edk pou\u017e\u00edv\u00e1 na\u0161e MDPV na prodej USA. Koupit MDPV online \u2013 <a href=\"https:\/\/drlawsonspharmacy\/contact-us\/\">kontakt<\/a> M\u00e1te touhu porozum\u011bt slo\u017eitosti psychofarmakologie? \u0158e\u0161en\u00edm je MDPV (Methylendioxypyrovaleron), pr\u016flomov\u00e1 l\u00e1tka nastaven\u00e1 na revoluci ve va\u0161ich studi\u00edch. MDPV je velmi siln\u00fd syntetick\u00fd stimulant se speci\u00e1ln\u00edmi vlastnostmi, kter\u00e9 z n\u011bj d\u011blaj\u00ed nepostradateln\u00fd n\u00e1stroj pro \u0161pi\u010dkov\u00fd v\u00fdzkum. MDPV je pe\u010dliv\u011b syntetizov\u00e1n pomoc\u00ed nejmodern\u011bj\u0161\u00edch metod, aby byl zaji\u0161t\u011bn \u010dist\u00fd a spolehliv\u00fd produkt p\u0159i ka\u017ed\u00e9 objedn\u00e1vce. Tato l\u00e1tka nab\u00edz\u00ed v\u011bdc\u016fm bezkonkuren\u010dn\u00ed vhled do komplexn\u00edho fungov\u00e1n\u00ed centr\u00e1ln\u00edho nervov\u00e9ho syst\u00e9mu, proto\u017ee je siln\u00fdm inhibitorem zp\u011btn\u00e9ho vychyt\u00e1v\u00e1n\u00ed noradrenalinu a dopaminu. V\u00fdjime\u010dn\u00e1 \u00fa\u010dinnost a prodlou\u017een\u00e1 doba p\u016fsoben\u00ed MDPV jsou dv\u011b z jeho hlavn\u00edch v\u00fdhod. To umo\u017e\u0148uje v\u00fdzkumn\u00edk\u016fm \u0159e\u0161it \u0161irokou \u0161k\u00e1lu oblast\u00ed, jako je studium z\u00e1vislosti, zm\u011bny chov\u00e1n\u00ed a studium syst\u00e9m\u016f neurotransmiter\u016f. Jeho v\u00fdjime\u010dn\u00e1 stabilita a rozpustnost v b\u011b\u017en\u00fdch rozpou\u0161t\u011bdlech jej \u010din\u00ed ide\u00e1ln\u00edm pro \u010detn\u00e9 v\u011bdeck\u00e9 aplikace. V <span class=\"selectable-text copyable-text\">L\u00e9k\u00e1rna Dr Lawsons<\/span>, spokojenost a bezpe\u010dnost z\u00e1kazn\u00edk\u016f jsou na\u0161\u00ed nejvy\u0161\u0161\u00ed prioritou. Aby byla zaji\u0161t\u011bna shoda s nejvy\u0161\u0161\u00edmi pr\u016fmyslov\u00fdmi standardy, na\u0161e MDPV proch\u00e1z\u00ed p\u0159\u00edsn\u00fdmi postupy kontroly kvality. Abychom podpo\u0159ili v\u00e1\u0161 v\u00fdzkumn\u00fd proces, p\u0159\u00edsn\u011b dodr\u017eujeme bezpe\u010dnostn\u00ed postupy a poskytujeme d\u016fkladnou dokumentaci. Je d\u016fle\u017eit\u00e9 si pamatovat, \u017ee MDPV se m\u00e1 pou\u017e\u00edvat pouze pro v\u00fdzkumn\u00e9 \u00fa\u010dely a nikdy pro lidskou spot\u0159ebu. P\u0159i manipulaci s touto l\u00e1tkou mus\u00ed v\u00fdzkumn\u00edci dodr\u017eovat v\u0161echny platn\u00e9 z\u00e1kony a mor\u00e1ln\u00ed kodexy.                  &nbsp;<\/p>\n","protected":false},"excerpt":{"rendered":"<p>MDPV lze zakoupit online od <span class=\"selectable-text copyable-text\">L\u00e9k\u00e1rna Dr Lawsons<\/span>. N\u00e1kup v\u00fdzkumn\u00fdch chemik\u00e1li\u00ed online je obrovskou v\u00fdzvou, ale m\u016f\u017eeme prod\u00e1vat pr\u00e9miov\u00e9 MDPV za neuv\u011b\u0159iteln\u011b dostupn\u00e9 ceny. Nic vynikaj\u00edc\u00edho nep\u0159ijde snadno a my jdeme hodn\u011b daleko, abychom vyrobili MDPV nejvy\u0161\u0161\u00ed kvality, kter\u00e9 m\u016f\u017eeme nab\u00eddnout k prodeji.   &nbsp;<\/p>\n","protected":false},"featured_media":18466,"comment_status":"closed","ping_status":"closed","template":"","meta":{"om_disable_all_campaigns":false,"_sitemap_exclude":false,"_sitemap_priority":"","_sitemap_frequency":"","_monsterinsights_skip_tracking":false,"_monsterinsights_sitenote_active":false,"_monsterinsights_sitenote_note":"","_monsterinsights_sitenote_category":0},"product_cat":[7851],"product_tag":[8951,8952,8950,8945,8943,8935,8938,8932,8934,8939,8946,8942,8940,8947,8948,8933,8941,8937,8944,8953,8949,8936],"class_list":{"0":"post-24205","1":"product","2":"type-product","3":"status-publish","4":"has-post-thumbnail","6":"product_cat-vyzkum-chemickych-latek-a-psychedelik","7":"product_tag-autenticke-mdpv-evropa","8":"product_tag-dodavatele-mdpv-europe","9":"product_tag-dodavka-mdpv-evropa","10":"product_tag-internetovy-obchod-mdpv-evropa","11":"product_tag-kde-koupit-mdpv-europe","12":"product_tag-kde-koupit-mdpv-online","13":"product_tag-kolik-je-mdpv","14":"product_tag-koupit-mdpv","15":"product_tag-koupit-mdpv-online","16":"product_tag-koupit-mdpv-online-evropa","17":"product_tag-levne-mdpv-evropa","18":"product_tag-mdpv-doprava-zdarma-po-evrope","19":"product_tag-mdpv-nejlepsi-cena-v-evrope","20":"product_tag-nabidky-mdpv-europe","21":"product_tag-obchod-mdpv-europe","22":"product_tag-objednat-mdpv-online","23":"product_tag-objednejte-mdpv-eu","24":"product_tag-online-prodej-mdpv","25":"product_tag-prodej-mdpv-evropa","26":"product_tag-recenze-mdpv-europe","27":"product_tag-sleva-mdpv-evropa","28":"product_tag-ucinky-mdpv","30":"first","31":"instock","32":"shipping-taxable","33":"purchasable","34":"product-type-variable","35":"farmacie-col"},"aioseo_notices":[],"_links":{"self":[{"href":"https:\/\/lacasadelamedicina.es\/cs\/wp-json\/wp\/v2\/product\/24205"}],"collection":[{"href":"https:\/\/lacasadelamedicina.es\/cs\/wp-json\/wp\/v2\/product"}],"about":[{"href":"https:\/\/lacasadelamedicina.es\/cs\/wp-json\/wp\/v2\/types\/product"}],"replies":[{"embeddable":true,"href":"https:\/\/lacasadelamedicina.es\/cs\/wp-json\/wp\/v2\/comments?post=24205"}],"wp:featuredmedia":[{"embeddable":true,"href":"https:\/\/lacasadelamedicina.es\/cs\/wp-json\/wp\/v2\/media\/18466"}],"wp:attachment":[{"href":"https:\/\/lacasadelamedicina.es\/cs\/wp-json\/wp\/v2\/media?parent=24205"}],"wp:term":[{"taxonomy":"product_cat","embeddable":true,"href":"https:\/\/lacasadelamedicina.es\/cs\/wp-json\/wp\/v2\/product_cat?post=24205"},{"taxonomy":"product_tag","embeddable":true,"href":"https:\/\/lacasadelamedicina.es\/cs\/wp-json\/wp\/v2\/product_tag?post=24205"}],"curies":[{"name":"wp","href":"https:\/\/api.w.org\/{rel}","templated":true}]}}