{"id":24196,"date":"2024-08-09T14:01:55","date_gmt":"2024-08-09T14:01:55","guid":{"rendered":"https:\/\/lacasadelamedicina.es\/product\/koupit-prasek-jwh-200-online\/"},"modified":"2024-08-09T14:01:55","modified_gmt":"2024-08-09T14:01:55","slug":"koupit-prasek-jwh-200-online","status":"publish","type":"product","link":"https:\/\/lacasadelamedicina.es\/cs\/produkt\/koupit-prasek-jwh-200-online\/","title":{"rendered":"Koupit pr\u00e1\u0161ek JWH-200 online"},"content":{"rendered":"<h1 class=\"product_title entry-title\">Koupit pr\u00e1\u0161ek JWH-200 online<\/h1>\n<p> WH-200 pr\u00e1\u0161ek: JWH-200 je agonista kanabinoidn\u00edho receptoru pat\u0159\u00edc\u00ed do skupiny aminoalkynylov\u00fdch chemik\u00e1li\u00ed a pou\u017e\u00edv\u00e1 se jako analgetikum. JWH 200 je ligand kanabinoidn\u00edho receptoru (CB), co\u017e je aminoalk<a href=\"https:\/\/dieapotheke247.com\/\">ylind<\/a>ol. Interaguje s receptorem CB1 se zna\u010dnou afinitou (IC50 = 7,8-42 nM). Kupte si mastek JWH-200. Koupit pr\u00e1\u0161ek JWH-200 online \u2013 <a href=\"https:\/\/drlawsonspharmacy\/contact-us\/\">KONTAKT Koupit JWH-200 Powder online<\/a> JWH 200 je ligand kanabinoidn\u00edho receptoru (CB), kter\u00fdm je aminoalkylindol. M\u00e1 vysokou afinitu k receptoru CB1 (IC50 = 7,8-42 nM). Ve srovn\u00e1n\u00ed s 99-THC nebo WIN 55 212 m\u011bl JWH 200 minim\u00e1ln\u011b stejn\u011b dobr\u00fd \u00fa\u010dinek na lokomotorickou aktivitu, latenci ocasu, hypotermii a test nehybnosti krou\u017eku.       <\/p>\n<h3 class=\"product_title entry-title\">Kupte si pr\u00e1\u0161ek JWH-200 online<\/h3>\n<p> R\u00e1d bych v\u00e1m p\u0159edstavil JWH-200 Powder, pozoruhodnou v\u00fdzkumnou slou\u010deninu navr\u017eenou tak, aby v\u00e1m pomohla pokro\u010dit ve studiu v zaj\u00edmav\u00e9m sv\u011bt\u011b syntetick\u00fdch kanabinoid\u016f. JWH-200 Powder je d\u00edky sv\u00e9 pozoruhodn\u00e9 \u010distot\u011b a siln\u00fdm vlastnostem ide\u00e1ln\u00edm katalyz\u00e1torem pro p\u0159evratn\u00e9 farmakologick\u00e9 studie. JWH-200 Powder nab\u00edz\u00ed v\u00fdzkumn\u00edk\u016fm bezkonkuren\u010dn\u00ed \u00farove\u0148 konzistence a kvality, proto\u017ee je vyr\u00e1b\u011bn s velkou p\u0159esnost\u00ed pomoc\u00ed nejmodern\u011bj\u0161\u00edch syntetick\u00fdch technik. Tato l\u00e1tka nab\u00edz\u00ed vz\u00e1cnou p\u0159\u00edle\u017eitost pochopit komplexn\u00ed fungov\u00e1n\u00ed endokanabinoidn\u00edho syst\u00e9mu, proto\u017ee je vysoce selektivn\u00edm aktiv\u00e1torem kanabinoidn\u00edch receptor\u016f. JWH-200 Powder se vyzna\u010duje mimo\u0159\u00e1dnou stabilitou, kter\u00e1 zaru\u010duje p\u0159esn\u00e9 d\u00e1vkov\u00e1n\u00ed a dlouh\u00e9 experiment\u00e1ln\u00ed doby. D\u00edky sv\u00e9 rozpustnosti v mnoha b\u011b\u017en\u00fdch rozpou\u0161t\u011bdlech je tato chemik\u00e1lie adaptabiln\u00ed a snadno pou\u017eiteln\u00e1 v \u0161irok\u00e9 \u0161k\u00e1le laboratorn\u00edch situac\u00ed. Koupit JWH-200 Powder       <\/p>\n<h3><strong>Objednejte si pr\u00e1\u0161ek JWH-200 online<\/strong><\/h3>\n<p> JWH-200 Powder lze pou\u017e\u00edt k prozkoum\u00e1n\u00ed r\u016fzn\u00fdch oblast\u00ed studia, jako je neurofarmakologie, l\u00e9\u010dba bolesti a studie z\u00e1vislost\u00ed. Jeho v\u0161estrannost vytv\u00e1\u0159\u00ed nov\u00e9 p\u0159\u00edle\u017eitosti pro p\u0159evratn\u00e9 objevy, kter\u00e9 mohou ovlivnit budouc\u00ed v\u00fdvoj l\u00e9k\u016f a l\u00e9\u010dby. V <span class=\"selectable-text copyable-text\">L\u00e9k\u00e1rna Dr Lawsons<\/span>, spokojenost a bezpe\u010dnost z\u00e1kazn\u00edk\u016f jsou na\u0161\u00ed nejvy\u0161\u0161\u00ed prioritou. Aby bylo zaji\u0161t\u011bno, \u017ee spl\u0148uje a p\u0159ekra\u010duje pr\u016fmyslov\u00e9 standardy, n\u00e1\u0161 pr\u00e1\u0161ek JWH-200 proch\u00e1z\u00ed p\u0159\u00edsn\u00fdmi postupy kontroly kvality. Dodr\u017eujeme p\u0159\u00edsn\u00e9 bezpe\u010dnostn\u00ed pokyny a poskytujeme d\u016fkladnou dokumentaci, abychom zajistili hladk\u00fd a bezpe\u010dn\u00fd v\u00fdzkum.     &nbsp;<\/p>\n","protected":false},"excerpt":{"rendered":"<p>Koupit pr\u00e1\u0161ek JWH-200 online. Jin\u00fd n\u00e1zev t\u00e9to slou\u010deniny je (1-(2-morfolin-4-ylethyl)indol-3-yl)naftalen-1-ylmethanon. Kupte p\u0159\u00edmo zde. Pou\u017e\u00edv\u00e1me nejlep\u0161\u00ed p\u0159epravn\u00ed a diskr\u00e9tn\u00ed balic\u00ed techniky.    &nbsp;<\/p>\n","protected":false},"featured_media":18496,"comment_status":"closed","ping_status":"closed","template":"","meta":{"om_disable_all_campaigns":false,"_sitemap_exclude":false,"_sitemap_priority":"","_sitemap_frequency":"","_monsterinsights_skip_tracking":false,"_monsterinsights_sitenote_active":false,"_monsterinsights_sitenote_note":"","_monsterinsights_sitenote_category":0},"product_cat":[7851],"product_tag":[8906,8905,8897,8907,8900,8904,8898,8890,8893,8887,8889,8894,8901,8902,8896,8888,8892,8895,8899,8903,8908,8891],"class_list":{"0":"post-24196","1":"product","2":"type-product","3":"status-publish","4":"has-post-thumbnail","6":"product_cat-vyzkum-chemickych-latek-a-psychedelik","7":"product_tag-autenticky-prasek-jwh-200-evropa","8":"product_tag-dodavka-prasku-jwh-200-po-evrope","9":"product_tag-doprava-zdarma-v-prasku-jwh-200-evropa","10":"product_tag-evropsti-dodavatele-prasku-jwh-200","11":"product_tag-internetovy-obchod-s-praskem-jwh-200-evropa","12":"product_tag-jwh-200-prasek-evropa-sleva","13":"product_tag-kde-koupit-prasek-jwh-200-europe","14":"product_tag-kde-koupit-prasek-jwh-200-online","15":"product_tag-kolik-je-prasek-jwh-200","16":"product_tag-koupit-prasek-jwh-200","17":"product_tag-koupit-prasek-jwh-200-online","18":"product_tag-koupit-prasek-jwh-200-online-evropa","19":"product_tag-levny-prasek-jwh-200-evropa","20":"product_tag-nabidka-prasku-jwh-200-europe","21":"product_tag-objednejte-si-prasek-jwh-200-eu","22":"product_tag-objednejte-si-prasek-jwh-200-online","23":"product_tag-online-prodej-prasku-jwh-200","24":"product_tag-prasek-jwh-200-nejlepsi-cena-v-evrope","25":"product_tag-prodej-prasku-jwh-200-v-evrope","26":"product_tag-prodejna-prasku-jwh-200-europe","27":"product_tag-recenze-prasku-jwh-200-europe","28":"product_tag-ucinky-prasku-jwh-200","30":"first","31":"instock","32":"shipping-taxable","33":"purchasable","34":"product-type-variable","35":"farmacie-col"},"aioseo_notices":[],"_links":{"self":[{"href":"https:\/\/lacasadelamedicina.es\/cs\/wp-json\/wp\/v2\/product\/24196"}],"collection":[{"href":"https:\/\/lacasadelamedicina.es\/cs\/wp-json\/wp\/v2\/product"}],"about":[{"href":"https:\/\/lacasadelamedicina.es\/cs\/wp-json\/wp\/v2\/types\/product"}],"replies":[{"embeddable":true,"href":"https:\/\/lacasadelamedicina.es\/cs\/wp-json\/wp\/v2\/comments?post=24196"}],"wp:featuredmedia":[{"embeddable":true,"href":"https:\/\/lacasadelamedicina.es\/cs\/wp-json\/wp\/v2\/media\/18496"}],"wp:attachment":[{"href":"https:\/\/lacasadelamedicina.es\/cs\/wp-json\/wp\/v2\/media?parent=24196"}],"wp:term":[{"taxonomy":"product_cat","embeddable":true,"href":"https:\/\/lacasadelamedicina.es\/cs\/wp-json\/wp\/v2\/product_cat?post=24196"},{"taxonomy":"product_tag","embeddable":true,"href":"https:\/\/lacasadelamedicina.es\/cs\/wp-json\/wp\/v2\/product_tag?post=24196"}],"curies":[{"name":"wp","href":"https:\/\/api.w.org\/{rel}","templated":true}]}}